{"id":9421,"date":"2021-04-28T16:01:46","date_gmt":"2021-04-28T16:01:46","guid":{"rendered":"https:\/\/teachchildrenmeditation.com\/?post_type=product&#038;p=9421"},"modified":"2026-03-19T11:38:32","modified_gmt":"2026-03-19T11:38:32","slug":"connected-kids-online-professional-course-self-study","status":"publish","type":"product","link":"https:\/\/teachchildrenmeditation.com\/es\/producto\/connected-kids-online-professional-course-self-study\/","title":{"rendered":"Meditation teacher training- certified and accredited"},"content":{"rendered":"<h2>Formaci\u00f3n de profesores de meditaci\u00f3n.<\/h2>\n<p>B<strong>ecome a successful professional meditation teacher<\/strong> para gente joven.<\/p>\n<p>Nuestra <a href=\"https:\/\/teachchildrenmeditation.com\/es\/files\/2024\/06\/connected-kids-professional-syllabus.pdf\/\" target=\"_blank\" rel=\"noopener\">professional online training programme syllabus<\/a> is accredited by IMMA (International Mindfulness and Meditation Alliance) and IICT (International Institute for Complementary Therapists) .<\/p>\n<p><span class=\"OYPEnA text-decoration-none text-strikethrough-none\"><em><div class='testimonial' style='border-top-color:#D3DCE8; background-color:#D3DCE8;'><\/em>&quot;<strong><em>Estoy agradecido de haber encontrado su programa, es tan hermoso y puedo decir que no es solo para ni\u00f1os y adolescentes, tambi\u00e9n funciona de maravilla para nosotros, los adultos.<\/em>.\u201d<\/strong><em><\/div><\/em><\/span><\/p>\n<p>&nbsp;<\/p>\n<p style=\"text-align: center;\"><em><span class=\"OYPEnA text-decoration-none text-strikethrough-none\"><div class='testimonial' style='border-top-color:#D3DCE8; background-color:#D3DCE8;'>&#8220;<strong>\u00a1Muchas gracias por mi viaje! \u00a1He aprendido mucho y sigo haci\u00e9ndolo todos los d\u00edas!<\/strong>&#8220;<\/span><\/em><em> <\/div><\/em><\/p>\n<p>The course was created by the founder of Connected Kids and author with 20+ years of teaching children meditation and working with trauma-experienced children.\u00a0 \u00a0It connects to the work of her<a href=\"https:\/\/www.amazon.co.uk\/stores\/Lorraine-Murray\/author\/B008AM7B9S?ref=sr_ntt_srch_lnk_1&amp;qid=1742315459&amp;sr=8-1&amp;isDramIntegrated=true&amp;shoppingPortalEnabled=true\" target=\"_blank\" rel=\"noopener\"> libros m\u00e1s vendidos<\/a> which includes teaching meditation professionally to help autistic children, those with ADHD\/SEN and for an age group that spans toddler to teens.<\/p>\n<p><strong>The course offers you 24 months access<\/strong> to the online professional modules with online support from the founder throughout.\u00a0 Bonus &#8211; included are the foundation modules which gives meditation beginners confidence in creating and delivering meditation scripts for children and teens.<\/p>\n<h3><strong>How it works<\/strong><\/h3>\n<p>After your purchase you will receive instructions on how to activate your access to the self-study course.<\/p>\n<p>Once activated, you will have 24 months access to the online professional modules.\u00a0 Within 12 months of starting the course you must book your *online certification class.<\/p>\n<p><b><a target='_blank' class='outward_link deeppink' href='https:\/\/teachchildrenmeditation.com\/es\/meditation-benefits-connected-kids-training\/Meditation%20teacher%20training\/'>Informaci\u00f3n completa del curso<\/a><\/b><\/p>\n<p>&nbsp;<\/p>\n<h3>Connected Kids Values<\/h3>\n<ul>\n<li>Capacitar a los adultos con las habilidades y el conocimiento para ense\u00f1ar meditaci\u00f3n a los j\u00f3venes.<\/li>\n<li>Removing pre-conceived ideas that children can\u2019t learn meditation.<\/li>\n<li>Adaptar m\u00e9todos para j\u00f3venes con necesidades educativas especiales, autismo o TDAH para garantizar que se beneficien de las habilidades de atenci\u00f3n plena.<\/li>\n<li>Priorizar un enfoque compasivo y centrado en el ni\u00f1o en todos nuestros esfuerzos.<\/li>\n<li>Un compromiso para ayudar a combinar los beneficios cient\u00edficos investigados de la meditaci\u00f3n con pr\u00e1cticas de ense\u00f1anza creativas y conscientes de la energ\u00eda.<\/li>\n<\/ul>\n<p>*You would choose\u00a0<b>uno\u00a0<\/b>from the following dates (3 time slot options per date)\u00a0 Current dates are:<\/p>\n<p>2026 &#8211;\u00a0 8th April, 10th June, 2nd Sept or 4th November<\/p>\n<p><b><a target='_blank' class='outward_link deeppink' href='https:\/\/tidycal.com\/3qd92v1\/online-class-ck-prof'>Class timings<\/a><\/b><\/p>","protected":false},"excerpt":{"rendered":"<ul>\n<li>Certificaci\u00f3n profesional<\/li>\n<li>Accredited by IICT and IMMA &#8211; CPD\/CE<\/li>\n<li>8 Online self study modules<\/li>\n<li>Online certification class with founder<\/li>\n<li>Email support throughout<\/li>\n<\/ul>\n<p>&nbsp;<\/p>","protected":false},"featured_media":18418,"template":"","meta":{"_acf_changed":false},"product_brand":[],"product_cat":[747,557],"product_tag":[820,821,457,823,822,549,548,547,546],"class_list":{"0":"post-9421","1":"product","2":"type-product","3":"status-publish","4":"has-post-thumbnail","6":"product_cat-connected-kids-shop","7":"product_cat-meditation-teacher-training","8":"product_tag-certified-meditation-teacher-training","9":"product_tag-certified-mindfuless-meditation-teacher-training","10":"product_tag-connected-kids","11":"product_tag-meditation-for-kids-courses","12":"product_tag-meditation-for-kids-training","13":"product_tag-meditation-teacher-training","14":"product_tag-mindfulness-teacher-training","15":"product_tag-online-course","16":"product_tag-professional-training","17":"entry","19":"first","20":"instock","21":"virtual","22":"sold-individually","23":"taxable","24":"purchasable","25":"product-type-simple"},"acf":[],"yoast_head":"<!-- This site is optimized with the Yoast SEO plugin v27.3 - https:\/\/yoast.com\/product\/yoast-seo-wordpress\/ -->\n<title>Meditation teacher training- certified and accredited - Teaching Children Meditation<\/title>\n<meta name=\"description\" content=\"become a certified professional childrens meditation teacher with our accredited online training - including SEN, autism, trauma and ADHD\" \/>\n<meta name=\"robots\" content=\"index, follow, max-snippet:-1, max-image-preview:large, max-video-preview:-1\" \/>\n<link rel=\"canonical\" href=\"https:\/\/teachchildrenmeditation.com\/es\/producto\/connected-kids-online-professional-course-self-study\/\" \/>\n<meta property=\"og:locale\" content=\"es_ES\" \/>\n<meta property=\"og:type\" content=\"article\" \/>\n<meta property=\"og:title\" content=\"Meditation teacher training- certified and accredited - Teaching Children Meditation\" \/>\n<meta property=\"og:description\" content=\"become a certified professional childrens meditation teacher with our accredited online training - including SEN, autism, trauma and ADHD\" \/>\n<meta property=\"og:url\" content=\"https:\/\/teachchildrenmeditation.com\/es\/producto\/connected-kids-online-professional-course-self-study\/\" \/>\n<meta property=\"og:site_name\" content=\"Teaching Children Meditation\" \/>\n<meta property=\"article:publisher\" content=\"https:\/\/www.facebook.com\/connectedkids\" \/>\n<meta property=\"article:modified_time\" content=\"2026-03-19T11:38:32+00:00\" \/>\n<meta property=\"og:image\" content=\"https:\/\/teachchildrenmeditation.com\/files\/2024\/01\/course-product-photos-SHOP-11.jpg\" \/>\n\t<meta property=\"og:image:width\" content=\"1080\" \/>\n\t<meta property=\"og:image:height\" content=\"1080\" \/>\n\t<meta property=\"og:image:type\" content=\"image\/jpeg\" \/>\n<meta name=\"twitter:card\" content=\"summary_large_image\" \/>\n<meta name=\"twitter:label1\" content=\"Tiempo de lectura\" \/>\n\t<meta name=\"twitter:data1\" content=\"1 minuto\" \/>\n<script type=\"application\/ld+json\" class=\"yoast-schema-graph\">{\"@context\":\"https:\\\/\\\/schema.org\",\"@graph\":[{\"@type\":\"WebPage\",\"@id\":\"https:\\\/\\\/teachchildrenmeditation.com\\\/product\\\/connected-kids-online-professional-course-self-study\\\/\",\"url\":\"https:\\\/\\\/teachchildrenmeditation.com\\\/product\\\/connected-kids-online-professional-course-self-study\\\/\",\"name\":\"Meditation teacher training- certified and accredited - Teaching Children Meditation\",\"isPartOf\":{\"@id\":\"https:\\\/\\\/teachchildrenmeditation.com\\\/#website\"},\"primaryImageOfPage\":{\"@id\":\"https:\\\/\\\/teachchildrenmeditation.com\\\/product\\\/connected-kids-online-professional-course-self-study\\\/#primaryimage\"},\"image\":{\"@id\":\"https:\\\/\\\/teachchildrenmeditation.com\\\/product\\\/connected-kids-online-professional-course-self-study\\\/#primaryimage\"},\"thumbnailUrl\":\"https:\\\/\\\/teachchildrenmeditation.com\\\/files\\\/2024\\\/01\\\/course-product-photos-SHOP-11.jpg\",\"datePublished\":\"2021-04-28T16:01:46+00:00\",\"dateModified\":\"2026-03-19T11:38:32+00:00\",\"description\":\"become a certified professional childrens meditation teacher with our accredited online training - including SEN, autism, trauma and ADHD\",\"breadcrumb\":{\"@id\":\"https:\\\/\\\/teachchildrenmeditation.com\\\/product\\\/connected-kids-online-professional-course-self-study\\\/#breadcrumb\"},\"inLanguage\":\"es\",\"potentialAction\":[{\"@type\":\"ReadAction\",\"target\":[\"https:\\\/\\\/teachchildrenmeditation.com\\\/product\\\/connected-kids-online-professional-course-self-study\\\/\"]}]},{\"@type\":\"ImageObject\",\"inLanguage\":\"es\",\"@id\":\"https:\\\/\\\/teachchildrenmeditation.com\\\/product\\\/connected-kids-online-professional-course-self-study\\\/#primaryimage\",\"url\":\"https:\\\/\\\/teachchildrenmeditation.com\\\/files\\\/2024\\\/01\\\/course-product-photos-SHOP-11.jpg\",\"contentUrl\":\"https:\\\/\\\/teachchildrenmeditation.com\\\/files\\\/2024\\\/01\\\/course-product-photos-SHOP-11.jpg\",\"width\":1080,\"height\":1080,\"caption\":\"meditation teacher training accredited and certified imma icct\"},{\"@type\":\"BreadcrumbList\",\"@id\":\"https:\\\/\\\/teachchildrenmeditation.com\\\/product\\\/connected-kids-online-professional-course-self-study\\\/#breadcrumb\",\"itemListElement\":[{\"@type\":\"ListItem\",\"position\":1,\"name\":\"Home\",\"item\":\"https:\\\/\\\/teachchildrenmeditation.com\\\/\"},{\"@type\":\"ListItem\",\"position\":2,\"name\":\"Thank you for visiting our online store\",\"item\":\"https:\\\/\\\/teachchildrenmeditation.com\\\/shop\\\/\"},{\"@type\":\"ListItem\",\"position\":3,\"name\":\"Meditation teacher training- certified and accredited\"}]},{\"@type\":\"WebSite\",\"@id\":\"https:\\\/\\\/teachchildrenmeditation.com\\\/#website\",\"url\":\"https:\\\/\\\/teachchildrenmeditation.com\\\/\",\"name\":\"Teaching Children Meditation\",\"description\":\"accredited and award-winning\",\"publisher\":{\"@id\":\"https:\\\/\\\/teachchildrenmeditation.com\\\/#organization\"},\"potentialAction\":[{\"@type\":\"SearchAction\",\"target\":{\"@type\":\"EntryPoint\",\"urlTemplate\":\"https:\\\/\\\/teachchildrenmeditation.com\\\/?s={search_term_string}\"},\"query-input\":{\"@type\":\"PropertyValueSpecification\",\"valueRequired\":true,\"valueName\":\"search_term_string\"}}],\"inLanguage\":\"es\"},{\"@type\":\"Organization\",\"@id\":\"https:\\\/\\\/teachchildrenmeditation.com\\\/#organization\",\"name\":\"Connected Kids Ltd\",\"url\":\"https:\\\/\\\/teachchildrenmeditation.com\\\/\",\"logo\":{\"@type\":\"ImageObject\",\"inLanguage\":\"es\",\"@id\":\"https:\\\/\\\/teachchildrenmeditation.com\\\/#\\\/schema\\\/logo\\\/image\\\/\",\"url\":\"https:\\\/\\\/teachchildrenmeditation.com\\\/files\\\/2021\\\/04\\\/logo2CK-3.png\",\"contentUrl\":\"https:\\\/\\\/teachchildrenmeditation.com\\\/files\\\/2021\\\/04\\\/logo2CK-3.png\",\"width\":472,\"height\":470,\"caption\":\"Connected Kids Ltd\"},\"image\":{\"@id\":\"https:\\\/\\\/teachchildrenmeditation.com\\\/#\\\/schema\\\/logo\\\/image\\\/\"},\"sameAs\":[\"https:\\\/\\\/www.facebook.com\\\/connectedkids\",\"https:\\\/\\\/www.instagram.com\\\/connectedkids\\\/\"]}]}<\/script>\n<!-- \/ Yoast SEO plugin. -->","yoast_head_json":{"title":"Meditation teacher training- certified and accredited - Teaching Children Meditation","description":"become a certified professional childrens meditation teacher with our accredited online training - including SEN, autism, trauma and ADHD","robots":{"index":"index","follow":"follow","max-snippet":"max-snippet:-1","max-image-preview":"max-image-preview:large","max-video-preview":"max-video-preview:-1"},"canonical":"https:\/\/teachchildrenmeditation.com\/es\/producto\/connected-kids-online-professional-course-self-study\/","og_locale":"es_ES","og_type":"article","og_title":"Meditation teacher training- certified and accredited - Teaching Children Meditation","og_description":"become a certified professional childrens meditation teacher with our accredited online training - including SEN, autism, trauma and ADHD","og_url":"https:\/\/teachchildrenmeditation.com\/es\/producto\/connected-kids-online-professional-course-self-study\/","og_site_name":"Teaching Children Meditation","article_publisher":"https:\/\/www.facebook.com\/connectedkids","article_modified_time":"2026-03-19T11:38:32+00:00","og_image":[{"width":1080,"height":1080,"url":"https:\/\/teachchildrenmeditation.com\/files\/2024\/01\/course-product-photos-SHOP-11.jpg","type":"image\/jpeg"}],"twitter_card":"summary_large_image","twitter_misc":{"Tiempo de lectura":"1 minuto"},"schema":{"@context":"https:\/\/schema.org","@graph":[{"@type":"WebPage","@id":"https:\/\/teachchildrenmeditation.com\/product\/connected-kids-online-professional-course-self-study\/","url":"https:\/\/teachchildrenmeditation.com\/product\/connected-kids-online-professional-course-self-study\/","name":"Meditation teacher training- certified and accredited - Teaching Children Meditation","isPartOf":{"@id":"https:\/\/teachchildrenmeditation.com\/#website"},"primaryImageOfPage":{"@id":"https:\/\/teachchildrenmeditation.com\/product\/connected-kids-online-professional-course-self-study\/#primaryimage"},"image":{"@id":"https:\/\/teachchildrenmeditation.com\/product\/connected-kids-online-professional-course-self-study\/#primaryimage"},"thumbnailUrl":"https:\/\/teachchildrenmeditation.com\/files\/2024\/01\/course-product-photos-SHOP-11.jpg","datePublished":"2021-04-28T16:01:46+00:00","dateModified":"2026-03-19T11:38:32+00:00","description":"become a certified professional childrens meditation teacher with our accredited online training - including SEN, autism, trauma and ADHD","breadcrumb":{"@id":"https:\/\/teachchildrenmeditation.com\/product\/connected-kids-online-professional-course-self-study\/#breadcrumb"},"inLanguage":"es","potentialAction":[{"@type":"ReadAction","target":["https:\/\/teachchildrenmeditation.com\/product\/connected-kids-online-professional-course-self-study\/"]}]},{"@type":"ImageObject","inLanguage":"es","@id":"https:\/\/teachchildrenmeditation.com\/product\/connected-kids-online-professional-course-self-study\/#primaryimage","url":"https:\/\/teachchildrenmeditation.com\/files\/2024\/01\/course-product-photos-SHOP-11.jpg","contentUrl":"https:\/\/teachchildrenmeditation.com\/files\/2024\/01\/course-product-photos-SHOP-11.jpg","width":1080,"height":1080,"caption":"meditation teacher training accredited and certified imma icct"},{"@type":"BreadcrumbList","@id":"https:\/\/teachchildrenmeditation.com\/product\/connected-kids-online-professional-course-self-study\/#breadcrumb","itemListElement":[{"@type":"ListItem","position":1,"name":"Home","item":"https:\/\/teachchildrenmeditation.com\/"},{"@type":"ListItem","position":2,"name":"Thank you for visiting our online store","item":"https:\/\/teachchildrenmeditation.com\/shop\/"},{"@type":"ListItem","position":3,"name":"Meditation teacher training- certified and accredited"}]},{"@type":"WebSite","@id":"https:\/\/teachchildrenmeditation.com\/#website","url":"https:\/\/teachchildrenmeditation.com\/","name":"Ense\u00f1ar a los ni\u00f1os a meditar","description":"acreditado y premiado","publisher":{"@id":"https:\/\/teachchildrenmeditation.com\/#organization"},"potentialAction":[{"@type":"SearchAction","target":{"@type":"EntryPoint","urlTemplate":"https:\/\/teachchildrenmeditation.com\/?s={search_term_string}"},"query-input":{"@type":"PropertyValueSpecification","valueRequired":true,"valueName":"search_term_string"}}],"inLanguage":"es"},{"@type":"Organization","@id":"https:\/\/teachchildrenmeditation.com\/#organization","name":"Connected Kids Ltd","url":"https:\/\/teachchildrenmeditation.com\/","logo":{"@type":"ImageObject","inLanguage":"es","@id":"https:\/\/teachchildrenmeditation.com\/#\/schema\/logo\/image\/","url":"https:\/\/teachchildrenmeditation.com\/files\/2021\/04\/logo2CK-3.png","contentUrl":"https:\/\/teachchildrenmeditation.com\/files\/2021\/04\/logo2CK-3.png","width":472,"height":470,"caption":"Connected Kids Ltd"},"image":{"@id":"https:\/\/teachchildrenmeditation.com\/#\/schema\/logo\/image\/"},"sameAs":["https:\/\/www.facebook.com\/connectedkids","https:\/\/www.instagram.com\/connectedkids\/"]}]}},"_links":{"self":[{"href":"https:\/\/teachchildrenmeditation.com\/es\/wp-json\/wp\/v2\/product\/9421","targetHints":{"allow":["GET"]}}],"collection":[{"href":"https:\/\/teachchildrenmeditation.com\/es\/wp-json\/wp\/v2\/product"}],"about":[{"href":"https:\/\/teachchildrenmeditation.com\/es\/wp-json\/wp\/v2\/types\/product"}],"wp:featuredmedia":[{"embeddable":true,"href":"https:\/\/teachchildrenmeditation.com\/es\/wp-json\/wp\/v2\/media\/18418"}],"wp:attachment":[{"href":"https:\/\/teachchildrenmeditation.com\/es\/wp-json\/wp\/v2\/media?parent=9421"}],"wp:term":[{"taxonomy":"product_brand","embeddable":true,"href":"https:\/\/teachchildrenmeditation.com\/es\/wp-json\/wp\/v2\/product_brand?post=9421"},{"taxonomy":"product_cat","embeddable":true,"href":"https:\/\/teachchildrenmeditation.com\/es\/wp-json\/wp\/v2\/product_cat?post=9421"},{"taxonomy":"product_tag","embeddable":true,"href":"https:\/\/teachchildrenmeditation.com\/es\/wp-json\/wp\/v2\/product_tag?post=9421"}],"curies":[{"name":"wp","href":"https:\/\/api.w.org\/{rel}","templated":true}]}}