{"id":8878,"date":"2021-04-14T09:32:47","date_gmt":"2021-04-14T09:32:47","guid":{"rendered":"https:\/\/www.bcgwebdesign.co.uk\/tcm\/?post_type=product&#038;p=8878"},"modified":"2026-01-30T11:08:11","modified_gmt":"2026-01-30T11:08:11","slug":"meditation-for-kids-course-for-parents-carers","status":"publish","type":"product","link":"https:\/\/teachchildrenmeditation.com\/es\/producto\/meditation-for-kids-course-for-parents-carers\/","title":{"rendered":"Mindful parenting skills &#8211; 1 year access + Cert"},"content":{"rendered":"<h2>Start teaching your children mindful skills<\/h2>\n<p>Meditation for kids course for parents or carers &#8211; the confidence and skills to create meditations for kids and teens @ home.<\/p>\n<p><em><div class='testimonial' style='border-top-color:#D3DCE8; background-color:#D3DCE8;'>\u201cMe encanta lo mucho que mejor\u00f3 mi propia din\u00e1mica familiar y la madre que soy. El curso nos ha cambiado la vida\u201d.<\/em><em style=\"text-align: center;\">\u00a0<\/div><\/em><\/p>\n<p><strong>Despu\u00e9s de la compra, recibir\u00e1s un correo electr\u00f3nico con instrucciones y un c\u00f3digo de acceso para activar tu curso.<\/strong> Dentro del curso, recibir\u00e1s acceso durante 12 meses a todos los materiales de nuestro curso b\u00e1sico y acceso exclusivo a nuestra comunidad en l\u00ednea de otros padres\/cuidadores.<\/p>\n<p><b><a target='_blank' class='outward_link deeppink' href='https:\/\/teachchildrenmeditation.com\/es\/meditation-benefits-connected-kids-training\/mindful-parenting-and-meditation-course\/'>Descripci\u00f3n completa<\/a><\/b><\/p>\n<p>&nbsp;<\/p>\n<p>&nbsp;<\/p>\n<h3>Acerca de Connected Kids<\/h3>\n<p>This meditation for kids course for parents or carers at Connected Kids Ltd was created by Lorraine E Murray, author of 3 internationally published books about teaching children meditation.\u00a0 Read more @ <a href=\"https:\/\/teachchildrenmeditation.com\/es\/meditation-for-kids-about-connected-kids-teaching-program\/\" target=\"_blank\" rel=\"noopener\">Nuestra historia<\/a><\/p>\n<div class='widescreen divider plain'><\/div>\n<p><strong>T\u00e9rminos y Condiciones<\/strong> &#8211; the Foundation course is part of the worldwide Connected Kids teaching program.\u00a0 After purchase you will have 12 months access to the course modules.\u00a0 \u00a0No refunds are available, but may be transferable to other services\/products subject to availability at Connected Kids Ltd.<\/p>","protected":false},"excerpt":{"rendered":"<ul>\n<li>premiado<\/li>\n<li>12 months access plus cert<\/li>\n<li>24\/7 support online<\/li>\n<\/ul>\n<p>&nbsp;<\/p>\n<p>&nbsp;<\/p>","protected":false},"featured_media":18386,"template":"","meta":{"_acf_changed":false},"product_brand":[],"product_cat":[747,709],"product_tag":[692,691,568,569,547],"class_list":{"0":"post-8878","1":"product","2":"type-product","3":"status-publish","4":"has-post-thumbnail","6":"product_cat-connected-kids-shop","7":"product_cat-parents","8":"product_tag-meditation-for-children","9":"product_tag-meditation-for-kids","10":"product_tag-meditation-parents","11":"product_tag-mindful-parenting","12":"product_tag-online-course","13":"entry","15":"first","16":"instock","17":"virtual","18":"taxable","19":"purchasable","20":"product-type-simple"},"acf":[],"yoast_head":"<!-- This site is optimized with the Yoast SEO plugin v27.3 - https:\/\/yoast.com\/product\/yoast-seo-wordpress\/ -->\n<title>Mindful parenting skills - 1 year access + Cert - Teaching Children Meditation<\/title>\n<meta name=\"description\" content=\"Meditation for kids course for parents or carers to help children and teens learn mindfulness to reduce stress and anxiety\" \/>\n<meta name=\"robots\" content=\"index, follow, max-snippet:-1, max-image-preview:large, max-video-preview:-1\" \/>\n<link rel=\"canonical\" href=\"https:\/\/teachchildrenmeditation.com\/es\/producto\/meditation-for-kids-course-for-parents-carers\/\" \/>\n<meta property=\"og:locale\" content=\"es_ES\" \/>\n<meta property=\"og:type\" content=\"article\" \/>\n<meta property=\"og:title\" content=\"Mindful parenting skills - 1 year access + Cert - Teaching Children Meditation\" \/>\n<meta property=\"og:description\" content=\"Meditation for kids course for parents or carers to help children and teens learn mindfulness to reduce stress and anxiety\" \/>\n<meta property=\"og:url\" content=\"https:\/\/teachchildrenmeditation.com\/es\/producto\/meditation-for-kids-course-for-parents-carers\/\" \/>\n<meta property=\"og:site_name\" content=\"Teaching Children Meditation\" \/>\n<meta property=\"article:publisher\" content=\"https:\/\/www.facebook.com\/connectedkids\" \/>\n<meta property=\"article:modified_time\" content=\"2026-01-30T11:08:11+00:00\" \/>\n<meta property=\"og:image\" content=\"https:\/\/teachchildrenmeditation.com\/files\/2023\/09\/course-product-photos-SHOP-3.jpg\" \/>\n\t<meta property=\"og:image:width\" content=\"1080\" \/>\n\t<meta property=\"og:image:height\" content=\"1080\" \/>\n\t<meta property=\"og:image:type\" content=\"image\/jpeg\" \/>\n<meta name=\"twitter:card\" content=\"summary_large_image\" \/>\n<meta name=\"twitter:label1\" content=\"Tiempo de lectura\" \/>\n\t<meta name=\"twitter:data1\" content=\"2 minutos\" \/>\n<script type=\"application\/ld+json\" class=\"yoast-schema-graph\">{\"@context\":\"https:\\\/\\\/schema.org\",\"@graph\":[{\"@type\":\"WebPage\",\"@id\":\"https:\\\/\\\/teachchildrenmeditation.com\\\/product\\\/meditation-for-kids-course-for-parents-carers\\\/\",\"url\":\"https:\\\/\\\/teachchildrenmeditation.com\\\/product\\\/meditation-for-kids-course-for-parents-carers\\\/\",\"name\":\"Mindful parenting skills - 1 year access + Cert - Teaching Children Meditation\",\"isPartOf\":{\"@id\":\"https:\\\/\\\/teachchildrenmeditation.com\\\/#website\"},\"primaryImageOfPage\":{\"@id\":\"https:\\\/\\\/teachchildrenmeditation.com\\\/product\\\/meditation-for-kids-course-for-parents-carers\\\/#primaryimage\"},\"image\":{\"@id\":\"https:\\\/\\\/teachchildrenmeditation.com\\\/product\\\/meditation-for-kids-course-for-parents-carers\\\/#primaryimage\"},\"thumbnailUrl\":\"https:\\\/\\\/teachchildrenmeditation.com\\\/files\\\/2023\\\/09\\\/course-product-photos-SHOP-3.jpg\",\"datePublished\":\"2021-04-14T09:32:47+00:00\",\"dateModified\":\"2026-01-30T11:08:11+00:00\",\"description\":\"Meditation for kids course for parents or carers to help children and teens learn mindfulness to reduce stress and anxiety\",\"breadcrumb\":{\"@id\":\"https:\\\/\\\/teachchildrenmeditation.com\\\/product\\\/meditation-for-kids-course-for-parents-carers\\\/#breadcrumb\"},\"inLanguage\":\"es\",\"potentialAction\":[{\"@type\":\"ReadAction\",\"target\":[\"https:\\\/\\\/teachchildrenmeditation.com\\\/product\\\/meditation-for-kids-course-for-parents-carers\\\/\"]}]},{\"@type\":\"ImageObject\",\"inLanguage\":\"es\",\"@id\":\"https:\\\/\\\/teachchildrenmeditation.com\\\/product\\\/meditation-for-kids-course-for-parents-carers\\\/#primaryimage\",\"url\":\"https:\\\/\\\/teachchildrenmeditation.com\\\/files\\\/2023\\\/09\\\/course-product-photos-SHOP-3.jpg\",\"contentUrl\":\"https:\\\/\\\/teachchildrenmeditation.com\\\/files\\\/2023\\\/09\\\/course-product-photos-SHOP-3.jpg\",\"width\":1080,\"height\":1080},{\"@type\":\"BreadcrumbList\",\"@id\":\"https:\\\/\\\/teachchildrenmeditation.com\\\/product\\\/meditation-for-kids-course-for-parents-carers\\\/#breadcrumb\",\"itemListElement\":[{\"@type\":\"ListItem\",\"position\":1,\"name\":\"Home\",\"item\":\"https:\\\/\\\/teachchildrenmeditation.com\\\/\"},{\"@type\":\"ListItem\",\"position\":2,\"name\":\"Thank you for visiting our online store\",\"item\":\"https:\\\/\\\/teachchildrenmeditation.com\\\/shop\\\/\"},{\"@type\":\"ListItem\",\"position\":3,\"name\":\"Mindful parenting skills &#8211; 1 year access + Cert\"}]},{\"@type\":\"WebSite\",\"@id\":\"https:\\\/\\\/teachchildrenmeditation.com\\\/#website\",\"url\":\"https:\\\/\\\/teachchildrenmeditation.com\\\/\",\"name\":\"Teaching Children Meditation\",\"description\":\"accredited and award-winning\",\"publisher\":{\"@id\":\"https:\\\/\\\/teachchildrenmeditation.com\\\/#organization\"},\"potentialAction\":[{\"@type\":\"SearchAction\",\"target\":{\"@type\":\"EntryPoint\",\"urlTemplate\":\"https:\\\/\\\/teachchildrenmeditation.com\\\/?s={search_term_string}\"},\"query-input\":{\"@type\":\"PropertyValueSpecification\",\"valueRequired\":true,\"valueName\":\"search_term_string\"}}],\"inLanguage\":\"es\"},{\"@type\":\"Organization\",\"@id\":\"https:\\\/\\\/teachchildrenmeditation.com\\\/#organization\",\"name\":\"Connected Kids Ltd\",\"url\":\"https:\\\/\\\/teachchildrenmeditation.com\\\/\",\"logo\":{\"@type\":\"ImageObject\",\"inLanguage\":\"es\",\"@id\":\"https:\\\/\\\/teachchildrenmeditation.com\\\/#\\\/schema\\\/logo\\\/image\\\/\",\"url\":\"https:\\\/\\\/teachchildrenmeditation.com\\\/files\\\/2021\\\/04\\\/logo2CK-3.png\",\"contentUrl\":\"https:\\\/\\\/teachchildrenmeditation.com\\\/files\\\/2021\\\/04\\\/logo2CK-3.png\",\"width\":472,\"height\":470,\"caption\":\"Connected Kids Ltd\"},\"image\":{\"@id\":\"https:\\\/\\\/teachchildrenmeditation.com\\\/#\\\/schema\\\/logo\\\/image\\\/\"},\"sameAs\":[\"https:\\\/\\\/www.facebook.com\\\/connectedkids\",\"https:\\\/\\\/www.instagram.com\\\/connectedkids\\\/\"]}]}<\/script>\n<!-- \/ Yoast SEO plugin. -->","yoast_head_json":{"title":"Mindful parenting skills - 1 year access + Cert - Teaching Children Meditation","description":"Meditation for kids course for parents or carers to help children and teens learn mindfulness to reduce stress and anxiety","robots":{"index":"index","follow":"follow","max-snippet":"max-snippet:-1","max-image-preview":"max-image-preview:large","max-video-preview":"max-video-preview:-1"},"canonical":"https:\/\/teachchildrenmeditation.com\/es\/producto\/meditation-for-kids-course-for-parents-carers\/","og_locale":"es_ES","og_type":"article","og_title":"Mindful parenting skills - 1 year access + Cert - Teaching Children Meditation","og_description":"Meditation for kids course for parents or carers to help children and teens learn mindfulness to reduce stress and anxiety","og_url":"https:\/\/teachchildrenmeditation.com\/es\/producto\/meditation-for-kids-course-for-parents-carers\/","og_site_name":"Teaching Children Meditation","article_publisher":"https:\/\/www.facebook.com\/connectedkids","article_modified_time":"2026-01-30T11:08:11+00:00","og_image":[{"width":1080,"height":1080,"url":"https:\/\/teachchildrenmeditation.com\/files\/2023\/09\/course-product-photos-SHOP-3.jpg","type":"image\/jpeg"}],"twitter_card":"summary_large_image","twitter_misc":{"Tiempo de lectura":"2 minutos"},"schema":{"@context":"https:\/\/schema.org","@graph":[{"@type":"WebPage","@id":"https:\/\/teachchildrenmeditation.com\/product\/meditation-for-kids-course-for-parents-carers\/","url":"https:\/\/teachchildrenmeditation.com\/product\/meditation-for-kids-course-for-parents-carers\/","name":"Mindful parenting skills - 1 year access + Cert - Teaching Children Meditation","isPartOf":{"@id":"https:\/\/teachchildrenmeditation.com\/#website"},"primaryImageOfPage":{"@id":"https:\/\/teachchildrenmeditation.com\/product\/meditation-for-kids-course-for-parents-carers\/#primaryimage"},"image":{"@id":"https:\/\/teachchildrenmeditation.com\/product\/meditation-for-kids-course-for-parents-carers\/#primaryimage"},"thumbnailUrl":"https:\/\/teachchildrenmeditation.com\/files\/2023\/09\/course-product-photos-SHOP-3.jpg","datePublished":"2021-04-14T09:32:47+00:00","dateModified":"2026-01-30T11:08:11+00:00","description":"Meditation for kids course for parents or carers to help children and teens learn mindfulness to reduce stress and anxiety","breadcrumb":{"@id":"https:\/\/teachchildrenmeditation.com\/product\/meditation-for-kids-course-for-parents-carers\/#breadcrumb"},"inLanguage":"es","potentialAction":[{"@type":"ReadAction","target":["https:\/\/teachchildrenmeditation.com\/product\/meditation-for-kids-course-for-parents-carers\/"]}]},{"@type":"ImageObject","inLanguage":"es","@id":"https:\/\/teachchildrenmeditation.com\/product\/meditation-for-kids-course-for-parents-carers\/#primaryimage","url":"https:\/\/teachchildrenmeditation.com\/files\/2023\/09\/course-product-photos-SHOP-3.jpg","contentUrl":"https:\/\/teachchildrenmeditation.com\/files\/2023\/09\/course-product-photos-SHOP-3.jpg","width":1080,"height":1080},{"@type":"BreadcrumbList","@id":"https:\/\/teachchildrenmeditation.com\/product\/meditation-for-kids-course-for-parents-carers\/#breadcrumb","itemListElement":[{"@type":"ListItem","position":1,"name":"Home","item":"https:\/\/teachchildrenmeditation.com\/"},{"@type":"ListItem","position":2,"name":"Thank you for visiting our online store","item":"https:\/\/teachchildrenmeditation.com\/shop\/"},{"@type":"ListItem","position":3,"name":"Mindful parenting skills &#8211; 1 year access + Cert"}]},{"@type":"WebSite","@id":"https:\/\/teachchildrenmeditation.com\/#website","url":"https:\/\/teachchildrenmeditation.com\/","name":"Ense\u00f1ar a los ni\u00f1os a meditar","description":"acreditado y premiado","publisher":{"@id":"https:\/\/teachchildrenmeditation.com\/#organization"},"potentialAction":[{"@type":"SearchAction","target":{"@type":"EntryPoint","urlTemplate":"https:\/\/teachchildrenmeditation.com\/?s={search_term_string}"},"query-input":{"@type":"PropertyValueSpecification","valueRequired":true,"valueName":"search_term_string"}}],"inLanguage":"es"},{"@type":"Organization","@id":"https:\/\/teachchildrenmeditation.com\/#organization","name":"Connected Kids Ltd","url":"https:\/\/teachchildrenmeditation.com\/","logo":{"@type":"ImageObject","inLanguage":"es","@id":"https:\/\/teachchildrenmeditation.com\/#\/schema\/logo\/image\/","url":"https:\/\/teachchildrenmeditation.com\/files\/2021\/04\/logo2CK-3.png","contentUrl":"https:\/\/teachchildrenmeditation.com\/files\/2021\/04\/logo2CK-3.png","width":472,"height":470,"caption":"Connected Kids Ltd"},"image":{"@id":"https:\/\/teachchildrenmeditation.com\/#\/schema\/logo\/image\/"},"sameAs":["https:\/\/www.facebook.com\/connectedkids","https:\/\/www.instagram.com\/connectedkids\/"]}]}},"_links":{"self":[{"href":"https:\/\/teachchildrenmeditation.com\/es\/wp-json\/wp\/v2\/product\/8878","targetHints":{"allow":["GET"]}}],"collection":[{"href":"https:\/\/teachchildrenmeditation.com\/es\/wp-json\/wp\/v2\/product"}],"about":[{"href":"https:\/\/teachchildrenmeditation.com\/es\/wp-json\/wp\/v2\/types\/product"}],"wp:featuredmedia":[{"embeddable":true,"href":"https:\/\/teachchildrenmeditation.com\/es\/wp-json\/wp\/v2\/media\/18386"}],"wp:attachment":[{"href":"https:\/\/teachchildrenmeditation.com\/es\/wp-json\/wp\/v2\/media?parent=8878"}],"wp:term":[{"taxonomy":"product_brand","embeddable":true,"href":"https:\/\/teachchildrenmeditation.com\/es\/wp-json\/wp\/v2\/product_brand?post=8878"},{"taxonomy":"product_cat","embeddable":true,"href":"https:\/\/teachchildrenmeditation.com\/es\/wp-json\/wp\/v2\/product_cat?post=8878"},{"taxonomy":"product_tag","embeddable":true,"href":"https:\/\/teachchildrenmeditation.com\/es\/wp-json\/wp\/v2\/product_tag?post=8878"}],"curies":[{"name":"wp","href":"https:\/\/api.w.org\/{rel}","templated":true}]}}