{"id":18928,"date":"2025-12-03T12:31:43","date_gmt":"2025-12-03T12:31:43","guid":{"rendered":"https:\/\/teachchildrenmeditation.com\/?post_type=product&#038;p=18928"},"modified":"2026-03-30T13:33:16","modified_gmt":"2026-03-30T13:33:16","slug":"helping-anxious-kids-feel-safe-calm-and-confident-webinar-recording","status":"publish","type":"product","link":"https:\/\/teachchildrenmeditation.com\/es\/producto\/helping-anxious-kids-feel-safe-calm-and-confident-webinar-recording\/","title":{"rendered":"Helping Anxious Kids Feel Safe, Calm, and Confident"},"content":{"rendered":"<h2>Teaching meditation to children and teens<\/h2>\n<p>Helping adults understand childhood anxiety and learn simple, mindfulness tools to support anxious children \u2014 and themselves<\/p>\n<div role=\"region\" aria-label=\"Sortable modules list\" data-testid=\"ModulesListEditRoot\">\n<div class=\"e1wtebx07 css-14o85xf eto9j9u0\" data-testid=\"SortableItem\">\n<div class=\"css-1rr4qq7 eto9j9u2\">\n<div class=\"css-8jm638 e1wtebx05\">\n<div class=\"css-1wf6epa e1pua9m00\" data-testid=\"TextModuleFormRoot\">\n<div class=\"css-1imuel9 e2idcvy0\">\n<div class=\"content-editable\" role=\"textbox\" contenteditable=\"true\" spellcheck=\"false\" aria-label=\"Enter your text with our text editor\" data-lexical-editor=\"true\">\n<p>Un <strong>informative and practical 30-minute live webinar<\/strong> designed for parents whose children (of all ages) experience anxiety.<\/p>\n<p><strong>Lorraine Murray, expert speaker<\/strong> shares valuable insights and proven techniques to help alleviate anxiety with mindful activities.<\/p>\n<p>You\u2019ll learn:<\/p>\n<ul>\n<li value=\"1\">Understanding Childhood Anxiety<\/li>\n<li value=\"2\">The Power of Connection<\/li>\n<li value=\"3\">Mindfulness Tools for Anxious Kids<\/li>\n<li value=\"4\">Supporting the Adult<\/li>\n<\/ul>\n<p>Whether you&#8217;re new to meditation\/mindfulness for children or simply looking for some ideas\/support, this talk will offer you some tips and ideas<strong> to make a positive impact in your children&#8217;s lives.<\/strong><\/p>\n<p dir=\"ltr\">After purchase you will have 28 days access to the webinar &#8211; we will send you an email with a link to the recording.<\/p>\n<\/div>\n<\/div>\n<div class=\"css-cdjry9 e2nv1fq0\">\n<div tabindex=\"-1\">\n<div class=\"eds-tooltip--hoc-wrapper\" data-spec=\"tooltip-wrapper\"><div class='widescreen divider plain'><\/div><\/div>\n<\/div>\n<\/div>\n<\/div>\n<\/div>\n<\/div>\n<\/div>\n<\/div>\n<p>This webinar is based on the <strong>Connected Kids Method\u00ae<\/strong> Program &#8211; designed to help adults with\/without meditation experience, share these skills with young people &#8211; toddlers to teenagers.<\/p>\n<p>&nbsp;<\/p>\n<div class='widescreen divider plain'><\/div>\n<h3>Our values<\/h3>\n<ul>\n<li>Capacitar a los adultos con las habilidades y el conocimiento para ense\u00f1ar meditaci\u00f3n a los j\u00f3venes.<\/li>\n<li>Removing pre-conceived ideas that children can\u2019t learn meditation.<\/li>\n<li>Adpating methods for young people with SEN, Autism, Trauma-experienced or ADHD to ensure they benefits from mindful skills.<\/li>\n<li>Priorizar un enfoque compasivo y centrado en el ni\u00f1o en todos nuestros esfuerzos.<\/li>\n<li>Un compromiso para ayudar a combinar los beneficios cient\u00edficos investigados de la meditaci\u00f3n con pr\u00e1cticas de ense\u00f1anza creativas y conscientes de la energ\u00eda.<\/li>\n<\/ul>\n<p>&nbsp;<\/p>\n<div class='widescreen divider plain'><\/div>\n<p>&nbsp;<\/p>\n<p><img loading=\"lazy\" decoding=\"async\" class=\"alignright size-full wp-image-18684\" src=\"https:\/\/teachchildrenmeditation.com\/files\/2025\/10\/connected-kids-method-webinar.jpg\" alt=\"the connected kids method webinar - founder and presenter\" width=\"1920\" height=\"1080\" \/><\/p>\n<p>&nbsp;<\/p>","protected":false},"excerpt":{"rendered":"<ul>\n<li>informative and inspiring<\/li>\n<li><strong>webinar recording<\/strong><\/li>\n<li>created for parents and child professionals<\/li>\n<li>suitable for all levels of meditation experience<\/li>\n<\/ul>","protected":false},"featured_media":18929,"template":"","meta":{"_acf_changed":false},"product_brand":[],"product_cat":[854],"product_tag":[683,857,858,805,457,685,684,547,546,856,682,855],"class_list":{"0":"post-18928","1":"product","2":"type-product","3":"status-publish","4":"has-post-thumbnail","6":"product_cat-webinar-recordings","7":"product_tag-aces","8":"product_tag-anxiety","9":"product_tag-anxious-children","10":"product_tag-anxious-kids","11":"product_tag-connected-kids","12":"product_tag-meditation-aces","13":"product_tag-mindfulness-aces","14":"product_tag-online-course","15":"product_tag-professional-training","16":"product_tag-recordings","17":"product_tag-trauma","18":"product_tag-webinars","19":"entry","21":"first","22":"instock","23":"sold-individually","24":"purchasable","25":"product-type-simple"},"acf":[],"yoast_head":"<!-- This site is optimized with the Yoast SEO plugin v27.3 - https:\/\/yoast.com\/product\/yoast-seo-wordpress\/ -->\n<title>Helping Anxious Kids Feel Safe, Calm, and Confident - Teaching Children Meditation<\/title>\n<meta name=\"description\" content=\"Working with Trauma - webinar for child professionals to enhance their skills working with children Mindful Trauma-sensitive Training\" \/>\n<meta name=\"robots\" content=\"index, follow, max-snippet:-1, max-image-preview:large, max-video-preview:-1\" \/>\n<link rel=\"canonical\" href=\"https:\/\/teachchildrenmeditation.com\/es\/producto\/helping-anxious-kids-feel-safe-calm-and-confident-webinar-recording\/\" \/>\n<meta property=\"og:locale\" content=\"es_ES\" \/>\n<meta property=\"og:type\" content=\"article\" \/>\n<meta property=\"og:title\" content=\"Helping Anxious Kids Feel Safe, Calm, and Confident - Teaching Children Meditation\" \/>\n<meta property=\"og:description\" content=\"Working with Trauma - webinar for child professionals to enhance their skills working with children Mindful Trauma-sensitive Training\" \/>\n<meta property=\"og:url\" content=\"https:\/\/teachchildrenmeditation.com\/es\/producto\/helping-anxious-kids-feel-safe-calm-and-confident-webinar-recording\/\" \/>\n<meta property=\"og:site_name\" content=\"Teaching Children Meditation\" \/>\n<meta property=\"article:publisher\" content=\"https:\/\/www.facebook.com\/connectedkids\" \/>\n<meta property=\"article:modified_time\" content=\"2026-03-30T13:33:16+00:00\" \/>\n<meta property=\"og:image\" content=\"https:\/\/teachchildrenmeditation.com\/files\/2025\/12\/anxious-children-webinar.jpg\" \/>\n\t<meta property=\"og:image:width\" content=\"1080\" \/>\n\t<meta property=\"og:image:height\" content=\"1080\" \/>\n\t<meta property=\"og:image:type\" content=\"image\/jpeg\" \/>\n<meta name=\"twitter:card\" content=\"summary_large_image\" \/>\n<meta name=\"twitter:label1\" content=\"Tiempo de lectura\" \/>\n\t<meta name=\"twitter:data1\" content=\"2 minutos\" \/>\n<script type=\"application\/ld+json\" class=\"yoast-schema-graph\">{\"@context\":\"https:\\\/\\\/schema.org\",\"@graph\":[{\"@type\":\"WebPage\",\"@id\":\"https:\\\/\\\/teachchildrenmeditation.com\\\/product\\\/helping-anxious-kids-feel-safe-calm-and-confident-webinar-recording\\\/\",\"url\":\"https:\\\/\\\/teachchildrenmeditation.com\\\/product\\\/helping-anxious-kids-feel-safe-calm-and-confident-webinar-recording\\\/\",\"name\":\"Helping Anxious Kids Feel Safe, Calm, and Confident - Teaching Children Meditation\",\"isPartOf\":{\"@id\":\"https:\\\/\\\/teachchildrenmeditation.com\\\/#website\"},\"primaryImageOfPage\":{\"@id\":\"https:\\\/\\\/teachchildrenmeditation.com\\\/product\\\/helping-anxious-kids-feel-safe-calm-and-confident-webinar-recording\\\/#primaryimage\"},\"image\":{\"@id\":\"https:\\\/\\\/teachchildrenmeditation.com\\\/product\\\/helping-anxious-kids-feel-safe-calm-and-confident-webinar-recording\\\/#primaryimage\"},\"thumbnailUrl\":\"https:\\\/\\\/teachchildrenmeditation.com\\\/files\\\/2025\\\/12\\\/anxious-children-webinar.jpg\",\"datePublished\":\"2025-12-03T12:31:43+00:00\",\"dateModified\":\"2026-03-30T13:33:16+00:00\",\"description\":\"Working with Trauma - webinar for child professionals to enhance their skills working with children Mindful Trauma-sensitive Training\",\"breadcrumb\":{\"@id\":\"https:\\\/\\\/teachchildrenmeditation.com\\\/product\\\/helping-anxious-kids-feel-safe-calm-and-confident-webinar-recording\\\/#breadcrumb\"},\"inLanguage\":\"es\",\"potentialAction\":[{\"@type\":\"ReadAction\",\"target\":[\"https:\\\/\\\/teachchildrenmeditation.com\\\/product\\\/helping-anxious-kids-feel-safe-calm-and-confident-webinar-recording\\\/\"]}]},{\"@type\":\"ImageObject\",\"inLanguage\":\"es\",\"@id\":\"https:\\\/\\\/teachchildrenmeditation.com\\\/product\\\/helping-anxious-kids-feel-safe-calm-and-confident-webinar-recording\\\/#primaryimage\",\"url\":\"https:\\\/\\\/teachchildrenmeditation.com\\\/files\\\/2025\\\/12\\\/anxious-children-webinar.jpg\",\"contentUrl\":\"https:\\\/\\\/teachchildrenmeditation.com\\\/files\\\/2025\\\/12\\\/anxious-children-webinar.jpg\",\"width\":1080,\"height\":1080,\"caption\":\"anxious children - webinar\"},{\"@type\":\"BreadcrumbList\",\"@id\":\"https:\\\/\\\/teachchildrenmeditation.com\\\/product\\\/helping-anxious-kids-feel-safe-calm-and-confident-webinar-recording\\\/#breadcrumb\",\"itemListElement\":[{\"@type\":\"ListItem\",\"position\":1,\"name\":\"Home\",\"item\":\"https:\\\/\\\/teachchildrenmeditation.com\\\/\"},{\"@type\":\"ListItem\",\"position\":2,\"name\":\"Thank you for visiting our online store\",\"item\":\"https:\\\/\\\/teachchildrenmeditation.com\\\/shop\\\/\"},{\"@type\":\"ListItem\",\"position\":3,\"name\":\"Helping Anxious Kids Feel Safe, Calm, and Confident\"}]},{\"@type\":\"WebSite\",\"@id\":\"https:\\\/\\\/teachchildrenmeditation.com\\\/#website\",\"url\":\"https:\\\/\\\/teachchildrenmeditation.com\\\/\",\"name\":\"Teaching Children Meditation\",\"description\":\"accredited and award-winning\",\"publisher\":{\"@id\":\"https:\\\/\\\/teachchildrenmeditation.com\\\/#organization\"},\"potentialAction\":[{\"@type\":\"SearchAction\",\"target\":{\"@type\":\"EntryPoint\",\"urlTemplate\":\"https:\\\/\\\/teachchildrenmeditation.com\\\/?s={search_term_string}\"},\"query-input\":{\"@type\":\"PropertyValueSpecification\",\"valueRequired\":true,\"valueName\":\"search_term_string\"}}],\"inLanguage\":\"es\"},{\"@type\":\"Organization\",\"@id\":\"https:\\\/\\\/teachchildrenmeditation.com\\\/#organization\",\"name\":\"Connected Kids Ltd\",\"url\":\"https:\\\/\\\/teachchildrenmeditation.com\\\/\",\"logo\":{\"@type\":\"ImageObject\",\"inLanguage\":\"es\",\"@id\":\"https:\\\/\\\/teachchildrenmeditation.com\\\/#\\\/schema\\\/logo\\\/image\\\/\",\"url\":\"https:\\\/\\\/teachchildrenmeditation.com\\\/files\\\/2021\\\/04\\\/logo2CK-3.png\",\"contentUrl\":\"https:\\\/\\\/teachchildrenmeditation.com\\\/files\\\/2021\\\/04\\\/logo2CK-3.png\",\"width\":472,\"height\":470,\"caption\":\"Connected Kids Ltd\"},\"image\":{\"@id\":\"https:\\\/\\\/teachchildrenmeditation.com\\\/#\\\/schema\\\/logo\\\/image\\\/\"},\"sameAs\":[\"https:\\\/\\\/www.facebook.com\\\/connectedkids\",\"https:\\\/\\\/www.instagram.com\\\/connectedkids\\\/\"]}]}<\/script>\n<!-- \/ Yoast SEO plugin. -->","yoast_head_json":{"title":"Helping Anxious Kids Feel Safe, Calm, and Confident - Teaching Children Meditation","description":"Working with Trauma - webinar for child professionals to enhance their skills working with children Mindful Trauma-sensitive Training","robots":{"index":"index","follow":"follow","max-snippet":"max-snippet:-1","max-image-preview":"max-image-preview:large","max-video-preview":"max-video-preview:-1"},"canonical":"https:\/\/teachchildrenmeditation.com\/es\/producto\/helping-anxious-kids-feel-safe-calm-and-confident-webinar-recording\/","og_locale":"es_ES","og_type":"article","og_title":"Helping Anxious Kids Feel Safe, Calm, and Confident - Teaching Children Meditation","og_description":"Working with Trauma - webinar for child professionals to enhance their skills working with children Mindful Trauma-sensitive Training","og_url":"https:\/\/teachchildrenmeditation.com\/es\/producto\/helping-anxious-kids-feel-safe-calm-and-confident-webinar-recording\/","og_site_name":"Teaching Children Meditation","article_publisher":"https:\/\/www.facebook.com\/connectedkids","article_modified_time":"2026-03-30T13:33:16+00:00","og_image":[{"width":1080,"height":1080,"url":"https:\/\/teachchildrenmeditation.com\/files\/2025\/12\/anxious-children-webinar.jpg","type":"image\/jpeg"}],"twitter_card":"summary_large_image","twitter_misc":{"Tiempo de lectura":"2 minutos"},"schema":{"@context":"https:\/\/schema.org","@graph":[{"@type":"WebPage","@id":"https:\/\/teachchildrenmeditation.com\/product\/helping-anxious-kids-feel-safe-calm-and-confident-webinar-recording\/","url":"https:\/\/teachchildrenmeditation.com\/product\/helping-anxious-kids-feel-safe-calm-and-confident-webinar-recording\/","name":"Helping Anxious Kids Feel Safe, Calm, and Confident - Teaching Children Meditation","isPartOf":{"@id":"https:\/\/teachchildrenmeditation.com\/#website"},"primaryImageOfPage":{"@id":"https:\/\/teachchildrenmeditation.com\/product\/helping-anxious-kids-feel-safe-calm-and-confident-webinar-recording\/#primaryimage"},"image":{"@id":"https:\/\/teachchildrenmeditation.com\/product\/helping-anxious-kids-feel-safe-calm-and-confident-webinar-recording\/#primaryimage"},"thumbnailUrl":"https:\/\/teachchildrenmeditation.com\/files\/2025\/12\/anxious-children-webinar.jpg","datePublished":"2025-12-03T12:31:43+00:00","dateModified":"2026-03-30T13:33:16+00:00","description":"Working with Trauma - webinar for child professionals to enhance their skills working with children Mindful Trauma-sensitive Training","breadcrumb":{"@id":"https:\/\/teachchildrenmeditation.com\/product\/helping-anxious-kids-feel-safe-calm-and-confident-webinar-recording\/#breadcrumb"},"inLanguage":"es","potentialAction":[{"@type":"ReadAction","target":["https:\/\/teachchildrenmeditation.com\/product\/helping-anxious-kids-feel-safe-calm-and-confident-webinar-recording\/"]}]},{"@type":"ImageObject","inLanguage":"es","@id":"https:\/\/teachchildrenmeditation.com\/product\/helping-anxious-kids-feel-safe-calm-and-confident-webinar-recording\/#primaryimage","url":"https:\/\/teachchildrenmeditation.com\/files\/2025\/12\/anxious-children-webinar.jpg","contentUrl":"https:\/\/teachchildrenmeditation.com\/files\/2025\/12\/anxious-children-webinar.jpg","width":1080,"height":1080,"caption":"anxious children - webinar"},{"@type":"BreadcrumbList","@id":"https:\/\/teachchildrenmeditation.com\/product\/helping-anxious-kids-feel-safe-calm-and-confident-webinar-recording\/#breadcrumb","itemListElement":[{"@type":"ListItem","position":1,"name":"Home","item":"https:\/\/teachchildrenmeditation.com\/"},{"@type":"ListItem","position":2,"name":"Thank you for visiting our online store","item":"https:\/\/teachchildrenmeditation.com\/shop\/"},{"@type":"ListItem","position":3,"name":"Helping Anxious Kids Feel Safe, Calm, and Confident"}]},{"@type":"WebSite","@id":"https:\/\/teachchildrenmeditation.com\/#website","url":"https:\/\/teachchildrenmeditation.com\/","name":"Ense\u00f1ar a los ni\u00f1os a meditar","description":"acreditado y premiado","publisher":{"@id":"https:\/\/teachchildrenmeditation.com\/#organization"},"potentialAction":[{"@type":"SearchAction","target":{"@type":"EntryPoint","urlTemplate":"https:\/\/teachchildrenmeditation.com\/?s={search_term_string}"},"query-input":{"@type":"PropertyValueSpecification","valueRequired":true,"valueName":"search_term_string"}}],"inLanguage":"es"},{"@type":"Organization","@id":"https:\/\/teachchildrenmeditation.com\/#organization","name":"Connected Kids Ltd","url":"https:\/\/teachchildrenmeditation.com\/","logo":{"@type":"ImageObject","inLanguage":"es","@id":"https:\/\/teachchildrenmeditation.com\/#\/schema\/logo\/image\/","url":"https:\/\/teachchildrenmeditation.com\/files\/2021\/04\/logo2CK-3.png","contentUrl":"https:\/\/teachchildrenmeditation.com\/files\/2021\/04\/logo2CK-3.png","width":472,"height":470,"caption":"Connected Kids Ltd"},"image":{"@id":"https:\/\/teachchildrenmeditation.com\/#\/schema\/logo\/image\/"},"sameAs":["https:\/\/www.facebook.com\/connectedkids","https:\/\/www.instagram.com\/connectedkids\/"]}]}},"_links":{"self":[{"href":"https:\/\/teachchildrenmeditation.com\/es\/wp-json\/wp\/v2\/product\/18928","targetHints":{"allow":["GET"]}}],"collection":[{"href":"https:\/\/teachchildrenmeditation.com\/es\/wp-json\/wp\/v2\/product"}],"about":[{"href":"https:\/\/teachchildrenmeditation.com\/es\/wp-json\/wp\/v2\/types\/product"}],"wp:featuredmedia":[{"embeddable":true,"href":"https:\/\/teachchildrenmeditation.com\/es\/wp-json\/wp\/v2\/media\/18929"}],"wp:attachment":[{"href":"https:\/\/teachchildrenmeditation.com\/es\/wp-json\/wp\/v2\/media?parent=18928"}],"wp:term":[{"taxonomy":"product_brand","embeddable":true,"href":"https:\/\/teachchildrenmeditation.com\/es\/wp-json\/wp\/v2\/product_brand?post=18928"},{"taxonomy":"product_cat","embeddable":true,"href":"https:\/\/teachchildrenmeditation.com\/es\/wp-json\/wp\/v2\/product_cat?post=18928"},{"taxonomy":"product_tag","embeddable":true,"href":"https:\/\/teachchildrenmeditation.com\/es\/wp-json\/wp\/v2\/product_tag?post=18928"}],"curies":[{"name":"wp","href":"https:\/\/api.w.org\/{rel}","templated":true}]}}