{"id":17908,"date":"2025-05-28T20:32:33","date_gmt":"2025-05-28T20:32:33","guid":{"rendered":"https:\/\/teachchildrenmeditation.com\/?post_type=product&#038;p=17908"},"modified":"2026-01-14T16:39:41","modified_gmt":"2026-01-14T16:39:41","slug":"working-with-trauma-webinar","status":"publish","type":"product","link":"https:\/\/teachchildrenmeditation.com\/es\/producto\/working-with-trauma-webinar\/","title":{"rendered":"Mindful Trauma &#8211; webinar recording"},"content":{"rendered":"<h2>Mindful Trauma-sensitive webinar<\/h2>\n<p>With 10 years of working with trauma-experienced children, in this webinar, Lorraine E Murray will share valuable insights into how trauma impacts young people from a mindful and energy perspective, and how you can use trauma-sensitive mindfulness practices can help trauma-experienced children manage anxiety and navigate emotional distress.<\/p>\n<div role=\"region\" aria-label=\"Sortable modules list\" data-testid=\"ModulesListEditRoot\">\n<div class=\"e1wtebx07 css-14o85xf eto9j9u0\" data-testid=\"SortableItem\">\n<div class=\"css-1rr4qq7 eto9j9u2\">\n<div class=\"css-8jm638 e1wtebx05\">\n<div class=\"css-1wf6epa e1pua9m00\" data-testid=\"TextModuleFormRoot\">\n<div class=\"css-1imuel9 e2idcvy0\">\n<div class=\"content-editable\" role=\"textbox\" contenteditable=\"true\" spellcheck=\"false\" aria-label=\"Enter your text with our text editor\" data-lexical-editor=\"true\">\n<p dir=\"ltr\"><strong>In the 60-minute webinar, y<\/strong><strong>ou\u2019ll gain insights into:<\/strong><\/p>\n<ul>\n<li dir=\"ltr\" value=\"1\"><span data-lexical-text=\"true\">How the energy system for trauma-experienced children is affected<\/span><\/li>\n<li dir=\"ltr\" value=\"2\"><span data-lexical-text=\"true\">Tips for making mindfulness practices safe, inclusive, and non-triggering<\/span><\/li>\n<li dir=\"ltr\" value=\"3\"><span data-lexical-text=\"true\">How to cultivate your personal energy awareness to enhance emotional support\u00a0<\/span><\/li>\n<li dir=\"ltr\" value=\"4\"><span data-lexical-text=\"true\">Practical examples of adapting mindfulness tools and incorporating energy awareness to support trauma-experienced children.<\/span><\/li>\n<\/ul>\n<p dir=\"ltr\"><span data-lexical-text=\"true\">Whether you&#8217;re new to trauma-informed care or looking to deepen your skill set, this webinar will offer you some foundational insights to make a <\/span>positive impact to your work with trauma-experienced children and teens.<\/p>\n<p dir=\"ltr\">After purchase you will receive an email with a link to the recording &#8211; available for 28 days.<\/p>\n<\/div>\n<\/div>\n<div class=\"css-cdjry9 e2nv1fq0\">\n<div tabindex=\"-1\">\n<div class=\"eds-tooltip--hoc-wrapper\" data-spec=\"tooltip-wrapper\"><div class='widescreen divider plain'><\/div><\/div>\n<\/div>\n<\/div>\n<\/div>\n<\/div>\n<\/div>\n<\/div>\n<\/div>\n<p>This webinar is based on the <a href=\"https:\/\/teachchildrenmeditation.com\/es\/meditation-benefits-connected-kids-training\/trauma-sensitive-meditation-training\/\" target=\"_blank\" rel=\"noopener\">MTEA trauma modules<\/a>\u00a0 &#8211; Mindful Trauma-sensitive Energy Awareness course &#8211; advanced teaching meditation skills for *child professionals and trauma-informed educators.<\/p>\n<p>&nbsp;<\/p>\n<div class='widescreen divider plain'><\/div>\n<h3>Our values<\/h3>\n<ul>\n<li>Capacitar a los adultos con las habilidades y el conocimiento para ense\u00f1ar meditaci\u00f3n a los j\u00f3venes.<\/li>\n<li>Removing pre-conceived ideas that children can\u2019t learn meditation.<\/li>\n<li>Adpating methods for young people with SEN, Autism, Trauma-experienced or ADHD to ensure they benefits from mindful skills.<\/li>\n<li>Priorizar un enfoque compasivo y centrado en el ni\u00f1o en todos nuestros esfuerzos.<\/li>\n<li>Un compromiso para ayudar a combinar los beneficios cient\u00edficos investigados de la meditaci\u00f3n con pr\u00e1cticas de ense\u00f1anza creativas y conscientes de la energ\u00eda.<\/li>\n<\/ul>\n<div class='widescreen divider plain'><\/div>\n<p><img decoding=\"async\" class=\"object-fit-image__image eds-max-img eds-image-uploader__preview-image\" src=\"https:\/\/img.evbuc.com\/https%3A%2F%2Fcdn.evbuc.com%2Fimages%2F1036606123%2F142912130900%2F1%2Foriginal.20250522-095130?h=740&amp;w=1200&amp;auto=format%2Ccompress&amp;q=75&amp;sharp=10&amp;s=0f29402a0a5e7f023e9b38c07e57def3\" alt=\"\" data-spec=\"image-uploader-preview-image\" data-airgap-id=\"34\" \/><\/p>\n<p>*Connected Kids Professional Tutors are included as child professionals.<\/p>\n<p>&nbsp;<\/p>","protected":false},"excerpt":{"rendered":"<ul>\n<li><strong>Informative and practical webinar recording<\/strong><\/li>\n<li>created for educators, counselors, therapists, and practitioners<\/li>\n<li>insights into trauma-sensitive mindful and energy practices<\/li>\n<li>support trauma-experienced children and teens<\/li>\n<\/ul>","protected":false},"featured_media":18391,"template":"","meta":{"_acf_changed":false},"product_brand":[],"product_cat":[721],"product_tag":[683,457,685,684,547,546,682],"class_list":{"0":"post-17908","1":"product","2":"type-product","3":"status-publish","4":"has-post-thumbnail","6":"product_cat-trauma-informed-mindfulness","7":"product_tag-aces","8":"product_tag-connected-kids","9":"product_tag-meditation-aces","10":"product_tag-mindfulness-aces","11":"product_tag-online-course","12":"product_tag-professional-training","13":"product_tag-trauma","14":"entry","16":"first","17":"instock","18":"sold-individually","19":"purchasable","20":"product-type-simple"},"acf":[],"yoast_head":"<!-- This site is optimized with the Yoast SEO plugin v27.3 - https:\/\/yoast.com\/product\/yoast-seo-wordpress\/ -->\n<title>Mindful Trauma - webinar recording - Teaching Children Meditation<\/title>\n<meta name=\"description\" content=\"Working with Trauma - webinar for child professionals to enhance their skills working with children Mindful Trauma-sensitive Training\" \/>\n<meta name=\"robots\" content=\"index, follow, max-snippet:-1, max-image-preview:large, max-video-preview:-1\" \/>\n<link rel=\"canonical\" href=\"https:\/\/teachchildrenmeditation.com\/es\/producto\/working-with-trauma-webinar\/\" \/>\n<meta property=\"og:locale\" content=\"es_ES\" \/>\n<meta property=\"og:type\" content=\"article\" \/>\n<meta property=\"og:title\" content=\"Mindful Trauma - webinar recording - Teaching Children Meditation\" \/>\n<meta property=\"og:description\" content=\"Working with Trauma - webinar for child professionals to enhance their skills working with children Mindful Trauma-sensitive Training\" \/>\n<meta property=\"og:url\" content=\"https:\/\/teachchildrenmeditation.com\/es\/producto\/working-with-trauma-webinar\/\" \/>\n<meta property=\"og:site_name\" content=\"Teaching Children Meditation\" \/>\n<meta property=\"article:publisher\" content=\"https:\/\/www.facebook.com\/connectedkids\" \/>\n<meta property=\"article:modified_time\" content=\"2026-01-14T16:39:41+00:00\" \/>\n<meta property=\"og:image\" content=\"https:\/\/teachchildrenmeditation.com\/files\/2025\/05\/course-product-photos-SHOP-9.jpg\" \/>\n\t<meta property=\"og:image:width\" content=\"1080\" \/>\n\t<meta property=\"og:image:height\" content=\"1080\" \/>\n\t<meta property=\"og:image:type\" content=\"image\/jpeg\" \/>\n<meta name=\"twitter:card\" content=\"summary_large_image\" \/>\n<meta name=\"twitter:label1\" content=\"Tiempo de lectura\" \/>\n\t<meta name=\"twitter:data1\" content=\"2 minutos\" \/>\n<script type=\"application\/ld+json\" class=\"yoast-schema-graph\">{\"@context\":\"https:\\\/\\\/schema.org\",\"@graph\":[{\"@type\":\"WebPage\",\"@id\":\"https:\\\/\\\/teachchildrenmeditation.com\\\/product\\\/working-with-trauma-webinar\\\/\",\"url\":\"https:\\\/\\\/teachchildrenmeditation.com\\\/product\\\/working-with-trauma-webinar\\\/\",\"name\":\"Mindful Trauma - webinar recording - Teaching Children Meditation\",\"isPartOf\":{\"@id\":\"https:\\\/\\\/teachchildrenmeditation.com\\\/#website\"},\"primaryImageOfPage\":{\"@id\":\"https:\\\/\\\/teachchildrenmeditation.com\\\/product\\\/working-with-trauma-webinar\\\/#primaryimage\"},\"image\":{\"@id\":\"https:\\\/\\\/teachchildrenmeditation.com\\\/product\\\/working-with-trauma-webinar\\\/#primaryimage\"},\"thumbnailUrl\":\"https:\\\/\\\/teachchildrenmeditation.com\\\/files\\\/2025\\\/05\\\/course-product-photos-SHOP-9.jpg\",\"datePublished\":\"2025-05-28T20:32:33+00:00\",\"dateModified\":\"2026-01-14T16:39:41+00:00\",\"description\":\"Working with Trauma - webinar for child professionals to enhance their skills working with children Mindful Trauma-sensitive Training\",\"breadcrumb\":{\"@id\":\"https:\\\/\\\/teachchildrenmeditation.com\\\/product\\\/working-with-trauma-webinar\\\/#breadcrumb\"},\"inLanguage\":\"es\",\"potentialAction\":[{\"@type\":\"ReadAction\",\"target\":[\"https:\\\/\\\/teachchildrenmeditation.com\\\/product\\\/working-with-trauma-webinar\\\/\"]}]},{\"@type\":\"ImageObject\",\"inLanguage\":\"es\",\"@id\":\"https:\\\/\\\/teachchildrenmeditation.com\\\/product\\\/working-with-trauma-webinar\\\/#primaryimage\",\"url\":\"https:\\\/\\\/teachchildrenmeditation.com\\\/files\\\/2025\\\/05\\\/course-product-photos-SHOP-9.jpg\",\"contentUrl\":\"https:\\\/\\\/teachchildrenmeditation.com\\\/files\\\/2025\\\/05\\\/course-product-photos-SHOP-9.jpg\",\"width\":1080,\"height\":1080},{\"@type\":\"BreadcrumbList\",\"@id\":\"https:\\\/\\\/teachchildrenmeditation.com\\\/product\\\/working-with-trauma-webinar\\\/#breadcrumb\",\"itemListElement\":[{\"@type\":\"ListItem\",\"position\":1,\"name\":\"Home\",\"item\":\"https:\\\/\\\/teachchildrenmeditation.com\\\/\"},{\"@type\":\"ListItem\",\"position\":2,\"name\":\"Thank you for visiting our online store\",\"item\":\"https:\\\/\\\/teachchildrenmeditation.com\\\/shop\\\/\"},{\"@type\":\"ListItem\",\"position\":3,\"name\":\"Mindful Trauma &#8211; webinar recording\"}]},{\"@type\":\"WebSite\",\"@id\":\"https:\\\/\\\/teachchildrenmeditation.com\\\/#website\",\"url\":\"https:\\\/\\\/teachchildrenmeditation.com\\\/\",\"name\":\"Teaching Children Meditation\",\"description\":\"accredited and award-winning\",\"publisher\":{\"@id\":\"https:\\\/\\\/teachchildrenmeditation.com\\\/#organization\"},\"potentialAction\":[{\"@type\":\"SearchAction\",\"target\":{\"@type\":\"EntryPoint\",\"urlTemplate\":\"https:\\\/\\\/teachchildrenmeditation.com\\\/?s={search_term_string}\"},\"query-input\":{\"@type\":\"PropertyValueSpecification\",\"valueRequired\":true,\"valueName\":\"search_term_string\"}}],\"inLanguage\":\"es\"},{\"@type\":\"Organization\",\"@id\":\"https:\\\/\\\/teachchildrenmeditation.com\\\/#organization\",\"name\":\"Connected Kids Ltd\",\"url\":\"https:\\\/\\\/teachchildrenmeditation.com\\\/\",\"logo\":{\"@type\":\"ImageObject\",\"inLanguage\":\"es\",\"@id\":\"https:\\\/\\\/teachchildrenmeditation.com\\\/#\\\/schema\\\/logo\\\/image\\\/\",\"url\":\"https:\\\/\\\/teachchildrenmeditation.com\\\/files\\\/2021\\\/04\\\/logo2CK-3.png\",\"contentUrl\":\"https:\\\/\\\/teachchildrenmeditation.com\\\/files\\\/2021\\\/04\\\/logo2CK-3.png\",\"width\":472,\"height\":470,\"caption\":\"Connected Kids Ltd\"},\"image\":{\"@id\":\"https:\\\/\\\/teachchildrenmeditation.com\\\/#\\\/schema\\\/logo\\\/image\\\/\"},\"sameAs\":[\"https:\\\/\\\/www.facebook.com\\\/connectedkids\",\"https:\\\/\\\/www.instagram.com\\\/connectedkids\\\/\"]}]}<\/script>\n<!-- \/ Yoast SEO plugin. -->","yoast_head_json":{"title":"Mindful Trauma - webinar recording - Teaching Children Meditation","description":"Working with Trauma - webinar for child professionals to enhance their skills working with children Mindful Trauma-sensitive Training","robots":{"index":"index","follow":"follow","max-snippet":"max-snippet:-1","max-image-preview":"max-image-preview:large","max-video-preview":"max-video-preview:-1"},"canonical":"https:\/\/teachchildrenmeditation.com\/es\/producto\/working-with-trauma-webinar\/","og_locale":"es_ES","og_type":"article","og_title":"Mindful Trauma - webinar recording - Teaching Children Meditation","og_description":"Working with Trauma - webinar for child professionals to enhance their skills working with children Mindful Trauma-sensitive Training","og_url":"https:\/\/teachchildrenmeditation.com\/es\/producto\/working-with-trauma-webinar\/","og_site_name":"Teaching Children Meditation","article_publisher":"https:\/\/www.facebook.com\/connectedkids","article_modified_time":"2026-01-14T16:39:41+00:00","og_image":[{"width":1080,"height":1080,"url":"https:\/\/teachchildrenmeditation.com\/files\/2025\/05\/course-product-photos-SHOP-9.jpg","type":"image\/jpeg"}],"twitter_card":"summary_large_image","twitter_misc":{"Tiempo de lectura":"2 minutos"},"schema":{"@context":"https:\/\/schema.org","@graph":[{"@type":"WebPage","@id":"https:\/\/teachchildrenmeditation.com\/product\/working-with-trauma-webinar\/","url":"https:\/\/teachchildrenmeditation.com\/product\/working-with-trauma-webinar\/","name":"Mindful Trauma - webinar recording - Teaching Children Meditation","isPartOf":{"@id":"https:\/\/teachchildrenmeditation.com\/#website"},"primaryImageOfPage":{"@id":"https:\/\/teachchildrenmeditation.com\/product\/working-with-trauma-webinar\/#primaryimage"},"image":{"@id":"https:\/\/teachchildrenmeditation.com\/product\/working-with-trauma-webinar\/#primaryimage"},"thumbnailUrl":"https:\/\/teachchildrenmeditation.com\/files\/2025\/05\/course-product-photos-SHOP-9.jpg","datePublished":"2025-05-28T20:32:33+00:00","dateModified":"2026-01-14T16:39:41+00:00","description":"Working with Trauma - webinar for child professionals to enhance their skills working with children Mindful Trauma-sensitive Training","breadcrumb":{"@id":"https:\/\/teachchildrenmeditation.com\/product\/working-with-trauma-webinar\/#breadcrumb"},"inLanguage":"es","potentialAction":[{"@type":"ReadAction","target":["https:\/\/teachchildrenmeditation.com\/product\/working-with-trauma-webinar\/"]}]},{"@type":"ImageObject","inLanguage":"es","@id":"https:\/\/teachchildrenmeditation.com\/product\/working-with-trauma-webinar\/#primaryimage","url":"https:\/\/teachchildrenmeditation.com\/files\/2025\/05\/course-product-photos-SHOP-9.jpg","contentUrl":"https:\/\/teachchildrenmeditation.com\/files\/2025\/05\/course-product-photos-SHOP-9.jpg","width":1080,"height":1080},{"@type":"BreadcrumbList","@id":"https:\/\/teachchildrenmeditation.com\/product\/working-with-trauma-webinar\/#breadcrumb","itemListElement":[{"@type":"ListItem","position":1,"name":"Home","item":"https:\/\/teachchildrenmeditation.com\/"},{"@type":"ListItem","position":2,"name":"Thank you for visiting our online store","item":"https:\/\/teachchildrenmeditation.com\/shop\/"},{"@type":"ListItem","position":3,"name":"Mindful Trauma &#8211; webinar recording"}]},{"@type":"WebSite","@id":"https:\/\/teachchildrenmeditation.com\/#website","url":"https:\/\/teachchildrenmeditation.com\/","name":"Ense\u00f1ar a los ni\u00f1os a meditar","description":"acreditado y premiado","publisher":{"@id":"https:\/\/teachchildrenmeditation.com\/#organization"},"potentialAction":[{"@type":"SearchAction","target":{"@type":"EntryPoint","urlTemplate":"https:\/\/teachchildrenmeditation.com\/?s={search_term_string}"},"query-input":{"@type":"PropertyValueSpecification","valueRequired":true,"valueName":"search_term_string"}}],"inLanguage":"es"},{"@type":"Organization","@id":"https:\/\/teachchildrenmeditation.com\/#organization","name":"Connected Kids Ltd","url":"https:\/\/teachchildrenmeditation.com\/","logo":{"@type":"ImageObject","inLanguage":"es","@id":"https:\/\/teachchildrenmeditation.com\/#\/schema\/logo\/image\/","url":"https:\/\/teachchildrenmeditation.com\/files\/2021\/04\/logo2CK-3.png","contentUrl":"https:\/\/teachchildrenmeditation.com\/files\/2021\/04\/logo2CK-3.png","width":472,"height":470,"caption":"Connected Kids Ltd"},"image":{"@id":"https:\/\/teachchildrenmeditation.com\/#\/schema\/logo\/image\/"},"sameAs":["https:\/\/www.facebook.com\/connectedkids","https:\/\/www.instagram.com\/connectedkids\/"]}]}},"_links":{"self":[{"href":"https:\/\/teachchildrenmeditation.com\/es\/wp-json\/wp\/v2\/product\/17908","targetHints":{"allow":["GET"]}}],"collection":[{"href":"https:\/\/teachchildrenmeditation.com\/es\/wp-json\/wp\/v2\/product"}],"about":[{"href":"https:\/\/teachchildrenmeditation.com\/es\/wp-json\/wp\/v2\/types\/product"}],"wp:featuredmedia":[{"embeddable":true,"href":"https:\/\/teachchildrenmeditation.com\/es\/wp-json\/wp\/v2\/media\/18391"}],"wp:attachment":[{"href":"https:\/\/teachchildrenmeditation.com\/es\/wp-json\/wp\/v2\/media?parent=17908"}],"wp:term":[{"taxonomy":"product_brand","embeddable":true,"href":"https:\/\/teachchildrenmeditation.com\/es\/wp-json\/wp\/v2\/product_brand?post=17908"},{"taxonomy":"product_cat","embeddable":true,"href":"https:\/\/teachchildrenmeditation.com\/es\/wp-json\/wp\/v2\/product_cat?post=17908"},{"taxonomy":"product_tag","embeddable":true,"href":"https:\/\/teachchildrenmeditation.com\/es\/wp-json\/wp\/v2\/product_tag?post=17908"}],"curies":[{"name":"wp","href":"https:\/\/api.w.org\/{rel}","templated":true}]}}