{"id":17782,"date":"2025-05-20T13:20:32","date_gmt":"2025-05-20T13:20:32","guid":{"rendered":"https:\/\/teachchildrenmeditation.com\/?post_type=product&#038;p=17782"},"modified":"2026-01-14T15:07:14","modified_gmt":"2026-01-14T15:07:14","slug":"working-with-trauma-modules-only","status":"publish","type":"product","link":"https:\/\/teachchildrenmeditation.com\/es\/producto\/working-with-trauma-modules-only\/","title":{"rendered":"Mindful Trauma-sensitive Energy Awareness &#8211; modules access"},"content":{"rendered":"<h2>MTEA &#8211; module access<\/h2>\n<p>Mindful Trauma-sensitive Energy Awareness course &#8211; advanced teaching meditation skills for educators\/professionals\/yoga\/meditation teachers working with young people.<\/p>\n<p>Educational modules that improve your practice using mindful trauma-sensitive energy awareness skills when working with trauma-experienced young people.<\/p>\n<h3>Develop your professional skills working with children<\/h3>\n<ul>\n<li>Learn how to teach mindful trauma sensitive skills to young people<\/li>\n<li>Explore and develope intuitive and energy awareness methods to support you and young people<\/li>\n<li>Guide trauma-experienced young people to develop resilience and emotional well-being skills<\/li>\n<li>Benef\u00edciese de los conocimientos de los expertos y del aprendizaje interactivo,<\/li>\n<\/ul>\n<p><em><div class='testimonial' style='border-top-color:#b3cccb; background-color:#b3cccb;'>\u201cLo he encontrado inmensamente \u00fatil y hay muchas maneras en que me ha ayudado a m\u00ed, pero tambi\u00e9n a todos los ni\u00f1os con los que trabajar\u00e9\u201d.<\/em><\/p>\n<p style=\"text-align: right;\"><em><strong>Alison Palmer \u2013 <\/strong><\/em><em><strong>Terapeuta de apego infantil y psicolog\u00eda infantil<\/strong>\u00a0<\/div><\/em><\/p>\n<h3>Includes<\/h3>\n<ul>\n<li class=\"cvGsUA direction-ltr align-start para-style-body\"><span class=\"OYPEnA text-decoration-none text-strikethrough-none\">email support throughout<\/span><\/li>\n<li class=\"cvGsUA direction-ltr align-start para-style-body\">11 training modules &#8211; self study &#8211; 12 months access<\/li>\n<li>access to group online sessions<\/li>\n<\/ul>\n<p><strong>Course Outline<\/strong><\/p>\n<div class=\"listingBoxElement row\">\n<ul>\n<li class=\"column module-name left-padded\">Exploring Trauma &#8211; east meets west<\/li>\n<li class=\"column module-name left-padded\">Discovering ACES and energy trauma:Expressing Trauma &#8211; behaviours and energy:<\/li>\n<li class=\"column module-name left-padded\">Trauma-sensitive meditation teaching:<\/li>\n<li class=\"column module-name left-padded\">Trauma awareness for safeguarding and compliance issues:<\/li>\n<li class=\"column module-name left-padded\">Meditation practices with trauma awareness:<\/li>\n<li class=\"column module-name left-padded\">Creating a trauma-sensitive mindful energy practice:<\/li>\n<li class=\"column module-name left-padded\">Mindfulness and energy tools to empower:<\/li>\n<li class=\"column module-name left-padded\">Teacher self-care and compassion :<\/li>\n<li class=\"column module-name left-padded\">Integrating your mindful energy awareness:<\/li>\n<li class=\"column module-name left-padded\">Trauma-sensitive reflection:<\/li>\n<\/ul>\n<\/div>\n<div class=\"listingBoxElement row\">\n<div class=\"column module-link\"><\/div>\n<\/div>\n<p>Please refer to the full course syllabus: <a href=\"https:\/\/teachchildrenmeditation.com\/es\/meditation-benefits-connected-kids-training\/trauma-sensitive-meditation-training\/\">MTEA<\/a><\/p>\n<div class='widescreen divider plain'><\/div>\n<h3>Our values<\/h3>\n<ul>\n<li>Capacitar a los adultos con las habilidades y el conocimiento para ense\u00f1ar meditaci\u00f3n a los j\u00f3venes.<\/li>\n<li>Removing pre-conceived ideas that children can\u2019t learn meditation.<\/li>\n<li>Adpating methods for young people with SEN, Autism, Trauma-experienced or ADHD to ensure they benefits from mindful skills.<\/li>\n<li>Priorizar un enfoque compasivo y centrado en el ni\u00f1o en todos nuestros esfuerzos.<\/li>\n<li>Un compromiso para ayudar a combinar los beneficios cient\u00edficos investigados de la meditaci\u00f3n con pr\u00e1cticas de ense\u00f1anza creativas y conscientes de la energ\u00eda.<\/li>\n<\/ul>\n<div class='widescreen divider plain'><\/div>\n<p>Please note that the modules are suited to professionals who have training and experience of working with trauma-experienced young people (this includes those working in fostering\/adoption).\u00a0 We highly recommend that you have a regular, personal meditation practice as the modules will discuss meditation and energy in depth.\u00a0 If you are a meditation or yoga professional looking to advance your skills in working with young people, you may find these modules helpful to advance your trauma-informed awareness.<\/p>\n<p>You will receive a passcode after purchase which will expire with 28 days.\u00a0 Once used, you will have 23 months access to the course modules.<\/p>\n<p><img decoding=\"async\" class=\"object-fit-image__image eds-max-img eds-image-uploader__preview-image\" src=\"https:\/\/img.evbuc.com\/https%3A%2F%2Fcdn.evbuc.com%2Fimages%2F1036606123%2F142912130900%2F1%2Foriginal.20250522-095130?h=740&amp;w=1200&amp;auto=format%2Ccompress&amp;q=75&amp;sharp=10&amp;s=0f29402a0a5e7f023e9b38c07e57def3\" alt=\"\" data-spec=\"image-uploader-preview-image\" data-airgap-id=\"34\" \/><\/p>\n<p>&nbsp;<\/p>\n<p>&nbsp;<\/p>","protected":false},"excerpt":{"rendered":"<ul>\n<li>12 CPD\/CE points<\/li>\n<li>email support throughout<\/li>\n<li>suitable for professionals with meditation experience<\/li>\n<\/ul>\n<p>&nbsp;<\/p>","protected":false},"featured_media":18389,"template":"","meta":{"_acf_changed":false},"product_brand":[],"product_cat":[747,559,721],"product_tag":[683,457,685,684,547,546,682],"class_list":{"0":"post-17782","1":"product","2":"type-product","3":"status-publish","4":"has-post-thumbnail","6":"product_cat-connected-kids-shop","7":"product_cat-ck-tutors","8":"product_cat-trauma-informed-mindfulness","9":"product_tag-aces","10":"product_tag-connected-kids","11":"product_tag-meditation-aces","12":"product_tag-mindfulness-aces","13":"product_tag-online-course","14":"product_tag-professional-training","15":"product_tag-trauma","16":"entry","18":"first","19":"instock","20":"virtual","21":"sold-individually","22":"purchasable","23":"product-type-simple"},"acf":[],"yoast_head":"<!-- This site is optimized with the Yoast SEO plugin v27.3 - https:\/\/yoast.com\/product\/yoast-seo-wordpress\/ -->\n<title>Mindful Trauma-sensitive Energy Awareness - modules access - Teaching Children Meditation<\/title>\n<meta name=\"description\" content=\"Mindful Trauma-sensitive Training for child professionals to enhance their skills working with children Mindful Trauma-sensitive Training\" \/>\n<meta name=\"robots\" content=\"index, follow, max-snippet:-1, max-image-preview:large, max-video-preview:-1\" \/>\n<link rel=\"canonical\" href=\"https:\/\/teachchildrenmeditation.com\/es\/producto\/working-with-trauma-modules-only\/\" \/>\n<meta property=\"og:locale\" content=\"es_ES\" \/>\n<meta property=\"og:type\" content=\"article\" \/>\n<meta property=\"og:title\" content=\"Mindful Trauma-sensitive Energy Awareness - modules access - Teaching Children Meditation\" \/>\n<meta property=\"og:description\" content=\"Mindful Trauma-sensitive Training for child professionals to enhance their skills working with children Mindful Trauma-sensitive Training\" \/>\n<meta property=\"og:url\" content=\"https:\/\/teachchildrenmeditation.com\/es\/producto\/working-with-trauma-modules-only\/\" \/>\n<meta property=\"og:site_name\" content=\"Teaching Children Meditation\" \/>\n<meta property=\"article:publisher\" content=\"https:\/\/www.facebook.com\/connectedkids\" \/>\n<meta property=\"article:modified_time\" content=\"2026-01-14T15:07:14+00:00\" \/>\n<meta property=\"og:image\" content=\"https:\/\/teachchildrenmeditation.com\/files\/2025\/05\/course-product-photos-SHOP-7.jpg\" \/>\n\t<meta property=\"og:image:width\" content=\"1080\" \/>\n\t<meta property=\"og:image:height\" content=\"1080\" \/>\n\t<meta property=\"og:image:type\" content=\"image\/jpeg\" \/>\n<meta name=\"twitter:card\" content=\"summary_large_image\" \/>\n<meta name=\"twitter:label1\" content=\"Tiempo de lectura\" \/>\n\t<meta name=\"twitter:data1\" content=\"1 minuto\" \/>\n<script type=\"application\/ld+json\" class=\"yoast-schema-graph\">{\"@context\":\"https:\\\/\\\/schema.org\",\"@graph\":[{\"@type\":\"WebPage\",\"@id\":\"https:\\\/\\\/teachchildrenmeditation.com\\\/product\\\/working-with-trauma-modules-only\\\/\",\"url\":\"https:\\\/\\\/teachchildrenmeditation.com\\\/product\\\/working-with-trauma-modules-only\\\/\",\"name\":\"Mindful Trauma-sensitive Energy Awareness - modules access - Teaching Children Meditation\",\"isPartOf\":{\"@id\":\"https:\\\/\\\/teachchildrenmeditation.com\\\/#website\"},\"primaryImageOfPage\":{\"@id\":\"https:\\\/\\\/teachchildrenmeditation.com\\\/product\\\/working-with-trauma-modules-only\\\/#primaryimage\"},\"image\":{\"@id\":\"https:\\\/\\\/teachchildrenmeditation.com\\\/product\\\/working-with-trauma-modules-only\\\/#primaryimage\"},\"thumbnailUrl\":\"https:\\\/\\\/teachchildrenmeditation.com\\\/files\\\/2025\\\/05\\\/course-product-photos-SHOP-7.jpg\",\"datePublished\":\"2025-05-20T13:20:32+00:00\",\"dateModified\":\"2026-01-14T15:07:14+00:00\",\"description\":\"Mindful Trauma-sensitive Training for child professionals to enhance their skills working with children Mindful Trauma-sensitive Training\",\"breadcrumb\":{\"@id\":\"https:\\\/\\\/teachchildrenmeditation.com\\\/product\\\/working-with-trauma-modules-only\\\/#breadcrumb\"},\"inLanguage\":\"es\",\"potentialAction\":[{\"@type\":\"ReadAction\",\"target\":[\"https:\\\/\\\/teachchildrenmeditation.com\\\/product\\\/working-with-trauma-modules-only\\\/\"]}]},{\"@type\":\"ImageObject\",\"inLanguage\":\"es\",\"@id\":\"https:\\\/\\\/teachchildrenmeditation.com\\\/product\\\/working-with-trauma-modules-only\\\/#primaryimage\",\"url\":\"https:\\\/\\\/teachchildrenmeditation.com\\\/files\\\/2025\\\/05\\\/course-product-photos-SHOP-7.jpg\",\"contentUrl\":\"https:\\\/\\\/teachchildrenmeditation.com\\\/files\\\/2025\\\/05\\\/course-product-photos-SHOP-7.jpg\",\"width\":1080,\"height\":1080},{\"@type\":\"BreadcrumbList\",\"@id\":\"https:\\\/\\\/teachchildrenmeditation.com\\\/product\\\/working-with-trauma-modules-only\\\/#breadcrumb\",\"itemListElement\":[{\"@type\":\"ListItem\",\"position\":1,\"name\":\"Home\",\"item\":\"https:\\\/\\\/teachchildrenmeditation.com\\\/\"},{\"@type\":\"ListItem\",\"position\":2,\"name\":\"Thank you for visiting our online store\",\"item\":\"https:\\\/\\\/teachchildrenmeditation.com\\\/shop\\\/\"},{\"@type\":\"ListItem\",\"position\":3,\"name\":\"Mindful Trauma-sensitive Energy Awareness &#8211; modules access\"}]},{\"@type\":\"WebSite\",\"@id\":\"https:\\\/\\\/teachchildrenmeditation.com\\\/#website\",\"url\":\"https:\\\/\\\/teachchildrenmeditation.com\\\/\",\"name\":\"Teaching Children Meditation\",\"description\":\"accredited and award-winning\",\"publisher\":{\"@id\":\"https:\\\/\\\/teachchildrenmeditation.com\\\/#organization\"},\"potentialAction\":[{\"@type\":\"SearchAction\",\"target\":{\"@type\":\"EntryPoint\",\"urlTemplate\":\"https:\\\/\\\/teachchildrenmeditation.com\\\/?s={search_term_string}\"},\"query-input\":{\"@type\":\"PropertyValueSpecification\",\"valueRequired\":true,\"valueName\":\"search_term_string\"}}],\"inLanguage\":\"es\"},{\"@type\":\"Organization\",\"@id\":\"https:\\\/\\\/teachchildrenmeditation.com\\\/#organization\",\"name\":\"Connected Kids Ltd\",\"url\":\"https:\\\/\\\/teachchildrenmeditation.com\\\/\",\"logo\":{\"@type\":\"ImageObject\",\"inLanguage\":\"es\",\"@id\":\"https:\\\/\\\/teachchildrenmeditation.com\\\/#\\\/schema\\\/logo\\\/image\\\/\",\"url\":\"https:\\\/\\\/teachchildrenmeditation.com\\\/files\\\/2021\\\/04\\\/logo2CK-3.png\",\"contentUrl\":\"https:\\\/\\\/teachchildrenmeditation.com\\\/files\\\/2021\\\/04\\\/logo2CK-3.png\",\"width\":472,\"height\":470,\"caption\":\"Connected Kids Ltd\"},\"image\":{\"@id\":\"https:\\\/\\\/teachchildrenmeditation.com\\\/#\\\/schema\\\/logo\\\/image\\\/\"},\"sameAs\":[\"https:\\\/\\\/www.facebook.com\\\/connectedkids\",\"https:\\\/\\\/www.instagram.com\\\/connectedkids\\\/\"]}]}<\/script>\n<!-- \/ Yoast SEO plugin. -->","yoast_head_json":{"title":"Mindful Trauma-sensitive Energy Awareness - modules access - Teaching Children Meditation","description":"Mindful Trauma-sensitive Training for child professionals to enhance their skills working with children Mindful Trauma-sensitive Training","robots":{"index":"index","follow":"follow","max-snippet":"max-snippet:-1","max-image-preview":"max-image-preview:large","max-video-preview":"max-video-preview:-1"},"canonical":"https:\/\/teachchildrenmeditation.com\/es\/producto\/working-with-trauma-modules-only\/","og_locale":"es_ES","og_type":"article","og_title":"Mindful Trauma-sensitive Energy Awareness - modules access - Teaching Children Meditation","og_description":"Mindful Trauma-sensitive Training for child professionals to enhance their skills working with children Mindful Trauma-sensitive Training","og_url":"https:\/\/teachchildrenmeditation.com\/es\/producto\/working-with-trauma-modules-only\/","og_site_name":"Teaching Children Meditation","article_publisher":"https:\/\/www.facebook.com\/connectedkids","article_modified_time":"2026-01-14T15:07:14+00:00","og_image":[{"width":1080,"height":1080,"url":"https:\/\/teachchildrenmeditation.com\/files\/2025\/05\/course-product-photos-SHOP-7.jpg","type":"image\/jpeg"}],"twitter_card":"summary_large_image","twitter_misc":{"Tiempo de lectura":"1 minuto"},"schema":{"@context":"https:\/\/schema.org","@graph":[{"@type":"WebPage","@id":"https:\/\/teachchildrenmeditation.com\/product\/working-with-trauma-modules-only\/","url":"https:\/\/teachchildrenmeditation.com\/product\/working-with-trauma-modules-only\/","name":"Mindful Trauma-sensitive Energy Awareness - modules access - Teaching Children Meditation","isPartOf":{"@id":"https:\/\/teachchildrenmeditation.com\/#website"},"primaryImageOfPage":{"@id":"https:\/\/teachchildrenmeditation.com\/product\/working-with-trauma-modules-only\/#primaryimage"},"image":{"@id":"https:\/\/teachchildrenmeditation.com\/product\/working-with-trauma-modules-only\/#primaryimage"},"thumbnailUrl":"https:\/\/teachchildrenmeditation.com\/files\/2025\/05\/course-product-photos-SHOP-7.jpg","datePublished":"2025-05-20T13:20:32+00:00","dateModified":"2026-01-14T15:07:14+00:00","description":"Mindful Trauma-sensitive Training for child professionals to enhance their skills working with children Mindful Trauma-sensitive Training","breadcrumb":{"@id":"https:\/\/teachchildrenmeditation.com\/product\/working-with-trauma-modules-only\/#breadcrumb"},"inLanguage":"es","potentialAction":[{"@type":"ReadAction","target":["https:\/\/teachchildrenmeditation.com\/product\/working-with-trauma-modules-only\/"]}]},{"@type":"ImageObject","inLanguage":"es","@id":"https:\/\/teachchildrenmeditation.com\/product\/working-with-trauma-modules-only\/#primaryimage","url":"https:\/\/teachchildrenmeditation.com\/files\/2025\/05\/course-product-photos-SHOP-7.jpg","contentUrl":"https:\/\/teachchildrenmeditation.com\/files\/2025\/05\/course-product-photos-SHOP-7.jpg","width":1080,"height":1080},{"@type":"BreadcrumbList","@id":"https:\/\/teachchildrenmeditation.com\/product\/working-with-trauma-modules-only\/#breadcrumb","itemListElement":[{"@type":"ListItem","position":1,"name":"Home","item":"https:\/\/teachchildrenmeditation.com\/"},{"@type":"ListItem","position":2,"name":"Thank you for visiting our online store","item":"https:\/\/teachchildrenmeditation.com\/shop\/"},{"@type":"ListItem","position":3,"name":"Mindful Trauma-sensitive Energy Awareness &#8211; modules access"}]},{"@type":"WebSite","@id":"https:\/\/teachchildrenmeditation.com\/#website","url":"https:\/\/teachchildrenmeditation.com\/","name":"Ense\u00f1ar a los ni\u00f1os a meditar","description":"acreditado y premiado","publisher":{"@id":"https:\/\/teachchildrenmeditation.com\/#organization"},"potentialAction":[{"@type":"SearchAction","target":{"@type":"EntryPoint","urlTemplate":"https:\/\/teachchildrenmeditation.com\/?s={search_term_string}"},"query-input":{"@type":"PropertyValueSpecification","valueRequired":true,"valueName":"search_term_string"}}],"inLanguage":"es"},{"@type":"Organization","@id":"https:\/\/teachchildrenmeditation.com\/#organization","name":"Connected Kids Ltd","url":"https:\/\/teachchildrenmeditation.com\/","logo":{"@type":"ImageObject","inLanguage":"es","@id":"https:\/\/teachchildrenmeditation.com\/#\/schema\/logo\/image\/","url":"https:\/\/teachchildrenmeditation.com\/files\/2021\/04\/logo2CK-3.png","contentUrl":"https:\/\/teachchildrenmeditation.com\/files\/2021\/04\/logo2CK-3.png","width":472,"height":470,"caption":"Connected Kids Ltd"},"image":{"@id":"https:\/\/teachchildrenmeditation.com\/#\/schema\/logo\/image\/"},"sameAs":["https:\/\/www.facebook.com\/connectedkids","https:\/\/www.instagram.com\/connectedkids\/"]}]}},"_links":{"self":[{"href":"https:\/\/teachchildrenmeditation.com\/es\/wp-json\/wp\/v2\/product\/17782","targetHints":{"allow":["GET"]}}],"collection":[{"href":"https:\/\/teachchildrenmeditation.com\/es\/wp-json\/wp\/v2\/product"}],"about":[{"href":"https:\/\/teachchildrenmeditation.com\/es\/wp-json\/wp\/v2\/types\/product"}],"wp:featuredmedia":[{"embeddable":true,"href":"https:\/\/teachchildrenmeditation.com\/es\/wp-json\/wp\/v2\/media\/18389"}],"wp:attachment":[{"href":"https:\/\/teachchildrenmeditation.com\/es\/wp-json\/wp\/v2\/media?parent=17782"}],"wp:term":[{"taxonomy":"product_brand","embeddable":true,"href":"https:\/\/teachchildrenmeditation.com\/es\/wp-json\/wp\/v2\/product_brand?post=17782"},{"taxonomy":"product_cat","embeddable":true,"href":"https:\/\/teachchildrenmeditation.com\/es\/wp-json\/wp\/v2\/product_cat?post=17782"},{"taxonomy":"product_tag","embeddable":true,"href":"https:\/\/teachchildrenmeditation.com\/es\/wp-json\/wp\/v2\/product_tag?post=17782"}],"curies":[{"name":"wp","href":"https:\/\/api.w.org\/{rel}","templated":true}]}}