{"id":17355,"date":"2025-02-26T10:04:16","date_gmt":"2025-02-26T10:04:16","guid":{"rendered":"https:\/\/teachchildrenmeditation.com\/?post_type=product&#038;p=17355"},"modified":"2026-01-14T15:41:00","modified_gmt":"2026-01-14T15:41:00","slug":"educators-teaching-meditation-101-course","status":"publish","type":"product","link":"https:\/\/teachchildrenmeditation.com\/es\/producto\/educators-teaching-meditation-101-course\/","title":{"rendered":"Mindful Skills for Educators &#8211; non cert"},"content":{"rendered":"<p>This self-study resource offers you 30 days of access for those requiring experience but no certificate for the learning resource &#8216;Mindful Skills for Educators 101&#8217;.<\/p>\n<p>A full outline of the resource is <a href=\"https:\/\/teachchildrenmeditation.com\/es\/meditation-benefits-connected-kids-training\/meditation-and-mindfulness-for-schools\/\" target=\"_blank\" rel=\"noopener\">aqu\u00ed<\/a>. The resource was created by the founder of Connected Kids and developed in consultation with education professionals (working with early learning through high school-age groups).<\/p>\n<p>This resource offers those working in education, an effective way to support young people in the classroom with emotional regulation, behaviour and focus &#8211; using using mindful skills.<\/p>\n<p><em><div class='testimonial' style='border-top-color:#D3DCE8; background-color:#D3DCE8;'>&#8220;The senses tools and breathing exercises will definitely compliment my emotional literacy resources.\u00a0<\/em><\/p>\n<div dir=\"auto\"><em>Highly recommend it and will definitely come back for more from Connected Kids. So nice to find such a personable, caring small company, with an inspirational leader.&#8221;<\/em><\/div>\n<p style=\"text-align: right;\"><!-- squire --><\/p>\n<div dir=\"auto\">\n<div dir=\"auto\" style=\"text-align: right;\">H Syrad, ELSA, Manor Primary<\/div>\n<\/div>\n<p><em><\/div><\/em><\/p>\n<p><strong>Listen to the feedback here:<\/strong><\/p>\n<p><iframe loading=\"lazy\" src=\"https:\/\/w.soundcloud.com\/player\/?url=https%3A\/\/api.soundcloud.com\/tracks\/2163013665&amp;color=%23ff5500&amp;auto_play=false&amp;hide_related=false&amp;show_comments=true&amp;show_user=true&amp;show_reposts=false&amp;show_teaser=true&amp;visual=true\" width=\"100%\" height=\"300\" frameborder=\"no\" scrolling=\"no\"><\/iframe><\/p>\n<div style=\"font-size: 10px; color: #cccccc; line-break: anywhere; word-break: normal; overflow: hidden; white-space: nowrap; text-overflow: ellipsis; font-family: Interstate,Lucida Grande,Lucida Sans Unicode,Lucida Sans,Garuda,Verdana,Tahoma,sans-serif; font-weight: 100;\"><a style=\"color: #cccccc; text-decoration: none;\" title=\"Ni\u00f1os conectados\" href=\"https:\/\/soundcloud.com\/user-754731081\" target=\"_blank\" rel=\"noopener\">Ni\u00f1os conectados<\/a> \u00b7 <a style=\"color: #cccccc; text-decoration: none;\" title=\"EDUCATORS - module for mindfulness in schools - feedback from attendee\" href=\"https:\/\/soundcloud.com\/user-754731081\/webinar-feedback-from-attendee\" target=\"_blank\" rel=\"noopener\">EDUCATORS &#8211; module for mindfulness in schools &#8211; feedback from attendee<\/a><\/div>\n<div class='widescreen divider plain'><\/div>\n<h4>Next Steps<\/h4>\n<p>After purchase you will have 30 days access to the learning resource.<\/p>\n<a target='_blank' class='outward_link deeppink' href='https:\/\/teachchildrenmeditation.com\/es\/meditation-benefits-connected-kids-training\/meditation-and-mindfulness-for-schools\/'>Informaci\u00f3n completa<\/a>\n<h3>Our values<\/h3>\n<ul>\n<li>Capacitar a los adultos con las habilidades y el conocimiento para ense\u00f1ar meditaci\u00f3n a los j\u00f3venes.<\/li>\n<li>Removing pre-conceived ideas that children can\u2019t learn meditation.<\/li>\n<li>Adpating methods for young people with SEN, Autism, Trauma-experienced or ADHD to ensure they benefits from mindful skills.<\/li>\n<li>Priorizar un enfoque compasivo y centrado en el ni\u00f1o en todos nuestros esfuerzos.<\/li>\n<li>Un compromiso para ayudar a combinar los beneficios cient\u00edficos investigados de la meditaci\u00f3n con pr\u00e1cticas de ense\u00f1anza creativas y conscientes de la energ\u00eda.<\/li>\n<\/ul>\n<div class='widescreen divider greenone'><\/div>\n<p>&nbsp;<\/p>","protected":false},"excerpt":{"rendered":"<ul>\n<li>mindful skills for educators -101<\/li>\n<li>self study &#8211; 2 hours<\/li>\n<li>created by mindfulness experts and educators<\/li>\n<li>30 days access<\/li>\n<\/ul>\n<p>&nbsp;<\/p>\n<p style=\"text-align: right;\"><!-- squire --><\/p>\n<div dir=\"auto\">\n<div dir=\"auto\" style=\"text-align: right;\"><\/div>\n<\/div>\n<p>&nbsp;<\/p>\n<p>&nbsp;<\/p>\n<p>&nbsp;<\/p>","protected":false},"featured_media":18412,"template":"","meta":{"_acf_changed":false},"product_brand":[],"product_cat":[747,729],"product_tag":[819,815,816,817,818],"class_list":{"0":"post-17355","1":"product","2":"type-product","3":"status-publish","4":"has-post-thumbnail","6":"product_cat-connected-kids-shop","7":"product_cat-educators","8":"product_tag-meditation-in-the-classroom","9":"product_tag-mindful-schools","10":"product_tag-mindfulness-in-schools","11":"product_tag-teach-meditation-education","12":"product_tag-teach-meditation-educators","13":"product_shipping_class-no-shipping-required","14":"entry","16":"first","17":"instock","18":"virtual","19":"sold-individually","20":"purchasable","21":"product-type-simple"},"acf":[],"yoast_head":"<!-- This site is optimized with the Yoast SEO plugin v27.3 - https:\/\/yoast.com\/product\/yoast-seo-wordpress\/ -->\n<title>Mindful Skills for Educators - non cert - Teaching Children Meditation<\/title>\n<meta name=\"description\" content=\"Educators - Teaching Meditation 101 Resource - a full Self-study resource with certificate and non-certificate options to support young people of all ages\" \/>\n<meta name=\"robots\" content=\"index, follow, max-snippet:-1, max-image-preview:large, max-video-preview:-1\" \/>\n<link rel=\"canonical\" href=\"https:\/\/teachchildrenmeditation.com\/es\/producto\/educators-teaching-meditation-101-course\/\" \/>\n<meta property=\"og:locale\" content=\"es_ES\" \/>\n<meta property=\"og:type\" content=\"article\" \/>\n<meta property=\"og:title\" content=\"Mindful Skills for Educators - non cert - Teaching Children Meditation\" \/>\n<meta property=\"og:description\" content=\"Educators - Teaching Meditation 101 Resource - a full Self-study resource with certificate and non-certificate options to support young people of all ages\" \/>\n<meta property=\"og:url\" content=\"https:\/\/teachchildrenmeditation.com\/es\/producto\/educators-teaching-meditation-101-course\/\" \/>\n<meta property=\"og:site_name\" content=\"Teaching Children Meditation\" \/>\n<meta property=\"article:publisher\" content=\"https:\/\/www.facebook.com\/connectedkids\" \/>\n<meta property=\"article:modified_time\" content=\"2026-01-14T15:41:00+00:00\" \/>\n<meta property=\"og:image\" content=\"https:\/\/teachchildrenmeditation.com\/files\/2025\/02\/course-product-photos-SHOP-18.jpg\" \/>\n\t<meta property=\"og:image:width\" content=\"1080\" \/>\n\t<meta property=\"og:image:height\" content=\"1080\" \/>\n\t<meta property=\"og:image:type\" content=\"image\/jpeg\" \/>\n<meta name=\"twitter:card\" content=\"summary_large_image\" \/>\n<meta name=\"twitter:label1\" content=\"Tiempo de lectura\" \/>\n\t<meta name=\"twitter:data1\" content=\"1 minuto\" \/>\n<script type=\"application\/ld+json\" class=\"yoast-schema-graph\">{\"@context\":\"https:\\\/\\\/schema.org\",\"@graph\":[{\"@type\":\"WebPage\",\"@id\":\"https:\\\/\\\/teachchildrenmeditation.com\\\/product\\\/educators-teaching-meditation-101-course\\\/\",\"url\":\"https:\\\/\\\/teachchildrenmeditation.com\\\/product\\\/educators-teaching-meditation-101-course\\\/\",\"name\":\"Mindful Skills for Educators - non cert - Teaching Children Meditation\",\"isPartOf\":{\"@id\":\"https:\\\/\\\/teachchildrenmeditation.com\\\/#website\"},\"primaryImageOfPage\":{\"@id\":\"https:\\\/\\\/teachchildrenmeditation.com\\\/product\\\/educators-teaching-meditation-101-course\\\/#primaryimage\"},\"image\":{\"@id\":\"https:\\\/\\\/teachchildrenmeditation.com\\\/product\\\/educators-teaching-meditation-101-course\\\/#primaryimage\"},\"thumbnailUrl\":\"https:\\\/\\\/teachchildrenmeditation.com\\\/files\\\/2025\\\/02\\\/course-product-photos-SHOP-18.jpg\",\"datePublished\":\"2025-02-26T10:04:16+00:00\",\"dateModified\":\"2026-01-14T15:41:00+00:00\",\"description\":\"Educators - Teaching Meditation 101 Resource - a full Self-study resource with certificate and non-certificate options to support young people of all ages\",\"breadcrumb\":{\"@id\":\"https:\\\/\\\/teachchildrenmeditation.com\\\/product\\\/educators-teaching-meditation-101-course\\\/#breadcrumb\"},\"inLanguage\":\"es\",\"potentialAction\":[{\"@type\":\"ReadAction\",\"target\":[\"https:\\\/\\\/teachchildrenmeditation.com\\\/product\\\/educators-teaching-meditation-101-course\\\/\"]}]},{\"@type\":\"ImageObject\",\"inLanguage\":\"es\",\"@id\":\"https:\\\/\\\/teachchildrenmeditation.com\\\/product\\\/educators-teaching-meditation-101-course\\\/#primaryimage\",\"url\":\"https:\\\/\\\/teachchildrenmeditation.com\\\/files\\\/2025\\\/02\\\/course-product-photos-SHOP-18.jpg\",\"contentUrl\":\"https:\\\/\\\/teachchildrenmeditation.com\\\/files\\\/2025\\\/02\\\/course-product-photos-SHOP-18.jpg\",\"width\":1080,\"height\":1080,\"caption\":\"mindfulness in schools module for educators\"},{\"@type\":\"BreadcrumbList\",\"@id\":\"https:\\\/\\\/teachchildrenmeditation.com\\\/product\\\/educators-teaching-meditation-101-course\\\/#breadcrumb\",\"itemListElement\":[{\"@type\":\"ListItem\",\"position\":1,\"name\":\"Home\",\"item\":\"https:\\\/\\\/teachchildrenmeditation.com\\\/\"},{\"@type\":\"ListItem\",\"position\":2,\"name\":\"Thank you for visiting our online store\",\"item\":\"https:\\\/\\\/teachchildrenmeditation.com\\\/shop\\\/\"},{\"@type\":\"ListItem\",\"position\":3,\"name\":\"Mindful Skills for Educators &#8211; non cert\"}]},{\"@type\":\"WebSite\",\"@id\":\"https:\\\/\\\/teachchildrenmeditation.com\\\/#website\",\"url\":\"https:\\\/\\\/teachchildrenmeditation.com\\\/\",\"name\":\"Teaching Children Meditation\",\"description\":\"accredited and award-winning\",\"publisher\":{\"@id\":\"https:\\\/\\\/teachchildrenmeditation.com\\\/#organization\"},\"potentialAction\":[{\"@type\":\"SearchAction\",\"target\":{\"@type\":\"EntryPoint\",\"urlTemplate\":\"https:\\\/\\\/teachchildrenmeditation.com\\\/?s={search_term_string}\"},\"query-input\":{\"@type\":\"PropertyValueSpecification\",\"valueRequired\":true,\"valueName\":\"search_term_string\"}}],\"inLanguage\":\"es\"},{\"@type\":\"Organization\",\"@id\":\"https:\\\/\\\/teachchildrenmeditation.com\\\/#organization\",\"name\":\"Connected Kids Ltd\",\"url\":\"https:\\\/\\\/teachchildrenmeditation.com\\\/\",\"logo\":{\"@type\":\"ImageObject\",\"inLanguage\":\"es\",\"@id\":\"https:\\\/\\\/teachchildrenmeditation.com\\\/#\\\/schema\\\/logo\\\/image\\\/\",\"url\":\"https:\\\/\\\/teachchildrenmeditation.com\\\/files\\\/2021\\\/04\\\/logo2CK-3.png\",\"contentUrl\":\"https:\\\/\\\/teachchildrenmeditation.com\\\/files\\\/2021\\\/04\\\/logo2CK-3.png\",\"width\":472,\"height\":470,\"caption\":\"Connected Kids Ltd\"},\"image\":{\"@id\":\"https:\\\/\\\/teachchildrenmeditation.com\\\/#\\\/schema\\\/logo\\\/image\\\/\"},\"sameAs\":[\"https:\\\/\\\/www.facebook.com\\\/connectedkids\",\"https:\\\/\\\/www.instagram.com\\\/connectedkids\\\/\"]}]}<\/script>\n<!-- \/ Yoast SEO plugin. -->","yoast_head_json":{"title":"Mindful Skills for Educators - non cert - Teaching Children Meditation","description":"Educators - Teaching Meditation 101 Resource - a full Self-study resource with certificate and non-certificate options to support young people of all ages","robots":{"index":"index","follow":"follow","max-snippet":"max-snippet:-1","max-image-preview":"max-image-preview:large","max-video-preview":"max-video-preview:-1"},"canonical":"https:\/\/teachchildrenmeditation.com\/es\/producto\/educators-teaching-meditation-101-course\/","og_locale":"es_ES","og_type":"article","og_title":"Mindful Skills for Educators - non cert - Teaching Children Meditation","og_description":"Educators - Teaching Meditation 101 Resource - a full Self-study resource with certificate and non-certificate options to support young people of all ages","og_url":"https:\/\/teachchildrenmeditation.com\/es\/producto\/educators-teaching-meditation-101-course\/","og_site_name":"Teaching Children Meditation","article_publisher":"https:\/\/www.facebook.com\/connectedkids","article_modified_time":"2026-01-14T15:41:00+00:00","og_image":[{"width":1080,"height":1080,"url":"https:\/\/teachchildrenmeditation.com\/files\/2025\/02\/course-product-photos-SHOP-18.jpg","type":"image\/jpeg"}],"twitter_card":"summary_large_image","twitter_misc":{"Tiempo de lectura":"1 minuto"},"schema":{"@context":"https:\/\/schema.org","@graph":[{"@type":"WebPage","@id":"https:\/\/teachchildrenmeditation.com\/product\/educators-teaching-meditation-101-course\/","url":"https:\/\/teachchildrenmeditation.com\/product\/educators-teaching-meditation-101-course\/","name":"Mindful Skills for Educators - non cert - Teaching Children Meditation","isPartOf":{"@id":"https:\/\/teachchildrenmeditation.com\/#website"},"primaryImageOfPage":{"@id":"https:\/\/teachchildrenmeditation.com\/product\/educators-teaching-meditation-101-course\/#primaryimage"},"image":{"@id":"https:\/\/teachchildrenmeditation.com\/product\/educators-teaching-meditation-101-course\/#primaryimage"},"thumbnailUrl":"https:\/\/teachchildrenmeditation.com\/files\/2025\/02\/course-product-photos-SHOP-18.jpg","datePublished":"2025-02-26T10:04:16+00:00","dateModified":"2026-01-14T15:41:00+00:00","description":"Educators - Teaching Meditation 101 Resource - a full Self-study resource with certificate and non-certificate options to support young people of all ages","breadcrumb":{"@id":"https:\/\/teachchildrenmeditation.com\/product\/educators-teaching-meditation-101-course\/#breadcrumb"},"inLanguage":"es","potentialAction":[{"@type":"ReadAction","target":["https:\/\/teachchildrenmeditation.com\/product\/educators-teaching-meditation-101-course\/"]}]},{"@type":"ImageObject","inLanguage":"es","@id":"https:\/\/teachchildrenmeditation.com\/product\/educators-teaching-meditation-101-course\/#primaryimage","url":"https:\/\/teachchildrenmeditation.com\/files\/2025\/02\/course-product-photos-SHOP-18.jpg","contentUrl":"https:\/\/teachchildrenmeditation.com\/files\/2025\/02\/course-product-photos-SHOP-18.jpg","width":1080,"height":1080,"caption":"mindfulness in schools module for educators"},{"@type":"BreadcrumbList","@id":"https:\/\/teachchildrenmeditation.com\/product\/educators-teaching-meditation-101-course\/#breadcrumb","itemListElement":[{"@type":"ListItem","position":1,"name":"Home","item":"https:\/\/teachchildrenmeditation.com\/"},{"@type":"ListItem","position":2,"name":"Thank you for visiting our online store","item":"https:\/\/teachchildrenmeditation.com\/shop\/"},{"@type":"ListItem","position":3,"name":"Mindful Skills for Educators &#8211; non cert"}]},{"@type":"WebSite","@id":"https:\/\/teachchildrenmeditation.com\/#website","url":"https:\/\/teachchildrenmeditation.com\/","name":"Ense\u00f1ar a los ni\u00f1os a meditar","description":"acreditado y premiado","publisher":{"@id":"https:\/\/teachchildrenmeditation.com\/#organization"},"potentialAction":[{"@type":"SearchAction","target":{"@type":"EntryPoint","urlTemplate":"https:\/\/teachchildrenmeditation.com\/?s={search_term_string}"},"query-input":{"@type":"PropertyValueSpecification","valueRequired":true,"valueName":"search_term_string"}}],"inLanguage":"es"},{"@type":"Organization","@id":"https:\/\/teachchildrenmeditation.com\/#organization","name":"Connected Kids Ltd","url":"https:\/\/teachchildrenmeditation.com\/","logo":{"@type":"ImageObject","inLanguage":"es","@id":"https:\/\/teachchildrenmeditation.com\/#\/schema\/logo\/image\/","url":"https:\/\/teachchildrenmeditation.com\/files\/2021\/04\/logo2CK-3.png","contentUrl":"https:\/\/teachchildrenmeditation.com\/files\/2021\/04\/logo2CK-3.png","width":472,"height":470,"caption":"Connected Kids Ltd"},"image":{"@id":"https:\/\/teachchildrenmeditation.com\/#\/schema\/logo\/image\/"},"sameAs":["https:\/\/www.facebook.com\/connectedkids","https:\/\/www.instagram.com\/connectedkids\/"]}]}},"_links":{"self":[{"href":"https:\/\/teachchildrenmeditation.com\/es\/wp-json\/wp\/v2\/product\/17355","targetHints":{"allow":["GET"]}}],"collection":[{"href":"https:\/\/teachchildrenmeditation.com\/es\/wp-json\/wp\/v2\/product"}],"about":[{"href":"https:\/\/teachchildrenmeditation.com\/es\/wp-json\/wp\/v2\/types\/product"}],"wp:featuredmedia":[{"embeddable":true,"href":"https:\/\/teachchildrenmeditation.com\/es\/wp-json\/wp\/v2\/media\/18412"}],"wp:attachment":[{"href":"https:\/\/teachchildrenmeditation.com\/es\/wp-json\/wp\/v2\/media?parent=17355"}],"wp:term":[{"taxonomy":"product_brand","embeddable":true,"href":"https:\/\/teachchildrenmeditation.com\/es\/wp-json\/wp\/v2\/product_brand?post=17355"},{"taxonomy":"product_cat","embeddable":true,"href":"https:\/\/teachchildrenmeditation.com\/es\/wp-json\/wp\/v2\/product_cat?post=17355"},{"taxonomy":"product_tag","embeddable":true,"href":"https:\/\/teachchildrenmeditation.com\/es\/wp-json\/wp\/v2\/product_tag?post=17355"}],"curies":[{"name":"wp","href":"https:\/\/api.w.org\/{rel}","templated":true}]}}