{"id":16911,"date":"2024-12-02T14:11:59","date_gmt":"2024-12-02T14:11:59","guid":{"rendered":"https:\/\/teachchildrenmeditation.com\/?post_type=product&#038;p=16911"},"modified":"2026-03-04T12:56:50","modified_gmt":"2026-03-04T12:56:50","slug":"meditation-for-kids-childrens-fiction","status":"publish","type":"product","link":"https:\/\/teachchildrenmeditation.com\/es\/producto\/meditation-for-kids-childrens-fiction\/","title":{"rendered":"Meditation for Kids &#8211; children&#8217;s fiction"},"content":{"rendered":"<h2>Meditation for kids &#8211; fiction<\/h2>\n<p><img loading=\"lazy\" decoding=\"async\" class=\"alignright size-medium wp-image-19901\" src=\"https:\/\/teachchildrenmeditation.com\/files\/2026\/02\/robbie-and-jess-188x300.jpg\" alt=\"robbie and jess - meditation book for kids\" width=\"188\" height=\"300\" srcset=\"https:\/\/teachchildrenmeditation.com\/files\/2026\/02\/robbie-and-jess-188x300.jpg 188w, https:\/\/teachchildrenmeditation.com\/files\/2026\/02\/robbie-and-jess-642x1024.jpg 642w, https:\/\/teachchildrenmeditation.com\/files\/2026\/02\/robbie-and-jess-768x1226.jpg 768w, https:\/\/teachchildrenmeditation.com\/files\/2026\/02\/robbie-and-jess-963x1536.jpg 963w, https:\/\/teachchildrenmeditation.com\/files\/2026\/02\/robbie-and-jess-1283x2048.jpg 1283w, https:\/\/teachchildrenmeditation.com\/files\/2026\/02\/robbie-and-jess-8x12.jpg 8w, https:\/\/teachchildrenmeditation.com\/files\/2026\/02\/robbie-and-jess-300x479.jpg 300w, https:\/\/teachchildrenmeditation.com\/files\/2026\/02\/robbie-and-jess-600x957.jpg 600w, https:\/\/teachchildrenmeditation.com\/files\/2026\/02\/robbie-and-jess.jpg 1410w\" sizes=\"auto, (max-width: 188px) 100vw, 188px\" \/>Meditation for Kids &#8211; Children&#8217;s fiction &#8211; If your children need support to manage their emotions and feel confident, this book, suitable for ages 7 to 12, can help.<\/p>\n<p>It tells the story of an anxious boy who meets a dog with mysterious abilities &#8211; teaching him mindful &#8216;superpowers&#8217; to help him transform his life.\u00a0 It is particularly designed to support children struggling with grief.<\/p>\n<p>The book is by the author, Lorraine E Murray, founder of the Connected Kids program and who worked with trauma-experienced children for 10 years.<\/p>\n<p><span class=\"a-text-italic\"><b><em><div class='testimonial' style='border-top-color:#D3DCE8; background-color:#D3DCE8;'><\/em>&quot;<\/b><em>Oh my goodness. This is the best book I&#8217;ve read in ages. I actually cried at the end because of what Jess had done for Robbie. How can a book be this good?&#8221;<\/em> <b><em><strong><\/div> <\/strong><\/em><\/b>Ava <\/span>(age 11)<\/p>\n<p><span class=\"a-text-italic\"><b><em><div class='testimonial' style='border-top-color:#D3DCE8; background-color:#D3DCE8;'><\/em>&quot;<\/b><em>I love it. A wonderful book, a true treasure.&#8221;<\/em><b><em><strong><\/div><\/strong><\/em><\/b><\/span><\/p>\n<p><span class=\"a-text-italic\"><b><em><div class='testimonial' style='border-top-color:#D3DCE8; background-color:#D3DCE8;'><\/em>&quot;<\/b><em>I have just finished reading &#8216;Robbie and Jess&#8217;. This book is absolutely beautiful.&#8221; <b><strong><\/div> <\/strong><\/b><\/em><\/span><\/p>\n<p><b><em><div class='testimonial' style='border-top-color:#D3DCE8; background-color:#D3DCE8;'><\/em>&quot;<\/b><em>I enjoyed the story. Jess was the best character by far, but I do love dogs. I felt sorry for the boy, but things got better for him with his new family.\u201d<\/em> <b><em><strong><\/div> <\/strong><\/em><\/b>Mick, aged 10<\/p>\n<p><span class=\"a-text-italic\"><b><em><div class='testimonial' style='border-top-color:#D3DCE8; background-color:#D3DCE8;'><\/em>&quot;<\/b><em>I did like the story and how Jess helped the boy.&#8221;<\/em> <b><em><strong><\/div><\/strong><\/em><\/b><\/span>Sarah, aged 12<\/p>\n<p><span class=\"a-text-italic\"><b><em><div class='testimonial' style='border-top-color:#D3DCE8; background-color:#D3DCE8;'><\/em>&quot;<\/b><em>A sweet story, excellent for children having problems, say, at school. There\u2019s a lot to discuss in the text, so it\u2019s perfect as a tool in a classroom.\u201d<\/em><\/span> <b><em><strong><\/div><\/strong><\/em><\/b>Primary school teacher<\/p>\n<p><span class=\"a-text-italic\"><b><em><div class='testimonial' style='border-top-color:#D3DCE8; background-color:#D3DCE8;'><\/em>&quot;<\/b><em>I think the book would be good for kids who find it difficult to control anger.<\/em>&quot;<\/span> <b><em><strong><\/div><\/strong><\/em><\/b>Anon, aged 12<\/p>\n<p><span class=\"a-text-italic\"><b><em><div class='testimonial' style='border-top-color:#D3DCE8; background-color:#D3DCE8;'><\/em>&quot;<\/b><em>I suspect this would be an excellent tool\/resource for a school.<\/em>&#8221; <b><em><strong><\/div> <\/strong><\/em><\/b><\/span>Retired publisher<\/p>\n<p><span class=\"a-text-italic\"><b><em><div class='testimonial' style='border-top-color:#D3DCE8; background-color:#D3DCE8;'><\/em>&quot;<\/b><em>A sweetly written story of a dog who helps a boy to turn his life around.<\/em><\/span><b><em><strong><\/div><\/strong><\/em><\/b>The Wishing Shelf Book Awards<\/p>\n<div class='widescreen divider plain'><\/div>\n<p><b><a target='_blank' class='outward_link deeppink' href='https:\/\/teachchildrenmeditation.com\/es\/home-resources\/books-to-teach-meditation\/'>Para m\u00e1s informaci\u00f3n del libro:<\/a>\u00a0\u00a0<\/b><\/p>\n<p>&nbsp;<\/p>\n<h3>About the author<\/h3>\n<p>Lorraine became a published author of 3 books about teaching children meditation.\u00a0 Her first book has been translated into 5 languages.\u00a0 Robbie and Jess is her first children&#8217;s fiction.<\/p>\n<h3>Connected Kids Values<\/h3>\n<ul>\n<li>Capacitar a los adultos con las habilidades y el conocimiento para ense\u00f1ar meditaci\u00f3n a los j\u00f3venes.<\/li>\n<li>Removing pre-conceived ideas that children can\u2019t learn meditation.<\/li>\n<li>Adaptar m\u00e9todos para j\u00f3venes con necesidades educativas especiales, autismo o TDAH para garantizar que se beneficien de las habilidades de atenci\u00f3n plena.<\/li>\n<li>Priorizar un enfoque compasivo y centrado en el ni\u00f1o en todos nuestros esfuerzos.<\/li>\n<li>Un compromiso para ayudar a combinar los beneficios cient\u00edficos investigados de la meditaci\u00f3n con pr\u00e1cticas de ense\u00f1anza creativas y conscientes de la energ\u00eda.<\/li>\n<\/ul>\n<h4>To buy &#8216;The Curious Adventures of Robbie and Jess&#8217;<\/h4>\n<p>Please purchase this book <a href=\"https:\/\/www.amazon.co.uk\/Curious-Adventures-Robbie-Jess-superpowers-ebook\/dp\/B0FL4KNLJC?&amp;linkCode=sl1&amp;tag=feelgoodthera-21&amp;linkId=aae497531d13de8087e497713f0b2614&amp;language=en_GB&amp;ref_=as_li_ss_tl\" target=\"_blank\" rel=\"noopener\">direct from Amazon here.<\/a><\/p>","protected":false},"excerpt":{"rendered":"<p><strong>Fiction for children &#8211; age 7 to 12<\/strong><\/p>\n<ul>\n<li>buy <a href=\"https:\/\/www.amazon.co.uk\/Curious-Adventures-Robbie-Jess-superpowers-ebook\/dp\/B0FL4KNLJC?&amp;linkCode=sl1&amp;tag=feelgoodthera-21&amp;linkId=aae497531d13de8087e497713f0b2614&amp;language=en_GB&amp;ref_=as_li_ss_tl\" target=\"_blank\" rel=\"noopener\">direct from Amazon here.<\/a><\/li>\n<\/ul>\n<div class=\"testimonial\"><b>&quot;<\/b><em>Oh my goodness. This is the best book I\u2019ve read in ages. I actually cried at the end because of what Jess had done for Robbie. How can a book be this good?\u201d\u00a0<\/em><b><\/b><b><\/b>Ava (11 a\u00f1os)<\/div>","protected":false},"featured_media":19901,"template":"","meta":{"_acf_changed":false},"product_brand":[],"product_cat":[747,799],"product_tag":[750,751,720,719,718,691,714,717],"class_list":{"0":"post-16911","1":"product","2":"type-product","3":"status-publish","4":"has-post-thumbnail","6":"product_cat-connected-kids-shop","7":"product_cat-teaching-meditation-resources","8":"product_tag-childrens-fiction","9":"product_tag-childrens-mindful-fiction","10":"product_tag-fiction-book-for-kids-meditation","11":"product_tag-jess-mindful-story","12":"product_tag-jess-the-dog","13":"product_tag-meditation-for-kids","14":"product_tag-meditation-for-kids-book","15":"product_tag-robbie-and-jess-book","16":"product_shipping_class-worldwide-shipping","17":"entry","19":"first","20":"outofstock","21":"taxable","22":"shipping-taxable","23":"purchasable","24":"product-type-simple"},"acf":[],"yoast_head":"<!-- This site is optimized with the Yoast SEO plugin v27.3 - https:\/\/yoast.com\/product\/yoast-seo-wordpress\/ -->\n<title>Meditation for Kids - children&#039;s fiction - Teaching Children Meditation<\/title>\n<meta name=\"description\" content=\"Meditation for Kids - childrens fiction - a story about an anxious boy who meets a mysterious dog that teaches him mindful &#039;superpowers&#039;\" \/>\n<meta name=\"robots\" content=\"index, follow, max-snippet:-1, max-image-preview:large, max-video-preview:-1\" \/>\n<link rel=\"canonical\" href=\"https:\/\/teachchildrenmeditation.com\/es\/producto\/meditation-for-kids-childrens-fiction\/\" \/>\n<meta property=\"og:locale\" content=\"es_ES\" \/>\n<meta property=\"og:type\" content=\"article\" \/>\n<meta property=\"og:title\" content=\"Meditation for Kids - children&#039;s fiction - Teaching Children Meditation\" \/>\n<meta property=\"og:description\" content=\"Meditation for Kids - childrens fiction - a story about an anxious boy who meets a mysterious dog that teaches him mindful &#039;superpowers&#039;\" \/>\n<meta property=\"og:url\" content=\"https:\/\/teachchildrenmeditation.com\/es\/producto\/meditation-for-kids-childrens-fiction\/\" \/>\n<meta property=\"og:site_name\" content=\"Teaching Children Meditation\" \/>\n<meta property=\"article:publisher\" content=\"https:\/\/www.facebook.com\/connectedkids\" \/>\n<meta property=\"article:modified_time\" content=\"2026-03-04T12:56:50+00:00\" \/>\n<meta property=\"og:image\" content=\"https:\/\/teachchildrenmeditation.com\/files\/2026\/02\/robbie-and-jess.jpg\" \/>\n\t<meta property=\"og:image:width\" content=\"1410\" \/>\n\t<meta property=\"og:image:height\" content=\"2250\" \/>\n\t<meta property=\"og:image:type\" content=\"image\/jpeg\" \/>\n<meta name=\"twitter:card\" content=\"summary_large_image\" \/>\n<meta name=\"twitter:label1\" content=\"Tiempo de lectura\" \/>\n\t<meta name=\"twitter:data1\" content=\"3 minutos\" \/>\n<script type=\"application\/ld+json\" class=\"yoast-schema-graph\">{\"@context\":\"https:\\\/\\\/schema.org\",\"@graph\":[{\"@type\":\"WebPage\",\"@id\":\"https:\\\/\\\/teachchildrenmeditation.com\\\/product\\\/meditation-for-kids-childrens-fiction\\\/\",\"url\":\"https:\\\/\\\/teachchildrenmeditation.com\\\/product\\\/meditation-for-kids-childrens-fiction\\\/\",\"name\":\"Meditation for Kids - children's fiction - Teaching Children Meditation\",\"isPartOf\":{\"@id\":\"https:\\\/\\\/teachchildrenmeditation.com\\\/#website\"},\"primaryImageOfPage\":{\"@id\":\"https:\\\/\\\/teachchildrenmeditation.com\\\/product\\\/meditation-for-kids-childrens-fiction\\\/#primaryimage\"},\"image\":{\"@id\":\"https:\\\/\\\/teachchildrenmeditation.com\\\/product\\\/meditation-for-kids-childrens-fiction\\\/#primaryimage\"},\"thumbnailUrl\":\"https:\\\/\\\/teachchildrenmeditation.com\\\/files\\\/2026\\\/02\\\/robbie-and-jess.jpg\",\"datePublished\":\"2024-12-02T14:11:59+00:00\",\"dateModified\":\"2026-03-04T12:56:50+00:00\",\"description\":\"Meditation for Kids - childrens fiction - a story about an anxious boy who meets a mysterious dog that teaches him mindful 'superpowers'\",\"breadcrumb\":{\"@id\":\"https:\\\/\\\/teachchildrenmeditation.com\\\/product\\\/meditation-for-kids-childrens-fiction\\\/#breadcrumb\"},\"inLanguage\":\"es\",\"potentialAction\":[{\"@type\":\"ReadAction\",\"target\":[\"https:\\\/\\\/teachchildrenmeditation.com\\\/product\\\/meditation-for-kids-childrens-fiction\\\/\"]}]},{\"@type\":\"ImageObject\",\"inLanguage\":\"es\",\"@id\":\"https:\\\/\\\/teachchildrenmeditation.com\\\/product\\\/meditation-for-kids-childrens-fiction\\\/#primaryimage\",\"url\":\"https:\\\/\\\/teachchildrenmeditation.com\\\/files\\\/2026\\\/02\\\/robbie-and-jess.jpg\",\"contentUrl\":\"https:\\\/\\\/teachchildrenmeditation.com\\\/files\\\/2026\\\/02\\\/robbie-and-jess.jpg\",\"width\":1410,\"height\":2250,\"caption\":\"robbie and jess - meditation book for kids\"},{\"@type\":\"BreadcrumbList\",\"@id\":\"https:\\\/\\\/teachchildrenmeditation.com\\\/product\\\/meditation-for-kids-childrens-fiction\\\/#breadcrumb\",\"itemListElement\":[{\"@type\":\"ListItem\",\"position\":1,\"name\":\"Home\",\"item\":\"https:\\\/\\\/teachchildrenmeditation.com\\\/\"},{\"@type\":\"ListItem\",\"position\":2,\"name\":\"Thank you for visiting our online store\",\"item\":\"https:\\\/\\\/teachchildrenmeditation.com\\\/shop\\\/\"},{\"@type\":\"ListItem\",\"position\":3,\"name\":\"Meditation for Kids &#8211; children&#8217;s fiction\"}]},{\"@type\":\"WebSite\",\"@id\":\"https:\\\/\\\/teachchildrenmeditation.com\\\/#website\",\"url\":\"https:\\\/\\\/teachchildrenmeditation.com\\\/\",\"name\":\"Teaching Children Meditation\",\"description\":\"accredited and award-winning\",\"publisher\":{\"@id\":\"https:\\\/\\\/teachchildrenmeditation.com\\\/#organization\"},\"potentialAction\":[{\"@type\":\"SearchAction\",\"target\":{\"@type\":\"EntryPoint\",\"urlTemplate\":\"https:\\\/\\\/teachchildrenmeditation.com\\\/?s={search_term_string}\"},\"query-input\":{\"@type\":\"PropertyValueSpecification\",\"valueRequired\":true,\"valueName\":\"search_term_string\"}}],\"inLanguage\":\"es\"},{\"@type\":\"Organization\",\"@id\":\"https:\\\/\\\/teachchildrenmeditation.com\\\/#organization\",\"name\":\"Connected Kids Ltd\",\"url\":\"https:\\\/\\\/teachchildrenmeditation.com\\\/\",\"logo\":{\"@type\":\"ImageObject\",\"inLanguage\":\"es\",\"@id\":\"https:\\\/\\\/teachchildrenmeditation.com\\\/#\\\/schema\\\/logo\\\/image\\\/\",\"url\":\"https:\\\/\\\/teachchildrenmeditation.com\\\/files\\\/2021\\\/04\\\/logo2CK-3.png\",\"contentUrl\":\"https:\\\/\\\/teachchildrenmeditation.com\\\/files\\\/2021\\\/04\\\/logo2CK-3.png\",\"width\":472,\"height\":470,\"caption\":\"Connected Kids Ltd\"},\"image\":{\"@id\":\"https:\\\/\\\/teachchildrenmeditation.com\\\/#\\\/schema\\\/logo\\\/image\\\/\"},\"sameAs\":[\"https:\\\/\\\/www.facebook.com\\\/connectedkids\",\"https:\\\/\\\/www.instagram.com\\\/connectedkids\\\/\"]}]}<\/script>\n<!-- \/ Yoast SEO plugin. -->","yoast_head_json":{"title":"Meditation for Kids - children's fiction - Teaching Children Meditation","description":"Meditation for Kids - childrens fiction - a story about an anxious boy who meets a mysterious dog that teaches him mindful 'superpowers'","robots":{"index":"index","follow":"follow","max-snippet":"max-snippet:-1","max-image-preview":"max-image-preview:large","max-video-preview":"max-video-preview:-1"},"canonical":"https:\/\/teachchildrenmeditation.com\/es\/producto\/meditation-for-kids-childrens-fiction\/","og_locale":"es_ES","og_type":"article","og_title":"Meditation for Kids - children's fiction - Teaching Children Meditation","og_description":"Meditation for Kids - childrens fiction - a story about an anxious boy who meets a mysterious dog that teaches him mindful 'superpowers'","og_url":"https:\/\/teachchildrenmeditation.com\/es\/producto\/meditation-for-kids-childrens-fiction\/","og_site_name":"Teaching Children Meditation","article_publisher":"https:\/\/www.facebook.com\/connectedkids","article_modified_time":"2026-03-04T12:56:50+00:00","og_image":[{"width":1410,"height":2250,"url":"https:\/\/teachchildrenmeditation.com\/files\/2026\/02\/robbie-and-jess.jpg","type":"image\/jpeg"}],"twitter_card":"summary_large_image","twitter_misc":{"Tiempo de lectura":"3 minutos"},"schema":{"@context":"https:\/\/schema.org","@graph":[{"@type":"WebPage","@id":"https:\/\/teachchildrenmeditation.com\/product\/meditation-for-kids-childrens-fiction\/","url":"https:\/\/teachchildrenmeditation.com\/product\/meditation-for-kids-childrens-fiction\/","name":"Meditation for Kids - children's fiction - Teaching Children Meditation","isPartOf":{"@id":"https:\/\/teachchildrenmeditation.com\/#website"},"primaryImageOfPage":{"@id":"https:\/\/teachchildrenmeditation.com\/product\/meditation-for-kids-childrens-fiction\/#primaryimage"},"image":{"@id":"https:\/\/teachchildrenmeditation.com\/product\/meditation-for-kids-childrens-fiction\/#primaryimage"},"thumbnailUrl":"https:\/\/teachchildrenmeditation.com\/files\/2026\/02\/robbie-and-jess.jpg","datePublished":"2024-12-02T14:11:59+00:00","dateModified":"2026-03-04T12:56:50+00:00","description":"Meditation for Kids - childrens fiction - a story about an anxious boy who meets a mysterious dog that teaches him mindful 'superpowers'","breadcrumb":{"@id":"https:\/\/teachchildrenmeditation.com\/product\/meditation-for-kids-childrens-fiction\/#breadcrumb"},"inLanguage":"es","potentialAction":[{"@type":"ReadAction","target":["https:\/\/teachchildrenmeditation.com\/product\/meditation-for-kids-childrens-fiction\/"]}]},{"@type":"ImageObject","inLanguage":"es","@id":"https:\/\/teachchildrenmeditation.com\/product\/meditation-for-kids-childrens-fiction\/#primaryimage","url":"https:\/\/teachchildrenmeditation.com\/files\/2026\/02\/robbie-and-jess.jpg","contentUrl":"https:\/\/teachchildrenmeditation.com\/files\/2026\/02\/robbie-and-jess.jpg","width":1410,"height":2250,"caption":"robbie and jess - meditation book for kids"},{"@type":"BreadcrumbList","@id":"https:\/\/teachchildrenmeditation.com\/product\/meditation-for-kids-childrens-fiction\/#breadcrumb","itemListElement":[{"@type":"ListItem","position":1,"name":"Home","item":"https:\/\/teachchildrenmeditation.com\/"},{"@type":"ListItem","position":2,"name":"Thank you for visiting our online store","item":"https:\/\/teachchildrenmeditation.com\/shop\/"},{"@type":"ListItem","position":3,"name":"Meditation for Kids &#8211; children&#8217;s fiction"}]},{"@type":"WebSite","@id":"https:\/\/teachchildrenmeditation.com\/#website","url":"https:\/\/teachchildrenmeditation.com\/","name":"Ense\u00f1ar a los ni\u00f1os a meditar","description":"acreditado y premiado","publisher":{"@id":"https:\/\/teachchildrenmeditation.com\/#organization"},"potentialAction":[{"@type":"SearchAction","target":{"@type":"EntryPoint","urlTemplate":"https:\/\/teachchildrenmeditation.com\/?s={search_term_string}"},"query-input":{"@type":"PropertyValueSpecification","valueRequired":true,"valueName":"search_term_string"}}],"inLanguage":"es"},{"@type":"Organization","@id":"https:\/\/teachchildrenmeditation.com\/#organization","name":"Connected Kids Ltd","url":"https:\/\/teachchildrenmeditation.com\/","logo":{"@type":"ImageObject","inLanguage":"es","@id":"https:\/\/teachchildrenmeditation.com\/#\/schema\/logo\/image\/","url":"https:\/\/teachchildrenmeditation.com\/files\/2021\/04\/logo2CK-3.png","contentUrl":"https:\/\/teachchildrenmeditation.com\/files\/2021\/04\/logo2CK-3.png","width":472,"height":470,"caption":"Connected Kids Ltd"},"image":{"@id":"https:\/\/teachchildrenmeditation.com\/#\/schema\/logo\/image\/"},"sameAs":["https:\/\/www.facebook.com\/connectedkids","https:\/\/www.instagram.com\/connectedkids\/"]}]}},"_links":{"self":[{"href":"https:\/\/teachchildrenmeditation.com\/es\/wp-json\/wp\/v2\/product\/16911","targetHints":{"allow":["GET"]}}],"collection":[{"href":"https:\/\/teachchildrenmeditation.com\/es\/wp-json\/wp\/v2\/product"}],"about":[{"href":"https:\/\/teachchildrenmeditation.com\/es\/wp-json\/wp\/v2\/types\/product"}],"wp:featuredmedia":[{"embeddable":true,"href":"https:\/\/teachchildrenmeditation.com\/es\/wp-json\/wp\/v2\/media\/19901"}],"wp:attachment":[{"href":"https:\/\/teachchildrenmeditation.com\/es\/wp-json\/wp\/v2\/media?parent=16911"}],"wp:term":[{"taxonomy":"product_brand","embeddable":true,"href":"https:\/\/teachchildrenmeditation.com\/es\/wp-json\/wp\/v2\/product_brand?post=16911"},{"taxonomy":"product_cat","embeddable":true,"href":"https:\/\/teachchildrenmeditation.com\/es\/wp-json\/wp\/v2\/product_cat?post=16911"},{"taxonomy":"product_tag","embeddable":true,"href":"https:\/\/teachchildrenmeditation.com\/es\/wp-json\/wp\/v2\/product_tag?post=16911"}],"curies":[{"name":"wp","href":"https:\/\/api.w.org\/{rel}","templated":true}]}}