{"id":16907,"date":"2024-12-02T12:07:37","date_gmt":"2024-12-02T12:07:37","guid":{"rendered":"https:\/\/teachchildrenmeditation.com\/?post_type=product&#038;p=16907"},"modified":"2026-03-04T12:53:51","modified_gmt":"2026-03-04T12:53:51","slug":"meditation-for-kids-parents-guidebook","status":"publish","type":"product","link":"https:\/\/teachchildrenmeditation.com\/es\/producto\/meditation-for-kids-parents-guidebook\/","title":{"rendered":"Meditation for Kids &#8211; parents\/carers guidebook"},"content":{"rendered":"<h2>Meditation for Kids &#8211; for parents or carers<\/h2>\n<p><a href=\"https:\/\/www.amazon.co.uk\/Calm-Kids-Children-Mindful-Activities-ebook\/dp\/B0BTTTS5ZW?&amp;linkCode=sl1&amp;tag=feelgoodthera-21&amp;linkId=2a2b06177c20dd75568b855805550960&amp;language=en_GB&amp;ref_=as_li_ss_tl\" target=\"_blank\" rel=\"noopener\"><img loading=\"lazy\" decoding=\"async\" class=\"alignright wp-image-10651\" src=\"https:\/\/teachchildrenmeditation.com\/files\/2021\/11\/MurrayCalmKids_email-200x300.jpg\" alt=\"Meditation for Kids Calm Kids\" width=\"116\" height=\"174\" srcset=\"https:\/\/teachchildrenmeditation.com\/files\/2021\/11\/MurrayCalmKids_email-200x300.jpg 200w, https:\/\/teachchildrenmeditation.com\/files\/2021\/11\/MurrayCalmKids_email-681x1024.jpg 681w, https:\/\/teachchildrenmeditation.com\/files\/2021\/11\/MurrayCalmKids_email-8x12.jpg 8w, https:\/\/teachchildrenmeditation.com\/files\/2021\/11\/MurrayCalmKids_email-300x451.jpg 300w, https:\/\/teachchildrenmeditation.com\/files\/2021\/11\/MurrayCalmKids_email-600x902.jpg 600w, https:\/\/teachchildrenmeditation.com\/files\/2021\/11\/MurrayCalmKids_email.jpg 750w\" sizes=\"auto, (max-width: 116px) 100vw, 116px\" \/><\/a>The first book and international bestseller &#8211; meditation for kids &#8211; parents guidebook (and for carers) by the author, Lorraine E. Murray.<\/p>\n<div class='widescreen divider plain'><\/div>\n<p><b><em><div class='testimonial' style='border-top-color:#D3DCE8; background-color:#D3DCE8;'><\/em>&quot;<em><strong>I was lucky to find Lorraine\u2019s book, Calm Kids. I<\/strong> Me gust\u00f3 tanto el libro que decid\u00ed apuntarme a su curso para ense\u00f1ar meditaci\u00f3n a ni\u00f1os. Calm Kids es un gran recurso.<strong>&quot;<\/div><\/strong><\/em><\/b><\/p>\n<p><b><a target='_blank' class='outward_link deeppink' href='https:\/\/teachchildrenmeditation.com\/es\/home-resources\/books-to-teach-meditation\/'>Para m\u00e1s informaci\u00f3n del libro:<\/a>\u00a0\u00a0<\/b><\/p>\n<div class='widescreen divider plain'><\/div>\n<h3>About the author<\/h3>\n<p>Lorraine became a published author of 3 books, including Calm Kids which is a &#8216;meditation for kids &#8211; parents guidebook&#8217; since 2012.<\/p>\n<p>\u201cCalm Kids,\u201d was so successful it has been translated into 5 languages.\u00a0 It is the recommended reading for the <a href=\"https:\/\/teachchildrenmeditation.com\/es\/meditation-benefits-connected-kids-training\/mindful-meditation-for-kids-and-teens\/\" target=\"_blank\" rel=\"noopener\">Curso b\u00e1sico de Ni\u00f1os Conectados<\/a>. This was followed by 2 more books about teaching meditation \u2013 detailing the work with autism, adhd and trauma.<\/p>\n<h3>Connected Kids Values<\/h3>\n<ul>\n<li>Capacitar a los adultos con las habilidades y el conocimiento para ense\u00f1ar meditaci\u00f3n a los j\u00f3venes.<\/li>\n<li>Removing pre-conceived ideas that children can\u2019t learn meditation.<\/li>\n<li>Adaptar m\u00e9todos para j\u00f3venes con necesidades educativas especiales, autismo o TDAH para garantizar que se beneficien de las habilidades de atenci\u00f3n plena.<\/li>\n<li>Priorizar un enfoque compasivo y centrado en el ni\u00f1o en todos nuestros esfuerzos.<\/li>\n<li>Un compromiso para ayudar a combinar los beneficios cient\u00edficos investigados de la meditaci\u00f3n con pr\u00e1cticas de ense\u00f1anza creativas y conscientes de la energ\u00eda.<\/li>\n<\/ul>\n<h4>To buy Calm Kids<\/h4>\n<p>Signed copies available direct from Connected Kids.<\/p>\n<p>Or you can purchase this book <a href=\"https:\/\/www.amazon.co.uk\/Calm-Kids-Children-Mindful-Activities-ebook\/dp\/B0BTTTS5ZW?&amp;linkCode=sl1&amp;tag=feelgoodthera-21&amp;linkId=2a2b06177c20dd75568b855805550960&amp;language=en_GB&amp;ref_=as_li_ss_tl\" target=\"_blank\" rel=\"noopener\">direct from Amazon here.<\/a><\/p>\n<p>&nbsp;<\/p>","protected":false},"excerpt":{"rendered":"<p>Learn how to create meditations for children<\/p>\n<ul>\n<li><strong>Perfect for beginners<\/strong><\/li>\n<\/ul>\n<p><em>&#8220;<\/em><span class=\"a-size-base review-text review-text-content\" data-hook=\"review-body\"><em>The ultimate parenting book for raising happy children. There is a multitude of suggestions, tools and scripts for meditation for children. Brilliant!&#8221;<\/em>\u00a0<\/span><\/p>\n<div class=\"a-row review-comments comments-for-R1Q9JUXTTOLKJ7\">\n<div class=\"a-row a-expander-container a-expander-inline-container cr-vote-action-bar\" data-reftag=\"cm_cr_getr_d_cmt_opn\" data-a-expander-name=\"review_comment_expander\">\n<div class=\"cr-helpful-icon-button cr-vote-component\">\n<div class=\"cr-helpful-button aok-float-left\"><\/div>\n<\/div>\n<\/div>\n<\/div>","protected":false},"featured_media":18376,"template":"","meta":{"_acf_changed":false},"product_brand":[],"product_cat":[747,799],"product_tag":[463,713,691,714],"class_list":{"0":"post-16907","1":"product","2":"type-product","3":"status-publish","4":"has-post-thumbnail","6":"product_cat-connected-kids-shop","7":"product_cat-teaching-meditation-resources","8":"product_tag-calm-kids","9":"product_tag-calm-kids-book","10":"product_tag-meditation-for-kids","11":"product_tag-meditation-for-kids-book","12":"product_shipping_class-worldwide-shipping","13":"entry","15":"first","16":"instock","17":"taxable","18":"shipping-taxable","19":"purchasable","20":"product-type-simple"},"acf":[],"yoast_head":"<!-- This site is optimized with the Yoast SEO plugin v27.3 - https:\/\/yoast.com\/product\/yoast-seo-wordpress\/ -->\n<title>Meditation for Kids - parents\/carers guidebook - Teaching Children Meditation<\/title>\n<meta name=\"description\" content=\"Meditation for Kids - parents guidebook - signed by the author and perfect gift to help anyone starting to teach meditation to young people\" \/>\n<meta name=\"robots\" content=\"index, follow, max-snippet:-1, max-image-preview:large, max-video-preview:-1\" \/>\n<link rel=\"canonical\" href=\"https:\/\/teachchildrenmeditation.com\/es\/producto\/meditation-for-kids-parents-guidebook\/\" \/>\n<meta property=\"og:locale\" content=\"es_ES\" \/>\n<meta property=\"og:type\" content=\"article\" \/>\n<meta property=\"og:title\" content=\"Meditation for Kids - parents\/carers guidebook - Teaching Children Meditation\" \/>\n<meta property=\"og:description\" content=\"Meditation for Kids - parents guidebook - signed by the author and perfect gift to help anyone starting to teach meditation to young people\" \/>\n<meta property=\"og:url\" content=\"https:\/\/teachchildrenmeditation.com\/es\/producto\/meditation-for-kids-parents-guidebook\/\" \/>\n<meta property=\"og:site_name\" content=\"Teaching Children Meditation\" \/>\n<meta property=\"article:publisher\" content=\"https:\/\/www.facebook.com\/connectedkids\" \/>\n<meta property=\"article:modified_time\" content=\"2026-03-04T12:53:51+00:00\" \/>\n<meta property=\"og:image\" content=\"https:\/\/teachchildrenmeditation.com\/files\/2024\/12\/CALM-KIDS-BOOK.jpg\" \/>\n\t<meta property=\"og:image:width\" content=\"1080\" \/>\n\t<meta property=\"og:image:height\" content=\"1080\" \/>\n\t<meta property=\"og:image:type\" content=\"image\/jpeg\" \/>\n<meta name=\"twitter:card\" content=\"summary_large_image\" \/>\n<meta name=\"twitter:label1\" content=\"Tiempo de lectura\" \/>\n\t<meta name=\"twitter:data1\" content=\"2 minutos\" \/>\n<script type=\"application\/ld+json\" class=\"yoast-schema-graph\">{\"@context\":\"https:\\\/\\\/schema.org\",\"@graph\":[{\"@type\":\"WebPage\",\"@id\":\"https:\\\/\\\/teachchildrenmeditation.com\\\/product\\\/meditation-for-kids-parents-guidebook\\\/\",\"url\":\"https:\\\/\\\/teachchildrenmeditation.com\\\/product\\\/meditation-for-kids-parents-guidebook\\\/\",\"name\":\"Meditation for Kids - parents\\\/carers guidebook - Teaching Children Meditation\",\"isPartOf\":{\"@id\":\"https:\\\/\\\/teachchildrenmeditation.com\\\/#website\"},\"primaryImageOfPage\":{\"@id\":\"https:\\\/\\\/teachchildrenmeditation.com\\\/product\\\/meditation-for-kids-parents-guidebook\\\/#primaryimage\"},\"image\":{\"@id\":\"https:\\\/\\\/teachchildrenmeditation.com\\\/product\\\/meditation-for-kids-parents-guidebook\\\/#primaryimage\"},\"thumbnailUrl\":\"https:\\\/\\\/teachchildrenmeditation.com\\\/files\\\/2024\\\/12\\\/CALM-KIDS-BOOK.jpg\",\"datePublished\":\"2024-12-02T12:07:37+00:00\",\"dateModified\":\"2026-03-04T12:53:51+00:00\",\"description\":\"Meditation for Kids - parents guidebook - signed by the author and perfect gift to help anyone starting to teach meditation to young people\",\"breadcrumb\":{\"@id\":\"https:\\\/\\\/teachchildrenmeditation.com\\\/product\\\/meditation-for-kids-parents-guidebook\\\/#breadcrumb\"},\"inLanguage\":\"es\",\"potentialAction\":[{\"@type\":\"ReadAction\",\"target\":[\"https:\\\/\\\/teachchildrenmeditation.com\\\/product\\\/meditation-for-kids-parents-guidebook\\\/\"]}]},{\"@type\":\"ImageObject\",\"inLanguage\":\"es\",\"@id\":\"https:\\\/\\\/teachchildrenmeditation.com\\\/product\\\/meditation-for-kids-parents-guidebook\\\/#primaryimage\",\"url\":\"https:\\\/\\\/teachchildrenmeditation.com\\\/files\\\/2024\\\/12\\\/CALM-KIDS-BOOK.jpg\",\"contentUrl\":\"https:\\\/\\\/teachchildrenmeditation.com\\\/files\\\/2024\\\/12\\\/CALM-KIDS-BOOK.jpg\",\"width\":1080,\"height\":1080},{\"@type\":\"BreadcrumbList\",\"@id\":\"https:\\\/\\\/teachchildrenmeditation.com\\\/product\\\/meditation-for-kids-parents-guidebook\\\/#breadcrumb\",\"itemListElement\":[{\"@type\":\"ListItem\",\"position\":1,\"name\":\"Home\",\"item\":\"https:\\\/\\\/teachchildrenmeditation.com\\\/\"},{\"@type\":\"ListItem\",\"position\":2,\"name\":\"Thank you for visiting our online store\",\"item\":\"https:\\\/\\\/teachchildrenmeditation.com\\\/shop\\\/\"},{\"@type\":\"ListItem\",\"position\":3,\"name\":\"Meditation for Kids &#8211; parents\\\/carers guidebook\"}]},{\"@type\":\"WebSite\",\"@id\":\"https:\\\/\\\/teachchildrenmeditation.com\\\/#website\",\"url\":\"https:\\\/\\\/teachchildrenmeditation.com\\\/\",\"name\":\"Teaching Children Meditation\",\"description\":\"accredited and award-winning\",\"publisher\":{\"@id\":\"https:\\\/\\\/teachchildrenmeditation.com\\\/#organization\"},\"potentialAction\":[{\"@type\":\"SearchAction\",\"target\":{\"@type\":\"EntryPoint\",\"urlTemplate\":\"https:\\\/\\\/teachchildrenmeditation.com\\\/?s={search_term_string}\"},\"query-input\":{\"@type\":\"PropertyValueSpecification\",\"valueRequired\":true,\"valueName\":\"search_term_string\"}}],\"inLanguage\":\"es\"},{\"@type\":\"Organization\",\"@id\":\"https:\\\/\\\/teachchildrenmeditation.com\\\/#organization\",\"name\":\"Connected Kids Ltd\",\"url\":\"https:\\\/\\\/teachchildrenmeditation.com\\\/\",\"logo\":{\"@type\":\"ImageObject\",\"inLanguage\":\"es\",\"@id\":\"https:\\\/\\\/teachchildrenmeditation.com\\\/#\\\/schema\\\/logo\\\/image\\\/\",\"url\":\"https:\\\/\\\/teachchildrenmeditation.com\\\/files\\\/2021\\\/04\\\/logo2CK-3.png\",\"contentUrl\":\"https:\\\/\\\/teachchildrenmeditation.com\\\/files\\\/2021\\\/04\\\/logo2CK-3.png\",\"width\":472,\"height\":470,\"caption\":\"Connected Kids Ltd\"},\"image\":{\"@id\":\"https:\\\/\\\/teachchildrenmeditation.com\\\/#\\\/schema\\\/logo\\\/image\\\/\"},\"sameAs\":[\"https:\\\/\\\/www.facebook.com\\\/connectedkids\",\"https:\\\/\\\/www.instagram.com\\\/connectedkids\\\/\"]}]}<\/script>\n<!-- \/ Yoast SEO plugin. -->","yoast_head_json":{"title":"Meditation for Kids - parents\/carers guidebook - Teaching Children Meditation","description":"Meditation for Kids - parents guidebook - signed by the author and perfect gift to help anyone starting to teach meditation to young people","robots":{"index":"index","follow":"follow","max-snippet":"max-snippet:-1","max-image-preview":"max-image-preview:large","max-video-preview":"max-video-preview:-1"},"canonical":"https:\/\/teachchildrenmeditation.com\/es\/producto\/meditation-for-kids-parents-guidebook\/","og_locale":"es_ES","og_type":"article","og_title":"Meditation for Kids - parents\/carers guidebook - Teaching Children Meditation","og_description":"Meditation for Kids - parents guidebook - signed by the author and perfect gift to help anyone starting to teach meditation to young people","og_url":"https:\/\/teachchildrenmeditation.com\/es\/producto\/meditation-for-kids-parents-guidebook\/","og_site_name":"Teaching Children Meditation","article_publisher":"https:\/\/www.facebook.com\/connectedkids","article_modified_time":"2026-03-04T12:53:51+00:00","og_image":[{"width":1080,"height":1080,"url":"https:\/\/teachchildrenmeditation.com\/files\/2024\/12\/CALM-KIDS-BOOK.jpg","type":"image\/jpeg"}],"twitter_card":"summary_large_image","twitter_misc":{"Tiempo de lectura":"2 minutos"},"schema":{"@context":"https:\/\/schema.org","@graph":[{"@type":"WebPage","@id":"https:\/\/teachchildrenmeditation.com\/product\/meditation-for-kids-parents-guidebook\/","url":"https:\/\/teachchildrenmeditation.com\/product\/meditation-for-kids-parents-guidebook\/","name":"Meditation for Kids - parents\/carers guidebook - Teaching Children Meditation","isPartOf":{"@id":"https:\/\/teachchildrenmeditation.com\/#website"},"primaryImageOfPage":{"@id":"https:\/\/teachchildrenmeditation.com\/product\/meditation-for-kids-parents-guidebook\/#primaryimage"},"image":{"@id":"https:\/\/teachchildrenmeditation.com\/product\/meditation-for-kids-parents-guidebook\/#primaryimage"},"thumbnailUrl":"https:\/\/teachchildrenmeditation.com\/files\/2024\/12\/CALM-KIDS-BOOK.jpg","datePublished":"2024-12-02T12:07:37+00:00","dateModified":"2026-03-04T12:53:51+00:00","description":"Meditation for Kids - parents guidebook - signed by the author and perfect gift to help anyone starting to teach meditation to young people","breadcrumb":{"@id":"https:\/\/teachchildrenmeditation.com\/product\/meditation-for-kids-parents-guidebook\/#breadcrumb"},"inLanguage":"es","potentialAction":[{"@type":"ReadAction","target":["https:\/\/teachchildrenmeditation.com\/product\/meditation-for-kids-parents-guidebook\/"]}]},{"@type":"ImageObject","inLanguage":"es","@id":"https:\/\/teachchildrenmeditation.com\/product\/meditation-for-kids-parents-guidebook\/#primaryimage","url":"https:\/\/teachchildrenmeditation.com\/files\/2024\/12\/CALM-KIDS-BOOK.jpg","contentUrl":"https:\/\/teachchildrenmeditation.com\/files\/2024\/12\/CALM-KIDS-BOOK.jpg","width":1080,"height":1080},{"@type":"BreadcrumbList","@id":"https:\/\/teachchildrenmeditation.com\/product\/meditation-for-kids-parents-guidebook\/#breadcrumb","itemListElement":[{"@type":"ListItem","position":1,"name":"Home","item":"https:\/\/teachchildrenmeditation.com\/"},{"@type":"ListItem","position":2,"name":"Thank you for visiting our online store","item":"https:\/\/teachchildrenmeditation.com\/shop\/"},{"@type":"ListItem","position":3,"name":"Meditation for Kids &#8211; parents\/carers guidebook"}]},{"@type":"WebSite","@id":"https:\/\/teachchildrenmeditation.com\/#website","url":"https:\/\/teachchildrenmeditation.com\/","name":"Ense\u00f1ar a los ni\u00f1os a meditar","description":"acreditado y premiado","publisher":{"@id":"https:\/\/teachchildrenmeditation.com\/#organization"},"potentialAction":[{"@type":"SearchAction","target":{"@type":"EntryPoint","urlTemplate":"https:\/\/teachchildrenmeditation.com\/?s={search_term_string}"},"query-input":{"@type":"PropertyValueSpecification","valueRequired":true,"valueName":"search_term_string"}}],"inLanguage":"es"},{"@type":"Organization","@id":"https:\/\/teachchildrenmeditation.com\/#organization","name":"Connected Kids Ltd","url":"https:\/\/teachchildrenmeditation.com\/","logo":{"@type":"ImageObject","inLanguage":"es","@id":"https:\/\/teachchildrenmeditation.com\/#\/schema\/logo\/image\/","url":"https:\/\/teachchildrenmeditation.com\/files\/2021\/04\/logo2CK-3.png","contentUrl":"https:\/\/teachchildrenmeditation.com\/files\/2021\/04\/logo2CK-3.png","width":472,"height":470,"caption":"Connected Kids Ltd"},"image":{"@id":"https:\/\/teachchildrenmeditation.com\/#\/schema\/logo\/image\/"},"sameAs":["https:\/\/www.facebook.com\/connectedkids","https:\/\/www.instagram.com\/connectedkids\/"]}]}},"_links":{"self":[{"href":"https:\/\/teachchildrenmeditation.com\/es\/wp-json\/wp\/v2\/product\/16907","targetHints":{"allow":["GET"]}}],"collection":[{"href":"https:\/\/teachchildrenmeditation.com\/es\/wp-json\/wp\/v2\/product"}],"about":[{"href":"https:\/\/teachchildrenmeditation.com\/es\/wp-json\/wp\/v2\/types\/product"}],"wp:featuredmedia":[{"embeddable":true,"href":"https:\/\/teachchildrenmeditation.com\/es\/wp-json\/wp\/v2\/media\/18376"}],"wp:attachment":[{"href":"https:\/\/teachchildrenmeditation.com\/es\/wp-json\/wp\/v2\/media?parent=16907"}],"wp:term":[{"taxonomy":"product_brand","embeddable":true,"href":"https:\/\/teachchildrenmeditation.com\/es\/wp-json\/wp\/v2\/product_brand?post=16907"},{"taxonomy":"product_cat","embeddable":true,"href":"https:\/\/teachchildrenmeditation.com\/es\/wp-json\/wp\/v2\/product_cat?post=16907"},{"taxonomy":"product_tag","embeddable":true,"href":"https:\/\/teachchildrenmeditation.com\/es\/wp-json\/wp\/v2\/product_tag?post=16907"}],"curies":[{"name":"wp","href":"https:\/\/api.w.org\/{rel}","templated":true}]}}