{"id":16906,"date":"2024-12-02T12:04:38","date_gmt":"2024-12-02T12:04:38","guid":{"rendered":"https:\/\/teachchildrenmeditation.com\/?post_type=product&#038;p=16906"},"modified":"2026-03-04T12:50:20","modified_gmt":"2026-03-04T12:50:20","slug":"meditation-guide-autism-adhd","status":"publish","type":"product","link":"https:\/\/teachchildrenmeditation.com\/es\/producto\/meditation-guide-autism-adhd\/","title":{"rendered":"Meditation for Kids &#8211; Autism\/ADHD"},"content":{"rendered":"<h2>Teaching guide &#8211; Autism ADHD<\/h2>\n<h2><a href=\"https:\/\/www.amazon.co.uk\/Connected-Kids-Special-Heartfelt-Activities-ebook\/dp\/B00M476A3S?&amp;linkCode=sl1&amp;tag=feelgoodthera-21&amp;linkId=9f2737998f242584e7aee5644fba80d2&amp;language=en_GB&amp;ref_=as_li_ss_tl\" target=\"_blank\" rel=\"noopener\"><img loading=\"lazy\" decoding=\"async\" class=\"alignright wp-image-10653\" src=\"https:\/\/teachchildrenmeditation.com\/files\/2021\/11\/800x600cover-225x300.jpg\" alt=\"guidebooks to teach meditation for kids - connected kids - autism, adhd or sen\" width=\"195\" height=\"260\" srcset=\"https:\/\/teachchildrenmeditation.com\/files\/2021\/11\/800x600cover-225x300.jpg 225w, https:\/\/teachchildrenmeditation.com\/files\/2021\/11\/800x600cover-300x400.jpg 300w, https:\/\/teachchildrenmeditation.com\/files\/2021\/11\/800x600cover-9x12.jpg 9w, https:\/\/teachchildrenmeditation.com\/files\/2021\/11\/800x600cover.jpg 600w\" sizes=\"auto, (max-width: 195px) 100vw, 195px\" \/><\/a><\/h2>\n<p>The international bestseller &#8211; a teaching guide for introducing meditation to Autistic children, or young people with ADHD.<\/p>\n<p>The book is by the author, Lorraine E Murray, founder of the Connected Kids program and who has been teaching meditation to all ages and abilities for over 30 years.<\/p>\n<p>&nbsp;<\/p>\n<div class='widescreen divider plain'><\/div>\n<p>This book is based on the Connected Kids method approach to teaching Autistic children mindful skills or introducing it to help children with ADHD, SEN or anxiety. The book is required reading for the <a href=\"https:\/\/teachchildrenmeditation.com\/es\/meditation-benefits-connected-kids-training\/meditation-teacher-training\/\" target=\"_blank\" rel=\"noopener\">Entrenamiento de meditaci\u00f3n profesional<\/a>.\u00a0 The book was designed to support parents to professionals who are looking for intuitive ways to support young people with SEN reduce anxiety and stress.<\/p>\n<p><em><div class='testimonial' style='border-top-color:#D3DCE8; background-color:#D3DCE8;'><\/em>&quot;<em>Este libro es realmente maravilloso para la poblaci\u00f3n en general, pero <strong>El trabajo detallado de Lorraine sobre los desaf\u00edos que enfrentan las personas con autismo y varias actividades conscientes de equilibrio espec\u00edficas hacen de este el mejor libro que he visto.<\/strong> for helping kids feel their best. \u201d<strong><\/div><\/strong><\/em><\/p>\n<p><b><a target='_blank' class='outward_link deeppink' href='https:\/\/teachchildrenmeditation.com\/es\/home-resources\/books-to-teach-meditation\/'>Para m\u00e1s informaci\u00f3n del libro:<\/a>\u00a0\u00a0<\/b><\/p>\n<div class='widescreen divider plain'><\/div>\n<h3>About the author<\/h3>\n<p>Lorraine became a published author of 3 books about teaching children meditation.\u00a0 This is her second book based on 20 years of experience and research helping teach children with SEN.<\/p>\n<h3>Connected Kids Values<\/h3>\n<ul>\n<li>Capacitar a los adultos con las habilidades y el conocimiento para ense\u00f1ar meditaci\u00f3n a los j\u00f3venes.<\/li>\n<li>Removing pre-conceived ideas that children can\u2019t learn meditation.<\/li>\n<li>Adaptar m\u00e9todos para j\u00f3venes con necesidades educativas especiales, autismo o TDAH para garantizar que se beneficien de las habilidades de atenci\u00f3n plena.<\/li>\n<li>Priorizar un enfoque compasivo y centrado en el ni\u00f1o en todos nuestros esfuerzos.<\/li>\n<li>Un compromiso para ayudar a combinar los beneficios cient\u00edficos investigados de la meditaci\u00f3n con pr\u00e1cticas de ense\u00f1anza creativas y conscientes de la energ\u00eda.<\/li>\n<\/ul>\n<h4>To buy Connected Kids<\/h4>\n<p>Signed books are available here from Connected Kids.<\/p>\n<p>Or you can purchase on kindle\/paperback <a href=\"https:\/\/www.amazon.co.uk\/Connected-Kids-Special-Heartfelt-Activities-ebook\/dp\/B00M476A3S?&amp;linkCode=sl1&amp;tag=feelgoodthera-21&amp;linkId=9f2737998f242584e7aee5644fba80d2&amp;language=en_GB&amp;ref_=as_li_ss_tl\" target=\"_blank\" rel=\"noopener\">direct from Amazon here.<\/a><\/p>\n<p>&nbsp;<\/p>","protected":false},"excerpt":{"rendered":"<p>Teaching Meditation Guide<\/p>\n<p><em>&#8220;What can I say, another fab book by Lorraine. After completing her course I was thought it she could not add more, I was wrong. I have made so many notes in my book I can hardly close it. Just a wealth of tips and information.&#8221;<\/em><\/p>\n<ul>R Hawkes<\/ul>","protected":false},"featured_media":18385,"template":"","meta":{"_acf_changed":false},"product_brand":[],"product_cat":[747,799],"product_tag":[459,749,715,716],"class_list":{"0":"post-16906","1":"product","2":"type-product","3":"status-publish","4":"has-post-thumbnail","6":"product_cat-connected-kids-shop","7":"product_cat-teaching-meditation-resources","8":"product_tag-adhd-meditation","9":"product_tag-books","10":"product_tag-meditation-autism","11":"product_tag-sen-meditation","12":"product_shipping_class-worldwide-shipping","13":"entry","15":"first","16":"instock","17":"taxable","18":"shipping-taxable","19":"purchasable","20":"product-type-simple"},"acf":[],"yoast_head":"<!-- This site is optimized with the Yoast SEO plugin v27.3 - https:\/\/yoast.com\/product\/yoast-seo-wordpress\/ -->\n<title>Meditation for Kids - Autism\/ADHD - Teaching Children Meditation<\/title>\n<meta name=\"description\" content=\"Meditation guide - Autism ADHD Connected Kids Book - signed by the author to helps parents or professionals teaching mindful skills to kids\/teens\" \/>\n<meta name=\"robots\" content=\"index, follow, max-snippet:-1, max-image-preview:large, max-video-preview:-1\" \/>\n<link rel=\"canonical\" href=\"https:\/\/teachchildrenmeditation.com\/es\/producto\/meditation-guide-autism-adhd\/\" \/>\n<meta property=\"og:locale\" content=\"es_ES\" \/>\n<meta property=\"og:type\" content=\"article\" \/>\n<meta property=\"og:title\" content=\"Meditation for Kids - Autism\/ADHD - Teaching Children Meditation\" \/>\n<meta property=\"og:description\" content=\"Meditation guide - Autism ADHD Connected Kids Book - signed by the author to helps parents or professionals teaching mindful skills to kids\/teens\" \/>\n<meta property=\"og:url\" content=\"https:\/\/teachchildrenmeditation.com\/es\/producto\/meditation-guide-autism-adhd\/\" \/>\n<meta property=\"og:site_name\" content=\"Teaching Children Meditation\" \/>\n<meta property=\"article:publisher\" content=\"https:\/\/www.facebook.com\/connectedkids\" \/>\n<meta property=\"article:modified_time\" content=\"2026-03-04T12:50:20+00:00\" \/>\n<meta property=\"og:image\" content=\"https:\/\/teachchildrenmeditation.com\/files\/2024\/12\/course-product-photos-SHOP-4.jpg\" \/>\n\t<meta property=\"og:image:width\" content=\"1080\" \/>\n\t<meta property=\"og:image:height\" content=\"1080\" \/>\n\t<meta property=\"og:image:type\" content=\"image\/jpeg\" \/>\n<meta name=\"twitter:card\" content=\"summary_large_image\" \/>\n<meta name=\"twitter:label1\" content=\"Tiempo de lectura\" \/>\n\t<meta name=\"twitter:data1\" content=\"2 minutos\" \/>\n<script type=\"application\/ld+json\" class=\"yoast-schema-graph\">{\"@context\":\"https:\\\/\\\/schema.org\",\"@graph\":[{\"@type\":\"WebPage\",\"@id\":\"https:\\\/\\\/teachchildrenmeditation.com\\\/product\\\/meditation-guide-autism-adhd\\\/\",\"url\":\"https:\\\/\\\/teachchildrenmeditation.com\\\/product\\\/meditation-guide-autism-adhd\\\/\",\"name\":\"Meditation for Kids - Autism\\\/ADHD - Teaching Children Meditation\",\"isPartOf\":{\"@id\":\"https:\\\/\\\/teachchildrenmeditation.com\\\/#website\"},\"primaryImageOfPage\":{\"@id\":\"https:\\\/\\\/teachchildrenmeditation.com\\\/product\\\/meditation-guide-autism-adhd\\\/#primaryimage\"},\"image\":{\"@id\":\"https:\\\/\\\/teachchildrenmeditation.com\\\/product\\\/meditation-guide-autism-adhd\\\/#primaryimage\"},\"thumbnailUrl\":\"https:\\\/\\\/teachchildrenmeditation.com\\\/files\\\/2024\\\/12\\\/course-product-photos-SHOP-4.jpg\",\"datePublished\":\"2024-12-02T12:04:38+00:00\",\"dateModified\":\"2026-03-04T12:50:20+00:00\",\"description\":\"Meditation guide - Autism ADHD Connected Kids Book - signed by the author to helps parents or professionals teaching mindful skills to kids\\\/teens\",\"breadcrumb\":{\"@id\":\"https:\\\/\\\/teachchildrenmeditation.com\\\/product\\\/meditation-guide-autism-adhd\\\/#breadcrumb\"},\"inLanguage\":\"es\",\"potentialAction\":[{\"@type\":\"ReadAction\",\"target\":[\"https:\\\/\\\/teachchildrenmeditation.com\\\/product\\\/meditation-guide-autism-adhd\\\/\"]}]},{\"@type\":\"ImageObject\",\"inLanguage\":\"es\",\"@id\":\"https:\\\/\\\/teachchildrenmeditation.com\\\/product\\\/meditation-guide-autism-adhd\\\/#primaryimage\",\"url\":\"https:\\\/\\\/teachchildrenmeditation.com\\\/files\\\/2024\\\/12\\\/course-product-photos-SHOP-4.jpg\",\"contentUrl\":\"https:\\\/\\\/teachchildrenmeditation.com\\\/files\\\/2024\\\/12\\\/course-product-photos-SHOP-4.jpg\",\"width\":1080,\"height\":1080,\"caption\":\"connected kids book to help chidlren with ADHD autism and anxiety using meditation\"},{\"@type\":\"BreadcrumbList\",\"@id\":\"https:\\\/\\\/teachchildrenmeditation.com\\\/product\\\/meditation-guide-autism-adhd\\\/#breadcrumb\",\"itemListElement\":[{\"@type\":\"ListItem\",\"position\":1,\"name\":\"Home\",\"item\":\"https:\\\/\\\/teachchildrenmeditation.com\\\/\"},{\"@type\":\"ListItem\",\"position\":2,\"name\":\"Thank you for visiting our online store\",\"item\":\"https:\\\/\\\/teachchildrenmeditation.com\\\/shop\\\/\"},{\"@type\":\"ListItem\",\"position\":3,\"name\":\"Meditation for Kids &#8211; Autism\\\/ADHD\"}]},{\"@type\":\"WebSite\",\"@id\":\"https:\\\/\\\/teachchildrenmeditation.com\\\/#website\",\"url\":\"https:\\\/\\\/teachchildrenmeditation.com\\\/\",\"name\":\"Teaching Children Meditation\",\"description\":\"accredited and award-winning\",\"publisher\":{\"@id\":\"https:\\\/\\\/teachchildrenmeditation.com\\\/#organization\"},\"potentialAction\":[{\"@type\":\"SearchAction\",\"target\":{\"@type\":\"EntryPoint\",\"urlTemplate\":\"https:\\\/\\\/teachchildrenmeditation.com\\\/?s={search_term_string}\"},\"query-input\":{\"@type\":\"PropertyValueSpecification\",\"valueRequired\":true,\"valueName\":\"search_term_string\"}}],\"inLanguage\":\"es\"},{\"@type\":\"Organization\",\"@id\":\"https:\\\/\\\/teachchildrenmeditation.com\\\/#organization\",\"name\":\"Connected Kids Ltd\",\"url\":\"https:\\\/\\\/teachchildrenmeditation.com\\\/\",\"logo\":{\"@type\":\"ImageObject\",\"inLanguage\":\"es\",\"@id\":\"https:\\\/\\\/teachchildrenmeditation.com\\\/#\\\/schema\\\/logo\\\/image\\\/\",\"url\":\"https:\\\/\\\/teachchildrenmeditation.com\\\/files\\\/2021\\\/04\\\/logo2CK-3.png\",\"contentUrl\":\"https:\\\/\\\/teachchildrenmeditation.com\\\/files\\\/2021\\\/04\\\/logo2CK-3.png\",\"width\":472,\"height\":470,\"caption\":\"Connected Kids Ltd\"},\"image\":{\"@id\":\"https:\\\/\\\/teachchildrenmeditation.com\\\/#\\\/schema\\\/logo\\\/image\\\/\"},\"sameAs\":[\"https:\\\/\\\/www.facebook.com\\\/connectedkids\",\"https:\\\/\\\/www.instagram.com\\\/connectedkids\\\/\"]}]}<\/script>\n<!-- \/ Yoast SEO plugin. -->","yoast_head_json":{"title":"Meditation for Kids - Autism\/ADHD - Teaching Children Meditation","description":"Meditation guide - Autism ADHD Connected Kids Book - signed by the author to helps parents or professionals teaching mindful skills to kids\/teens","robots":{"index":"index","follow":"follow","max-snippet":"max-snippet:-1","max-image-preview":"max-image-preview:large","max-video-preview":"max-video-preview:-1"},"canonical":"https:\/\/teachchildrenmeditation.com\/es\/producto\/meditation-guide-autism-adhd\/","og_locale":"es_ES","og_type":"article","og_title":"Meditation for Kids - Autism\/ADHD - Teaching Children Meditation","og_description":"Meditation guide - Autism ADHD Connected Kids Book - signed by the author to helps parents or professionals teaching mindful skills to kids\/teens","og_url":"https:\/\/teachchildrenmeditation.com\/es\/producto\/meditation-guide-autism-adhd\/","og_site_name":"Teaching Children Meditation","article_publisher":"https:\/\/www.facebook.com\/connectedkids","article_modified_time":"2026-03-04T12:50:20+00:00","og_image":[{"width":1080,"height":1080,"url":"https:\/\/teachchildrenmeditation.com\/files\/2024\/12\/course-product-photos-SHOP-4.jpg","type":"image\/jpeg"}],"twitter_card":"summary_large_image","twitter_misc":{"Tiempo de lectura":"2 minutos"},"schema":{"@context":"https:\/\/schema.org","@graph":[{"@type":"WebPage","@id":"https:\/\/teachchildrenmeditation.com\/product\/meditation-guide-autism-adhd\/","url":"https:\/\/teachchildrenmeditation.com\/product\/meditation-guide-autism-adhd\/","name":"Meditation for Kids - Autism\/ADHD - Teaching Children Meditation","isPartOf":{"@id":"https:\/\/teachchildrenmeditation.com\/#website"},"primaryImageOfPage":{"@id":"https:\/\/teachchildrenmeditation.com\/product\/meditation-guide-autism-adhd\/#primaryimage"},"image":{"@id":"https:\/\/teachchildrenmeditation.com\/product\/meditation-guide-autism-adhd\/#primaryimage"},"thumbnailUrl":"https:\/\/teachchildrenmeditation.com\/files\/2024\/12\/course-product-photos-SHOP-4.jpg","datePublished":"2024-12-02T12:04:38+00:00","dateModified":"2026-03-04T12:50:20+00:00","description":"Meditation guide - Autism ADHD Connected Kids Book - signed by the author to helps parents or professionals teaching mindful skills to kids\/teens","breadcrumb":{"@id":"https:\/\/teachchildrenmeditation.com\/product\/meditation-guide-autism-adhd\/#breadcrumb"},"inLanguage":"es","potentialAction":[{"@type":"ReadAction","target":["https:\/\/teachchildrenmeditation.com\/product\/meditation-guide-autism-adhd\/"]}]},{"@type":"ImageObject","inLanguage":"es","@id":"https:\/\/teachchildrenmeditation.com\/product\/meditation-guide-autism-adhd\/#primaryimage","url":"https:\/\/teachchildrenmeditation.com\/files\/2024\/12\/course-product-photos-SHOP-4.jpg","contentUrl":"https:\/\/teachchildrenmeditation.com\/files\/2024\/12\/course-product-photos-SHOP-4.jpg","width":1080,"height":1080,"caption":"connected kids book to help chidlren with ADHD autism and anxiety using meditation"},{"@type":"BreadcrumbList","@id":"https:\/\/teachchildrenmeditation.com\/product\/meditation-guide-autism-adhd\/#breadcrumb","itemListElement":[{"@type":"ListItem","position":1,"name":"Home","item":"https:\/\/teachchildrenmeditation.com\/"},{"@type":"ListItem","position":2,"name":"Thank you for visiting our online store","item":"https:\/\/teachchildrenmeditation.com\/shop\/"},{"@type":"ListItem","position":3,"name":"Meditation for Kids &#8211; Autism\/ADHD"}]},{"@type":"WebSite","@id":"https:\/\/teachchildrenmeditation.com\/#website","url":"https:\/\/teachchildrenmeditation.com\/","name":"Ense\u00f1ar a los ni\u00f1os a meditar","description":"acreditado y premiado","publisher":{"@id":"https:\/\/teachchildrenmeditation.com\/#organization"},"potentialAction":[{"@type":"SearchAction","target":{"@type":"EntryPoint","urlTemplate":"https:\/\/teachchildrenmeditation.com\/?s={search_term_string}"},"query-input":{"@type":"PropertyValueSpecification","valueRequired":true,"valueName":"search_term_string"}}],"inLanguage":"es"},{"@type":"Organization","@id":"https:\/\/teachchildrenmeditation.com\/#organization","name":"Connected Kids Ltd","url":"https:\/\/teachchildrenmeditation.com\/","logo":{"@type":"ImageObject","inLanguage":"es","@id":"https:\/\/teachchildrenmeditation.com\/#\/schema\/logo\/image\/","url":"https:\/\/teachchildrenmeditation.com\/files\/2021\/04\/logo2CK-3.png","contentUrl":"https:\/\/teachchildrenmeditation.com\/files\/2021\/04\/logo2CK-3.png","width":472,"height":470,"caption":"Connected Kids Ltd"},"image":{"@id":"https:\/\/teachchildrenmeditation.com\/#\/schema\/logo\/image\/"},"sameAs":["https:\/\/www.facebook.com\/connectedkids","https:\/\/www.instagram.com\/connectedkids\/"]}]}},"_links":{"self":[{"href":"https:\/\/teachchildrenmeditation.com\/es\/wp-json\/wp\/v2\/product\/16906","targetHints":{"allow":["GET"]}}],"collection":[{"href":"https:\/\/teachchildrenmeditation.com\/es\/wp-json\/wp\/v2\/product"}],"about":[{"href":"https:\/\/teachchildrenmeditation.com\/es\/wp-json\/wp\/v2\/types\/product"}],"wp:featuredmedia":[{"embeddable":true,"href":"https:\/\/teachchildrenmeditation.com\/es\/wp-json\/wp\/v2\/media\/18385"}],"wp:attachment":[{"href":"https:\/\/teachchildrenmeditation.com\/es\/wp-json\/wp\/v2\/media?parent=16906"}],"wp:term":[{"taxonomy":"product_brand","embeddable":true,"href":"https:\/\/teachchildrenmeditation.com\/es\/wp-json\/wp\/v2\/product_brand?post=16906"},{"taxonomy":"product_cat","embeddable":true,"href":"https:\/\/teachchildrenmeditation.com\/es\/wp-json\/wp\/v2\/product_cat?post=16906"},{"taxonomy":"product_tag","embeddable":true,"href":"https:\/\/teachchildrenmeditation.com\/es\/wp-json\/wp\/v2\/product_tag?post=16906"}],"curies":[{"name":"wp","href":"https:\/\/api.w.org\/{rel}","templated":true}]}}