{"id":16192,"date":"2024-08-15T15:30:21","date_gmt":"2024-08-15T15:30:21","guid":{"rendered":"https:\/\/teachchildrenmeditation.com\/?post_type=product&#038;p=16192"},"modified":"2025-12-26T01:11:12","modified_gmt":"2025-12-26T01:11:12","slug":"extension-connectedkids-assessment","status":"publish","type":"product","link":"https:\/\/teachchildrenmeditation.com\/es\/producto\/extension-connectedkids-assessment\/","title":{"rendered":"Assessment extension &#8211; 6 months"},"content":{"rendered":"<p><strong>Beneficio<\/strong>:Ampl\u00ede el plazo de presentaci\u00f3n de su evaluaci\u00f3n para la certificaci\u00f3n<\/p>\n<p><strong>Elegibilidad<\/strong>:\u00a0<strong>CK members who have completed the online certification class\u00a0<\/strong><strong>and meet the prerequisites below.\u00a0\u00a0<\/strong><\/p>\n<p><strong>Lo que recibir\u00e1s:<\/strong><\/p>\n<ul>\n<li style=\"list-style-type: none;\">\n<ul>\n<li>Pr\u00f3rroga de 6 meses en el plazo de presentaci\u00f3n de la evaluaci\u00f3n (a partir de la fecha de compra de este producto) para obtener la certificaci\u00f3n.<\/li>\n<\/ul>\n<\/li>\n<\/ul>\n<p><strong>Purchase prerequisites:<\/strong><\/p>\n<ul>\n<li style=\"list-style-type: none;\">\n<ul>\n<li>You have completed all eight professional modules<\/li>\n<li><strong>No m\u00e1s de 6 meses<\/strong>\u00a0have passed since the expiry of the original assessment deadline (check your emails for the confirmation date, and if necessary contact us by email if you are unable to find this).<\/li>\n<\/ul>\n<\/li>\n<\/ul>\n<p><strong>Post-compra<\/strong><\/p>\n<p>Recibir\u00e1 un correo electr\u00f3nico confirmando su nueva fecha l\u00edmite de env\u00edo.<\/p>\n<p>&nbsp;<\/p>\n<p><strong>Tenga en cuenta que solo puede extender su tiempo de env\u00edo si este producto a\u00fan est\u00e1 disponible y nos reservamos el derecho de retirarlo en cualquier momento.\u00a0<\/strong>If this product is no longer available, to gain certification you will need to repurchase the course (currently \u00a31499) \u2013 subject to availability.<\/p>\n<p>If you are an MTEA student, you can use this extension to provide you with another 6-months extension to submit your information to us for certification.<\/p>\n<div class='widescreen divider greenone'><\/div>","protected":false},"excerpt":{"rendered":"<p>For CK professional members (or MTEA students)<\/p>\n<ul>\n<li>Ampl\u00ede el tiempo de env\u00edo de su evaluaci\u00f3n por 6 meses<\/li>\n<\/ul>\n<p>&nbsp;<\/p>","protected":false},"featured_media":18421,"template":"","meta":{"_acf_changed":false},"product_brand":[],"product_cat":[559,727],"product_tag":[687,688],"class_list":{"0":"post-16192","1":"product","2":"type-product","3":"status-publish","4":"has-post-thumbnail","6":"product_cat-ck-tutors","7":"product_cat-refresh-or-extend","8":"product_tag-extension","9":"product_tag-refresher","10":"entry","12":"first","13":"instock","14":"virtual","15":"sold-individually","16":"taxable","17":"purchasable","18":"product-type-simple"},"acf":[],"yoast_head":"<!-- This site is optimized with the Yoast SEO plugin v27.3 - https:\/\/yoast.com\/product\/yoast-seo-wordpress\/ -->\n<title>Assessment extension - 6 months - Teaching Children Meditation<\/title>\n<meta name=\"description\" content=\"assessment extension for connected kids members\" \/>\n<meta name=\"robots\" content=\"index, follow, max-snippet:-1, max-image-preview:large, max-video-preview:-1\" \/>\n<link rel=\"canonical\" href=\"https:\/\/teachchildrenmeditation.com\/es\/producto\/extension-connectedkids-assessment\/\" \/>\n<meta property=\"og:locale\" content=\"es_ES\" \/>\n<meta property=\"og:type\" content=\"article\" \/>\n<meta property=\"og:title\" content=\"Assessment extension - 6 months - Teaching Children Meditation\" \/>\n<meta property=\"og:description\" content=\"assessment extension for connected kids members\" \/>\n<meta property=\"og:url\" content=\"https:\/\/teachchildrenmeditation.com\/es\/producto\/extension-connectedkids-assessment\/\" \/>\n<meta property=\"og:site_name\" content=\"Teaching Children Meditation\" \/>\n<meta property=\"article:publisher\" content=\"https:\/\/www.facebook.com\/connectedkids\" \/>\n<meta property=\"article:modified_time\" content=\"2025-12-26T01:11:12+00:00\" \/>\n<meta property=\"og:image\" content=\"https:\/\/teachchildrenmeditation.com\/files\/2025\/03\/exclusive-2.jpg\" \/>\n\t<meta property=\"og:image:width\" content=\"1080\" \/>\n\t<meta property=\"og:image:height\" content=\"1080\" \/>\n\t<meta property=\"og:image:type\" content=\"image\/jpeg\" \/>\n<meta name=\"twitter:card\" content=\"summary_large_image\" \/>\n<meta name=\"twitter:label1\" content=\"Tiempo de lectura\" \/>\n\t<meta name=\"twitter:data1\" content=\"1 minuto\" \/>\n<script type=\"application\/ld+json\" class=\"yoast-schema-graph\">{\"@context\":\"https:\\\/\\\/schema.org\",\"@graph\":[{\"@type\":\"WebPage\",\"@id\":\"https:\\\/\\\/teachchildrenmeditation.com\\\/product\\\/extension-connectedkids-assessment\\\/\",\"url\":\"https:\\\/\\\/teachchildrenmeditation.com\\\/product\\\/extension-connectedkids-assessment\\\/\",\"name\":\"Assessment extension - 6 months - Teaching Children Meditation\",\"isPartOf\":{\"@id\":\"https:\\\/\\\/teachchildrenmeditation.com\\\/#website\"},\"primaryImageOfPage\":{\"@id\":\"https:\\\/\\\/teachchildrenmeditation.com\\\/product\\\/extension-connectedkids-assessment\\\/#primaryimage\"},\"image\":{\"@id\":\"https:\\\/\\\/teachchildrenmeditation.com\\\/product\\\/extension-connectedkids-assessment\\\/#primaryimage\"},\"thumbnailUrl\":\"https:\\\/\\\/teachchildrenmeditation.com\\\/files\\\/2025\\\/03\\\/exclusive-2.jpg\",\"datePublished\":\"2024-08-15T15:30:21+00:00\",\"dateModified\":\"2025-12-26T01:11:12+00:00\",\"description\":\"assessment extension for connected kids members\",\"breadcrumb\":{\"@id\":\"https:\\\/\\\/teachchildrenmeditation.com\\\/product\\\/extension-connectedkids-assessment\\\/#breadcrumb\"},\"inLanguage\":\"es\",\"potentialAction\":[{\"@type\":\"ReadAction\",\"target\":[\"https:\\\/\\\/teachchildrenmeditation.com\\\/product\\\/extension-connectedkids-assessment\\\/\"]}]},{\"@type\":\"ImageObject\",\"inLanguage\":\"es\",\"@id\":\"https:\\\/\\\/teachchildrenmeditation.com\\\/product\\\/extension-connectedkids-assessment\\\/#primaryimage\",\"url\":\"https:\\\/\\\/teachchildrenmeditation.com\\\/files\\\/2025\\\/03\\\/exclusive-2.jpg\",\"contentUrl\":\"https:\\\/\\\/teachchildrenmeditation.com\\\/files\\\/2025\\\/03\\\/exclusive-2.jpg\",\"width\":1080,\"height\":1080},{\"@type\":\"BreadcrumbList\",\"@id\":\"https:\\\/\\\/teachchildrenmeditation.com\\\/product\\\/extension-connectedkids-assessment\\\/#breadcrumb\",\"itemListElement\":[{\"@type\":\"ListItem\",\"position\":1,\"name\":\"Home\",\"item\":\"https:\\\/\\\/teachchildrenmeditation.com\\\/\"},{\"@type\":\"ListItem\",\"position\":2,\"name\":\"Thank you for visiting our online store\",\"item\":\"https:\\\/\\\/teachchildrenmeditation.com\\\/shop\\\/\"},{\"@type\":\"ListItem\",\"position\":3,\"name\":\"Assessment extension &#8211; 6 months\"}]},{\"@type\":\"WebSite\",\"@id\":\"https:\\\/\\\/teachchildrenmeditation.com\\\/#website\",\"url\":\"https:\\\/\\\/teachchildrenmeditation.com\\\/\",\"name\":\"Teaching Children Meditation\",\"description\":\"accredited and award-winning\",\"publisher\":{\"@id\":\"https:\\\/\\\/teachchildrenmeditation.com\\\/#organization\"},\"potentialAction\":[{\"@type\":\"SearchAction\",\"target\":{\"@type\":\"EntryPoint\",\"urlTemplate\":\"https:\\\/\\\/teachchildrenmeditation.com\\\/?s={search_term_string}\"},\"query-input\":{\"@type\":\"PropertyValueSpecification\",\"valueRequired\":true,\"valueName\":\"search_term_string\"}}],\"inLanguage\":\"es\"},{\"@type\":\"Organization\",\"@id\":\"https:\\\/\\\/teachchildrenmeditation.com\\\/#organization\",\"name\":\"Connected Kids Ltd\",\"url\":\"https:\\\/\\\/teachchildrenmeditation.com\\\/\",\"logo\":{\"@type\":\"ImageObject\",\"inLanguage\":\"es\",\"@id\":\"https:\\\/\\\/teachchildrenmeditation.com\\\/#\\\/schema\\\/logo\\\/image\\\/\",\"url\":\"https:\\\/\\\/teachchildrenmeditation.com\\\/files\\\/2021\\\/04\\\/logo2CK-3.png\",\"contentUrl\":\"https:\\\/\\\/teachchildrenmeditation.com\\\/files\\\/2021\\\/04\\\/logo2CK-3.png\",\"width\":472,\"height\":470,\"caption\":\"Connected Kids Ltd\"},\"image\":{\"@id\":\"https:\\\/\\\/teachchildrenmeditation.com\\\/#\\\/schema\\\/logo\\\/image\\\/\"},\"sameAs\":[\"https:\\\/\\\/www.facebook.com\\\/connectedkids\",\"https:\\\/\\\/www.instagram.com\\\/connectedkids\\\/\"]}]}<\/script>\n<!-- \/ Yoast SEO plugin. -->","yoast_head_json":{"title":"Assessment extension - 6 months - Teaching Children Meditation","description":"assessment extension for connected kids members","robots":{"index":"index","follow":"follow","max-snippet":"max-snippet:-1","max-image-preview":"max-image-preview:large","max-video-preview":"max-video-preview:-1"},"canonical":"https:\/\/teachchildrenmeditation.com\/es\/producto\/extension-connectedkids-assessment\/","og_locale":"es_ES","og_type":"article","og_title":"Assessment extension - 6 months - Teaching Children Meditation","og_description":"assessment extension for connected kids members","og_url":"https:\/\/teachchildrenmeditation.com\/es\/producto\/extension-connectedkids-assessment\/","og_site_name":"Teaching Children Meditation","article_publisher":"https:\/\/www.facebook.com\/connectedkids","article_modified_time":"2025-12-26T01:11:12+00:00","og_image":[{"width":1080,"height":1080,"url":"https:\/\/teachchildrenmeditation.com\/files\/2025\/03\/exclusive-2.jpg","type":"image\/jpeg"}],"twitter_card":"summary_large_image","twitter_misc":{"Tiempo de lectura":"1 minuto"},"schema":{"@context":"https:\/\/schema.org","@graph":[{"@type":"WebPage","@id":"https:\/\/teachchildrenmeditation.com\/product\/extension-connectedkids-assessment\/","url":"https:\/\/teachchildrenmeditation.com\/product\/extension-connectedkids-assessment\/","name":"Assessment extension - 6 months - Teaching Children Meditation","isPartOf":{"@id":"https:\/\/teachchildrenmeditation.com\/#website"},"primaryImageOfPage":{"@id":"https:\/\/teachchildrenmeditation.com\/product\/extension-connectedkids-assessment\/#primaryimage"},"image":{"@id":"https:\/\/teachchildrenmeditation.com\/product\/extension-connectedkids-assessment\/#primaryimage"},"thumbnailUrl":"https:\/\/teachchildrenmeditation.com\/files\/2025\/03\/exclusive-2.jpg","datePublished":"2024-08-15T15:30:21+00:00","dateModified":"2025-12-26T01:11:12+00:00","description":"assessment extension for connected kids members","breadcrumb":{"@id":"https:\/\/teachchildrenmeditation.com\/product\/extension-connectedkids-assessment\/#breadcrumb"},"inLanguage":"es","potentialAction":[{"@type":"ReadAction","target":["https:\/\/teachchildrenmeditation.com\/product\/extension-connectedkids-assessment\/"]}]},{"@type":"ImageObject","inLanguage":"es","@id":"https:\/\/teachchildrenmeditation.com\/product\/extension-connectedkids-assessment\/#primaryimage","url":"https:\/\/teachchildrenmeditation.com\/files\/2025\/03\/exclusive-2.jpg","contentUrl":"https:\/\/teachchildrenmeditation.com\/files\/2025\/03\/exclusive-2.jpg","width":1080,"height":1080},{"@type":"BreadcrumbList","@id":"https:\/\/teachchildrenmeditation.com\/product\/extension-connectedkids-assessment\/#breadcrumb","itemListElement":[{"@type":"ListItem","position":1,"name":"Home","item":"https:\/\/teachchildrenmeditation.com\/"},{"@type":"ListItem","position":2,"name":"Thank you for visiting our online store","item":"https:\/\/teachchildrenmeditation.com\/shop\/"},{"@type":"ListItem","position":3,"name":"Assessment extension &#8211; 6 months"}]},{"@type":"WebSite","@id":"https:\/\/teachchildrenmeditation.com\/#website","url":"https:\/\/teachchildrenmeditation.com\/","name":"Ense\u00f1ar a los ni\u00f1os a meditar","description":"acreditado y premiado","publisher":{"@id":"https:\/\/teachchildrenmeditation.com\/#organization"},"potentialAction":[{"@type":"SearchAction","target":{"@type":"EntryPoint","urlTemplate":"https:\/\/teachchildrenmeditation.com\/?s={search_term_string}"},"query-input":{"@type":"PropertyValueSpecification","valueRequired":true,"valueName":"search_term_string"}}],"inLanguage":"es"},{"@type":"Organization","@id":"https:\/\/teachchildrenmeditation.com\/#organization","name":"Connected Kids Ltd","url":"https:\/\/teachchildrenmeditation.com\/","logo":{"@type":"ImageObject","inLanguage":"es","@id":"https:\/\/teachchildrenmeditation.com\/#\/schema\/logo\/image\/","url":"https:\/\/teachchildrenmeditation.com\/files\/2021\/04\/logo2CK-3.png","contentUrl":"https:\/\/teachchildrenmeditation.com\/files\/2021\/04\/logo2CK-3.png","width":472,"height":470,"caption":"Connected Kids Ltd"},"image":{"@id":"https:\/\/teachchildrenmeditation.com\/#\/schema\/logo\/image\/"},"sameAs":["https:\/\/www.facebook.com\/connectedkids","https:\/\/www.instagram.com\/connectedkids\/"]}]}},"_links":{"self":[{"href":"https:\/\/teachchildrenmeditation.com\/es\/wp-json\/wp\/v2\/product\/16192","targetHints":{"allow":["GET"]}}],"collection":[{"href":"https:\/\/teachchildrenmeditation.com\/es\/wp-json\/wp\/v2\/product"}],"about":[{"href":"https:\/\/teachchildrenmeditation.com\/es\/wp-json\/wp\/v2\/types\/product"}],"wp:featuredmedia":[{"embeddable":true,"href":"https:\/\/teachchildrenmeditation.com\/es\/wp-json\/wp\/v2\/media\/18421"}],"wp:attachment":[{"href":"https:\/\/teachchildrenmeditation.com\/es\/wp-json\/wp\/v2\/media?parent=16192"}],"wp:term":[{"taxonomy":"product_brand","embeddable":true,"href":"https:\/\/teachchildrenmeditation.com\/es\/wp-json\/wp\/v2\/product_brand?post=16192"},{"taxonomy":"product_cat","embeddable":true,"href":"https:\/\/teachchildrenmeditation.com\/es\/wp-json\/wp\/v2\/product_cat?post=16192"},{"taxonomy":"product_tag","embeddable":true,"href":"https:\/\/teachchildrenmeditation.com\/es\/wp-json\/wp\/v2\/product_tag?post=16192"}],"curies":[{"name":"wp","href":"https:\/\/api.w.org\/{rel}","templated":true}]}}