{"id":15554,"date":"2024-04-03T16:59:52","date_gmt":"2024-04-03T16:59:52","guid":{"rendered":"https:\/\/teachchildrenmeditation.com\/?post_type=product&#038;p=15554"},"modified":"2026-03-06T20:41:30","modified_gmt":"2026-03-06T20:41:30","slug":"learn-to-teach-meditation-online-advanced-skills","status":"publish","type":"product","link":"https:\/\/teachchildrenmeditation.com\/es\/producto\/learn-to-teach-meditation-online-advanced-skills\/","title":{"rendered":"Learn to teach meditation online &#8211; advanced skills"},"content":{"rendered":"<h2>\u00a1Ense\u00f1e a los ni\u00f1os a meditar en l\u00ednea!<\/h2>\n<div class=\"xdj266r x11i5rnm xat24cr x1mh8g0r x1vvkbs\">Learn to teach meditation online\u2014Advanced Skills is a self-guided resource that helps you learn the advanced skills for creating practical online meditation sessions for children and\u00a0teens.<\/div>\n<div class=\"x11i5rnm xat24cr x1mh8g0r x1vvkbs xtlvy1s\">\n<p>This resource is designed for existing meditation or yoga teachers or members of our Professional Meditation Teacher Training.<\/p>\n<p>Online meditation sessions can be more appealing to young people who are tech-savvy. We&#8217;ll guide you on developing your online teaching meditation skills &#8211; creating live sessions or post-meditation recordings to enhance their experience.<\/p>\n<h3>Learn to teach meditation online &#8211; advanced skills<\/h3>\n<p>The resources include:<\/p>\n<\/div>\n<ul>\n<li class=\"cvGsUA direction-ltr align-start para-style-body\"><span class=\"OYPEnA text-decoration-none text-strikethrough-none\">The benefits of teaching meditation online &#8211; flexibility and time savers<\/span><\/li>\n<li class=\"cvGsUA direction-ltr align-start para-style-body\">The benefits to families who want their children\/teens to learn meditation but don&#8217;t have the time<\/li>\n<li class=\"cvGsUA direction-ltr align-start para-style-body\">How to overcome your (technical and mental) obstacles to teach meditation online<\/li>\n<li class=\"cvGsUA direction-ltr align-start para-style-body\">choosing the right technology for your needs and how to find practical (sometimes free) resources!<\/li>\n<li class=\"cvGsUA direction-ltr align-start para-style-body\">Preparing to teach online &#8211; to gain the most success &#8211; for all ages, toddlers to teens<\/li>\n<li class=\"cvGsUA direction-ltr align-start para-style-body\">how to adapt meditation tools online &#8211; labyrinths, mandalas, guided meditations, and movement<\/li>\n<li>includes working 121 or with groups online<\/li>\n<li class=\"cvGsUA direction-ltr align-start para-style-body\"><span class=\"OYPEnA text-decoration-none text-strikethrough-none\">contingency plans to save the day<\/span><\/li>\n<li>a comprehensive workbook to guide your online teaching plan<\/li>\n<\/ul>\n<p>&nbsp;<\/p>\n<p>If you currently teach meditation in person, this resource is designed to help you and would like to extend your teaching practice with additional skills.\u00a0 \u00a0 A certificate of completion is available.<\/p>\n<p>&nbsp;<\/p>\n<p>This learning resource does not provide a qualification to teach meditation professionally &#8211; please see our <a href=\"https:\/\/teachchildrenmeditation.com\/es\/meditation-benefits-connected-kids-training\/meditation-teacher-training\/\" target=\"_blank\" rel=\"noopener\">Curso profesional Ni\u00f1os Conectados.<\/a><\/p>\n<p>This resource was created by the founder of Connected Kids Ltd, who has\u00a0<span style=\"box-sizing: border-box; margin: 0px; padding: 0px;\">taught for 30 years and is the author of\u00a0<a href=\"https:\/\/www.amazon.co.uk\/stores\/Lorraine-Murray\/author\/B008AM7B9S?ref=sr_ntt_srch_lnk_1&amp;qid=1742315459&amp;sr=8-1&amp;isDramIntegrated=true&amp;shoppingPortalEnabled=true\" target=\"_blank\" rel=\"noopener\">3 books<\/a> en<\/span>\u00a0teaching meditation to young people.<\/p>\n<p>After purchasing, you will have 28 days to use your access code, which will give you 6 months to review the resource and download the workbook and other materials. The resource takes between 60 and 90 minutes to complete.<\/p>\n<p>&nbsp;<\/p>\n<p>&nbsp;<\/p>","protected":false},"excerpt":{"rendered":"<ul>\n<li>Teach meditation to young people worldwide &#8211; online<\/li>\n<li>Mejora tus habilidades para ense\u00f1ar en l\u00ednea<\/li>\n<li>Includes workbook<\/li>\n<li>Approx 60 to 90 minutes of study<\/li>\n<li>Certificado de finalizaci\u00f3n disponible<\/li>\n<li>Suitable for meditation\/yoga teachers for children (age 5 to 17)<\/li>\n<\/ul>","protected":false},"featured_media":18390,"template":"","meta":{"_acf_changed":false},"product_brand":[],"product_cat":[747,559,799],"product_tag":[],"class_list":{"0":"post-15554","1":"product","2":"type-product","3":"status-publish","4":"has-post-thumbnail","6":"product_cat-connected-kids-shop","7":"product_cat-ck-tutors","8":"product_cat-teaching-meditation-resources","9":"entry","11":"first","12":"instock","13":"virtual","14":"taxable","15":"purchasable","16":"product-type-simple"},"acf":[],"yoast_head":"<!-- This site is optimized with the Yoast SEO plugin v27.3 - https:\/\/yoast.com\/product\/yoast-seo-wordpress\/ -->\n<title>Learn to teach meditation online - advanced skills - Teaching Children Meditation<\/title>\n<meta name=\"description\" content=\"Learn to teach meditation online - advanced skills for meditation or yoga teachers or connected kids professional members\" \/>\n<meta name=\"robots\" content=\"index, follow, max-snippet:-1, max-image-preview:large, max-video-preview:-1\" \/>\n<link rel=\"canonical\" href=\"https:\/\/teachchildrenmeditation.com\/es\/producto\/learn-to-teach-meditation-online-advanced-skills\/\" \/>\n<meta property=\"og:locale\" content=\"es_ES\" \/>\n<meta property=\"og:type\" content=\"article\" \/>\n<meta property=\"og:title\" content=\"Learn to teach meditation online - advanced skills - Teaching Children Meditation\" \/>\n<meta property=\"og:description\" content=\"Learn to teach meditation online - advanced skills for meditation or yoga teachers or connected kids professional members\" \/>\n<meta property=\"og:url\" content=\"https:\/\/teachchildrenmeditation.com\/es\/producto\/learn-to-teach-meditation-online-advanced-skills\/\" \/>\n<meta property=\"og:site_name\" content=\"Teaching Children Meditation\" \/>\n<meta property=\"article:publisher\" content=\"https:\/\/www.facebook.com\/connectedkids\" \/>\n<meta property=\"article:modified_time\" content=\"2026-03-06T20:41:30+00:00\" \/>\n<meta property=\"og:image\" content=\"https:\/\/teachchildrenmeditation.com\/files\/2024\/04\/course-product-photos-SHOP-8.jpg\" \/>\n\t<meta property=\"og:image:width\" content=\"1080\" \/>\n\t<meta property=\"og:image:height\" content=\"1080\" \/>\n\t<meta property=\"og:image:type\" content=\"image\/jpeg\" \/>\n<meta name=\"twitter:card\" content=\"summary_large_image\" \/>\n<meta name=\"twitter:label1\" content=\"Tiempo de lectura\" \/>\n\t<meta name=\"twitter:data1\" content=\"2 minutos\" \/>\n<script type=\"application\/ld+json\" class=\"yoast-schema-graph\">{\"@context\":\"https:\\\/\\\/schema.org\",\"@graph\":[{\"@type\":\"WebPage\",\"@id\":\"https:\\\/\\\/teachchildrenmeditation.com\\\/product\\\/learn-to-teach-meditation-online-advanced-skills\\\/\",\"url\":\"https:\\\/\\\/teachchildrenmeditation.com\\\/product\\\/learn-to-teach-meditation-online-advanced-skills\\\/\",\"name\":\"Learn to teach meditation online - advanced skills - Teaching Children Meditation\",\"isPartOf\":{\"@id\":\"https:\\\/\\\/teachchildrenmeditation.com\\\/#website\"},\"primaryImageOfPage\":{\"@id\":\"https:\\\/\\\/teachchildrenmeditation.com\\\/product\\\/learn-to-teach-meditation-online-advanced-skills\\\/#primaryimage\"},\"image\":{\"@id\":\"https:\\\/\\\/teachchildrenmeditation.com\\\/product\\\/learn-to-teach-meditation-online-advanced-skills\\\/#primaryimage\"},\"thumbnailUrl\":\"https:\\\/\\\/teachchildrenmeditation.com\\\/files\\\/2024\\\/04\\\/course-product-photos-SHOP-8.jpg\",\"datePublished\":\"2024-04-03T16:59:52+00:00\",\"dateModified\":\"2026-03-06T20:41:30+00:00\",\"description\":\"Learn to teach meditation online - advanced skills for meditation or yoga teachers or connected kids professional members\",\"breadcrumb\":{\"@id\":\"https:\\\/\\\/teachchildrenmeditation.com\\\/product\\\/learn-to-teach-meditation-online-advanced-skills\\\/#breadcrumb\"},\"inLanguage\":\"es\",\"potentialAction\":[{\"@type\":\"ReadAction\",\"target\":[\"https:\\\/\\\/teachchildrenmeditation.com\\\/product\\\/learn-to-teach-meditation-online-advanced-skills\\\/\"]}]},{\"@type\":\"ImageObject\",\"inLanguage\":\"es\",\"@id\":\"https:\\\/\\\/teachchildrenmeditation.com\\\/product\\\/learn-to-teach-meditation-online-advanced-skills\\\/#primaryimage\",\"url\":\"https:\\\/\\\/teachchildrenmeditation.com\\\/files\\\/2024\\\/04\\\/course-product-photos-SHOP-8.jpg\",\"contentUrl\":\"https:\\\/\\\/teachchildrenmeditation.com\\\/files\\\/2024\\\/04\\\/course-product-photos-SHOP-8.jpg\",\"width\":1080,\"height\":1080,\"caption\":\"teach meditation online to children skills\"},{\"@type\":\"BreadcrumbList\",\"@id\":\"https:\\\/\\\/teachchildrenmeditation.com\\\/product\\\/learn-to-teach-meditation-online-advanced-skills\\\/#breadcrumb\",\"itemListElement\":[{\"@type\":\"ListItem\",\"position\":1,\"name\":\"Home\",\"item\":\"https:\\\/\\\/teachchildrenmeditation.com\\\/\"},{\"@type\":\"ListItem\",\"position\":2,\"name\":\"Thank you for visiting our online store\",\"item\":\"https:\\\/\\\/teachchildrenmeditation.com\\\/shop\\\/\"},{\"@type\":\"ListItem\",\"position\":3,\"name\":\"Learn to teach meditation online &#8211; advanced skills\"}]},{\"@type\":\"WebSite\",\"@id\":\"https:\\\/\\\/teachchildrenmeditation.com\\\/#website\",\"url\":\"https:\\\/\\\/teachchildrenmeditation.com\\\/\",\"name\":\"Teaching Children Meditation\",\"description\":\"accredited and award-winning\",\"publisher\":{\"@id\":\"https:\\\/\\\/teachchildrenmeditation.com\\\/#organization\"},\"potentialAction\":[{\"@type\":\"SearchAction\",\"target\":{\"@type\":\"EntryPoint\",\"urlTemplate\":\"https:\\\/\\\/teachchildrenmeditation.com\\\/?s={search_term_string}\"},\"query-input\":{\"@type\":\"PropertyValueSpecification\",\"valueRequired\":true,\"valueName\":\"search_term_string\"}}],\"inLanguage\":\"es\"},{\"@type\":\"Organization\",\"@id\":\"https:\\\/\\\/teachchildrenmeditation.com\\\/#organization\",\"name\":\"Connected Kids Ltd\",\"url\":\"https:\\\/\\\/teachchildrenmeditation.com\\\/\",\"logo\":{\"@type\":\"ImageObject\",\"inLanguage\":\"es\",\"@id\":\"https:\\\/\\\/teachchildrenmeditation.com\\\/#\\\/schema\\\/logo\\\/image\\\/\",\"url\":\"https:\\\/\\\/teachchildrenmeditation.com\\\/files\\\/2021\\\/04\\\/logo2CK-3.png\",\"contentUrl\":\"https:\\\/\\\/teachchildrenmeditation.com\\\/files\\\/2021\\\/04\\\/logo2CK-3.png\",\"width\":472,\"height\":470,\"caption\":\"Connected Kids Ltd\"},\"image\":{\"@id\":\"https:\\\/\\\/teachchildrenmeditation.com\\\/#\\\/schema\\\/logo\\\/image\\\/\"},\"sameAs\":[\"https:\\\/\\\/www.facebook.com\\\/connectedkids\",\"https:\\\/\\\/www.instagram.com\\\/connectedkids\\\/\"]}]}<\/script>\n<!-- \/ Yoast SEO plugin. -->","yoast_head_json":{"title":"Learn to teach meditation online - advanced skills - Teaching Children Meditation","description":"Learn to teach meditation online - advanced skills for meditation or yoga teachers or connected kids professional members","robots":{"index":"index","follow":"follow","max-snippet":"max-snippet:-1","max-image-preview":"max-image-preview:large","max-video-preview":"max-video-preview:-1"},"canonical":"https:\/\/teachchildrenmeditation.com\/es\/producto\/learn-to-teach-meditation-online-advanced-skills\/","og_locale":"es_ES","og_type":"article","og_title":"Learn to teach meditation online - advanced skills - Teaching Children Meditation","og_description":"Learn to teach meditation online - advanced skills for meditation or yoga teachers or connected kids professional members","og_url":"https:\/\/teachchildrenmeditation.com\/es\/producto\/learn-to-teach-meditation-online-advanced-skills\/","og_site_name":"Teaching Children Meditation","article_publisher":"https:\/\/www.facebook.com\/connectedkids","article_modified_time":"2026-03-06T20:41:30+00:00","og_image":[{"width":1080,"height":1080,"url":"https:\/\/teachchildrenmeditation.com\/files\/2024\/04\/course-product-photos-SHOP-8.jpg","type":"image\/jpeg"}],"twitter_card":"summary_large_image","twitter_misc":{"Tiempo de lectura":"2 minutos"},"schema":{"@context":"https:\/\/schema.org","@graph":[{"@type":"WebPage","@id":"https:\/\/teachchildrenmeditation.com\/product\/learn-to-teach-meditation-online-advanced-skills\/","url":"https:\/\/teachchildrenmeditation.com\/product\/learn-to-teach-meditation-online-advanced-skills\/","name":"Learn to teach meditation online - advanced skills - Teaching Children Meditation","isPartOf":{"@id":"https:\/\/teachchildrenmeditation.com\/#website"},"primaryImageOfPage":{"@id":"https:\/\/teachchildrenmeditation.com\/product\/learn-to-teach-meditation-online-advanced-skills\/#primaryimage"},"image":{"@id":"https:\/\/teachchildrenmeditation.com\/product\/learn-to-teach-meditation-online-advanced-skills\/#primaryimage"},"thumbnailUrl":"https:\/\/teachchildrenmeditation.com\/files\/2024\/04\/course-product-photos-SHOP-8.jpg","datePublished":"2024-04-03T16:59:52+00:00","dateModified":"2026-03-06T20:41:30+00:00","description":"Learn to teach meditation online - advanced skills for meditation or yoga teachers or connected kids professional members","breadcrumb":{"@id":"https:\/\/teachchildrenmeditation.com\/product\/learn-to-teach-meditation-online-advanced-skills\/#breadcrumb"},"inLanguage":"es","potentialAction":[{"@type":"ReadAction","target":["https:\/\/teachchildrenmeditation.com\/product\/learn-to-teach-meditation-online-advanced-skills\/"]}]},{"@type":"ImageObject","inLanguage":"es","@id":"https:\/\/teachchildrenmeditation.com\/product\/learn-to-teach-meditation-online-advanced-skills\/#primaryimage","url":"https:\/\/teachchildrenmeditation.com\/files\/2024\/04\/course-product-photos-SHOP-8.jpg","contentUrl":"https:\/\/teachchildrenmeditation.com\/files\/2024\/04\/course-product-photos-SHOP-8.jpg","width":1080,"height":1080,"caption":"teach meditation online to children skills"},{"@type":"BreadcrumbList","@id":"https:\/\/teachchildrenmeditation.com\/product\/learn-to-teach-meditation-online-advanced-skills\/#breadcrumb","itemListElement":[{"@type":"ListItem","position":1,"name":"Home","item":"https:\/\/teachchildrenmeditation.com\/"},{"@type":"ListItem","position":2,"name":"Thank you for visiting our online store","item":"https:\/\/teachchildrenmeditation.com\/shop\/"},{"@type":"ListItem","position":3,"name":"Learn to teach meditation online &#8211; advanced skills"}]},{"@type":"WebSite","@id":"https:\/\/teachchildrenmeditation.com\/#website","url":"https:\/\/teachchildrenmeditation.com\/","name":"Ense\u00f1ar a los ni\u00f1os a meditar","description":"acreditado y premiado","publisher":{"@id":"https:\/\/teachchildrenmeditation.com\/#organization"},"potentialAction":[{"@type":"SearchAction","target":{"@type":"EntryPoint","urlTemplate":"https:\/\/teachchildrenmeditation.com\/?s={search_term_string}"},"query-input":{"@type":"PropertyValueSpecification","valueRequired":true,"valueName":"search_term_string"}}],"inLanguage":"es"},{"@type":"Organization","@id":"https:\/\/teachchildrenmeditation.com\/#organization","name":"Connected Kids Ltd","url":"https:\/\/teachchildrenmeditation.com\/","logo":{"@type":"ImageObject","inLanguage":"es","@id":"https:\/\/teachchildrenmeditation.com\/#\/schema\/logo\/image\/","url":"https:\/\/teachchildrenmeditation.com\/files\/2021\/04\/logo2CK-3.png","contentUrl":"https:\/\/teachchildrenmeditation.com\/files\/2021\/04\/logo2CK-3.png","width":472,"height":470,"caption":"Connected Kids Ltd"},"image":{"@id":"https:\/\/teachchildrenmeditation.com\/#\/schema\/logo\/image\/"},"sameAs":["https:\/\/www.facebook.com\/connectedkids","https:\/\/www.instagram.com\/connectedkids\/"]}]}},"_links":{"self":[{"href":"https:\/\/teachchildrenmeditation.com\/es\/wp-json\/wp\/v2\/product\/15554","targetHints":{"allow":["GET"]}}],"collection":[{"href":"https:\/\/teachchildrenmeditation.com\/es\/wp-json\/wp\/v2\/product"}],"about":[{"href":"https:\/\/teachchildrenmeditation.com\/es\/wp-json\/wp\/v2\/types\/product"}],"wp:featuredmedia":[{"embeddable":true,"href":"https:\/\/teachchildrenmeditation.com\/es\/wp-json\/wp\/v2\/media\/18390"}],"wp:attachment":[{"href":"https:\/\/teachchildrenmeditation.com\/es\/wp-json\/wp\/v2\/media?parent=15554"}],"wp:term":[{"taxonomy":"product_brand","embeddable":true,"href":"https:\/\/teachchildrenmeditation.com\/es\/wp-json\/wp\/v2\/product_brand?post=15554"},{"taxonomy":"product_cat","embeddable":true,"href":"https:\/\/teachchildrenmeditation.com\/es\/wp-json\/wp\/v2\/product_cat?post=15554"},{"taxonomy":"product_tag","embeddable":true,"href":"https:\/\/teachchildrenmeditation.com\/es\/wp-json\/wp\/v2\/product_tag?post=15554"}],"curies":[{"name":"wp","href":"https:\/\/api.w.org\/{rel}","templated":true}]}}