{"id":14702,"date":"2024-01-12T17:07:39","date_gmt":"2024-01-12T17:07:39","guid":{"rendered":"https:\/\/teachchildrenmeditation.com\/?post_type=product&#038;p=14702"},"modified":"2026-04-03T19:51:52","modified_gmt":"2026-04-03T19:51:52","slug":"professional-meditation-teacher-course-certified-and-accredited-payment-plan","status":"publish","type":"product","link":"https:\/\/teachchildrenmeditation.com\/es\/producto\/professional-meditation-teacher-course-certified-and-accredited-payment-plan\/","title":{"rendered":"Profesora de meditaci\u00f3n \u2013 certificada y acreditada"},"content":{"rendered":"<h2>Formaci\u00f3n de profesores de meditaci\u00f3n.<\/h2>\n<p>Formaci\u00f3n acreditada para convertirse en <strong>profesor de meditaci\u00f3n profesional<\/strong> para j\u00f3venes a trav\u00e9s del curso profesional Connected Kids.<\/p>\n<p>This professional online training program is accredited by IMMA (International Mindfulness and Meditation Alliance) and IICT (International Institute for Complementary Therapists).<\/p>\n<p>El bono incluye el curso b\u00e1sico para ayudarte a crear guiones de meditaci\u00f3n para ense\u00f1ar a ni\u00f1os y adolescentes.<\/p>\n<p style=\"text-align: center;\"><em><span class=\"OYPEnA text-decoration-none text-strikethrough-none\"><div class='testimonial' style='border-top-color:#D3DCE8; background-color:#D3DCE8;'>&#8220;<strong>\u00a1Muchas gracias por mi viaje! \u00a1He aprendido mucho y sigo haci\u00e9ndolo todos los d\u00edas!<\/strong>&#8220;<\/span><\/em><em> <\/div><\/em><\/p>\n<p><b><a target='_blank' class='outward_link deeppink' href='https:\/\/teachchildrenmeditation.com\/es\/files\/2024\/06\/connected-kids-professional-syllabus.pdf\/'>Course Syllabus<\/a><\/b><\/p>\n<p>The course was created by the founder of Connected Kids and author with 20+ years of teaching children meditation and working with trauma-experienced children.\u00a0 \u00a0It connects to the work of her<a href=\"https:\/\/www.amazon.co.uk\/stores\/Lorraine-Murray\/author\/B008AM7B9S?ref=sr_ntt_srch_lnk_1&amp;qid=1742315459&amp;sr=8-1&amp;isDramIntegrated=true&amp;shoppingPortalEnabled=true\" target=\"_blank\" rel=\"noopener\"> libros m\u00e1s vendidos<\/a> which includes teaching meditation professionally to help autistic children, those with ADHD\/SEN and for an age group that spans toddler to teens.<\/p>\n<h3><strong>How it works<\/strong><\/h3>\n<p>After your purchase you will receive instructions on how to activate your access to the self-study course.<\/p>\n<p>Once activated, you will have 24 months access to the online professional modules.\u00a0 Within 12 months of starting the course you must book your *online certification class.\u00a0 You must complete the payment plan in order to retain your access to the modules.\u00a0 The first payment will be the deposit plus the first month payment followed by monthly payments for the remaining 9 months.<\/p>\n<p>The payment plan option includes an admin fee &#8211; total cost is \u00a31489<\/p>\n<p><b><a target='_blank' class='outward_link deeppink' href='https:\/\/teachchildrenmeditation.com\/es\/meditation-benefits-connected-kids-training\/Meditation%20teacher%20training\/'>Informaci\u00f3n completa del curso<\/a><\/b><\/p>\n<p>&nbsp;<\/p>\n<h3>Connected Kids Values<\/h3>\n<ul>\n<li>Capacitar a los adultos con las habilidades y el conocimiento para ense\u00f1ar meditaci\u00f3n a los j\u00f3venes.<\/li>\n<li>Removing pre-conceived ideas that children can\u2019t learn meditation.<\/li>\n<li>Adaptar m\u00e9todos para j\u00f3venes con necesidades educativas especiales, autismo o TDAH para garantizar que se beneficien de las habilidades de atenci\u00f3n plena.<\/li>\n<li>Priorizar un enfoque compasivo y centrado en el ni\u00f1o en todos nuestros esfuerzos.<\/li>\n<li>Un compromiso para ayudar a combinar los beneficios cient\u00edficos investigados de la meditaci\u00f3n con pr\u00e1cticas de ense\u00f1anza creativas y conscientes de la energ\u00eda.<\/li>\n<\/ul>\n<p>*You would choose\u00a0<b>uno\u00a0<\/b>from the following dates (3 time slot options per date)\u00a0 Current dates are:<\/p>\n<p>2025 &#8211; 19th November or<\/p>\n<p>2026 &#8211; 4th Feb, 8th April, 10th June, 2nd Sept or 4th November<\/p>\n<p><b><a target='_blank' class='outward_link deeppink' href='https:\/\/tidycal.com\/3qd92v1\/online-class-ck-prof'>Class timings<\/a><\/b><\/p>","protected":false},"excerpt":{"rendered":"<ul>\n<li>Accredited certification IICT and IMMA<\/li>\n<li>Online modules &#8211; 24 months access<\/li>\n<li>Includes online certification class and foundation course<\/li>\n<\/ul>","protected":false},"featured_media":18418,"template":"","meta":{"_acf_changed":false},"product_brand":[],"product_cat":[747,557],"product_tag":[457,651,549,652,548,547,546],"class_list":{"0":"post-14702","1":"product","2":"type-product","3":"status-publish","4":"has-post-thumbnail","6":"product_cat-connected-kids-shop","7":"product_cat-meditation-teacher-training","8":"product_tag-connected-kids","9":"product_tag-meditation-teacher-for-kids-training","10":"product_tag-meditation-teacher-training","11":"product_tag-mindfulness-teacher-for-children-training","12":"product_tag-mindfulness-teacher-training","13":"product_tag-online-course","14":"product_tag-professional-training","15":"entry","17":"first","18":"instock","19":"virtual","20":"sold-individually","21":"taxable","22":"purchasable","23":"product-type-subscription"},"acf":[],"yoast_head":"<!-- This site is optimized with the Yoast SEO plugin v27.3 - https:\/\/yoast.com\/product\/yoast-seo-wordpress\/ -->\n<title>Meditation teacher - certified and accredited - Teaching Children Meditation<\/title>\n<meta name=\"description\" content=\"accredited professional meditation teacher training - kids, children, teens - payment plan option with connected kids ltd\" \/>\n<meta name=\"robots\" content=\"index, follow, max-snippet:-1, max-image-preview:large, max-video-preview:-1\" \/>\n<link rel=\"canonical\" href=\"https:\/\/teachchildrenmeditation.com\/es\/producto\/professional-meditation-teacher-course-certified-and-accredited-payment-plan\/\" \/>\n<meta property=\"og:locale\" content=\"es_ES\" \/>\n<meta property=\"og:type\" content=\"article\" \/>\n<meta property=\"og:title\" content=\"Meditation teacher - certified and accredited - Teaching Children Meditation\" \/>\n<meta property=\"og:description\" content=\"accredited professional meditation teacher training - kids, children, teens - payment plan option with connected kids ltd\" \/>\n<meta property=\"og:url\" content=\"https:\/\/teachchildrenmeditation.com\/es\/producto\/professional-meditation-teacher-course-certified-and-accredited-payment-plan\/\" \/>\n<meta property=\"og:site_name\" content=\"Teaching Children Meditation\" \/>\n<meta property=\"article:publisher\" content=\"https:\/\/www.facebook.com\/connectedkids\" \/>\n<meta property=\"article:modified_time\" content=\"2026-04-03T19:51:52+00:00\" \/>\n<meta property=\"og:image\" content=\"https:\/\/teachchildrenmeditation.com\/files\/2024\/01\/course-product-photos-SHOP-11.jpg\" \/>\n\t<meta property=\"og:image:width\" content=\"1080\" \/>\n\t<meta property=\"og:image:height\" content=\"1080\" \/>\n\t<meta property=\"og:image:type\" content=\"image\/jpeg\" \/>\n<meta name=\"twitter:card\" content=\"summary_large_image\" \/>\n<meta name=\"twitter:label1\" content=\"Tiempo de lectura\" \/>\n\t<meta name=\"twitter:data1\" content=\"1 minuto\" \/>\n<script type=\"application\/ld+json\" class=\"yoast-schema-graph\">{\"@context\":\"https:\\\/\\\/schema.org\",\"@graph\":[{\"@type\":\"WebPage\",\"@id\":\"https:\\\/\\\/teachchildrenmeditation.com\\\/product\\\/professional-meditation-teacher-course-certified-and-accredited-payment-plan\\\/\",\"url\":\"https:\\\/\\\/teachchildrenmeditation.com\\\/product\\\/professional-meditation-teacher-course-certified-and-accredited-payment-plan\\\/\",\"name\":\"Meditation teacher - certified and accredited - Teaching Children Meditation\",\"isPartOf\":{\"@id\":\"https:\\\/\\\/teachchildrenmeditation.com\\\/#website\"},\"primaryImageOfPage\":{\"@id\":\"https:\\\/\\\/teachchildrenmeditation.com\\\/product\\\/professional-meditation-teacher-course-certified-and-accredited-payment-plan\\\/#primaryimage\"},\"image\":{\"@id\":\"https:\\\/\\\/teachchildrenmeditation.com\\\/product\\\/professional-meditation-teacher-course-certified-and-accredited-payment-plan\\\/#primaryimage\"},\"thumbnailUrl\":\"https:\\\/\\\/teachchildrenmeditation.com\\\/files\\\/2024\\\/01\\\/course-product-photos-SHOP-11.jpg\",\"datePublished\":\"2024-01-12T17:07:39+00:00\",\"dateModified\":\"2026-04-03T19:51:52+00:00\",\"description\":\"accredited professional meditation teacher training - kids, children, teens - payment plan option with connected kids ltd\",\"breadcrumb\":{\"@id\":\"https:\\\/\\\/teachchildrenmeditation.com\\\/product\\\/professional-meditation-teacher-course-certified-and-accredited-payment-plan\\\/#breadcrumb\"},\"inLanguage\":\"es\",\"potentialAction\":[{\"@type\":\"ReadAction\",\"target\":[\"https:\\\/\\\/teachchildrenmeditation.com\\\/product\\\/professional-meditation-teacher-course-certified-and-accredited-payment-plan\\\/\"]}]},{\"@type\":\"ImageObject\",\"inLanguage\":\"es\",\"@id\":\"https:\\\/\\\/teachchildrenmeditation.com\\\/product\\\/professional-meditation-teacher-course-certified-and-accredited-payment-plan\\\/#primaryimage\",\"url\":\"https:\\\/\\\/teachchildrenmeditation.com\\\/files\\\/2024\\\/01\\\/course-product-photos-SHOP-11.jpg\",\"contentUrl\":\"https:\\\/\\\/teachchildrenmeditation.com\\\/files\\\/2024\\\/01\\\/course-product-photos-SHOP-11.jpg\",\"width\":1080,\"height\":1080,\"caption\":\"meditation teacher training accredited and certified imma icct\"},{\"@type\":\"BreadcrumbList\",\"@id\":\"https:\\\/\\\/teachchildrenmeditation.com\\\/product\\\/professional-meditation-teacher-course-certified-and-accredited-payment-plan\\\/#breadcrumb\",\"itemListElement\":[{\"@type\":\"ListItem\",\"position\":1,\"name\":\"Home\",\"item\":\"https:\\\/\\\/teachchildrenmeditation.com\\\/\"},{\"@type\":\"ListItem\",\"position\":2,\"name\":\"Thank you for visiting our online store\",\"item\":\"https:\\\/\\\/teachchildrenmeditation.com\\\/shop\\\/\"},{\"@type\":\"ListItem\",\"position\":3,\"name\":\"Meditation teacher &#8211; certified and accredited\"}]},{\"@type\":\"WebSite\",\"@id\":\"https:\\\/\\\/teachchildrenmeditation.com\\\/#website\",\"url\":\"https:\\\/\\\/teachchildrenmeditation.com\\\/\",\"name\":\"Teaching Children Meditation\",\"description\":\"accredited and award-winning\",\"publisher\":{\"@id\":\"https:\\\/\\\/teachchildrenmeditation.com\\\/#organization\"},\"potentialAction\":[{\"@type\":\"SearchAction\",\"target\":{\"@type\":\"EntryPoint\",\"urlTemplate\":\"https:\\\/\\\/teachchildrenmeditation.com\\\/?s={search_term_string}\"},\"query-input\":{\"@type\":\"PropertyValueSpecification\",\"valueRequired\":true,\"valueName\":\"search_term_string\"}}],\"inLanguage\":\"es\"},{\"@type\":\"Organization\",\"@id\":\"https:\\\/\\\/teachchildrenmeditation.com\\\/#organization\",\"name\":\"Connected Kids Ltd\",\"url\":\"https:\\\/\\\/teachchildrenmeditation.com\\\/\",\"logo\":{\"@type\":\"ImageObject\",\"inLanguage\":\"es\",\"@id\":\"https:\\\/\\\/teachchildrenmeditation.com\\\/#\\\/schema\\\/logo\\\/image\\\/\",\"url\":\"https:\\\/\\\/teachchildrenmeditation.com\\\/files\\\/2021\\\/04\\\/logo2CK-3.png\",\"contentUrl\":\"https:\\\/\\\/teachchildrenmeditation.com\\\/files\\\/2021\\\/04\\\/logo2CK-3.png\",\"width\":472,\"height\":470,\"caption\":\"Connected Kids Ltd\"},\"image\":{\"@id\":\"https:\\\/\\\/teachchildrenmeditation.com\\\/#\\\/schema\\\/logo\\\/image\\\/\"},\"sameAs\":[\"https:\\\/\\\/www.facebook.com\\\/connectedkids\",\"https:\\\/\\\/www.instagram.com\\\/connectedkids\\\/\"]}]}<\/script>\n<!-- \/ Yoast SEO plugin. -->","yoast_head_json":{"title":"Meditation teacher - certified and accredited - Teaching Children Meditation","description":"accredited professional meditation teacher training - kids, children, teens - payment plan option with connected kids ltd","robots":{"index":"index","follow":"follow","max-snippet":"max-snippet:-1","max-image-preview":"max-image-preview:large","max-video-preview":"max-video-preview:-1"},"canonical":"https:\/\/teachchildrenmeditation.com\/es\/producto\/professional-meditation-teacher-course-certified-and-accredited-payment-plan\/","og_locale":"es_ES","og_type":"article","og_title":"Meditation teacher - certified and accredited - Teaching Children Meditation","og_description":"accredited professional meditation teacher training - kids, children, teens - payment plan option with connected kids ltd","og_url":"https:\/\/teachchildrenmeditation.com\/es\/producto\/professional-meditation-teacher-course-certified-and-accredited-payment-plan\/","og_site_name":"Teaching Children Meditation","article_publisher":"https:\/\/www.facebook.com\/connectedkids","article_modified_time":"2026-04-03T19:51:52+00:00","og_image":[{"width":1080,"height":1080,"url":"https:\/\/teachchildrenmeditation.com\/files\/2024\/01\/course-product-photos-SHOP-11.jpg","type":"image\/jpeg"}],"twitter_card":"summary_large_image","twitter_misc":{"Tiempo de lectura":"1 minuto"},"schema":{"@context":"https:\/\/schema.org","@graph":[{"@type":"WebPage","@id":"https:\/\/teachchildrenmeditation.com\/product\/professional-meditation-teacher-course-certified-and-accredited-payment-plan\/","url":"https:\/\/teachchildrenmeditation.com\/product\/professional-meditation-teacher-course-certified-and-accredited-payment-plan\/","name":"Meditation teacher - certified and accredited - Teaching Children Meditation","isPartOf":{"@id":"https:\/\/teachchildrenmeditation.com\/#website"},"primaryImageOfPage":{"@id":"https:\/\/teachchildrenmeditation.com\/product\/professional-meditation-teacher-course-certified-and-accredited-payment-plan\/#primaryimage"},"image":{"@id":"https:\/\/teachchildrenmeditation.com\/product\/professional-meditation-teacher-course-certified-and-accredited-payment-plan\/#primaryimage"},"thumbnailUrl":"https:\/\/teachchildrenmeditation.com\/files\/2024\/01\/course-product-photos-SHOP-11.jpg","datePublished":"2024-01-12T17:07:39+00:00","dateModified":"2026-04-03T19:51:52+00:00","description":"accredited professional meditation teacher training - kids, children, teens - payment plan option with connected kids ltd","breadcrumb":{"@id":"https:\/\/teachchildrenmeditation.com\/product\/professional-meditation-teacher-course-certified-and-accredited-payment-plan\/#breadcrumb"},"inLanguage":"es","potentialAction":[{"@type":"ReadAction","target":["https:\/\/teachchildrenmeditation.com\/product\/professional-meditation-teacher-course-certified-and-accredited-payment-plan\/"]}]},{"@type":"ImageObject","inLanguage":"es","@id":"https:\/\/teachchildrenmeditation.com\/product\/professional-meditation-teacher-course-certified-and-accredited-payment-plan\/#primaryimage","url":"https:\/\/teachchildrenmeditation.com\/files\/2024\/01\/course-product-photos-SHOP-11.jpg","contentUrl":"https:\/\/teachchildrenmeditation.com\/files\/2024\/01\/course-product-photos-SHOP-11.jpg","width":1080,"height":1080,"caption":"meditation teacher training accredited and certified imma icct"},{"@type":"BreadcrumbList","@id":"https:\/\/teachchildrenmeditation.com\/product\/professional-meditation-teacher-course-certified-and-accredited-payment-plan\/#breadcrumb","itemListElement":[{"@type":"ListItem","position":1,"name":"Home","item":"https:\/\/teachchildrenmeditation.com\/"},{"@type":"ListItem","position":2,"name":"Thank you for visiting our online store","item":"https:\/\/teachchildrenmeditation.com\/shop\/"},{"@type":"ListItem","position":3,"name":"Meditation teacher &#8211; certified and accredited"}]},{"@type":"WebSite","@id":"https:\/\/teachchildrenmeditation.com\/#website","url":"https:\/\/teachchildrenmeditation.com\/","name":"Ense\u00f1ar a los ni\u00f1os a meditar","description":"acreditado y premiado","publisher":{"@id":"https:\/\/teachchildrenmeditation.com\/#organization"},"potentialAction":[{"@type":"SearchAction","target":{"@type":"EntryPoint","urlTemplate":"https:\/\/teachchildrenmeditation.com\/?s={search_term_string}"},"query-input":{"@type":"PropertyValueSpecification","valueRequired":true,"valueName":"search_term_string"}}],"inLanguage":"es"},{"@type":"Organization","@id":"https:\/\/teachchildrenmeditation.com\/#organization","name":"Connected Kids Ltd","url":"https:\/\/teachchildrenmeditation.com\/","logo":{"@type":"ImageObject","inLanguage":"es","@id":"https:\/\/teachchildrenmeditation.com\/#\/schema\/logo\/image\/","url":"https:\/\/teachchildrenmeditation.com\/files\/2021\/04\/logo2CK-3.png","contentUrl":"https:\/\/teachchildrenmeditation.com\/files\/2021\/04\/logo2CK-3.png","width":472,"height":470,"caption":"Connected Kids Ltd"},"image":{"@id":"https:\/\/teachchildrenmeditation.com\/#\/schema\/logo\/image\/"},"sameAs":["https:\/\/www.facebook.com\/connectedkids","https:\/\/www.instagram.com\/connectedkids\/"]}]}},"_links":{"self":[{"href":"https:\/\/teachchildrenmeditation.com\/es\/wp-json\/wp\/v2\/product\/14702","targetHints":{"allow":["GET"]}}],"collection":[{"href":"https:\/\/teachchildrenmeditation.com\/es\/wp-json\/wp\/v2\/product"}],"about":[{"href":"https:\/\/teachchildrenmeditation.com\/es\/wp-json\/wp\/v2\/types\/product"}],"wp:featuredmedia":[{"embeddable":true,"href":"https:\/\/teachchildrenmeditation.com\/es\/wp-json\/wp\/v2\/media\/18418"}],"wp:attachment":[{"href":"https:\/\/teachchildrenmeditation.com\/es\/wp-json\/wp\/v2\/media?parent=14702"}],"wp:term":[{"taxonomy":"product_brand","embeddable":true,"href":"https:\/\/teachchildrenmeditation.com\/es\/wp-json\/wp\/v2\/product_brand?post=14702"},{"taxonomy":"product_cat","embeddable":true,"href":"https:\/\/teachchildrenmeditation.com\/es\/wp-json\/wp\/v2\/product_cat?post=14702"},{"taxonomy":"product_tag","embeddable":true,"href":"https:\/\/teachchildrenmeditation.com\/es\/wp-json\/wp\/v2\/product_tag?post=14702"}],"curies":[{"name":"wp","href":"https:\/\/api.w.org\/{rel}","templated":true}]}}