{"id":11783,"date":"2022-05-25T08:36:59","date_gmt":"2022-05-25T08:36:59","guid":{"rendered":"https:\/\/teachchildrenmeditation.com\/?post_type=product&#038;p=11783"},"modified":"2025-12-26T01:11:13","modified_gmt":"2025-12-26T01:11:13","slug":"online-professional-classrooms-only-refresher-copy","status":"publish","type":"product","link":"https:\/\/teachchildrenmeditation.com\/es\/producto\/online-professional-classrooms-only-refresher-copy\/","title":{"rendered":"RECONNECT &#038; EXTEND &#8211; 12 months"},"content":{"rendered":"<p>&nbsp;<\/p>\n<p><strong>Elegibilidad<\/strong>: <strong>For CK professional members (or MTEA students)<\/strong><\/p>\n<p><strong>Beneficio para usted<\/strong><\/p>\n<ul>\n<li style=\"list-style-type: none;\">\n<ul>\n<li>Pr\u00f3rroga de 12 meses del plazo de presentaci\u00f3n a partir de la compra de este producto.<\/li>\n<li>opportunity to attend a *3-hour online class to reconnect and refresh aspects of the course.<\/li>\n<\/ul>\n<\/li>\n<\/ul>\n<p><strong>Requisitos previos de asistencia:<\/strong><\/p>\n<ul>\n<li style=\"list-style-type: none;\">\n<ul>\n<li>You have completed all professional modules\/MTEA modules<\/li>\n<li>Has completado tu plan de pago (si corresponde).<\/li>\n<\/ul>\n<\/li>\n<\/ul>\n<p><strong>Post-compra<\/strong><\/p>\n<p>Recibir\u00e1s un correo electr\u00f3nico confirmando tu nueva fecha l\u00edmite de env\u00edo y un enlace de invitaci\u00f3n para reservar la clase en l\u00ednea (opcional).<\/p>\n<p><strong>Tenga en cuenta que solo puede extender su tiempo de env\u00edo si este producto a\u00fan est\u00e1 disponible y nos reservamos el derecho de retirarlo en cualquier momento. <\/strong>If this product is no longer available, to gain certification you will need to repurchase the course (currently \u00a31499) &#8211; subject to availability.<\/p>\n<p>*This is optional if you have already attended the CK professional certification online class.<\/p>\n<div class='widescreen divider greenone'><\/div>","protected":false},"excerpt":{"rendered":"<p>Para miembros profesionales de CK<\/p>\n<ul>\n<li>Refresca tus habilidades (asistencia opcional)<\/li>\n<li>Ampl\u00ede el tiempo de presentaci\u00f3n de su evaluaci\u00f3n por 12 meses<\/li>\n<\/ul>\n<p>&nbsp;<\/p>","protected":false},"featured_media":18421,"template":"","meta":{"_acf_changed":false},"product_brand":[],"product_cat":[727],"product_tag":[],"class_list":{"0":"post-11783","1":"product","2":"type-product","3":"status-publish","4":"has-post-thumbnail","6":"product_cat-refresh-or-extend","7":"entry","9":"first","10":"instock","11":"virtual","12":"sold-individually","13":"taxable","14":"purchasable","15":"product-type-simple"},"acf":[],"yoast_head":"<!-- This site is optimized with the Yoast SEO plugin v27.3 - https:\/\/yoast.com\/product\/yoast-seo-wordpress\/ -->\n<title>RECONNECT &amp; EXTEND - 12 months - Teaching Children Meditation<\/title>\n<meta name=\"description\" content=\"refresher for connected kids members - live class\" \/>\n<meta name=\"robots\" content=\"index, follow, max-snippet:-1, max-image-preview:large, max-video-preview:-1\" \/>\n<link rel=\"canonical\" href=\"https:\/\/teachchildrenmeditation.com\/es\/producto\/online-professional-classrooms-only-refresher-copy\/\" \/>\n<meta property=\"og:locale\" content=\"es_ES\" \/>\n<meta property=\"og:type\" content=\"article\" \/>\n<meta property=\"og:title\" content=\"RECONNECT &amp; EXTEND - 12 months - Teaching Children Meditation\" \/>\n<meta property=\"og:description\" content=\"refresher for connected kids members - live class\" \/>\n<meta property=\"og:url\" content=\"https:\/\/teachchildrenmeditation.com\/es\/producto\/online-professional-classrooms-only-refresher-copy\/\" \/>\n<meta property=\"og:site_name\" content=\"Teaching Children Meditation\" \/>\n<meta property=\"article:publisher\" content=\"https:\/\/www.facebook.com\/connectedkids\" \/>\n<meta property=\"article:modified_time\" content=\"2025-12-26T01:11:13+00:00\" \/>\n<meta property=\"og:image\" content=\"https:\/\/teachchildrenmeditation.com\/files\/2025\/03\/exclusive-2.jpg\" \/>\n\t<meta property=\"og:image:width\" content=\"1080\" \/>\n\t<meta property=\"og:image:height\" content=\"1080\" \/>\n\t<meta property=\"og:image:type\" content=\"image\/jpeg\" \/>\n<meta name=\"twitter:card\" content=\"summary_large_image\" \/>\n<meta name=\"twitter:label1\" content=\"Tiempo de lectura\" \/>\n\t<meta name=\"twitter:data1\" content=\"1 minuto\" \/>\n<script type=\"application\/ld+json\" class=\"yoast-schema-graph\">{\"@context\":\"https:\\\/\\\/schema.org\",\"@graph\":[{\"@type\":\"WebPage\",\"@id\":\"https:\\\/\\\/teachchildrenmeditation.com\\\/product\\\/online-professional-classrooms-only-refresher-copy\\\/\",\"url\":\"https:\\\/\\\/teachchildrenmeditation.com\\\/product\\\/online-professional-classrooms-only-refresher-copy\\\/\",\"name\":\"RECONNECT & EXTEND - 12 months - Teaching Children Meditation\",\"isPartOf\":{\"@id\":\"https:\\\/\\\/teachchildrenmeditation.com\\\/#website\"},\"primaryImageOfPage\":{\"@id\":\"https:\\\/\\\/teachchildrenmeditation.com\\\/product\\\/online-professional-classrooms-only-refresher-copy\\\/#primaryimage\"},\"image\":{\"@id\":\"https:\\\/\\\/teachchildrenmeditation.com\\\/product\\\/online-professional-classrooms-only-refresher-copy\\\/#primaryimage\"},\"thumbnailUrl\":\"https:\\\/\\\/teachchildrenmeditation.com\\\/files\\\/2025\\\/03\\\/exclusive-2.jpg\",\"datePublished\":\"2022-05-25T08:36:59+00:00\",\"dateModified\":\"2025-12-26T01:11:13+00:00\",\"description\":\"refresher for connected kids members - live class\",\"breadcrumb\":{\"@id\":\"https:\\\/\\\/teachchildrenmeditation.com\\\/product\\\/online-professional-classrooms-only-refresher-copy\\\/#breadcrumb\"},\"inLanguage\":\"es\",\"potentialAction\":[{\"@type\":\"ReadAction\",\"target\":[\"https:\\\/\\\/teachchildrenmeditation.com\\\/product\\\/online-professional-classrooms-only-refresher-copy\\\/\"]}]},{\"@type\":\"ImageObject\",\"inLanguage\":\"es\",\"@id\":\"https:\\\/\\\/teachchildrenmeditation.com\\\/product\\\/online-professional-classrooms-only-refresher-copy\\\/#primaryimage\",\"url\":\"https:\\\/\\\/teachchildrenmeditation.com\\\/files\\\/2025\\\/03\\\/exclusive-2.jpg\",\"contentUrl\":\"https:\\\/\\\/teachchildrenmeditation.com\\\/files\\\/2025\\\/03\\\/exclusive-2.jpg\",\"width\":1080,\"height\":1080},{\"@type\":\"BreadcrumbList\",\"@id\":\"https:\\\/\\\/teachchildrenmeditation.com\\\/product\\\/online-professional-classrooms-only-refresher-copy\\\/#breadcrumb\",\"itemListElement\":[{\"@type\":\"ListItem\",\"position\":1,\"name\":\"Home\",\"item\":\"https:\\\/\\\/teachchildrenmeditation.com\\\/\"},{\"@type\":\"ListItem\",\"position\":2,\"name\":\"Thank you for visiting our online store\",\"item\":\"https:\\\/\\\/teachchildrenmeditation.com\\\/shop\\\/\"},{\"@type\":\"ListItem\",\"position\":3,\"name\":\"RECONNECT &#038; EXTEND &#8211; 12 months\"}]},{\"@type\":\"WebSite\",\"@id\":\"https:\\\/\\\/teachchildrenmeditation.com\\\/#website\",\"url\":\"https:\\\/\\\/teachchildrenmeditation.com\\\/\",\"name\":\"Teaching Children Meditation\",\"description\":\"accredited and award-winning\",\"publisher\":{\"@id\":\"https:\\\/\\\/teachchildrenmeditation.com\\\/#organization\"},\"potentialAction\":[{\"@type\":\"SearchAction\",\"target\":{\"@type\":\"EntryPoint\",\"urlTemplate\":\"https:\\\/\\\/teachchildrenmeditation.com\\\/?s={search_term_string}\"},\"query-input\":{\"@type\":\"PropertyValueSpecification\",\"valueRequired\":true,\"valueName\":\"search_term_string\"}}],\"inLanguage\":\"es\"},{\"@type\":\"Organization\",\"@id\":\"https:\\\/\\\/teachchildrenmeditation.com\\\/#organization\",\"name\":\"Connected Kids Ltd\",\"url\":\"https:\\\/\\\/teachchildrenmeditation.com\\\/\",\"logo\":{\"@type\":\"ImageObject\",\"inLanguage\":\"es\",\"@id\":\"https:\\\/\\\/teachchildrenmeditation.com\\\/#\\\/schema\\\/logo\\\/image\\\/\",\"url\":\"https:\\\/\\\/teachchildrenmeditation.com\\\/files\\\/2021\\\/04\\\/logo2CK-3.png\",\"contentUrl\":\"https:\\\/\\\/teachchildrenmeditation.com\\\/files\\\/2021\\\/04\\\/logo2CK-3.png\",\"width\":472,\"height\":470,\"caption\":\"Connected Kids Ltd\"},\"image\":{\"@id\":\"https:\\\/\\\/teachchildrenmeditation.com\\\/#\\\/schema\\\/logo\\\/image\\\/\"},\"sameAs\":[\"https:\\\/\\\/www.facebook.com\\\/connectedkids\",\"https:\\\/\\\/www.instagram.com\\\/connectedkids\\\/\"]}]}<\/script>\n<!-- \/ Yoast SEO plugin. -->","yoast_head_json":{"title":"RECONNECT & EXTEND - 12 months - Teaching Children Meditation","description":"refresher for connected kids members - live class","robots":{"index":"index","follow":"follow","max-snippet":"max-snippet:-1","max-image-preview":"max-image-preview:large","max-video-preview":"max-video-preview:-1"},"canonical":"https:\/\/teachchildrenmeditation.com\/es\/producto\/online-professional-classrooms-only-refresher-copy\/","og_locale":"es_ES","og_type":"article","og_title":"RECONNECT & EXTEND - 12 months - Teaching Children Meditation","og_description":"refresher for connected kids members - live class","og_url":"https:\/\/teachchildrenmeditation.com\/es\/producto\/online-professional-classrooms-only-refresher-copy\/","og_site_name":"Teaching Children Meditation","article_publisher":"https:\/\/www.facebook.com\/connectedkids","article_modified_time":"2025-12-26T01:11:13+00:00","og_image":[{"width":1080,"height":1080,"url":"https:\/\/teachchildrenmeditation.com\/files\/2025\/03\/exclusive-2.jpg","type":"image\/jpeg"}],"twitter_card":"summary_large_image","twitter_misc":{"Tiempo de lectura":"1 minuto"},"schema":{"@context":"https:\/\/schema.org","@graph":[{"@type":"WebPage","@id":"https:\/\/teachchildrenmeditation.com\/product\/online-professional-classrooms-only-refresher-copy\/","url":"https:\/\/teachchildrenmeditation.com\/product\/online-professional-classrooms-only-refresher-copy\/","name":"RECONNECT & EXTEND - 12 months - Teaching Children Meditation","isPartOf":{"@id":"https:\/\/teachchildrenmeditation.com\/#website"},"primaryImageOfPage":{"@id":"https:\/\/teachchildrenmeditation.com\/product\/online-professional-classrooms-only-refresher-copy\/#primaryimage"},"image":{"@id":"https:\/\/teachchildrenmeditation.com\/product\/online-professional-classrooms-only-refresher-copy\/#primaryimage"},"thumbnailUrl":"https:\/\/teachchildrenmeditation.com\/files\/2025\/03\/exclusive-2.jpg","datePublished":"2022-05-25T08:36:59+00:00","dateModified":"2025-12-26T01:11:13+00:00","description":"refresher for connected kids members - live class","breadcrumb":{"@id":"https:\/\/teachchildrenmeditation.com\/product\/online-professional-classrooms-only-refresher-copy\/#breadcrumb"},"inLanguage":"es","potentialAction":[{"@type":"ReadAction","target":["https:\/\/teachchildrenmeditation.com\/product\/online-professional-classrooms-only-refresher-copy\/"]}]},{"@type":"ImageObject","inLanguage":"es","@id":"https:\/\/teachchildrenmeditation.com\/product\/online-professional-classrooms-only-refresher-copy\/#primaryimage","url":"https:\/\/teachchildrenmeditation.com\/files\/2025\/03\/exclusive-2.jpg","contentUrl":"https:\/\/teachchildrenmeditation.com\/files\/2025\/03\/exclusive-2.jpg","width":1080,"height":1080},{"@type":"BreadcrumbList","@id":"https:\/\/teachchildrenmeditation.com\/product\/online-professional-classrooms-only-refresher-copy\/#breadcrumb","itemListElement":[{"@type":"ListItem","position":1,"name":"Home","item":"https:\/\/teachchildrenmeditation.com\/"},{"@type":"ListItem","position":2,"name":"Thank you for visiting our online store","item":"https:\/\/teachchildrenmeditation.com\/shop\/"},{"@type":"ListItem","position":3,"name":"RECONNECT &#038; EXTEND &#8211; 12 months"}]},{"@type":"WebSite","@id":"https:\/\/teachchildrenmeditation.com\/#website","url":"https:\/\/teachchildrenmeditation.com\/","name":"Ense\u00f1ar a los ni\u00f1os a meditar","description":"acreditado y premiado","publisher":{"@id":"https:\/\/teachchildrenmeditation.com\/#organization"},"potentialAction":[{"@type":"SearchAction","target":{"@type":"EntryPoint","urlTemplate":"https:\/\/teachchildrenmeditation.com\/?s={search_term_string}"},"query-input":{"@type":"PropertyValueSpecification","valueRequired":true,"valueName":"search_term_string"}}],"inLanguage":"es"},{"@type":"Organization","@id":"https:\/\/teachchildrenmeditation.com\/#organization","name":"Connected Kids Ltd","url":"https:\/\/teachchildrenmeditation.com\/","logo":{"@type":"ImageObject","inLanguage":"es","@id":"https:\/\/teachchildrenmeditation.com\/#\/schema\/logo\/image\/","url":"https:\/\/teachchildrenmeditation.com\/files\/2021\/04\/logo2CK-3.png","contentUrl":"https:\/\/teachchildrenmeditation.com\/files\/2021\/04\/logo2CK-3.png","width":472,"height":470,"caption":"Connected Kids Ltd"},"image":{"@id":"https:\/\/teachchildrenmeditation.com\/#\/schema\/logo\/image\/"},"sameAs":["https:\/\/www.facebook.com\/connectedkids","https:\/\/www.instagram.com\/connectedkids\/"]}]}},"_links":{"self":[{"href":"https:\/\/teachchildrenmeditation.com\/es\/wp-json\/wp\/v2\/product\/11783","targetHints":{"allow":["GET"]}}],"collection":[{"href":"https:\/\/teachchildrenmeditation.com\/es\/wp-json\/wp\/v2\/product"}],"about":[{"href":"https:\/\/teachchildrenmeditation.com\/es\/wp-json\/wp\/v2\/types\/product"}],"wp:featuredmedia":[{"embeddable":true,"href":"https:\/\/teachchildrenmeditation.com\/es\/wp-json\/wp\/v2\/media\/18421"}],"wp:attachment":[{"href":"https:\/\/teachchildrenmeditation.com\/es\/wp-json\/wp\/v2\/media?parent=11783"}],"wp:term":[{"taxonomy":"product_brand","embeddable":true,"href":"https:\/\/teachchildrenmeditation.com\/es\/wp-json\/wp\/v2\/product_brand?post=11783"},{"taxonomy":"product_cat","embeddable":true,"href":"https:\/\/teachchildrenmeditation.com\/es\/wp-json\/wp\/v2\/product_cat?post=11783"},{"taxonomy":"product_tag","embeddable":true,"href":"https:\/\/teachchildrenmeditation.com\/es\/wp-json\/wp\/v2\/product_tag?post=11783"}],"curies":[{"name":"wp","href":"https:\/\/api.w.org\/{rel}","templated":true}]}}