{"id":915,"date":"2014-05-08T12:50:27","date_gmt":"2014-05-08T12:50:27","guid":{"rendered":"http:\/\/www.bcgwebdesign.co.uk\/tcm\/?page_id=915"},"modified":"2026-02-27T11:16:44","modified_gmt":"2026-02-27T11:16:44","slug":"meditation-for-kids-and-teens","status":"publish","type":"page","link":"https:\/\/teachchildrenmeditation.com\/es\/meditation-for-kids-and-teens\/","title":{"rendered":"Recursos para la ense\u00f1anza consciente"},"content":{"rendered":"<h2>Si necesitas apoyo\u2026<\/h2>\n<p>En Connected Kids, nuestra misi\u00f3n es simple: queremos ense\u00f1ar meditaci\u00f3n a los j\u00f3venes.<\/p>\n<p>Sabemos que es una habilidad de vida fant\u00e1stica que puede ayudar con la salud mental y emocional.<\/p>\n<p>Por eso contamos con una variedad de recursos para padres, cuidadores o profesionales que trabajan con j\u00f3venes para ayudar a llevar la meditaci\u00f3n a la vida de un ni\u00f1o.<\/p>\n<p>Si no encuentras lo que buscas, <strong><a href=\"https:\/\/teachchildrenmeditation.com\/es\/contact-us\/\" target=\"_blank\" rel=\"noopener\">no dudes en preguntar.<\/a><\/strong><\/p>\n<p><strong><a href=\"https:\/\/teachchildrenmeditation.com\/es\/meditation-benefits-connected-kids-training\/\" target=\"_blank\" rel=\"noopener\">Cursos online<\/a> <\/strong>\u2013 Para principiantes y experimentados. Ayudamos a j\u00f3venes con o sin traumas, TDAH, necesidades educativas especiales o autismo. Dise\u00f1ado para padres ocupados o profesionales que buscan una certificaci\u00f3n acreditada.<\/p>\n<p style=\"text-align: left;\"><a href=\"https:\/\/teachchildrenmeditation.com\/es\/home-resources\/guidebooks-to-teach-meditation\/\"><strong>Ense\u00f1ar libros de meditaci\u00f3n<\/strong><\/a> \u2013 libros sobre c\u00f3mo ense\u00f1ar meditaci\u00f3n a j\u00f3venes o compartir historias conscientes para ayudarlos a leer y aprender.<\/p>\n<p><strong><a href=\"http:\/\/insighttimer.com\/connectedkidsltd\" target=\"_blank\" rel=\"noopener\">Meditation Hub<\/a><\/strong> &#8211; a library of recorded meditations for children and adults to guide you how to teach meditation &#8211; created by Lorraine E Murray, featured on the free meditation app Insight Timer<\/p>\n<p style=\"text-align: left;\"><a href=\"https:\/\/www.facebook.com\/groups\/calmkids\/\" target=\"_blank\" rel=\"noopener\"><strong>Comunidad conectada <\/strong><\/a>\u00a0\u2013 nuestro grupo exclusivo de Facebook de personas con ideas afines<\/p>\n<p style=\"text-align: left;\"><a href=\"https:\/\/www.youtube.com\/@connectedkids\" target=\"_blank\" rel=\"noopener\"><strong>Canal de Youtube<\/strong><\/a> &#8211; 200 videos with tips and ideas<\/p>\n<p><a href=\"https:\/\/teachchildrenmeditation.com\/es\/events\/\">Events<\/a> coming up &#8211; webinars and talks and much more&#8230;<\/p>\n<p><a href=\"https:\/\/teachchildrenmeditation.com\/es\/files\/2021\/04\/subscribe-hand-print.png\/\" target=\"_blank\" rel=\"noopener\"><img loading=\"lazy\" decoding=\"async\" class=\"swell aligncenter wp-image-8155\" src=\"https:\/\/teachchildrenmeditation.com\/files\/2021\/04\/subscribe-hand-print.png\" alt=\"coloured print hand - connected kids - teach kids meditation and mindfulness\" width=\"130\" height=\"134\" \/><\/a><\/p>\n<p><b>\u00a0<\/b><\/p>\n<div class='widescreen divider greenone'><\/div>\n<p>&nbsp;<\/p>","protected":false},"excerpt":{"rendered":"<p>Browse our range of audio, books and courses<\/p>","protected":false},"author":13,"featured_media":14375,"parent":0,"menu_order":0,"comment_status":"open","ping_status":"closed","template":"","meta":{"_acf_changed":false,"footnotes":""},"class_list":["post-915","page","type-page","status-publish","has-post-thumbnail","hentry","entry"],"acf":[],"yoast_head":"<!-- This site is optimized with the Yoast SEO plugin v27.3 - https:\/\/yoast.com\/product\/yoast-seo-wordpress\/ -->\n<title>Mindful Teaching Resources - Teaching Children Meditation<\/title>\n<meta name=\"description\" content=\"Meditation for Kids - resources to help teach - books, courses, audios, youtube videos, recordings. - accredited and certified.\" \/>\n<meta name=\"robots\" content=\"index, follow, max-snippet:-1, max-image-preview:large, max-video-preview:-1\" \/>\n<link rel=\"canonical\" href=\"https:\/\/teachchildrenmeditation.com\/es\/meditation-for-kids-and-teens\/\" \/>\n<meta property=\"og:locale\" content=\"es_ES\" \/>\n<meta property=\"og:type\" content=\"article\" \/>\n<meta property=\"og:title\" content=\"Mindful Teaching Resources - Teaching Children Meditation\" \/>\n<meta property=\"og:description\" content=\"Meditation for Kids - resources to help teach - books, courses, audios, youtube videos, recordings. - accredited and certified.\" \/>\n<meta property=\"og:url\" content=\"https:\/\/teachchildrenmeditation.com\/es\/meditation-for-kids-and-teens\/\" \/>\n<meta property=\"og:site_name\" content=\"Teaching Children Meditation\" \/>\n<meta property=\"article:publisher\" content=\"https:\/\/www.facebook.com\/connectedkids\" \/>\n<meta property=\"article:modified_time\" content=\"2026-02-27T11:16:44+00:00\" \/>\n<meta property=\"og:image\" content=\"https:\/\/teachchildrenmeditation.com\/files\/2023\/11\/Lorraine-43_websize.jpg\" \/>\n\t<meta property=\"og:image:width\" content=\"1600\" \/>\n\t<meta property=\"og:image:height\" content=\"1067\" \/>\n\t<meta property=\"og:image:type\" content=\"image\/jpeg\" \/>\n<meta name=\"twitter:card\" content=\"summary_large_image\" \/>\n<meta name=\"twitter:label1\" content=\"Tiempo de lectura\" \/>\n\t<meta name=\"twitter:data1\" content=\"2 minutos\" \/>\n<script type=\"application\/ld+json\" class=\"yoast-schema-graph\">{\"@context\":\"https:\\\/\\\/schema.org\",\"@graph\":[{\"@type\":\"WebPage\",\"@id\":\"https:\\\/\\\/teachchildrenmeditation.com\\\/meditation-for-kids-and-teens\\\/\",\"url\":\"https:\\\/\\\/teachchildrenmeditation.com\\\/meditation-for-kids-and-teens\\\/\",\"name\":\"Mindful Teaching Resources - Teaching Children Meditation\",\"isPartOf\":{\"@id\":\"https:\\\/\\\/teachchildrenmeditation.com\\\/#website\"},\"primaryImageOfPage\":{\"@id\":\"https:\\\/\\\/teachchildrenmeditation.com\\\/meditation-for-kids-and-teens\\\/#primaryimage\"},\"image\":{\"@id\":\"https:\\\/\\\/teachchildrenmeditation.com\\\/meditation-for-kids-and-teens\\\/#primaryimage\"},\"thumbnailUrl\":\"https:\\\/\\\/teachchildrenmeditation.com\\\/files\\\/2023\\\/11\\\/Lorraine-43_websize.jpg\",\"datePublished\":\"2014-05-08T12:50:27+00:00\",\"dateModified\":\"2026-02-27T11:16:44+00:00\",\"description\":\"Meditation for Kids - resources to help teach - books, courses, audios, youtube videos, recordings. - accredited and certified.\",\"breadcrumb\":{\"@id\":\"https:\\\/\\\/teachchildrenmeditation.com\\\/meditation-for-kids-and-teens\\\/#breadcrumb\"},\"inLanguage\":\"es\",\"potentialAction\":[{\"@type\":\"ReadAction\",\"target\":[\"https:\\\/\\\/teachchildrenmeditation.com\\\/meditation-for-kids-and-teens\\\/\"]}]},{\"@type\":\"ImageObject\",\"inLanguage\":\"es\",\"@id\":\"https:\\\/\\\/teachchildrenmeditation.com\\\/meditation-for-kids-and-teens\\\/#primaryimage\",\"url\":\"https:\\\/\\\/teachchildrenmeditation.com\\\/files\\\/2023\\\/11\\\/Lorraine-43_websize.jpg\",\"contentUrl\":\"https:\\\/\\\/teachchildrenmeditation.com\\\/files\\\/2023\\\/11\\\/Lorraine-43_websize.jpg\",\"width\":1600,\"height\":1067,\"caption\":\"lorraine e murray teaching young girl meditation and mindful skills - connected kids\"},{\"@type\":\"BreadcrumbList\",\"@id\":\"https:\\\/\\\/teachchildrenmeditation.com\\\/meditation-for-kids-and-teens\\\/#breadcrumb\",\"itemListElement\":[{\"@type\":\"ListItem\",\"position\":1,\"name\":\"Home\",\"item\":\"https:\\\/\\\/teachchildrenmeditation.com\\\/\"},{\"@type\":\"ListItem\",\"position\":2,\"name\":\"Mindful Teaching Resources\"}]},{\"@type\":\"WebSite\",\"@id\":\"https:\\\/\\\/teachchildrenmeditation.com\\\/#website\",\"url\":\"https:\\\/\\\/teachchildrenmeditation.com\\\/\",\"name\":\"Teaching Children Meditation\",\"description\":\"accredited and award-winning\",\"publisher\":{\"@id\":\"https:\\\/\\\/teachchildrenmeditation.com\\\/#organization\"},\"potentialAction\":[{\"@type\":\"SearchAction\",\"target\":{\"@type\":\"EntryPoint\",\"urlTemplate\":\"https:\\\/\\\/teachchildrenmeditation.com\\\/?s={search_term_string}\"},\"query-input\":{\"@type\":\"PropertyValueSpecification\",\"valueRequired\":true,\"valueName\":\"search_term_string\"}}],\"inLanguage\":\"es\"},{\"@type\":\"Organization\",\"@id\":\"https:\\\/\\\/teachchildrenmeditation.com\\\/#organization\",\"name\":\"Connected Kids Ltd\",\"url\":\"https:\\\/\\\/teachchildrenmeditation.com\\\/\",\"logo\":{\"@type\":\"ImageObject\",\"inLanguage\":\"es\",\"@id\":\"https:\\\/\\\/teachchildrenmeditation.com\\\/#\\\/schema\\\/logo\\\/image\\\/\",\"url\":\"https:\\\/\\\/teachchildrenmeditation.com\\\/files\\\/2021\\\/04\\\/logo2CK-3.png\",\"contentUrl\":\"https:\\\/\\\/teachchildrenmeditation.com\\\/files\\\/2021\\\/04\\\/logo2CK-3.png\",\"width\":472,\"height\":470,\"caption\":\"Connected Kids Ltd\"},\"image\":{\"@id\":\"https:\\\/\\\/teachchildrenmeditation.com\\\/#\\\/schema\\\/logo\\\/image\\\/\"},\"sameAs\":[\"https:\\\/\\\/www.facebook.com\\\/connectedkids\",\"https:\\\/\\\/www.instagram.com\\\/connectedkids\\\/\"]}]}<\/script>\n<!-- \/ Yoast SEO plugin. -->","yoast_head_json":{"title":"Mindful Teaching Resources - Teaching Children Meditation","description":"Meditation for Kids - resources to help teach - books, courses, audios, youtube videos, recordings. - accredited and certified.","robots":{"index":"index","follow":"follow","max-snippet":"max-snippet:-1","max-image-preview":"max-image-preview:large","max-video-preview":"max-video-preview:-1"},"canonical":"https:\/\/teachchildrenmeditation.com\/es\/meditation-for-kids-and-teens\/","og_locale":"es_ES","og_type":"article","og_title":"Mindful Teaching Resources - Teaching Children Meditation","og_description":"Meditation for Kids - resources to help teach - books, courses, audios, youtube videos, recordings. - accredited and certified.","og_url":"https:\/\/teachchildrenmeditation.com\/es\/meditation-for-kids-and-teens\/","og_site_name":"Teaching Children Meditation","article_publisher":"https:\/\/www.facebook.com\/connectedkids","article_modified_time":"2026-02-27T11:16:44+00:00","og_image":[{"width":1600,"height":1067,"url":"https:\/\/teachchildrenmeditation.com\/files\/2023\/11\/Lorraine-43_websize.jpg","type":"image\/jpeg"}],"twitter_card":"summary_large_image","twitter_misc":{"Tiempo de lectura":"2 minutos"},"schema":{"@context":"https:\/\/schema.org","@graph":[{"@type":"WebPage","@id":"https:\/\/teachchildrenmeditation.com\/meditation-for-kids-and-teens\/","url":"https:\/\/teachchildrenmeditation.com\/meditation-for-kids-and-teens\/","name":"Mindful Teaching Resources - Teaching Children Meditation","isPartOf":{"@id":"https:\/\/teachchildrenmeditation.com\/#website"},"primaryImageOfPage":{"@id":"https:\/\/teachchildrenmeditation.com\/meditation-for-kids-and-teens\/#primaryimage"},"image":{"@id":"https:\/\/teachchildrenmeditation.com\/meditation-for-kids-and-teens\/#primaryimage"},"thumbnailUrl":"https:\/\/teachchildrenmeditation.com\/files\/2023\/11\/Lorraine-43_websize.jpg","datePublished":"2014-05-08T12:50:27+00:00","dateModified":"2026-02-27T11:16:44+00:00","description":"Meditation for Kids - resources to help teach - books, courses, audios, youtube videos, recordings. - accredited and certified.","breadcrumb":{"@id":"https:\/\/teachchildrenmeditation.com\/meditation-for-kids-and-teens\/#breadcrumb"},"inLanguage":"es","potentialAction":[{"@type":"ReadAction","target":["https:\/\/teachchildrenmeditation.com\/meditation-for-kids-and-teens\/"]}]},{"@type":"ImageObject","inLanguage":"es","@id":"https:\/\/teachchildrenmeditation.com\/meditation-for-kids-and-teens\/#primaryimage","url":"https:\/\/teachchildrenmeditation.com\/files\/2023\/11\/Lorraine-43_websize.jpg","contentUrl":"https:\/\/teachchildrenmeditation.com\/files\/2023\/11\/Lorraine-43_websize.jpg","width":1600,"height":1067,"caption":"lorraine e murray teaching young girl meditation and mindful skills - connected kids"},{"@type":"BreadcrumbList","@id":"https:\/\/teachchildrenmeditation.com\/meditation-for-kids-and-teens\/#breadcrumb","itemListElement":[{"@type":"ListItem","position":1,"name":"Home","item":"https:\/\/teachchildrenmeditation.com\/"},{"@type":"ListItem","position":2,"name":"Mindful Teaching Resources"}]},{"@type":"WebSite","@id":"https:\/\/teachchildrenmeditation.com\/#website","url":"https:\/\/teachchildrenmeditation.com\/","name":"Ense\u00f1ar a los ni\u00f1os a meditar","description":"acreditado y premiado","publisher":{"@id":"https:\/\/teachchildrenmeditation.com\/#organization"},"potentialAction":[{"@type":"SearchAction","target":{"@type":"EntryPoint","urlTemplate":"https:\/\/teachchildrenmeditation.com\/?s={search_term_string}"},"query-input":{"@type":"PropertyValueSpecification","valueRequired":true,"valueName":"search_term_string"}}],"inLanguage":"es"},{"@type":"Organization","@id":"https:\/\/teachchildrenmeditation.com\/#organization","name":"Connected Kids Ltd","url":"https:\/\/teachchildrenmeditation.com\/","logo":{"@type":"ImageObject","inLanguage":"es","@id":"https:\/\/teachchildrenmeditation.com\/#\/schema\/logo\/image\/","url":"https:\/\/teachchildrenmeditation.com\/files\/2021\/04\/logo2CK-3.png","contentUrl":"https:\/\/teachchildrenmeditation.com\/files\/2021\/04\/logo2CK-3.png","width":472,"height":470,"caption":"Connected Kids Ltd"},"image":{"@id":"https:\/\/teachchildrenmeditation.com\/#\/schema\/logo\/image\/"},"sameAs":["https:\/\/www.facebook.com\/connectedkids","https:\/\/www.instagram.com\/connectedkids\/"]}]}},"_links":{"self":[{"href":"https:\/\/teachchildrenmeditation.com\/es\/wp-json\/wp\/v2\/pages\/915","targetHints":{"allow":["GET"]}}],"collection":[{"href":"https:\/\/teachchildrenmeditation.com\/es\/wp-json\/wp\/v2\/pages"}],"about":[{"href":"https:\/\/teachchildrenmeditation.com\/es\/wp-json\/wp\/v2\/types\/page"}],"author":[{"embeddable":true,"href":"https:\/\/teachchildrenmeditation.com\/es\/wp-json\/wp\/v2\/users\/13"}],"replies":[{"embeddable":true,"href":"https:\/\/teachchildrenmeditation.com\/es\/wp-json\/wp\/v2\/comments?post=915"}],"version-history":[{"count":62,"href":"https:\/\/teachchildrenmeditation.com\/es\/wp-json\/wp\/v2\/pages\/915\/revisions"}],"predecessor-version":[{"id":20056,"href":"https:\/\/teachchildrenmeditation.com\/es\/wp-json\/wp\/v2\/pages\/915\/revisions\/20056"}],"wp:featuredmedia":[{"embeddable":true,"href":"https:\/\/teachchildrenmeditation.com\/es\/wp-json\/wp\/v2\/media\/14375"}],"wp:attachment":[{"href":"https:\/\/teachchildrenmeditation.com\/es\/wp-json\/wp\/v2\/media?parent=915"}],"curies":[{"name":"wp","href":"https:\/\/api.w.org\/{rel}","templated":true}]}}