{"id":913,"date":"2014-05-08T12:50:05","date_gmt":"2014-05-08T12:50:05","guid":{"rendered":"http:\/\/www.bcgwebdesign.co.uk\/tcm\/?page_id=913"},"modified":"2026-02-12T13:58:09","modified_gmt":"2026-02-12T13:58:09","slug":"books-to-teach-meditation","status":"publish","type":"page","link":"https:\/\/teachchildrenmeditation.com\/es\/home-resources\/books-to-teach-meditation\/","title":{"rendered":"Books to teach kids and teens meditation"},"content":{"rendered":"<h2>Books to help teach kids meditation<\/h2>\n<p>Books to help teach kids meditation &#8211; if you are looking for a book to help teach mindfulness skills to children and teens, browse these books written by meditation expert and the founder of the Connected Kids Method.<\/p>\n<h3><em>Ni\u00f1os tranquilos<\/em> &#8211; book for parents\/carers<a href=\"https:\/\/amzn.to\/4lQQpZq\" target=\"_blank\" rel=\"noopener\"><img loading=\"lazy\" decoding=\"async\" class=\"alignright wp-image-10651\" src=\"https:\/\/teachchildrenmeditation.com\/files\/2021\/11\/MurrayCalmKids_email-200x300.jpg\" alt=\"Guidebooks to Teach Meditation - book cover meditation for kids - calm kids - lorraine e murray\" width=\"134\" height=\"201\" srcset=\"https:\/\/teachchildrenmeditation.com\/files\/2021\/11\/MurrayCalmKids_email-200x300.jpg 200w, https:\/\/teachchildrenmeditation.com\/files\/2021\/11\/MurrayCalmKids_email-681x1024.jpg 681w, https:\/\/teachchildrenmeditation.com\/files\/2021\/11\/MurrayCalmKids_email-8x12.jpg 8w, https:\/\/teachchildrenmeditation.com\/files\/2021\/11\/MurrayCalmKids_email-300x451.jpg 300w, https:\/\/teachchildrenmeditation.com\/files\/2021\/11\/MurrayCalmKids_email-600x902.jpg 600w, https:\/\/teachchildrenmeditation.com\/files\/2021\/11\/MurrayCalmKids_email.jpg 750w\" sizes=\"auto, (max-width: 134px) 100vw, 134px\" \/><\/a><\/h3>\n<p>This book to teach meditation is a wonderful resource for anyone who wants to start teaching meditation to children and teens. It gently guides you through a step-by-step process to create meditations that kids, of all ages, will enjoy.<\/p>\n<ul>\n<li>A practical guide that makes meditation accessible and enjoyable<\/li>\n<li>Comes with \u2018getting started\u2019 meditation scripts to support your learning<\/li>\n<li>Empowers you with the confidence to create a variety of fun, mindful activities for children of all ages<\/li>\n<li>Perfect for beginners, it clearly explains the benefits of meditation for kids and the how, and why, it works.<\/li>\n<\/ul>\n<p>This book supports our <a href=\"https:\/\/teachchildrenmeditation.com\/es\/meditation-benefits-connected-kids-training\/mindful-meditation-for-kids-and-teens\/\" target=\"_blank\" rel=\"noopener\"><strong>curso basico<\/strong><\/a> &#8211;\u00a0 to help parents\/carers teach meditation at home.<\/p>\n<p><em><div class='testimonial' style='border-top-color:#D3DCE8; background-color:#D3DCE8;'><\/em>&quot;<em><strong>Despu\u00e9s de haber lidiado con una gran ansiedad durante gran parte de mi vida,<\/strong> Me ha encantado descubrir que la meditaci\u00f3n me ayuda a sentirme seguro y tranquilo, y a pensar con claridad para distinguir entre amenazas imaginarias y amenazas reales. Me ha permitido abrirme a nuevas experiencias y dejar de lado la idea de que si no puedo ser perfecto, no deber\u00eda molestarme en intentarlo. Mi hijo mayor ha demostrado cualidades similares desde que era un ni\u00f1o peque\u00f1o: ha dudado un poco en probar cosas nuevas y ha sido lento para hacer amigos. Como toda buena mam\u00e1, recurr\u00ed a Internet en busca de ayuda.\u00a0 <strong>Tuve suerte de encontrar el primer libro de Lorraine, Calm Kids. I<\/strong> Me gust\u00f3 tanto el libro que decid\u00ed apuntarme a su curso para ense\u00f1ar meditaci\u00f3n a ni\u00f1os. Calm Kids es un gran recurso.<strong>&quot;<\/div><\/strong><\/em><\/p>\n<a target='_blank ' class='outward_link' href='https:\/\/amzn.to\/4lQQpZq'>Comprar ahora<\/a>\n<p>Also available in 5 other languages including Traditional Chinese.<\/p>\n<div class='widescreen divider plain'><\/div>\n<h3><em>Ni\u00f1os conectados\u00a0<\/em> &#8211; a book for teaching neurodivergent kids<\/h3>\n<p><a href=\"https:\/\/amzn.to\/4fVqLB8\" target=\"_blank\" rel=\"noopener\"><img loading=\"lazy\" decoding=\"async\" class=\"alignright wp-image-10653\" src=\"https:\/\/teachchildrenmeditation.com\/files\/2021\/11\/800x600cover-225x300.jpg\" alt=\"guidebooks to teach meditation for kids - connected kids - autism, adhd or sen\" width=\"136\" height=\"181\" srcset=\"https:\/\/teachchildrenmeditation.com\/files\/2021\/11\/800x600cover-225x300.jpg 225w, https:\/\/teachchildrenmeditation.com\/files\/2021\/11\/800x600cover-300x400.jpg 300w, https:\/\/teachchildrenmeditation.com\/files\/2021\/11\/800x600cover-9x12.jpg 9w, https:\/\/teachchildrenmeditation.com\/files\/2021\/11\/800x600cover.jpg 600w\" sizes=\"auto, (max-width: 136px) 100vw, 136px\" \/><\/a>This book to teach meditation is designed to help adults teach meditation to young people.\u00a0 It is perfect for adults who have some meditation\/energy experience and want to help\u00a0 neurodivergent children who are struggling with anxiety.<\/p>\n<ul>\n<li>An easy-to-follow guide that teaches an intuitive, energy approach<\/li>\n<li>Skills for leading calming relaxation sessions with Autistic children and teens and\/or those with ADD, ADHD, or special educational needs (SEN).<\/li>\n<li>Matching mindful activities to the symptoms and behaviours of autism or SEN and the chakra energy centres<\/li>\n<li>Practical applications to support busy homes\/classrooms<\/li>\n<li>Based on pilot studies with families and professionals and 20+ years for working with children<\/li>\n<\/ul>\n<p><em><div class='testimonial' style='border-top-color:#D3DCE8; background-color:#D3DCE8;'><\/em>&quot;<em>Este libro es realmente maravilloso para la poblaci\u00f3n en general, pero <strong>El trabajo detallado de Lorraine sobre los desaf\u00edos que enfrentan las personas con autismo y varias actividades conscientes de equilibrio espec\u00edficas hacen de este el mejor libro que he visto.<\/strong> por ayudar a los ni\u00f1os a sentirse mejor. Por ejemplo, si un ni\u00f1o no puede tolerar la comida en su plato, ella sugiere practicar una meditaci\u00f3n de gratitud antes de comer donde el cuidador y el ni\u00f1o exploran el viaje de la comida hasta el plato (imagine la comida creciendo como una planta y agradeciendo al sol, la tierra, agua, as\u00ed como al granjero que la cuid\u00f3, etc.) Los ni\u00f1os tienen menos miedo de los alimentos y texturas desconocidas cuando piensan en el esfuerzo que implica llevar el alimento desde una semilla en el suelo hasta sus platos. \u00a1He visto este trabajo en mi propia casa!<strong><\/div><\/strong><\/em><\/p>\n<p>This is book forms part of the <strong><a href=\"https:\/\/teachchildrenmeditation.com\/es\/meditation-benefits-connected-kids-training\/Meditation%20teacher%20training\/\" target=\"_blank\" rel=\"noopener\">professional meditation teacher training course<\/a> on the Connected Kids program.<\/strong><\/p>\n<a target='_blank ' class='outward_link deeppink' href='https:\/\/amzn.to\/4fVqLB8'>Comprar ahora<\/a>\n<div class='widescreen divider plain'><\/div>\n<h3>Children&#8217;s book- <em>&#8216;The Curious Adventures of Robbie and Jess&#8217;<\/em><\/h3>\n<p><img loading=\"lazy\" decoding=\"async\" class=\"alignright size-medium wp-image-19901\" src=\"https:\/\/teachchildrenmeditation.com\/files\/2026\/02\/robbie-and-jess-188x300.jpg\" alt=\"robbie and jess - meditation book for kids\" width=\"188\" height=\"300\" srcset=\"https:\/\/teachchildrenmeditation.com\/files\/2026\/02\/robbie-and-jess-188x300.jpg 188w, https:\/\/teachchildrenmeditation.com\/files\/2026\/02\/robbie-and-jess-642x1024.jpg 642w, https:\/\/teachchildrenmeditation.com\/files\/2026\/02\/robbie-and-jess-768x1226.jpg 768w, https:\/\/teachchildrenmeditation.com\/files\/2026\/02\/robbie-and-jess-963x1536.jpg 963w, https:\/\/teachchildrenmeditation.com\/files\/2026\/02\/robbie-and-jess-1283x2048.jpg 1283w, https:\/\/teachchildrenmeditation.com\/files\/2026\/02\/robbie-and-jess-8x12.jpg 8w, https:\/\/teachchildrenmeditation.com\/files\/2026\/02\/robbie-and-jess-300x479.jpg 300w, https:\/\/teachchildrenmeditation.com\/files\/2026\/02\/robbie-and-jess-600x957.jpg 600w, https:\/\/teachchildrenmeditation.com\/files\/2026\/02\/robbie-and-jess.jpg 1410w\" sizes=\"auto, (max-width: 188px) 100vw, 188px\" \/>This book to teach meditation is a children&#8217;s book for young readers (age 7 to 12).\u00a0 It will help children explore the journey of Robbie, an anxious boy who finds it difficult to trust.<\/p>\n<p>He meets a mysterious dog, Jess, and together, they embark on a curious adventure.\u00a0 Jess helps him discover his inner superpowers by teaching him a variety of mindful and meditation practices throughout the story.<\/p>\n<p>This children&#8217;s book is particularly helpful for anxious children and those with experience of trauma and grief.<\/p>\n<p>&nbsp;<\/p>\n<p style=\"text-align: left;\"><em><div class='testimonial' style='border-top-color:#D3DCE8; background-color:#D3DCE8;'> \u201cDios m\u00edo. Este es el mejor libro que he le\u00eddo en mucho tiempo. Llor\u00e9 al final por lo que Jess hab\u00eda hecho por Robbie. \u00bfC\u00f3mo puede ser un libro tan bueno?\u201d\u00a0<\/em><i>\u00a0<\/i><em><i> <\/i>Ava (11 a\u00f1os) <\/div><\/em><\/p>\n<p style=\"text-align: left;\"><a target='_blank ' class='outward_link deeppink' href='https:\/\/amzn.to\/3HRQluq'>Comprar ahora<\/a>\n<p>&nbsp;<\/p>\n<div class='widescreen divider plain'><\/div>\n<p>&nbsp;<\/p>\n<h3>\u00bfBuscas una traducci\u00f3n?<\/h3>\n<p><strong>Si usted es<\/strong> <strong>Interesado en traducir alguno de nuestros libros<\/strong> Si quieres traducirlo a tu idioma, ponte en contacto con nosotros. Tenemos miles de seguidores que utilizan nuestras gu\u00edas.\u00a0 <a href=\"mailto:info@teachchildrenmeditation.com?subject=book%20translation\" target=\"_blank\" rel=\"noopener\">Por favor cont\u00e1ctenos<\/a> \u2013 para discutir.<\/p>\n<p>&nbsp;<\/p>\n<div class='widescreen divider greenone'><\/div>","protected":false},"excerpt":{"rendered":"<p>Teach meditation books by the founder of Connected Kids<\/p>","protected":false},"author":13,"featured_media":19903,"parent":7707,"menu_order":0,"comment_status":"open","ping_status":"open","template":"","meta":{"_acf_changed":false,"footnotes":""},"class_list":["post-913","page","type-page","status-publish","has-post-thumbnail","hentry","entry"],"acf":[],"yoast_head":"<!-- This site is optimized with the Yoast SEO plugin v27.4 - https:\/\/yoast.com\/product\/yoast-seo-wordpress\/ -->\n<title>Books to teach kids and teens meditation - Teaching Children Meditation<\/title>\n<meta name=\"description\" content=\"books to Teach Meditation - to help parent ot professionals for children to teens and includes SEN and trauma\" \/>\n<meta name=\"robots\" content=\"index, follow, max-snippet:-1, max-image-preview:large, max-video-preview:-1\" \/>\n<link rel=\"canonical\" href=\"https:\/\/teachchildrenmeditation.com\/es\/home-resources\/books-to-teach-meditation\/\" \/>\n<meta property=\"og:locale\" content=\"es_ES\" \/>\n<meta property=\"og:type\" content=\"article\" \/>\n<meta property=\"og:title\" content=\"Books to teach kids and teens meditation - Teaching Children Meditation\" \/>\n<meta property=\"og:description\" content=\"books to Teach Meditation - to help parent ot professionals for children to teens and includes SEN and trauma\" \/>\n<meta property=\"og:url\" content=\"https:\/\/teachchildrenmeditation.com\/es\/home-resources\/books-to-teach-meditation\/\" \/>\n<meta property=\"og:site_name\" content=\"Teaching Children Meditation\" \/>\n<meta property=\"article:publisher\" content=\"https:\/\/www.facebook.com\/connectedkids\" \/>\n<meta property=\"article:modified_time\" content=\"2026-02-12T13:58:09+00:00\" \/>\n<meta property=\"og:image\" content=\"https:\/\/teachchildrenmeditation.com\/files\/2026\/02\/EXTEND-1.jpg\" \/>\n\t<meta property=\"og:image:width\" content=\"1080\" \/>\n\t<meta property=\"og:image:height\" content=\"1080\" \/>\n\t<meta property=\"og:image:type\" content=\"image\/jpeg\" \/>\n<meta name=\"twitter:card\" content=\"summary_large_image\" \/>\n<meta name=\"twitter:label1\" content=\"Tiempo de lectura\" \/>\n\t<meta name=\"twitter:data1\" content=\"5 minutos\" \/>\n<script type=\"application\/ld+json\" class=\"yoast-schema-graph\">{\"@context\":\"https:\\\/\\\/schema.org\",\"@graph\":[{\"@type\":\"WebPage\",\"@id\":\"https:\\\/\\\/teachchildrenmeditation.com\\\/home-resources\\\/books-to-teach-meditation\\\/\",\"url\":\"https:\\\/\\\/teachchildrenmeditation.com\\\/home-resources\\\/books-to-teach-meditation\\\/\",\"name\":\"Books to teach kids and teens meditation - Teaching Children Meditation\",\"isPartOf\":{\"@id\":\"https:\\\/\\\/teachchildrenmeditation.com\\\/#website\"},\"primaryImageOfPage\":{\"@id\":\"https:\\\/\\\/teachchildrenmeditation.com\\\/home-resources\\\/books-to-teach-meditation\\\/#primaryimage\"},\"image\":{\"@id\":\"https:\\\/\\\/teachchildrenmeditation.com\\\/home-resources\\\/books-to-teach-meditation\\\/#primaryimage\"},\"thumbnailUrl\":\"https:\\\/\\\/teachchildrenmeditation.com\\\/files\\\/2026\\\/02\\\/EXTEND-1.jpg\",\"datePublished\":\"2014-05-08T12:50:05+00:00\",\"dateModified\":\"2026-02-12T13:58:09+00:00\",\"description\":\"books to Teach Meditation - to help parent ot professionals for children to teens and includes SEN and trauma\",\"breadcrumb\":{\"@id\":\"https:\\\/\\\/teachchildrenmeditation.com\\\/home-resources\\\/books-to-teach-meditation\\\/#breadcrumb\"},\"inLanguage\":\"es\",\"potentialAction\":[{\"@type\":\"ReadAction\",\"target\":[\"https:\\\/\\\/teachchildrenmeditation.com\\\/home-resources\\\/books-to-teach-meditation\\\/\"]}]},{\"@type\":\"ImageObject\",\"inLanguage\":\"es\",\"@id\":\"https:\\\/\\\/teachchildrenmeditation.com\\\/home-resources\\\/books-to-teach-meditation\\\/#primaryimage\",\"url\":\"https:\\\/\\\/teachchildrenmeditation.com\\\/files\\\/2026\\\/02\\\/EXTEND-1.jpg\",\"contentUrl\":\"https:\\\/\\\/teachchildrenmeditation.com\\\/files\\\/2026\\\/02\\\/EXTEND-1.jpg\",\"width\":1080,\"height\":1080,\"caption\":\"meditation books - teaching kids and teens\"},{\"@type\":\"BreadcrumbList\",\"@id\":\"https:\\\/\\\/teachchildrenmeditation.com\\\/home-resources\\\/books-to-teach-meditation\\\/#breadcrumb\",\"itemListElement\":[{\"@type\":\"ListItem\",\"position\":1,\"name\":\"Home\",\"item\":\"https:\\\/\\\/teachchildrenmeditation.com\\\/\"},{\"@type\":\"ListItem\",\"position\":2,\"name\":\"Mindful Resources\",\"item\":\"https:\\\/\\\/teachchildrenmeditation.com\\\/home-resources\\\/\"},{\"@type\":\"ListItem\",\"position\":3,\"name\":\"Books to teach kids and teens meditation\"}]},{\"@type\":\"WebSite\",\"@id\":\"https:\\\/\\\/teachchildrenmeditation.com\\\/#website\",\"url\":\"https:\\\/\\\/teachchildrenmeditation.com\\\/\",\"name\":\"Teaching Children Meditation\",\"description\":\"accredited and award-winning\",\"publisher\":{\"@id\":\"https:\\\/\\\/teachchildrenmeditation.com\\\/#organization\"},\"potentialAction\":[{\"@type\":\"SearchAction\",\"target\":{\"@type\":\"EntryPoint\",\"urlTemplate\":\"https:\\\/\\\/teachchildrenmeditation.com\\\/?s={search_term_string}\"},\"query-input\":{\"@type\":\"PropertyValueSpecification\",\"valueRequired\":true,\"valueName\":\"search_term_string\"}}],\"inLanguage\":\"es\"},{\"@type\":\"Organization\",\"@id\":\"https:\\\/\\\/teachchildrenmeditation.com\\\/#organization\",\"name\":\"Connected Kids Ltd\",\"url\":\"https:\\\/\\\/teachchildrenmeditation.com\\\/\",\"logo\":{\"@type\":\"ImageObject\",\"inLanguage\":\"es\",\"@id\":\"https:\\\/\\\/teachchildrenmeditation.com\\\/#\\\/schema\\\/logo\\\/image\\\/\",\"url\":\"https:\\\/\\\/teachchildrenmeditation.com\\\/files\\\/2021\\\/04\\\/logo2CK-3.png\",\"contentUrl\":\"https:\\\/\\\/teachchildrenmeditation.com\\\/files\\\/2021\\\/04\\\/logo2CK-3.png\",\"width\":472,\"height\":470,\"caption\":\"Connected Kids Ltd\"},\"image\":{\"@id\":\"https:\\\/\\\/teachchildrenmeditation.com\\\/#\\\/schema\\\/logo\\\/image\\\/\"},\"sameAs\":[\"https:\\\/\\\/www.facebook.com\\\/connectedkids\",\"https:\\\/\\\/www.instagram.com\\\/connectedkids\\\/\"]}]}<\/script>\n<!-- \/ Yoast SEO plugin. -->","yoast_head_json":{"title":"Books to teach kids and teens meditation - Teaching Children Meditation","description":"books to Teach Meditation - to help parent ot professionals for children to teens and includes SEN and trauma","robots":{"index":"index","follow":"follow","max-snippet":"max-snippet:-1","max-image-preview":"max-image-preview:large","max-video-preview":"max-video-preview:-1"},"canonical":"https:\/\/teachchildrenmeditation.com\/es\/home-resources\/books-to-teach-meditation\/","og_locale":"es_ES","og_type":"article","og_title":"Books to teach kids and teens meditation - Teaching Children Meditation","og_description":"books to Teach Meditation - to help parent ot professionals for children to teens and includes SEN and trauma","og_url":"https:\/\/teachchildrenmeditation.com\/es\/home-resources\/books-to-teach-meditation\/","og_site_name":"Teaching Children Meditation","article_publisher":"https:\/\/www.facebook.com\/connectedkids","article_modified_time":"2026-02-12T13:58:09+00:00","og_image":[{"width":1080,"height":1080,"url":"https:\/\/teachchildrenmeditation.com\/files\/2026\/02\/EXTEND-1.jpg","type":"image\/jpeg"}],"twitter_card":"summary_large_image","twitter_misc":{"Tiempo de lectura":"5 minutos"},"schema":{"@context":"https:\/\/schema.org","@graph":[{"@type":"WebPage","@id":"https:\/\/teachchildrenmeditation.com\/home-resources\/books-to-teach-meditation\/","url":"https:\/\/teachchildrenmeditation.com\/home-resources\/books-to-teach-meditation\/","name":"Books to teach kids and teens meditation - Teaching Children Meditation","isPartOf":{"@id":"https:\/\/teachchildrenmeditation.com\/#website"},"primaryImageOfPage":{"@id":"https:\/\/teachchildrenmeditation.com\/home-resources\/books-to-teach-meditation\/#primaryimage"},"image":{"@id":"https:\/\/teachchildrenmeditation.com\/home-resources\/books-to-teach-meditation\/#primaryimage"},"thumbnailUrl":"https:\/\/teachchildrenmeditation.com\/files\/2026\/02\/EXTEND-1.jpg","datePublished":"2014-05-08T12:50:05+00:00","dateModified":"2026-02-12T13:58:09+00:00","description":"books to Teach Meditation - to help parent ot professionals for children to teens and includes SEN and trauma","breadcrumb":{"@id":"https:\/\/teachchildrenmeditation.com\/home-resources\/books-to-teach-meditation\/#breadcrumb"},"inLanguage":"es","potentialAction":[{"@type":"ReadAction","target":["https:\/\/teachchildrenmeditation.com\/home-resources\/books-to-teach-meditation\/"]}]},{"@type":"ImageObject","inLanguage":"es","@id":"https:\/\/teachchildrenmeditation.com\/home-resources\/books-to-teach-meditation\/#primaryimage","url":"https:\/\/teachchildrenmeditation.com\/files\/2026\/02\/EXTEND-1.jpg","contentUrl":"https:\/\/teachchildrenmeditation.com\/files\/2026\/02\/EXTEND-1.jpg","width":1080,"height":1080,"caption":"meditation books - teaching kids and teens"},{"@type":"BreadcrumbList","@id":"https:\/\/teachchildrenmeditation.com\/home-resources\/books-to-teach-meditation\/#breadcrumb","itemListElement":[{"@type":"ListItem","position":1,"name":"Home","item":"https:\/\/teachchildrenmeditation.com\/"},{"@type":"ListItem","position":2,"name":"Mindful Resources","item":"https:\/\/teachchildrenmeditation.com\/home-resources\/"},{"@type":"ListItem","position":3,"name":"Books to teach kids and teens meditation"}]},{"@type":"WebSite","@id":"https:\/\/teachchildrenmeditation.com\/#website","url":"https:\/\/teachchildrenmeditation.com\/","name":"Ense\u00f1ar a los ni\u00f1os a meditar","description":"acreditado y premiado","publisher":{"@id":"https:\/\/teachchildrenmeditation.com\/#organization"},"potentialAction":[{"@type":"SearchAction","target":{"@type":"EntryPoint","urlTemplate":"https:\/\/teachchildrenmeditation.com\/?s={search_term_string}"},"query-input":{"@type":"PropertyValueSpecification","valueRequired":true,"valueName":"search_term_string"}}],"inLanguage":"es"},{"@type":"Organization","@id":"https:\/\/teachchildrenmeditation.com\/#organization","name":"Connected Kids Ltd","url":"https:\/\/teachchildrenmeditation.com\/","logo":{"@type":"ImageObject","inLanguage":"es","@id":"https:\/\/teachchildrenmeditation.com\/#\/schema\/logo\/image\/","url":"https:\/\/teachchildrenmeditation.com\/files\/2021\/04\/logo2CK-3.png","contentUrl":"https:\/\/teachchildrenmeditation.com\/files\/2021\/04\/logo2CK-3.png","width":472,"height":470,"caption":"Connected Kids Ltd"},"image":{"@id":"https:\/\/teachchildrenmeditation.com\/#\/schema\/logo\/image\/"},"sameAs":["https:\/\/www.facebook.com\/connectedkids","https:\/\/www.instagram.com\/connectedkids\/"]}]}},"_links":{"self":[{"href":"https:\/\/teachchildrenmeditation.com\/es\/wp-json\/wp\/v2\/pages\/913","targetHints":{"allow":["GET"]}}],"collection":[{"href":"https:\/\/teachchildrenmeditation.com\/es\/wp-json\/wp\/v2\/pages"}],"about":[{"href":"https:\/\/teachchildrenmeditation.com\/es\/wp-json\/wp\/v2\/types\/page"}],"author":[{"embeddable":true,"href":"https:\/\/teachchildrenmeditation.com\/es\/wp-json\/wp\/v2\/users\/13"}],"replies":[{"embeddable":true,"href":"https:\/\/teachchildrenmeditation.com\/es\/wp-json\/wp\/v2\/comments?post=913"}],"version-history":[{"count":115,"href":"https:\/\/teachchildrenmeditation.com\/es\/wp-json\/wp\/v2\/pages\/913\/revisions"}],"predecessor-version":[{"id":19905,"href":"https:\/\/teachchildrenmeditation.com\/es\/wp-json\/wp\/v2\/pages\/913\/revisions\/19905"}],"up":[{"embeddable":true,"href":"https:\/\/teachchildrenmeditation.com\/es\/wp-json\/wp\/v2\/pages\/7707"}],"wp:featuredmedia":[{"embeddable":true,"href":"https:\/\/teachchildrenmeditation.com\/es\/wp-json\/wp\/v2\/media\/19903"}],"wp:attachment":[{"href":"https:\/\/teachchildrenmeditation.com\/es\/wp-json\/wp\/v2\/media?parent=913"}],"curies":[{"name":"wp","href":"https:\/\/api.w.org\/{rel}","templated":true}]}}