{"id":9071,"date":"2021-04-23T10:24:37","date_gmt":"2021-04-23T10:24:37","guid":{"rendered":"https:\/\/www.bcgwebdesign.co.uk\/tcm\/?page_id=9071"},"modified":"2023-05-12T11:10:58","modified_gmt":"2023-05-12T11:10:58","slug":"speaking-engagements","status":"publish","type":"page","link":"https:\/\/teachchildrenmeditation.com\/es\/calm-for-kids\/speaking-engagements\/","title":{"rendered":"Conferencista Consciente y Experto en Eventos"},"content":{"rendered":"<div id=\"block-yui_3_17_2_1_1565486737527_5663\" data-block-type=\"2\">\n<h2>Inspira a tu personal<\/h2>\n<h3>Experto en Mindfulness y Meditaci\u00f3n \u2013 20 a\u00f1os de experiencia\u2026<\/h3>\n<p><strong>\u00bfEst\u00e1 buscando un orador inspirador de atenci\u00f3n plena?<\/strong> para tus eventos de bienestar?<\/p>\n<p>La fundadora de Connected Kids, Lorraine E Murray, tiene a\u00f1os de experiencia hablando en cumbres en l\u00ednea, eventos p\u00fablicos y entrevistas.<\/p>\n<p>Ella aporta 20 a\u00f1os de experiencia en la ense\u00f1anza de meditaci\u00f3n a j\u00f3venes (y adultos), incluidos aquellos con <strong>trauma, TDAH, autismo o NEE.<\/strong><\/p>\n<\/div>\n<div dir=\"ltr\">\n<div>\n<div dir=\"ltr\">\n<p><em><div class='testimonial' style='border-top-color:#D3DCE8; background-color:#D3DCE8;'><\/em><\/p>\n<div>\n<div dir=\"ltr\"><strong><em>\u201c\u00a1Estuviste absolutamente brillante y muy bien recibido! \u00a1Al personal del NHS le encantaron sus herramientas de cuidado personal y sus historias reales! <\/em><em><em>Gracias por todo.&quot;\u00a0 <\/em><\/em><\/strong><\/div>\n<div dir=\"ltr\" style=\"text-align: right;\">Claire Street-Mooney, Oficial Superior de Promoci\u00f3n de la Salud \u2013 Ni\u00f1os y J\u00f3venes,<\/div>\n<div dir=\"ltr\" style=\"text-align: right;\">Servicio Nacional de Salud de Lanarkshire<\/div>\n<\/div>\n<\/div>\n<p><a href=\"https:\/\/teachchildrenmeditation.com\/es\/files\/2022\/03\/Lorraine-Murray-1.jpg\/\"><img loading=\"lazy\" decoding=\"async\" class=\"wp-image-11163 alignleft\" src=\"https:\/\/teachchildrenmeditation.com\/files\/2022\/03\/Lorraine-Murray-1-300x169.jpg\" alt=\"\" width=\"232\" height=\"131\" srcset=\"https:\/\/teachchildrenmeditation.com\/files\/2022\/03\/Lorraine-Murray-1-300x169.jpg 300w, https:\/\/teachchildrenmeditation.com\/files\/2022\/03\/Lorraine-Murray-1-1024x576.jpg 1024w, https:\/\/teachchildrenmeditation.com\/files\/2022\/03\/Lorraine-Murray-1-768x432.jpg 768w, https:\/\/teachchildrenmeditation.com\/files\/2022\/03\/Lorraine-Murray-1-18x10.jpg 18w, https:\/\/teachchildrenmeditation.com\/files\/2022\/03\/Lorraine-Murray-1-600x338.jpg 600w, https:\/\/teachchildrenmeditation.com\/files\/2022\/03\/Lorraine-Murray-1.jpg 1280w\" sizes=\"auto, (max-width: 232px) 100vw, 232px\" \/><\/a><a href=\"https:\/\/teachchildrenmeditation.com\/es\/files\/2022\/03\/story-massage-conference.jpg\/\"><img loading=\"lazy\" decoding=\"async\" class=\"wp-image-11167 alignleft\" src=\"https:\/\/teachchildrenmeditation.com\/files\/2022\/03\/story-massage-conference.jpg\" alt=\"\" width=\"199\" height=\"138\" \/><\/a><\/p>\n<\/div>\n<div dir=\"ltr\"><\/div>\n<\/div>\n<div dir=\"ltr\"><a href=\"https:\/\/teachchildrenmeditation.com\/es\/files\/2022\/11\/putting-mama-first.jpg\/\"><img loading=\"lazy\" decoding=\"async\" class=\"wp-image-12434 alignleft\" src=\"https:\/\/teachchildrenmeditation.com\/files\/2022\/11\/putting-mama-first-300x189.jpg\" alt=\"puttting mama first virtual retreat - lorraine murray with Lara Dawn and Sarah nykoruk promo - sound meditation\" width=\"229\" height=\"144\" srcset=\"https:\/\/teachchildrenmeditation.com\/files\/2022\/11\/putting-mama-first-300x189.jpg 300w, https:\/\/teachchildrenmeditation.com\/files\/2022\/11\/putting-mama-first-768x484.jpg 768w, https:\/\/teachchildrenmeditation.com\/files\/2022\/11\/putting-mama-first-1024x645.jpg 1024w, https:\/\/teachchildrenmeditation.com\/files\/2022\/11\/putting-mama-first-18x12.jpg 18w, https:\/\/teachchildrenmeditation.com\/files\/2022\/11\/putting-mama-first-600x378.jpg 600w, https:\/\/teachchildrenmeditation.com\/files\/2022\/11\/putting-mama-first.jpg 1042w\" sizes=\"auto, (max-width: 229px) 100vw, 229px\" \/><\/a><\/div>\n<div dir=\"ltr\"><\/div>\n<div dir=\"ltr\"><\/div>\n<div dir=\"ltr\"><\/div>\n<div dir=\"ltr\"><\/div>\n<div dir=\"ltr\"><\/div>\n<div dir=\"ltr\"><div class='widescreen plain'><div class='titlewrap'><h3>Los temas incluyen...<\/h3><\/div><div class='flex-grid-thirds'><div class='col padding50 textcenter'><div class='img-center checkmark'><\/div>Introducir un programa de ense\u00f1anza de meditaci\u00f3n en su escuela<\/div><div class='col padding50 textcenter'><div class='img-center checkmark'><\/div>C\u00f3mo la meditaci\u00f3n puede ayudar a los ni\u00f1os con las transiciones en clase\/escuela<\/div><div class='col padding50 textcenter'><div class='img-center checkmark'><\/div>Conectando edad y etapa con la meditaci\u00f3n y la atenci\u00f3n plena<\/div><div class='col padding50 textcenter'><div class='img-center checkmark'><\/div>Los beneficios de la meditaci\u00f3n para ni\u00f1os con trauma<\/div><div class='col padding50 textcenter'><div class='img-center checkmark'><\/div>Ayudar a los ni\u00f1os con NEE, autismo y TDAH a autorregularse con la meditaci\u00f3n<\/div><div class='col padding50 textcenter'><div class='img-center checkmark'><\/div>Crianza y crianza conscientes<\/div><\/div><\/div>\n<h3>\u00bfC\u00f3mo organizar\u2026?<\/h3>\n<h3><a href=\"https:\/\/teachchildrenmeditation.com\/es\/files\/2019\/01\/Lorraine-Murray_summit.jpg\/\"><img loading=\"lazy\" decoding=\"async\" class=\"wp-image-5605 alignright\" src=\"https:\/\/teachchildrenmeditation.com\/files\/2019\/01\/Lorraine-Murray_summit-300x168.jpg\" alt=\"\" width=\"420\" height=\"235\" srcset=\"https:\/\/teachchildrenmeditation.com\/files\/2019\/01\/Lorraine-Murray_summit-300x168.jpg 300w, https:\/\/teachchildrenmeditation.com\/files\/2019\/01\/Lorraine-Murray_summit-768x431.jpg 768w, https:\/\/teachchildrenmeditation.com\/files\/2019\/01\/Lorraine-Murray_summit.jpg 852w\" sizes=\"auto, (max-width: 420px) 100vw, 420px\" \/><\/a><\/h3>\n<p>El horario de Lorraine se fija con entre 3 y 6 meses de antelaci\u00f3n. \u00a1Las apariciones en l\u00ednea son m\u00e1s f\u00e1ciles de organizar!<\/p>\n<p>Lorraine suele hablar en l\u00ednea, pero puede asistir a eventos en el Reino Unido (un m\u00e1ximo de 3 veces al a\u00f1o) y en todo el mundo (1 por a\u00f1o).<\/p>\n<p>Si busca contribuciones gratuitas, Lorraine E Murray puede ofrecer art\u00edculos y asistencia a algunas cumbres en l\u00ednea.<\/p>\n<h4><span style=\"font-size: 1.6875em;\">Consulta de reserva<\/span><\/h4>\n<\/div>\n<div id=\"block-yui_3_17_2_1_1565489044909_36932\" data-block-type=\"2\">\n<p>Para invitar a Lorraine a hablar, registre su inter\u00e9s.<\/p>\n\n<div class=\"wpcf7 no-js\" id=\"wpcf7-f9339-o1\" lang=\"en-US\" dir=\"ltr\" data-wpcf7-id=\"9339\">\n<div class=\"screen-reader-response\"><p role=\"status\" aria-live=\"polite\" aria-atomic=\"true\"><\/p> <ul><\/ul><\/div>\n<form action=\"\/es\/wp-json\/wp\/v2\/pages\/9071#wpcf7-f9339-o1\" method=\"post\" class=\"wpcf7-form init\" aria-label=\"Formulario de contacto\" novalidate=\"novalidate\" data-status=\"init\" data-trp-original-action=\"\/es\/wp-json\/wp\/v2\/pages\/9071#wpcf7-f9339-o1\">\n<fieldset class=\"hidden-fields-container\"><input type=\"hidden\" name=\"_wpcf7\" value=\"9339\" \/><input type=\"hidden\" name=\"_wpcf7_version\" value=\"6.1.5\" \/><input type=\"hidden\" name=\"_wpcf7_locale\" value=\"en_US\" \/><input type=\"hidden\" name=\"_wpcf7_unit_tag\" value=\"wpcf7-f9339-o1\" \/><input type=\"hidden\" name=\"_wpcf7_container_post\" value=\"0\" \/><input type=\"hidden\" name=\"_wpcf7_posted_data_hash\" value=\"\" \/><input type=\"hidden\" name=\"_wpcf7_recaptcha_response\" value=\"\" \/>\n<\/fieldset>\n<p><label><b>Su nombre<\/b> <\/label><br \/>\n<span class=\"wpcf7-form-control-wrap\" data-name=\"your-name\"><input size=\"40\" maxlength=\"400\" class=\"wpcf7-form-control wpcf7-text wpcf7-validates-as-required\" aria-required=\"true\" aria-invalid=\"false\" value=\"\" type=\"text\" name=\"your-name\" \/><\/span>\n<\/p>\n<p><label><b>Tu correo electr\u00f3nico<\/b><br \/>\n<span class=\"wpcf7-form-control-wrap\" data-name=\"your-email\"><input size=\"40\" maxlength=\"400\" class=\"wpcf7-form-control wpcf7-email wpcf7-validates-as-required wpcf7-text wpcf7-validates-as-email\" aria-required=\"true\" aria-invalid=\"false\" value=\"\" type=\"email\" name=\"your-email\" \/><\/span> <\/label>\n<\/p>\n<p><label><b> \u00bfTipo de evento?<\/b> <\/label><br \/>\n<span class=\"wpcf7-form-control-wrap\" data-name=\"kindofevent\"><span class=\"wpcf7-form-control wpcf7-checkbox wpcf7-validates-as-required\"><span class=\"wpcf7-list-item first\"><label><span class=\"wpcf7-list-item-label\">podcast<\/span><input type=\"checkbox\" name=\"kindofevent[]\" value=\"podcast\" \/><\/label><\/span><span class=\"wpcf7-list-item\"><label><span class=\"wpcf7-list-item-label\">entrevista radial<\/span><input type=\"checkbox\" name=\"kindofevent[]\" value=\"radio interview\" \/><\/label><\/span><span class=\"wpcf7-list-item\"><label><span class=\"wpcf7-list-item-label\">entrevista impresa<\/span><input type=\"checkbox\" name=\"kindofevent[]\" value=\"print interview\" \/><\/label><\/span><span class=\"wpcf7-list-item\"><label><span class=\"wpcf7-list-item-label\">compromiso de hablar<\/span><input type=\"checkbox\" name=\"kindofevent[]\" value=\"speaking engagement\" \/><\/label><\/span><span class=\"wpcf7-list-item last\"><label><span class=\"wpcf7-list-item-label\">otro<\/span><input type=\"checkbox\" name=\"kindofevent[]\" value=\"other\" \/><\/label><\/span><\/span><\/span>\n<\/p>\n<p><label><b> \u00bfTipo de organizaci\u00f3n?<\/b> <\/label>\n<\/p>\n<p><span class=\"wpcf7-form-control-wrap\" data-name=\"typeoforganisation\"><span class=\"wpcf7-form-control wpcf7-checkbox wpcf7-validates-as-required\"><span class=\"wpcf7-list-item first\"><label><span class=\"wpcf7-list-item-label\">con fines de lucro<\/span><input type=\"checkbox\" name=\"typeoforganisation[]\" value=\"for profit\" \/><\/label><\/span><span class=\"wpcf7-list-item\"><label><span class=\"wpcf7-list-item-label\">sin \u00e1nimo de lucro<\/span><input type=\"checkbox\" name=\"typeoforganisation[]\" value=\"non profit\" \/><\/label><\/span><span class=\"wpcf7-list-item\"><label><span class=\"wpcf7-list-item-label\">canal de medios<\/span><input type=\"checkbox\" name=\"typeoforganisation[]\" value=\"media channel\" \/><\/label><\/span><span class=\"wpcf7-list-item\"><label><span class=\"wpcf7-list-item-label\">escuela<\/span><input type=\"checkbox\" name=\"typeoforganisation[]\" value=\"school\" \/><\/label><\/span><span class=\"wpcf7-list-item\"><label><span class=\"wpcf7-list-item-label\">grupo privado<\/span><input type=\"checkbox\" name=\"typeoforganisation[]\" value=\"private group\" \/><\/label><\/span><span class=\"wpcf7-list-item last\"><label><span class=\"wpcf7-list-item-label\">otro<\/span><input type=\"checkbox\" name=\"typeoforganisation[]\" value=\"other\" \/><\/label><\/span><\/span><\/span>\n<\/p>\n<p><label> <b>\u00bfNombre de su organizaci\u00f3n?<\/b> <\/label>\n<\/p>\n<p><span class=\"wpcf7-form-control-wrap\" data-name=\"nameofgroup\"><input size=\"40\" maxlength=\"400\" class=\"wpcf7-form-control wpcf7-text wpcf7-validates-as-required\" aria-required=\"true\" aria-invalid=\"false\" value=\"\" type=\"text\" name=\"nameofgroup\" \/><\/span><br \/>\n<label><b>\u00bfPlazo del evento?<\/b> <\/label>\n<\/p>\n<p><span class=\"wpcf7-form-control-wrap\" data-name=\"timeframe\"><input size=\"40\" maxlength=\"400\" class=\"wpcf7-form-control wpcf7-text wpcf7-validates-as-required\" aria-required=\"true\" aria-invalid=\"false\" value=\"\" type=\"text\" name=\"timeframe\" \/><\/span>\n<\/p>\n<p><label><b>\u00bfUbicaci\u00f3n?<\/b> <\/label>\n<\/p>\n<p><span class=\"wpcf7-form-control-wrap\" data-name=\"Location\"><input size=\"40\" maxlength=\"400\" class=\"wpcf7-form-control wpcf7-text wpcf7-validates-as-required\" aria-required=\"true\" aria-invalid=\"false\" value=\"\" type=\"text\" name=\"Location\" \/><\/span>\n<\/p>\n<p><label><b>\u00bfEs un evento de oratoria pago?<\/b> <\/label><br \/>\n<span class=\"wpcf7-form-control-wrap\" data-name=\"paidevent\"><span class=\"wpcf7-form-control wpcf7-checkbox wpcf7-validates-as-required\"><span class=\"wpcf7-list-item first\"><label><span class=\"wpcf7-list-item-label\">S\u00ed<\/span><input type=\"checkbox\" name=\"paidevent[]\" value=\"yes\" \/><\/label><\/span><span class=\"wpcf7-list-item\"><label><span class=\"wpcf7-list-item-label\">No<\/span><input type=\"checkbox\" name=\"paidevent[]\" value=\"no\" \/><\/label><\/span><span class=\"wpcf7-list-item last\"><label><span class=\"wpcf7-list-item-label\">otro<\/span><input type=\"checkbox\" name=\"paidevent[]\" value=\"other\" \/><\/label><\/span><\/span><\/span>\n<\/p>\n<p><label><b>Si responde &quot;otro&quot; a cualquiera de las preguntas anteriores, explique<\/b><\/label>\n<\/p>\n<p><span class=\"wpcf7-form-control-wrap\" data-name=\"Ifyouansweredotherforanyoftheabovepleaseelaborate_\"><textarea cols=\"40\" rows=\"10\" maxlength=\"2000\" class=\"wpcf7-form-control wpcf7-textarea\" aria-invalid=\"false\" name=\"Ifyouansweredotherforanyoftheabovepleaseelaborate_\"><\/textarea><\/span>\n<\/p>\n<p><label><b>Comparte cualquier otra informaci\u00f3n \u00fatil...<\/b> <\/label><br \/>\n<span class=\"wpcf7-form-control-wrap\" data-name=\"Pleaseshareanyrelevantdetailsaboutyourorganizationeventpodcastorinvitation_\"><textarea cols=\"40\" rows=\"10\" maxlength=\"2000\" class=\"wpcf7-form-control wpcf7-textarea\" aria-invalid=\"false\" name=\"Pleaseshareanyrelevantdetailsaboutyourorganizationeventpodcastorinvitation_\"><\/textarea><\/span>\n<\/p>\n<p><input class=\"wpcf7-form-control wpcf7-submit has-spinner\" type=\"submit\" value=\"Entregar\" \/>\n<\/p><p style=\"display: none !important;\" class=\"akismet-fields-container\" data-prefix=\"_wpcf7_ak_\"><label>&#916;<textarea name=\"_wpcf7_ak_hp_textarea\" cols=\"45\" rows=\"8\" maxlength=\"100\"><\/textarea><\/label><input type=\"hidden\" id=\"ak_js_1\" name=\"_wpcf7_ak_js\" value=\"244\"\/><script>document.getElementById( \"ak_js_1\" ).setAttribute( \"value\", ( new Date() ).getTime() );<\/script><\/p><input type='hidden' class='wpcf7-pum' value='{\"closepopup\":false,\"closedelay\":0,\"openpopup\":false,\"openpopup_id\":0}' \/><div class=\"wpcf7-response-output\" aria-hidden=\"true\"><\/div>\n<input type=\"hidden\" name=\"trp-form-language\" value=\"es\"\/><\/form>\n<\/div>\n\n<div class='widescreen divider greenone'><\/div>\n<\/div>","protected":false},"excerpt":{"rendered":"<p>Invita a la pionera de la meditaci\u00f3n infantil, Lorraine E Murray, a hablar en tu evento...<\/p>","protected":false},"author":13,"featured_media":12434,"parent":49,"menu_order":0,"comment_status":"closed","ping_status":"closed","template":"","meta":{"_acf_changed":false,"footnotes":""},"class_list":["post-9071","page","type-page","status-publish","has-post-thumbnail","hentry","entry"],"acf":[],"yoast_head":"<!-- This site is optimized with the Yoast SEO plugin v27.4 - https:\/\/yoast.com\/product\/yoast-seo-wordpress\/ -->\n<title>Mindful Speaker and Expert for Events - Teaching Children Meditation<\/title>\n<meta name=\"description\" content=\"inspirational speaker - Connected Kids founder Lorraine E Murray with 20 years experience including SEN, Autism and Trauma\" \/>\n<meta name=\"robots\" content=\"index, follow, max-snippet:-1, max-image-preview:large, max-video-preview:-1\" \/>\n<link rel=\"canonical\" href=\"https:\/\/teachchildrenmeditation.com\/es\/welcome\/speaking-engagements\/\" \/>\n<meta property=\"og:locale\" content=\"es_ES\" \/>\n<meta property=\"og:type\" content=\"article\" \/>\n<meta property=\"og:title\" content=\"Mindful Speaker and Expert for Events - Teaching Children Meditation\" \/>\n<meta property=\"og:description\" content=\"inspirational speaker - Connected Kids founder Lorraine E Murray with 20 years experience including SEN, Autism and Trauma\" \/>\n<meta property=\"og:url\" content=\"https:\/\/teachchildrenmeditation.com\/es\/welcome\/speaking-engagements\/\" \/>\n<meta property=\"og:site_name\" content=\"Teaching Children Meditation\" \/>\n<meta property=\"article:publisher\" content=\"https:\/\/www.facebook.com\/connectedkids\" \/>\n<meta property=\"article:modified_time\" content=\"2023-05-12T11:10:58+00:00\" \/>\n<meta property=\"og:image\" content=\"https:\/\/teachchildrenmeditation.com\/files\/2022\/11\/putting-mama-first.jpg\" \/>\n\t<meta property=\"og:image:width\" content=\"1042\" \/>\n\t<meta property=\"og:image:height\" content=\"656\" \/>\n\t<meta property=\"og:image:type\" content=\"image\/jpeg\" \/>\n<meta name=\"twitter:card\" content=\"summary_large_image\" \/>\n<meta name=\"twitter:label1\" content=\"Tiempo de lectura\" \/>\n\t<meta name=\"twitter:data1\" content=\"2 minutos\" \/>\n<script type=\"application\/ld+json\" class=\"yoast-schema-graph\">{\"@context\":\"https:\\\/\\\/schema.org\",\"@graph\":[{\"@type\":\"WebPage\",\"@id\":\"https:\\\/\\\/teachchildrenmeditation.com\\\/welcome\\\/speaking-engagements\\\/\",\"url\":\"https:\\\/\\\/teachchildrenmeditation.com\\\/welcome\\\/speaking-engagements\\\/\",\"name\":\"Mindful Speaker and Expert for Events - Teaching Children Meditation\",\"isPartOf\":{\"@id\":\"https:\\\/\\\/teachchildrenmeditation.com\\\/#website\"},\"primaryImageOfPage\":{\"@id\":\"https:\\\/\\\/teachchildrenmeditation.com\\\/welcome\\\/speaking-engagements\\\/#primaryimage\"},\"image\":{\"@id\":\"https:\\\/\\\/teachchildrenmeditation.com\\\/welcome\\\/speaking-engagements\\\/#primaryimage\"},\"thumbnailUrl\":\"https:\\\/\\\/teachchildrenmeditation.com\\\/files\\\/2022\\\/11\\\/putting-mama-first.jpg\",\"datePublished\":\"2021-04-23T10:24:37+00:00\",\"dateModified\":\"2023-05-12T11:10:58+00:00\",\"description\":\"inspirational speaker - Connected Kids founder Lorraine E Murray with 20 years experience including SEN, Autism and Trauma\",\"breadcrumb\":{\"@id\":\"https:\\\/\\\/teachchildrenmeditation.com\\\/welcome\\\/speaking-engagements\\\/#breadcrumb\"},\"inLanguage\":\"es\",\"potentialAction\":[{\"@type\":\"ReadAction\",\"target\":[\"https:\\\/\\\/teachchildrenmeditation.com\\\/welcome\\\/speaking-engagements\\\/\"]}]},{\"@type\":\"ImageObject\",\"inLanguage\":\"es\",\"@id\":\"https:\\\/\\\/teachchildrenmeditation.com\\\/welcome\\\/speaking-engagements\\\/#primaryimage\",\"url\":\"https:\\\/\\\/teachchildrenmeditation.com\\\/files\\\/2022\\\/11\\\/putting-mama-first.jpg\",\"contentUrl\":\"https:\\\/\\\/teachchildrenmeditation.com\\\/files\\\/2022\\\/11\\\/putting-mama-first.jpg\",\"width\":1042,\"height\":656,\"caption\":\"puttting mama first virtual retreat - lorraine murray with Lara Dawn and Sarah nykoruk promo - sound meditation\"},{\"@type\":\"BreadcrumbList\",\"@id\":\"https:\\\/\\\/teachchildrenmeditation.com\\\/welcome\\\/speaking-engagements\\\/#breadcrumb\",\"itemListElement\":[{\"@type\":\"ListItem\",\"position\":1,\"name\":\"Home\",\"item\":\"https:\\\/\\\/teachchildrenmeditation.com\\\/\"},{\"@type\":\"ListItem\",\"position\":2,\"name\":\"Help young people feel calm, focused and happy\",\"item\":\"https:\\\/\\\/teachchildrenmeditation.com\\\/\"},{\"@type\":\"ListItem\",\"position\":3,\"name\":\"Mindful Speaker and Expert for Events\"}]},{\"@type\":\"WebSite\",\"@id\":\"https:\\\/\\\/teachchildrenmeditation.com\\\/#website\",\"url\":\"https:\\\/\\\/teachchildrenmeditation.com\\\/\",\"name\":\"Teaching Children Meditation\",\"description\":\"accredited and award-winning\",\"publisher\":{\"@id\":\"https:\\\/\\\/teachchildrenmeditation.com\\\/#organization\"},\"potentialAction\":[{\"@type\":\"SearchAction\",\"target\":{\"@type\":\"EntryPoint\",\"urlTemplate\":\"https:\\\/\\\/teachchildrenmeditation.com\\\/?s={search_term_string}\"},\"query-input\":{\"@type\":\"PropertyValueSpecification\",\"valueRequired\":true,\"valueName\":\"search_term_string\"}}],\"inLanguage\":\"es\"},{\"@type\":\"Organization\",\"@id\":\"https:\\\/\\\/teachchildrenmeditation.com\\\/#organization\",\"name\":\"Connected Kids Ltd\",\"url\":\"https:\\\/\\\/teachchildrenmeditation.com\\\/\",\"logo\":{\"@type\":\"ImageObject\",\"inLanguage\":\"es\",\"@id\":\"https:\\\/\\\/teachchildrenmeditation.com\\\/#\\\/schema\\\/logo\\\/image\\\/\",\"url\":\"https:\\\/\\\/teachchildrenmeditation.com\\\/files\\\/2021\\\/04\\\/logo2CK-3.png\",\"contentUrl\":\"https:\\\/\\\/teachchildrenmeditation.com\\\/files\\\/2021\\\/04\\\/logo2CK-3.png\",\"width\":472,\"height\":470,\"caption\":\"Connected Kids Ltd\"},\"image\":{\"@id\":\"https:\\\/\\\/teachchildrenmeditation.com\\\/#\\\/schema\\\/logo\\\/image\\\/\"},\"sameAs\":[\"https:\\\/\\\/www.facebook.com\\\/connectedkids\",\"https:\\\/\\\/www.instagram.com\\\/connectedkids\\\/\"]}]}<\/script>\n<!-- \/ Yoast SEO plugin. -->","yoast_head_json":{"title":"Mindful Speaker and Expert for Events - Teaching Children Meditation","description":"inspirational speaker - Connected Kids founder Lorraine E Murray with 20 years experience including SEN, Autism and Trauma","robots":{"index":"index","follow":"follow","max-snippet":"max-snippet:-1","max-image-preview":"max-image-preview:large","max-video-preview":"max-video-preview:-1"},"canonical":"https:\/\/teachchildrenmeditation.com\/es\/welcome\/speaking-engagements\/","og_locale":"es_ES","og_type":"article","og_title":"Mindful Speaker and Expert for Events - Teaching Children Meditation","og_description":"inspirational speaker - Connected Kids founder Lorraine E Murray with 20 years experience including SEN, Autism and Trauma","og_url":"https:\/\/teachchildrenmeditation.com\/es\/welcome\/speaking-engagements\/","og_site_name":"Teaching Children Meditation","article_publisher":"https:\/\/www.facebook.com\/connectedkids","article_modified_time":"2023-05-12T11:10:58+00:00","og_image":[{"width":1042,"height":656,"url":"https:\/\/teachchildrenmeditation.com\/files\/2022\/11\/putting-mama-first.jpg","type":"image\/jpeg"}],"twitter_card":"summary_large_image","twitter_misc":{"Tiempo de lectura":"2 minutos"},"schema":{"@context":"https:\/\/schema.org","@graph":[{"@type":"WebPage","@id":"https:\/\/teachchildrenmeditation.com\/welcome\/speaking-engagements\/","url":"https:\/\/teachchildrenmeditation.com\/welcome\/speaking-engagements\/","name":"Mindful Speaker and Expert for Events - Teaching Children Meditation","isPartOf":{"@id":"https:\/\/teachchildrenmeditation.com\/#website"},"primaryImageOfPage":{"@id":"https:\/\/teachchildrenmeditation.com\/welcome\/speaking-engagements\/#primaryimage"},"image":{"@id":"https:\/\/teachchildrenmeditation.com\/welcome\/speaking-engagements\/#primaryimage"},"thumbnailUrl":"https:\/\/teachchildrenmeditation.com\/files\/2022\/11\/putting-mama-first.jpg","datePublished":"2021-04-23T10:24:37+00:00","dateModified":"2023-05-12T11:10:58+00:00","description":"inspirational speaker - Connected Kids founder Lorraine E Murray with 20 years experience including SEN, Autism and Trauma","breadcrumb":{"@id":"https:\/\/teachchildrenmeditation.com\/welcome\/speaking-engagements\/#breadcrumb"},"inLanguage":"es","potentialAction":[{"@type":"ReadAction","target":["https:\/\/teachchildrenmeditation.com\/welcome\/speaking-engagements\/"]}]},{"@type":"ImageObject","inLanguage":"es","@id":"https:\/\/teachchildrenmeditation.com\/welcome\/speaking-engagements\/#primaryimage","url":"https:\/\/teachchildrenmeditation.com\/files\/2022\/11\/putting-mama-first.jpg","contentUrl":"https:\/\/teachchildrenmeditation.com\/files\/2022\/11\/putting-mama-first.jpg","width":1042,"height":656,"caption":"puttting mama first virtual retreat - lorraine murray with Lara Dawn and Sarah nykoruk promo - sound meditation"},{"@type":"BreadcrumbList","@id":"https:\/\/teachchildrenmeditation.com\/welcome\/speaking-engagements\/#breadcrumb","itemListElement":[{"@type":"ListItem","position":1,"name":"Home","item":"https:\/\/teachchildrenmeditation.com\/"},{"@type":"ListItem","position":2,"name":"Help young people feel calm, focused and happy","item":"https:\/\/teachchildrenmeditation.com\/"},{"@type":"ListItem","position":3,"name":"Mindful Speaker and Expert for Events"}]},{"@type":"WebSite","@id":"https:\/\/teachchildrenmeditation.com\/#website","url":"https:\/\/teachchildrenmeditation.com\/","name":"Ense\u00f1ar a los ni\u00f1os a meditar","description":"acreditado y premiado","publisher":{"@id":"https:\/\/teachchildrenmeditation.com\/#organization"},"potentialAction":[{"@type":"SearchAction","target":{"@type":"EntryPoint","urlTemplate":"https:\/\/teachchildrenmeditation.com\/?s={search_term_string}"},"query-input":{"@type":"PropertyValueSpecification","valueRequired":true,"valueName":"search_term_string"}}],"inLanguage":"es"},{"@type":"Organization","@id":"https:\/\/teachchildrenmeditation.com\/#organization","name":"Connected Kids Ltd","url":"https:\/\/teachchildrenmeditation.com\/","logo":{"@type":"ImageObject","inLanguage":"es","@id":"https:\/\/teachchildrenmeditation.com\/#\/schema\/logo\/image\/","url":"https:\/\/teachchildrenmeditation.com\/files\/2021\/04\/logo2CK-3.png","contentUrl":"https:\/\/teachchildrenmeditation.com\/files\/2021\/04\/logo2CK-3.png","width":472,"height":470,"caption":"Connected Kids Ltd"},"image":{"@id":"https:\/\/teachchildrenmeditation.com\/#\/schema\/logo\/image\/"},"sameAs":["https:\/\/www.facebook.com\/connectedkids","https:\/\/www.instagram.com\/connectedkids\/"]}]}},"_links":{"self":[{"href":"https:\/\/teachchildrenmeditation.com\/es\/wp-json\/wp\/v2\/pages\/9071","targetHints":{"allow":["GET"]}}],"collection":[{"href":"https:\/\/teachchildrenmeditation.com\/es\/wp-json\/wp\/v2\/pages"}],"about":[{"href":"https:\/\/teachchildrenmeditation.com\/es\/wp-json\/wp\/v2\/types\/page"}],"author":[{"embeddable":true,"href":"https:\/\/teachchildrenmeditation.com\/es\/wp-json\/wp\/v2\/users\/13"}],"replies":[{"embeddable":true,"href":"https:\/\/teachchildrenmeditation.com\/es\/wp-json\/wp\/v2\/comments?post=9071"}],"version-history":[{"count":31,"href":"https:\/\/teachchildrenmeditation.com\/es\/wp-json\/wp\/v2\/pages\/9071\/revisions"}],"predecessor-version":[{"id":12456,"href":"https:\/\/teachchildrenmeditation.com\/es\/wp-json\/wp\/v2\/pages\/9071\/revisions\/12456"}],"up":[{"embeddable":true,"href":"https:\/\/teachchildrenmeditation.com\/es\/wp-json\/wp\/v2\/pages\/49"}],"wp:featuredmedia":[{"embeddable":true,"href":"https:\/\/teachchildrenmeditation.com\/es\/wp-json\/wp\/v2\/media\/12434"}],"wp:attachment":[{"href":"https:\/\/teachchildrenmeditation.com\/es\/wp-json\/wp\/v2\/media?parent=9071"}],"curies":[{"name":"wp","href":"https:\/\/api.w.org\/{rel}","templated":true}]}}