{"id":8481,"date":"2021-03-25T18:43:53","date_gmt":"2021-03-25T18:43:53","guid":{"rendered":"https:\/\/www.bcgwebdesign.co.uk\/tcm\/?page_id=8481"},"modified":"2026-02-27T11:28:51","modified_gmt":"2026-02-27T11:28:51","slug":"professional-online-resources","status":"publish","type":"page","link":"https:\/\/teachchildrenmeditation.com\/es\/members\/professional-online-resources\/","title":{"rendered":"Professional members &#8211; support"},"content":{"rendered":"<div>\n<h2>Recursos en l\u00ednea \u2013 Profesional<\/h2>\n<p>Un beneficio clave de tomar el curso de ni\u00f1os conectados es la <strong>\u00a1Acceso de por vida a recursos en l\u00ednea para apoyar a profesores de meditaci\u00f3n profesionales como usted!<\/strong><\/p>\n<p>Dentro de estos recursos encontrar\u00e1s informaci\u00f3n \u00fatil y apoyo que te ayudar\u00e1n a ense\u00f1ar meditaci\u00f3n de forma profesional:<\/p>\n<p>Si olvid\u00f3 su inicio de sesi\u00f3n, ser\u00e1 su direcci\u00f3n de correo electr\u00f3nico (en el momento de la compra) y la contrase\u00f1a que estableci\u00f3 o ser\u00e1 la palabra &quot;paz&quot;. Si hace clic en el bot\u00f3n de inicio de sesi\u00f3n, puede establecer una nueva contrase\u00f1a.<\/p>\n<p style=\"text-align: center;\"><a target='' class='outward_link deeppink' href='https:\/\/www.teachchildrenmeditation.com\/training\/index.php#'>Ingreso de usuarios<\/a>\n<div class='widescreen divider plain'><\/div>\n<h3 style=\"text-align: left;\">Comunidad online<\/h3>\n<p><strong>No olvides\u2026<\/strong> para unirse a nuestro <strong>exclusivo<\/strong> online community (on Facebook) has Connected Kids members from around the world. It&#8217;s a friendly community of like-minded people who share ideas and tips.\u00a0 Or it&#8217;s a great place to ask questions from other students or the Connected Kids trainers.\u00a0 Not a fan of Facebook?\u00a0 We also have a WhatsApp community for members &#8211; join via the link in our facebook group or contact us directly for the details.<\/p>\n<p style=\"text-align: center;\"><a target='' class='outward_link deeppink' href='https:\/\/www.facebook.com\/groups\/connectedkids'>Facebook members group<\/a>\n<div class='widescreen divider plain'><\/div>\n<p><span style=\"font-family: -apple-system, BlinkMacSystemFont, 'Segoe UI', Roboto, Oxygen, Ubuntu, Cantarell, 'Fira Sans', 'Droid Sans', 'Helvetica Neue', sans-serif; font-size: 1.125em; font-weight: bold;\">Aula en l\u00ednea para la certificaci\u00f3n<\/span><\/p>\n<div>If you purchased the certified<a href=\"https:\/\/teachchildrenmeditation.com\/es\/meditation-benefits-connected-kids-training\/level-2-professionals\/connected-kids-level-2-stage-1-online-course\/\" target=\"_blank\" rel=\"noopener\">\u00a0curso profesional online<\/a> (m\u00f3dulos y clases en vivo, en l\u00ednea) tienes <strong>12 meses desde la compra hasta la reserva <\/strong>in for the live, online certification class.\u00a0 After the class, you have a further 12 months to complete your assessment to gain certification.<\/div>\n<div>\n<p style=\"text-align: center;\"><a target='' class='outward_link deeppink' href='https:\/\/teachchildrenmeditation.com\/es\/members\/professional-online-resources\/online-professional-classes\/'>Horario de clases en l\u00ednea<\/a>\n<div class='widescreen divider plain'><\/div>\n<\/div>\n<p style=\"text-align: center;\"><div class='widescreen divider plain'><\/div>\n<\/div>\n<div>\n<h4 style=\"text-align: center;\"><div class='cta widescreen' style='color:#fff ; background-color: teal;' ><div class='col padding20 textcenter'> <strong>Members Exclusive Offers<\/strong><\/div><\/div><\/h4>\n<h4 style=\"text-align: left;\">Need to promote your teaching meditation practice?<\/h4>\n<p>Una vez que se haya calificado, podr\u00e1 ingresar a nuestra lista de tutores exclusivos. <strong><a href=\"\/es\/connected-kids-tutors\/\" target=\"_blank\" rel=\"noopener\">registro<\/a> y promocionar su negocio de ense\u00f1anza.<\/strong><\/p>\n<p style=\"text-align: center;\"><a target='blank' class='outward_link deeppink' href='https:\/\/teachchildrenmeditation.com\/es\/producto\/ck-tutor-registration\/'>\u00a1\u00danete ahora!<\/a>\n<div class='widescreen divider plain'><\/div>\n<\/div>\n<h4>Time to fill your &#8216;self-care&#8217; cup?<\/h4>\n<p>In addition to the online community, you can book individual online support with Lorraine E Murray through the \u00a0<a href=\"https:\/\/tidycal.com\/3qd92v1\/alignment-sessions\" target=\"_blank\" rel=\"noopener\">distance alignment healing<\/a> to balance your energy.\u00a0 Exclusive to CK program members.<\/p>\n<div class='widescreen divider plain'><\/div>\n<div>\n<h4><span style=\"font-family: -apple-system, BlinkMacSystemFont, 'Segoe UI', Roboto, Oxygen, Ubuntu, Cantarell, 'Fira Sans', 'Droid Sans', 'Helvetica Neue', sans-serif; font-size: 1.125em; font-weight: bold;\">Advanced Trauma and Meditation Skills<\/span><\/h4>\n<\/div>\n<div>Mindful Trauma Energy Awareness course &#8211; to advance your skills in working with trauma.\u00a0 No prerequisite for Connected Kids Professional Members.<\/div>\n<div><\/div>\n<div style=\"text-align: center;\"><a target='blank' class='outward_link deeppink' href='https:\/\/teachchildrenmeditation.com\/es\/meditation-benefits-connected-kids-training\/Trauma-sensitive%20meditation%20training\/'>Aprende m\u00e1s<\/a><\/div>\n<div><div class='widescreen divider plain'><\/div><\/div>\n<div>\n<h4 style=\"text-align: left;\">Actualizar habilidades o extensiones<\/h4>\n<p>Si necesita ampliar su tiempo para enviar su evaluaci\u00f3n o desea refrescar sus habilidades.<\/p>\n<p style=\"text-align: center;\"><div class=\"woocommerce columns-4 embedded-products\"><ul class=\"products columns-4\">\n<li class=\"entry product type-product post-11783 status-publish first instock product_cat-refresh-or-extend has-post-thumbnail virtual sold-individually taxable purchasable product-type-simple\">\n\t<a href=\"https:\/\/teachchildrenmeditation.com\/es\/producto\/online-professional-classrooms-only-refresher-copy\/\" class=\"woocommerce-LoopProduct-link woocommerce-loop-product__link\"><img loading=\"lazy\" decoding=\"async\" width=\"300\" height=\"300\" src=\"https:\/\/teachchildrenmeditation.com\/files\/2025\/03\/exclusive-2.jpg\" class=\"attachment-woocommerce_thumbnail size-woocommerce_thumbnail\" alt=\"RECONNECT &amp; EXTEND - 12 months\" sizes=\"auto, (max-width: 34.9rem) calc(100vw - 2rem), (max-width: 53rem) calc(8 * (100vw \/ 12)), (min-width: 53rem) calc(6 * (100vw \/ 12)), 100vw\" \/><h2 class=\"woocommerce-loop-product__title\">RECONNECT &#038; EXTEND &#8211; 12 months<\/h2>\n\t<span class=\"price\"><span class=\"woocommerce-Price-amount amount\"><bdi><span class=\"woocommerce-Price-currencySymbol\">\u00a3<\/span>349.00<\/bdi><\/span><\/span>\n<\/a><a href=\"\/es\/wp-json\/wp\/v2\/pages\/8481?add-to-cart=11783\" aria-describedby=\"woocommerce_loop_add_to_cart_link_describedby_11783\" data-quantity=\"1\" class=\"button product_type_simple add_to_cart_button ajax_add_to_cart\" data-product_id=\"11783\" data-product_sku=\"ck-extend-12-months\" aria-label=\"A\u00f1adir al carrito: \u201cRECONNECT &amp; EXTEND - 12 months\u201d\" rel=\"nofollow\" data-success_message=\"\u00abRECONNECT &amp; EXTEND - 12 months\u00bb se ha a\u00f1adido a tu carrito\" data-no-translation=\"\" data-trp-gettext=\"\" data-no-translation-aria-label=\"\" data-no-translation-data-success_message=\"\">A\u00f1adir al carrito<\/a>\t<span id=\"woocommerce_loop_add_to_cart_link_describedby_11783\" class=\"screen-reader-text\">\n\t\t\t<\/span>\n<\/li>\n<li class=\"entry product type-product post-16192 status-publish instock product_cat-ck-tutors product_cat-refresh-or-extend product_tag-extension product_tag-refresher has-post-thumbnail virtual sold-individually taxable purchasable product-type-simple\">\n\t<a href=\"https:\/\/teachchildrenmeditation.com\/es\/producto\/extension-connectedkids-assessment\/\" class=\"woocommerce-LoopProduct-link woocommerce-loop-product__link\"><img loading=\"lazy\" decoding=\"async\" width=\"300\" height=\"300\" src=\"https:\/\/teachchildrenmeditation.com\/files\/2025\/03\/exclusive-2.jpg\" class=\"attachment-woocommerce_thumbnail size-woocommerce_thumbnail\" alt=\"Assessment extension - 6 months\" sizes=\"auto, (max-width: 34.9rem) calc(100vw - 2rem), (max-width: 53rem) calc(8 * (100vw \/ 12)), (min-width: 53rem) calc(6 * (100vw \/ 12)), 100vw\" \/><h2 class=\"woocommerce-loop-product__title\">Assessment extension &#8211; 6 months<\/h2>\n\t<span class=\"price\"><span class=\"woocommerce-Price-amount amount\"><bdi><span class=\"woocommerce-Price-currencySymbol\">\u00a3<\/span>249.00<\/bdi><\/span><\/span>\n<\/a><a href=\"\/es\/wp-json\/wp\/v2\/pages\/8481?add-to-cart=16192\" aria-describedby=\"woocommerce_loop_add_to_cart_link_describedby_16192\" data-quantity=\"1\" class=\"button product_type_simple add_to_cart_button ajax_add_to_cart\" data-product_id=\"16192\" data-product_sku=\"ck-extend-6months\" aria-label=\"A\u00f1adir al carrito: \u201cAssessment extension - 6 months\u201d\" rel=\"nofollow\" data-success_message=\"\u00abAssessment extension - 6 months\u00bb se ha a\u00f1adido a tu carrito\" data-no-translation=\"\" data-trp-gettext=\"\" data-no-translation-aria-label=\"\" data-no-translation-data-success_message=\"\">A\u00f1adir al carrito<\/a>\t<span id=\"woocommerce_loop_add_to_cart_link_describedby_16192\" class=\"screen-reader-text\">\n\t\t\t<\/span>\n<\/li>\n<li class=\"entry product type-product post-17635 status-publish instock product_cat-refresh-or-extend has-post-thumbnail virtual sold-individually taxable purchasable product-type-subscription\">\n\t<a href=\"https:\/\/teachchildrenmeditation.com\/es\/producto\/reconnect-extend-12-months-payment-plan\/\" class=\"woocommerce-LoopProduct-link woocommerce-loop-product__link\"><img loading=\"lazy\" decoding=\"async\" width=\"300\" height=\"300\" src=\"https:\/\/teachchildrenmeditation.com\/files\/2025\/03\/exclusive-2.jpg\" class=\"attachment-woocommerce_thumbnail size-woocommerce_thumbnail\" alt=\"RECONNECT &amp; EXTEND - 12 months payment plan\" sizes=\"auto, (max-width: 34.9rem) calc(100vw - 2rem), (max-width: 53rem) calc(8 * (100vw \/ 12)), (min-width: 53rem) calc(6 * (100vw \/ 12)), 100vw\" \/><h2 class=\"woocommerce-loop-product__title\">RECONNECT &#038; EXTEND &#8211; 12 months payment plan<\/h2>\n\t<span class=\"price\"><span class=\"woocommerce-Price-amount amount\"><bdi><span class=\"woocommerce-Price-currencySymbol\">\u00a3<\/span>65.00<\/bdi><\/span> <span class=\"subscription-details\"> \/ mes durante 6 meses<\/span><\/span>\n<\/a><a href=\"\/es\/wp-json\/wp\/v2\/pages\/8481?add-to-cart=17635\" aria-describedby=\"woocommerce_loop_add_to_cart_link_describedby_17635\" data-quantity=\"1\" class=\"button product_type_subscription add_to_cart_button ajax_add_to_cart\" data-product_id=\"17635\" data-product_sku=\"CK-12-month-ext-pp\" aria-label=\"A\u00f1adir al carrito: \u201cRECONNECT &amp; EXTEND - 12 months payment plan\u201d\" rel=\"nofollow\" data-success_message=\"\u00abRECONNECT &amp; EXTEND - 12 months payment plan\u00bb se ha a\u00f1adido a tu carrito\" data-no-translation-aria-label=\"\" data-no-translation-data-success_message=\"\">A\u00f1adir a la cesta<\/a>\t<span id=\"woocommerce_loop_add_to_cart_link_describedby_17635\" class=\"screen-reader-text\">\n\t\t\t<\/span>\n<\/li>\n<li class=\"entry product type-product post-17472 status-publish last instock product_cat-ck-tutors product_cat-refresh-or-extend product_tag-extension product_tag-refresher has-post-thumbnail virtual sold-individually taxable purchasable product-type-subscription\">\n\t<a href=\"https:\/\/teachchildrenmeditation.com\/es\/producto\/assessment-extension-6-months-payment-plan\/\" class=\"woocommerce-LoopProduct-link woocommerce-loop-product__link\"><img loading=\"lazy\" decoding=\"async\" width=\"300\" height=\"300\" src=\"https:\/\/teachchildrenmeditation.com\/files\/2025\/03\/exclusive-2.jpg\" class=\"attachment-woocommerce_thumbnail size-woocommerce_thumbnail\" alt=\"Assessment extension - 6 months - payment plan\" sizes=\"auto, (max-width: 34.9rem) calc(100vw - 2rem), (max-width: 53rem) calc(8 * (100vw \/ 12)), (min-width: 53rem) calc(6 * (100vw \/ 12)), 100vw\" \/><h2 class=\"woocommerce-loop-product__title\">Assessment extension &#8211; 6 months &#8211; payment plan<\/h2>\n\t<span class=\"price\"><span class=\"woocommerce-Price-amount amount\"><bdi><span class=\"woocommerce-Price-currencySymbol\">\u00a3<\/span>45.00<\/bdi><\/span> <span class=\"subscription-details\"> \/ mes durante 6 meses<\/span><\/span>\n<\/a><a href=\"\/es\/wp-json\/wp\/v2\/pages\/8481?add-to-cart=17472\" aria-describedby=\"woocommerce_loop_add_to_cart_link_describedby_17472\" data-quantity=\"1\" class=\"button product_type_subscription add_to_cart_button ajax_add_to_cart\" data-product_id=\"17472\" data-product_sku=\"ck-ext-6-month-pp\" aria-label=\"A\u00f1adir al carrito: \u201cAssessment extension - 6 months - payment plan\u201d\" rel=\"nofollow\" data-success_message=\"\u00abAssessment extension - 6 months - payment plan\u00bb se ha a\u00f1adido a tu carrito\" data-no-translation-aria-label=\"\" data-no-translation-data-success_message=\"\">A\u00f1adir a la cesta<\/a>\t<span id=\"woocommerce_loop_add_to_cart_link_describedby_17472\" class=\"screen-reader-text\">\n\t\t\t<\/span>\n<\/li>\n<\/ul>\n<\/div>\n<\/div>\n<div><\/div>\n<div><div class='widescreen divider greenone'><\/div><\/div>\n<div><\/div>","protected":false},"excerpt":{"rendered":"<p>Professional Member resources and exclusive offers!<\/p>","protected":false},"author":13,"featured_media":14375,"parent":968,"menu_order":0,"comment_status":"closed","ping_status":"closed","template":"","meta":{"_acf_changed":false,"footnotes":""},"class_list":["post-8481","page","type-page","status-publish","has-post-thumbnail","hentry","entry"],"acf":[],"yoast_head":"<!-- This site is optimized with the Yoast SEO plugin v27.4 - https:\/\/yoast.com\/product\/yoast-seo-wordpress\/ -->\n<title>Professional members - support - Teaching Children Meditation<\/title>\n<meta name=\"robots\" content=\"index, follow, max-snippet:-1, max-image-preview:large, max-video-preview:-1\" \/>\n<link rel=\"canonical\" href=\"https:\/\/teachchildrenmeditation.com\/es\/members\/professional-online-resources\/\" \/>\n<meta property=\"og:locale\" content=\"es_ES\" \/>\n<meta property=\"og:type\" content=\"article\" \/>\n<meta property=\"og:title\" content=\"Professional members - support - Teaching Children Meditation\" \/>\n<meta property=\"og:description\" content=\"Professional Member resources and exclusive offers!\" \/>\n<meta property=\"og:url\" content=\"https:\/\/teachchildrenmeditation.com\/es\/members\/professional-online-resources\/\" \/>\n<meta property=\"og:site_name\" content=\"Teaching Children Meditation\" \/>\n<meta property=\"article:publisher\" content=\"https:\/\/www.facebook.com\/connectedkids\" \/>\n<meta property=\"article:modified_time\" content=\"2026-02-27T11:28:51+00:00\" \/>\n<meta property=\"og:image\" content=\"https:\/\/teachchildrenmeditation.com\/files\/2023\/11\/Lorraine-43_websize.jpg\" \/>\n\t<meta property=\"og:image:width\" content=\"1600\" \/>\n\t<meta property=\"og:image:height\" content=\"1067\" \/>\n\t<meta property=\"og:image:type\" content=\"image\/jpeg\" \/>\n<meta name=\"twitter:card\" content=\"summary_large_image\" \/>\n<meta name=\"twitter:label1\" content=\"Tiempo de lectura\" \/>\n\t<meta name=\"twitter:data1\" content=\"2 minutos\" \/>\n<script type=\"application\/ld+json\" class=\"yoast-schema-graph\">{\"@context\":\"https:\\\/\\\/schema.org\",\"@graph\":[{\"@type\":\"WebPage\",\"@id\":\"https:\\\/\\\/teachchildrenmeditation.com\\\/members\\\/professional-online-resources\\\/\",\"url\":\"https:\\\/\\\/teachchildrenmeditation.com\\\/members\\\/professional-online-resources\\\/\",\"name\":\"Professional members - support - Teaching Children Meditation\",\"isPartOf\":{\"@id\":\"https:\\\/\\\/teachchildrenmeditation.com\\\/#website\"},\"primaryImageOfPage\":{\"@id\":\"https:\\\/\\\/teachchildrenmeditation.com\\\/members\\\/professional-online-resources\\\/#primaryimage\"},\"image\":{\"@id\":\"https:\\\/\\\/teachchildrenmeditation.com\\\/members\\\/professional-online-resources\\\/#primaryimage\"},\"thumbnailUrl\":\"https:\\\/\\\/teachchildrenmeditation.com\\\/files\\\/2023\\\/11\\\/Lorraine-43_websize.jpg\",\"datePublished\":\"2021-03-25T18:43:53+00:00\",\"dateModified\":\"2026-02-27T11:28:51+00:00\",\"breadcrumb\":{\"@id\":\"https:\\\/\\\/teachchildrenmeditation.com\\\/members\\\/professional-online-resources\\\/#breadcrumb\"},\"inLanguage\":\"es\",\"potentialAction\":[{\"@type\":\"ReadAction\",\"target\":[\"https:\\\/\\\/teachchildrenmeditation.com\\\/members\\\/professional-online-resources\\\/\"]}]},{\"@type\":\"ImageObject\",\"inLanguage\":\"es\",\"@id\":\"https:\\\/\\\/teachchildrenmeditation.com\\\/members\\\/professional-online-resources\\\/#primaryimage\",\"url\":\"https:\\\/\\\/teachchildrenmeditation.com\\\/files\\\/2023\\\/11\\\/Lorraine-43_websize.jpg\",\"contentUrl\":\"https:\\\/\\\/teachchildrenmeditation.com\\\/files\\\/2023\\\/11\\\/Lorraine-43_websize.jpg\",\"width\":1600,\"height\":1067,\"caption\":\"lorraine e murray teaching young girl meditation and mindful skills - connected kids\"},{\"@type\":\"BreadcrumbList\",\"@id\":\"https:\\\/\\\/teachchildrenmeditation.com\\\/members\\\/professional-online-resources\\\/#breadcrumb\",\"itemListElement\":[{\"@type\":\"ListItem\",\"position\":1,\"name\":\"Home\",\"item\":\"https:\\\/\\\/teachchildrenmeditation.com\\\/\"},{\"@type\":\"ListItem\",\"position\":2,\"name\":\"Members hub\",\"item\":\"https:\\\/\\\/teachchildrenmeditation.com\\\/members\\\/\"},{\"@type\":\"ListItem\",\"position\":3,\"name\":\"Professional members &#8211; support\"}]},{\"@type\":\"WebSite\",\"@id\":\"https:\\\/\\\/teachchildrenmeditation.com\\\/#website\",\"url\":\"https:\\\/\\\/teachchildrenmeditation.com\\\/\",\"name\":\"Teaching Children Meditation\",\"description\":\"accredited and award-winning\",\"publisher\":{\"@id\":\"https:\\\/\\\/teachchildrenmeditation.com\\\/#organization\"},\"potentialAction\":[{\"@type\":\"SearchAction\",\"target\":{\"@type\":\"EntryPoint\",\"urlTemplate\":\"https:\\\/\\\/teachchildrenmeditation.com\\\/?s={search_term_string}\"},\"query-input\":{\"@type\":\"PropertyValueSpecification\",\"valueRequired\":true,\"valueName\":\"search_term_string\"}}],\"inLanguage\":\"es\"},{\"@type\":\"Organization\",\"@id\":\"https:\\\/\\\/teachchildrenmeditation.com\\\/#organization\",\"name\":\"Connected Kids Ltd\",\"url\":\"https:\\\/\\\/teachchildrenmeditation.com\\\/\",\"logo\":{\"@type\":\"ImageObject\",\"inLanguage\":\"es\",\"@id\":\"https:\\\/\\\/teachchildrenmeditation.com\\\/#\\\/schema\\\/logo\\\/image\\\/\",\"url\":\"https:\\\/\\\/teachchildrenmeditation.com\\\/files\\\/2021\\\/04\\\/logo2CK-3.png\",\"contentUrl\":\"https:\\\/\\\/teachchildrenmeditation.com\\\/files\\\/2021\\\/04\\\/logo2CK-3.png\",\"width\":472,\"height\":470,\"caption\":\"Connected Kids Ltd\"},\"image\":{\"@id\":\"https:\\\/\\\/teachchildrenmeditation.com\\\/#\\\/schema\\\/logo\\\/image\\\/\"},\"sameAs\":[\"https:\\\/\\\/www.facebook.com\\\/connectedkids\",\"https:\\\/\\\/www.instagram.com\\\/connectedkids\\\/\"]}]}<\/script>\n<!-- \/ Yoast SEO plugin. -->","yoast_head_json":{"title":"Professional members - support - Teaching Children Meditation","robots":{"index":"index","follow":"follow","max-snippet":"max-snippet:-1","max-image-preview":"max-image-preview:large","max-video-preview":"max-video-preview:-1"},"canonical":"https:\/\/teachchildrenmeditation.com\/es\/members\/professional-online-resources\/","og_locale":"es_ES","og_type":"article","og_title":"Professional members - support - Teaching Children Meditation","og_description":"Professional Member resources and exclusive offers!","og_url":"https:\/\/teachchildrenmeditation.com\/es\/members\/professional-online-resources\/","og_site_name":"Teaching Children Meditation","article_publisher":"https:\/\/www.facebook.com\/connectedkids","article_modified_time":"2026-02-27T11:28:51+00:00","og_image":[{"width":1600,"height":1067,"url":"https:\/\/teachchildrenmeditation.com\/files\/2023\/11\/Lorraine-43_websize.jpg","type":"image\/jpeg"}],"twitter_card":"summary_large_image","twitter_misc":{"Tiempo de lectura":"2 minutos"},"schema":{"@context":"https:\/\/schema.org","@graph":[{"@type":"WebPage","@id":"https:\/\/teachchildrenmeditation.com\/members\/professional-online-resources\/","url":"https:\/\/teachchildrenmeditation.com\/members\/professional-online-resources\/","name":"Professional members - support - Teaching Children Meditation","isPartOf":{"@id":"https:\/\/teachchildrenmeditation.com\/#website"},"primaryImageOfPage":{"@id":"https:\/\/teachchildrenmeditation.com\/members\/professional-online-resources\/#primaryimage"},"image":{"@id":"https:\/\/teachchildrenmeditation.com\/members\/professional-online-resources\/#primaryimage"},"thumbnailUrl":"https:\/\/teachchildrenmeditation.com\/files\/2023\/11\/Lorraine-43_websize.jpg","datePublished":"2021-03-25T18:43:53+00:00","dateModified":"2026-02-27T11:28:51+00:00","breadcrumb":{"@id":"https:\/\/teachchildrenmeditation.com\/members\/professional-online-resources\/#breadcrumb"},"inLanguage":"es","potentialAction":[{"@type":"ReadAction","target":["https:\/\/teachchildrenmeditation.com\/members\/professional-online-resources\/"]}]},{"@type":"ImageObject","inLanguage":"es","@id":"https:\/\/teachchildrenmeditation.com\/members\/professional-online-resources\/#primaryimage","url":"https:\/\/teachchildrenmeditation.com\/files\/2023\/11\/Lorraine-43_websize.jpg","contentUrl":"https:\/\/teachchildrenmeditation.com\/files\/2023\/11\/Lorraine-43_websize.jpg","width":1600,"height":1067,"caption":"lorraine e murray teaching young girl meditation and mindful skills - connected kids"},{"@type":"BreadcrumbList","@id":"https:\/\/teachchildrenmeditation.com\/members\/professional-online-resources\/#breadcrumb","itemListElement":[{"@type":"ListItem","position":1,"name":"Home","item":"https:\/\/teachchildrenmeditation.com\/"},{"@type":"ListItem","position":2,"name":"Members hub","item":"https:\/\/teachchildrenmeditation.com\/members\/"},{"@type":"ListItem","position":3,"name":"Professional members &#8211; support"}]},{"@type":"WebSite","@id":"https:\/\/teachchildrenmeditation.com\/#website","url":"https:\/\/teachchildrenmeditation.com\/","name":"Ense\u00f1ar a los ni\u00f1os a meditar","description":"acreditado y premiado","publisher":{"@id":"https:\/\/teachchildrenmeditation.com\/#organization"},"potentialAction":[{"@type":"SearchAction","target":{"@type":"EntryPoint","urlTemplate":"https:\/\/teachchildrenmeditation.com\/?s={search_term_string}"},"query-input":{"@type":"PropertyValueSpecification","valueRequired":true,"valueName":"search_term_string"}}],"inLanguage":"es"},{"@type":"Organization","@id":"https:\/\/teachchildrenmeditation.com\/#organization","name":"Connected Kids Ltd","url":"https:\/\/teachchildrenmeditation.com\/","logo":{"@type":"ImageObject","inLanguage":"es","@id":"https:\/\/teachchildrenmeditation.com\/#\/schema\/logo\/image\/","url":"https:\/\/teachchildrenmeditation.com\/files\/2021\/04\/logo2CK-3.png","contentUrl":"https:\/\/teachchildrenmeditation.com\/files\/2021\/04\/logo2CK-3.png","width":472,"height":470,"caption":"Connected Kids Ltd"},"image":{"@id":"https:\/\/teachchildrenmeditation.com\/#\/schema\/logo\/image\/"},"sameAs":["https:\/\/www.facebook.com\/connectedkids","https:\/\/www.instagram.com\/connectedkids\/"]}]}},"_links":{"self":[{"href":"https:\/\/teachchildrenmeditation.com\/es\/wp-json\/wp\/v2\/pages\/8481","targetHints":{"allow":["GET"]}}],"collection":[{"href":"https:\/\/teachchildrenmeditation.com\/es\/wp-json\/wp\/v2\/pages"}],"about":[{"href":"https:\/\/teachchildrenmeditation.com\/es\/wp-json\/wp\/v2\/types\/page"}],"author":[{"embeddable":true,"href":"https:\/\/teachchildrenmeditation.com\/es\/wp-json\/wp\/v2\/users\/13"}],"replies":[{"embeddable":true,"href":"https:\/\/teachchildrenmeditation.com\/es\/wp-json\/wp\/v2\/comments?post=8481"}],"version-history":[{"count":107,"href":"https:\/\/teachchildrenmeditation.com\/es\/wp-json\/wp\/v2\/pages\/8481\/revisions"}],"predecessor-version":[{"id":20065,"href":"https:\/\/teachchildrenmeditation.com\/es\/wp-json\/wp\/v2\/pages\/8481\/revisions\/20065"}],"up":[{"embeddable":true,"href":"https:\/\/teachchildrenmeditation.com\/es\/wp-json\/wp\/v2\/pages\/968"}],"wp:featuredmedia":[{"embeddable":true,"href":"https:\/\/teachchildrenmeditation.com\/es\/wp-json\/wp\/v2\/media\/14375"}],"wp:attachment":[{"href":"https:\/\/teachchildrenmeditation.com\/es\/wp-json\/wp\/v2\/media?parent=8481"}],"curies":[{"name":"wp","href":"https:\/\/api.w.org\/{rel}","templated":true}]}}