{"id":727,"date":"2013-08-21T18:16:38","date_gmt":"2013-08-21T18:16:38","guid":{"rendered":"http:\/\/www.bcgwebdesign.co.uk\/tcm\/?page_id=727"},"modified":"2026-03-19T11:46:38","modified_gmt":"2026-03-19T11:46:38","slug":"meditation-for-kids-about-connected-kids-teaching-program","status":"publish","type":"page","link":"https:\/\/teachchildrenmeditation.com\/es\/meditation-for-kids-about-connected-kids-teaching-program\/","title":{"rendered":"La historia de los ni\u00f1os conectados"},"content":{"rendered":"<h2>C\u00f3mo empez\u00f3 todo\u2026<\/h2>\n<p>The Connected Kids journey started 2 decades ago with meditation teacher (of adults) who realised that no-one was teaching children meditation.<\/p>\n<p>She decided that there had to be a way to share these mindful skills with young people, so they could benefit too.<\/p>\n<p><img loading=\"lazy\" decoding=\"async\" class=\"alignright size-full wp-image-16804\" src=\"https:\/\/teachchildrenmeditation.com\/files\/2024\/11\/lu-picture-Instagram-Profile-Picture.jpg\" alt=\"\" width=\"236\" height=\"236\" srcset=\"https:\/\/teachchildrenmeditation.com\/files\/2024\/11\/lu-picture-Instagram-Profile-Picture.jpg 236w, https:\/\/teachchildrenmeditation.com\/files\/2024\/11\/lu-picture-Instagram-Profile-Picture-150x150.jpg 150w, https:\/\/teachchildrenmeditation.com\/files\/2024\/11\/lu-picture-Instagram-Profile-Picture-12x12.jpg 12w, https:\/\/teachchildrenmeditation.com\/files\/2024\/11\/lu-picture-Instagram-Profile-Picture-100x100.jpg 100w\" sizes=\"auto, (max-width: 236px) 100vw, 236px\" \/>After conducting pilot studies and testing her theories, Lorraine E Murray developed the Connected Kids method of teaching meditation and established an international teaching <a href=\"https:\/\/teachchildrenmeditation.com\/es\/meditation-benefits-connected-kids-training\/\">programa<\/a> to train adults to teach children and teens meditation.<\/p>\n<p>The Connected Kids method is inclusive &#8211; ensuring that methods are adapted to include autistic children, young people with ADHD or trauma experience.<\/p>\n<p>Lorraine became a published author of <a href=\"https:\/\/teachchildrenmeditation.com\/es\/home-resources\/books-to-teach-meditation\/\">3 books<\/a> about teaching meditation back in 2012.<\/p>\n<p>Su primer libro \u201c<a href=\"https:\/\/www.amazon.co.uk\/Calm-Kids-Children-Mindful-Activities\/dp\/0863158625?crid=XXAMYKUZ8G8D&amp;keywords=calm+kids+book&amp;qid=1700652391&amp;sprefix=calm+kids+book,aps,113&amp;sr=8-1&amp;linkCode=sl1&amp;tag=feelgoodthera-21&amp;linkId=2110866725a046637642dbe6c2d807fc&amp;language=en_GB&amp;ref_=as_li_ss_tl\" target=\"_blank\" rel=\"noopener\">Ni\u00f1os tranquilos<\/a>\u201d, tuvo tanto \u00e9xito que se tradujo a 5 idiomas. A esto le siguieron 2 <a href=\"https:\/\/teachchildrenmeditation.com\/es\/home-resources\/books-to-teach-meditation\/\">M\u00e1s libros<\/a> about teaching meditation &#8211; detailing the work with autism, adhd and trauma and includes her first children&#8217;s fiction.<\/p>\n<p><em><div class='testimonial' style='border-top-color:#D3DCE8; background-color:#D3DCE8;'>&#8220;At school, we believe education should touch the whole child. \u00a0This includes the physical, emotional and spiritual, social and cognitive aspects of the child&#8217;s life. \u00a0We teach children quietness as a skill to reflect and recharge their inner lives. \u00a0<strong>Lorraine Murray nos ayud\u00f3 en este viaje.<\/strong><\/em>&#8221;<\/p>\n<p style=\"text-align: right;\">Sheila Laing, directora, Reino Unido<\/p>\n<\/div>\n<h3>Meditaci\u00f3n para ni\u00f1os: nuestros valores<\/h3>\n<ul>\n<li>Empowering adults with the Connected Kids method to successfully teach meditation to young people.<\/li>\n<li>Pioneering the perspective that children of all ages and abilities can learn mindful skills.<\/li>\n<li>Adpating teaching methods for young people with SEN, Autism, or ADHD to ensure they could access mindful skills.<\/li>\n<li>Prioritising a child-centered and compassionate approach in the Connected Kids method.<\/li>\n<li>A commitment to help connect and share sources of research to the benefits of meditation.<\/li>\n<\/ul>\n<p>&nbsp;<\/p>\n<div class='cta widescreen' style='color:#fff ; background-color: #b3cccb;' ><div class='col padding20 textcenter'>\n<a target='' class='outward_link deeppink' href='https:\/\/teachchildrenmeditation.com\/es\/meditation-benefits-connected-kids-training\/'>Descubrir m\u00e1s<\/a>\n<\/div><\/div>\n<h3>Ayudando a los ni\u00f1os a prosperar<\/h3>\n<p>The Connected Kids program has taught thousands of adults and children how to share and practice meditation skills.\u00a0 Our community of program members keenly support each other to share good practice and ideas.<\/p>\n<div class='widescreen divider plain'><\/div>\n<p>If you are looking to embark on a journey that will develop your curiousity and abilities, enabling you to guide young people toward inner calm, then choose to join the program.<\/p>\n<p><strong>Los comentarios de los participantes y lectores del programa indican que sus hijos experimentan:<\/strong><\/p>\n<ul>\n<li>Dormir mejor<\/li>\n<li>Ansiedad reducida<\/li>\n<li>Mejora de la autoestima<\/li>\n<li>Mayor concentraci\u00f3n y habilidades de estudio.<\/li>\n<li>Disminuci\u00f3n de los niveles de estr\u00e9s.<\/li>\n<\/ul>\n<p>&nbsp;<\/p>\n<p><strong>Lorraine has also been a foster carer for 10 years, looking after 17 children from age 3 to 17.\u00a0 She recognises the potential value of meditation skills in the care system &#8211; <\/strong>Esto la influenci\u00f3 <a href=\"https:\/\/teachchildrenmeditation.com\/es\/home-resources\/books-to-teach-meditation\/\">3er libro<\/a> y el <a href=\"https:\/\/teachchildrenmeditation.com\/es\/meditation-benefits-connected-kids-training\/trauma-sensitive-meditation-training\/\">MTEA<\/a> course created for trauma professionals working with children and young people.<\/p>\n<h3><strong>\u00danase a nuestra comunidad de ni\u00f1os conectados<\/strong><\/h3>\n<p>From humble roots, the Connected Kids program now has a global community of dedicated individuals from diverse backgrounds, including therapists, caregivers, parents, mental health professionals, and educators.<\/p>\n<p>Whether you&#8217;re a parent seeking simple skills to start with or aspiring to become a professional meditation teacher or enhance your current professional work with young people, thank you for your interest and we hope you will join us here at Connected Kids.<\/p>\n<div class='cta widescreen' style='color:#fff ; background-color: #b3cccb;' ><div class='col padding20 textcenter'>\n<a target='' class='outward_link deeppink' href='https:\/\/teachchildrenmeditation.com\/es\/meditation-benefits-connected-kids-training\/'>Descubrir m\u00e1s<\/a>\n<\/div><\/div>\n<div class='widescreen divider plain'><\/div>\n<h3>\u00a1La comunidad mundial de ni\u00f1os conectados!<\/h3>\n<div id=\"wpgmza_map\" class=\"wpgmza_map\" data-settings='{\"id\":\"1\",\"map_title\":\"Connected Kids Users\",\"map_width\":\"100\",\"map_height\":\"533\",\"map_start_lat\":\"-30.559482\",\"map_start_lng\":\"22.937506\",\"map_start_location\":\"-30.559482,22.937505999999985\",\"map_start_zoom\":\"2\",\"default_marker\":\"\",\"type\":\"1\",\"alignment\":\"4\",\"directions_enabled\":\"0\",\"styling_enabled\":\"0\",\"styling_json\":\"\",\"active\":\"0\",\"kml\":\"\",\"bicycle\":\"0\",\"traffic\":\"0\",\"dbox\":\"0\",\"dbox_width\":\"\",\"listmarkers\":\"0\",\"listmarkers_advanced\":\"0\",\"ugm_enabled\":\"0\",\"fusion\":\"\",\"map_width_type\":\"\\\\%\",\"map_height_type\":\"px\",\"mass_marker_support\":\"1\",\"ugm_access\":\"0\",\"order_markers_by\":\"0\",\"order_markers_choice\":\"0\",\"show_user_location\":\"0\",\"filterbycat\":\"0\",\"ugm_category_enabled\":\"0\",\"default_to\":\"\",\"other_settings\":{\"store_locator_enabled\":2,\"store_locator_distance\":2,\"store_locator_default_radius\":\"10\",\"store_locator_not_found_message\":\"No results found in this location. Please try again.\",\"store_locator_bounce\":1,\"store_locator_query_string\":\"ZIP \\\/ Address:\",\"store_locator_default_address\":\"\",\"wpgmza_store_locator_restrict\":\"\",\"store_locator_style\":\"legacy\",\"wpgmza_store_locator_radius_style\":\"legacy\",\"map_max_zoom\":\"1\",\"transport_layer\":0,\"wpgmza_theme_data\":\"\",\"wpgmza_show_points_of_interest\":1}}' data-map-id='1' data-maps-engine='' data-shortcode-attributes='{\"id\":\"1\"}' style=\"display:block; overflow:auto; width:100%; height:533px; float:left;\"><\/div>\n<p>Personas de todo el mundo que se han unido al programa Connected Kids, como puede ver en este mapa mundial. El primer libro de Lorraine, Calm Kids, se ha traducido a cinco idiomas diferentes.<\/p>\n<p>&nbsp;<\/p>\n<h3>\u00bfQui\u00e9n es el fundador del programa?<\/h3>\n<ul>\n<li>Published author of &#8220;Calm Kids&#8221; and 2 more books helping to teach children and teens meditation<\/li>\n<li>Formado en terapias hol\u00edsticas incluyendo aromaterapia, Reiki, meditaci\u00f3n, MIBR, 5A y EFT.<\/li>\n<li>Foster carer for 10 years &#8211; cared for 17 children with a specialised SCQF level 6 qualification in working with trauma-experienced children.<\/li>\n<li>Dog and Cat parent!<\/li>\n<\/ul>\n<p><strong>Reconocimiento:<\/strong><\/p>\n<ul>\n<li>Otorgado por &#039;Mom&#039;s Choice&#039;, premio Nursery World Gold y reconocimiento nacional de productos para padres<\/li>\n<li>Accredited by IMMA and IICT<\/li>\n<\/ul>\n<p><strong>Conexi\u00f3n comunitaria:<\/strong><\/p>\n<ul>\n<li>Apoyo a organizaciones ben\u00e9ficas locales e internacionales<\/li>\n<li>Commited to helping members develop community meditation programmes and sustainable teaching practices.<\/li>\n<\/ul>\n<p><iframe loading=\"lazy\" title=\"reproductor de v\u00eddeos de youtube\" src=\"https:\/\/www.youtube.com\/embed\/cVaEj1SB5Sc?si=Lsj7NNVkhLPXnC1O\" width=\"560\" height=\"315\" frameborder=\"0\" allowfullscreen=\"allowfullscreen\"><\/iframe><\/p>\n<div class=\"ml-embedded\" data-form=\"1iFyFG\">\n<div class='cta widescreen' style='color:#fff ; background-color: #b3cccb;' ><div class='col padding20 textcenter'>\n<a target='' class='outward_link deeppink' href='https:\/\/teachchildrenmeditation.com\/es\/meditation-benefits-connected-kids-training\/'>Descubrir m\u00e1s<\/a>\n<\/div><\/div>\n<\/div>\n<p>&nbsp;<\/p>\n<p><a href=\"https:\/\/teachchildrenmeditation.com\/es\/files\/2021\/04\/subscribe-hand-print.png\/\" target=\"_blank\" rel=\"noopener\"><img loading=\"lazy\" decoding=\"async\" class=\"swell aligncenter wp-image-8155\" src=\"https:\/\/teachchildrenmeditation.com\/files\/2021\/04\/subscribe-hand-print.png\" alt=\"coloured print hand - connected kids - teach kids meditation and mindfulness\" width=\"130\" height=\"134\" \/><\/a><\/p>\n<p><b>\u00a0<\/b><\/p>\n<div class='widescreen divider greenone'><\/div>\n<p>&nbsp;<\/p>\n<p><strong>Registro de la empresa<\/strong>: Connected Kids ltd, registro SC466406, Companies House, Edimburgo, Reino Unido. Direcci\u00f3n registrada; 44 St Ronan&#039;s Terrace, Innerleithen, EH446RB. IVA Reg. N\u00fam. 258441392<\/p>","protected":false},"excerpt":{"rendered":"<p>\u201cAntes de empezar a ense\u00f1arle meditaci\u00f3n, estaba ansiosa y un poco preocupada. Ahora lleva un diario de gratitud. La meditaci\u00f3n ha sido genial para nuestra familia. Me ha dado una perspectiva totalmente diferente y tambi\u00e9n estrategias de afrontamiento para m\u00ed misma\u201d.<br \/>\n\u00a0\u00a0<\/p>","protected":false},"author":13,"featured_media":14015,"parent":0,"menu_order":0,"comment_status":"open","ping_status":"closed","template":"","meta":{"_acf_changed":false,"footnotes":""},"class_list":["post-727","page","type-page","status-publish","has-post-thumbnail","hentry","entry"],"acf":[],"yoast_head":"<!-- This site is optimized with the Yoast SEO plugin v27.4 - https:\/\/yoast.com\/product\/yoast-seo-wordpress\/ -->\n<title>The Connected Kids Story - Teaching Children Meditation<\/title>\n<meta name=\"description\" content=\"Meditation for kids - Worldwide Meditation Teaching Program helping adults share mindful skills with children and teens\" \/>\n<meta name=\"robots\" content=\"index, follow, max-snippet:-1, max-image-preview:large, max-video-preview:-1\" \/>\n<link rel=\"canonical\" href=\"https:\/\/teachchildrenmeditation.com\/es\/meditation-for-kids-about-connected-kids-teaching-program\/\" \/>\n<meta property=\"og:locale\" content=\"es_ES\" \/>\n<meta property=\"og:type\" content=\"article\" \/>\n<meta property=\"og:title\" content=\"The Connected Kids Story - Teaching Children Meditation\" \/>\n<meta property=\"og:description\" content=\"Meditation for kids - Worldwide Meditation Teaching Program helping adults share mindful skills with children and teens\" \/>\n<meta property=\"og:url\" content=\"https:\/\/teachchildrenmeditation.com\/es\/meditation-for-kids-about-connected-kids-teaching-program\/\" \/>\n<meta property=\"og:site_name\" content=\"Teaching Children Meditation\" \/>\n<meta property=\"article:publisher\" content=\"https:\/\/www.facebook.com\/connectedkids\" \/>\n<meta property=\"article:modified_time\" content=\"2026-03-19T11:46:38+00:00\" \/>\n<meta property=\"og:image\" content=\"https:\/\/teachchildrenmeditation.com\/files\/2019\/08\/shutterstock_1030696621.jpg\" \/>\n\t<meta property=\"og:image:width\" content=\"500\" \/>\n\t<meta property=\"og:image:height\" content=\"334\" \/>\n\t<meta property=\"og:image:type\" content=\"image\/jpeg\" \/>\n<meta name=\"twitter:card\" content=\"summary_large_image\" \/>\n<meta name=\"twitter:label1\" content=\"Tiempo de lectura\" \/>\n\t<meta name=\"twitter:data1\" content=\"4 minutos\" \/>\n<script type=\"application\/ld+json\" class=\"yoast-schema-graph\">{\"@context\":\"https:\\\/\\\/schema.org\",\"@graph\":[{\"@type\":\"WebPage\",\"@id\":\"https:\\\/\\\/teachchildrenmeditation.com\\\/meditation-for-kids-about-connected-kids-teaching-program\\\/\",\"url\":\"https:\\\/\\\/teachchildrenmeditation.com\\\/meditation-for-kids-about-connected-kids-teaching-program\\\/\",\"name\":\"The Connected Kids Story - Teaching Children Meditation\",\"isPartOf\":{\"@id\":\"https:\\\/\\\/teachchildrenmeditation.com\\\/#website\"},\"primaryImageOfPage\":{\"@id\":\"https:\\\/\\\/teachchildrenmeditation.com\\\/meditation-for-kids-about-connected-kids-teaching-program\\\/#primaryimage\"},\"image\":{\"@id\":\"https:\\\/\\\/teachchildrenmeditation.com\\\/meditation-for-kids-about-connected-kids-teaching-program\\\/#primaryimage\"},\"thumbnailUrl\":\"https:\\\/\\\/teachchildrenmeditation.com\\\/files\\\/2019\\\/08\\\/shutterstock_1030696621.jpg\",\"datePublished\":\"2013-08-21T18:16:38+00:00\",\"dateModified\":\"2026-03-19T11:46:38+00:00\",\"description\":\"Meditation for kids - Worldwide Meditation Teaching Program helping adults share mindful skills with children and teens\",\"breadcrumb\":{\"@id\":\"https:\\\/\\\/teachchildrenmeditation.com\\\/meditation-for-kids-about-connected-kids-teaching-program\\\/#breadcrumb\"},\"inLanguage\":\"es\",\"potentialAction\":[{\"@type\":\"ReadAction\",\"target\":[\"https:\\\/\\\/teachchildrenmeditation.com\\\/meditation-for-kids-about-connected-kids-teaching-program\\\/\"]}]},{\"@type\":\"ImageObject\",\"inLanguage\":\"es\",\"@id\":\"https:\\\/\\\/teachchildrenmeditation.com\\\/meditation-for-kids-about-connected-kids-teaching-program\\\/#primaryimage\",\"url\":\"https:\\\/\\\/teachchildrenmeditation.com\\\/files\\\/2019\\\/08\\\/shutterstock_1030696621.jpg\",\"contentUrl\":\"https:\\\/\\\/teachchildrenmeditation.com\\\/files\\\/2019\\\/08\\\/shutterstock_1030696621.jpg\",\"width\":500,\"height\":334,\"caption\":\"girl starting school - mindfulness to help with new school term - kids anxiety - teen stress\"},{\"@type\":\"BreadcrumbList\",\"@id\":\"https:\\\/\\\/teachchildrenmeditation.com\\\/meditation-for-kids-about-connected-kids-teaching-program\\\/#breadcrumb\",\"itemListElement\":[{\"@type\":\"ListItem\",\"position\":1,\"name\":\"Home\",\"item\":\"https:\\\/\\\/teachchildrenmeditation.com\\\/\"},{\"@type\":\"ListItem\",\"position\":2,\"name\":\"The Connected Kids Story\"}]},{\"@type\":\"WebSite\",\"@id\":\"https:\\\/\\\/teachchildrenmeditation.com\\\/#website\",\"url\":\"https:\\\/\\\/teachchildrenmeditation.com\\\/\",\"name\":\"Teaching Children Meditation\",\"description\":\"accredited and award-winning\",\"publisher\":{\"@id\":\"https:\\\/\\\/teachchildrenmeditation.com\\\/#organization\"},\"potentialAction\":[{\"@type\":\"SearchAction\",\"target\":{\"@type\":\"EntryPoint\",\"urlTemplate\":\"https:\\\/\\\/teachchildrenmeditation.com\\\/?s={search_term_string}\"},\"query-input\":{\"@type\":\"PropertyValueSpecification\",\"valueRequired\":true,\"valueName\":\"search_term_string\"}}],\"inLanguage\":\"es\"},{\"@type\":\"Organization\",\"@id\":\"https:\\\/\\\/teachchildrenmeditation.com\\\/#organization\",\"name\":\"Connected Kids Ltd\",\"url\":\"https:\\\/\\\/teachchildrenmeditation.com\\\/\",\"logo\":{\"@type\":\"ImageObject\",\"inLanguage\":\"es\",\"@id\":\"https:\\\/\\\/teachchildrenmeditation.com\\\/#\\\/schema\\\/logo\\\/image\\\/\",\"url\":\"https:\\\/\\\/teachchildrenmeditation.com\\\/files\\\/2021\\\/04\\\/logo2CK-3.png\",\"contentUrl\":\"https:\\\/\\\/teachchildrenmeditation.com\\\/files\\\/2021\\\/04\\\/logo2CK-3.png\",\"width\":472,\"height\":470,\"caption\":\"Connected Kids Ltd\"},\"image\":{\"@id\":\"https:\\\/\\\/teachchildrenmeditation.com\\\/#\\\/schema\\\/logo\\\/image\\\/\"},\"sameAs\":[\"https:\\\/\\\/www.facebook.com\\\/connectedkids\",\"https:\\\/\\\/www.instagram.com\\\/connectedkids\\\/\"]}]}<\/script>\n<!-- \/ Yoast SEO plugin. -->","yoast_head_json":{"title":"The Connected Kids Story - Teaching Children Meditation","description":"Meditation for kids - Worldwide Meditation Teaching Program helping adults share mindful skills with children and teens","robots":{"index":"index","follow":"follow","max-snippet":"max-snippet:-1","max-image-preview":"max-image-preview:large","max-video-preview":"max-video-preview:-1"},"canonical":"https:\/\/teachchildrenmeditation.com\/es\/meditation-for-kids-about-connected-kids-teaching-program\/","og_locale":"es_ES","og_type":"article","og_title":"The Connected Kids Story - Teaching Children Meditation","og_description":"Meditation for kids - Worldwide Meditation Teaching Program helping adults share mindful skills with children and teens","og_url":"https:\/\/teachchildrenmeditation.com\/es\/meditation-for-kids-about-connected-kids-teaching-program\/","og_site_name":"Teaching Children Meditation","article_publisher":"https:\/\/www.facebook.com\/connectedkids","article_modified_time":"2026-03-19T11:46:38+00:00","og_image":[{"width":500,"height":334,"url":"https:\/\/teachchildrenmeditation.com\/files\/2019\/08\/shutterstock_1030696621.jpg","type":"image\/jpeg"}],"twitter_card":"summary_large_image","twitter_misc":{"Tiempo de lectura":"4 minutos"},"schema":{"@context":"https:\/\/schema.org","@graph":[{"@type":"WebPage","@id":"https:\/\/teachchildrenmeditation.com\/meditation-for-kids-about-connected-kids-teaching-program\/","url":"https:\/\/teachchildrenmeditation.com\/meditation-for-kids-about-connected-kids-teaching-program\/","name":"The Connected Kids Story - Teaching Children Meditation","isPartOf":{"@id":"https:\/\/teachchildrenmeditation.com\/#website"},"primaryImageOfPage":{"@id":"https:\/\/teachchildrenmeditation.com\/meditation-for-kids-about-connected-kids-teaching-program\/#primaryimage"},"image":{"@id":"https:\/\/teachchildrenmeditation.com\/meditation-for-kids-about-connected-kids-teaching-program\/#primaryimage"},"thumbnailUrl":"https:\/\/teachchildrenmeditation.com\/files\/2019\/08\/shutterstock_1030696621.jpg","datePublished":"2013-08-21T18:16:38+00:00","dateModified":"2026-03-19T11:46:38+00:00","description":"Meditation for kids - Worldwide Meditation Teaching Program helping adults share mindful skills with children and teens","breadcrumb":{"@id":"https:\/\/teachchildrenmeditation.com\/meditation-for-kids-about-connected-kids-teaching-program\/#breadcrumb"},"inLanguage":"es","potentialAction":[{"@type":"ReadAction","target":["https:\/\/teachchildrenmeditation.com\/meditation-for-kids-about-connected-kids-teaching-program\/"]}]},{"@type":"ImageObject","inLanguage":"es","@id":"https:\/\/teachchildrenmeditation.com\/meditation-for-kids-about-connected-kids-teaching-program\/#primaryimage","url":"https:\/\/teachchildrenmeditation.com\/files\/2019\/08\/shutterstock_1030696621.jpg","contentUrl":"https:\/\/teachchildrenmeditation.com\/files\/2019\/08\/shutterstock_1030696621.jpg","width":500,"height":334,"caption":"girl starting school - mindfulness to help with new school term - kids anxiety - teen stress"},{"@type":"BreadcrumbList","@id":"https:\/\/teachchildrenmeditation.com\/meditation-for-kids-about-connected-kids-teaching-program\/#breadcrumb","itemListElement":[{"@type":"ListItem","position":1,"name":"Home","item":"https:\/\/teachchildrenmeditation.com\/"},{"@type":"ListItem","position":2,"name":"The Connected Kids Story"}]},{"@type":"WebSite","@id":"https:\/\/teachchildrenmeditation.com\/#website","url":"https:\/\/teachchildrenmeditation.com\/","name":"Ense\u00f1ar a los ni\u00f1os a meditar","description":"acreditado y premiado","publisher":{"@id":"https:\/\/teachchildrenmeditation.com\/#organization"},"potentialAction":[{"@type":"SearchAction","target":{"@type":"EntryPoint","urlTemplate":"https:\/\/teachchildrenmeditation.com\/?s={search_term_string}"},"query-input":{"@type":"PropertyValueSpecification","valueRequired":true,"valueName":"search_term_string"}}],"inLanguage":"es"},{"@type":"Organization","@id":"https:\/\/teachchildrenmeditation.com\/#organization","name":"Connected Kids Ltd","url":"https:\/\/teachchildrenmeditation.com\/","logo":{"@type":"ImageObject","inLanguage":"es","@id":"https:\/\/teachchildrenmeditation.com\/#\/schema\/logo\/image\/","url":"https:\/\/teachchildrenmeditation.com\/files\/2021\/04\/logo2CK-3.png","contentUrl":"https:\/\/teachchildrenmeditation.com\/files\/2021\/04\/logo2CK-3.png","width":472,"height":470,"caption":"Connected Kids Ltd"},"image":{"@id":"https:\/\/teachchildrenmeditation.com\/#\/schema\/logo\/image\/"},"sameAs":["https:\/\/www.facebook.com\/connectedkids","https:\/\/www.instagram.com\/connectedkids\/"]}]}},"_links":{"self":[{"href":"https:\/\/teachchildrenmeditation.com\/es\/wp-json\/wp\/v2\/pages\/727","targetHints":{"allow":["GET"]}}],"collection":[{"href":"https:\/\/teachchildrenmeditation.com\/es\/wp-json\/wp\/v2\/pages"}],"about":[{"href":"https:\/\/teachchildrenmeditation.com\/es\/wp-json\/wp\/v2\/types\/page"}],"author":[{"embeddable":true,"href":"https:\/\/teachchildrenmeditation.com\/es\/wp-json\/wp\/v2\/users\/13"}],"replies":[{"embeddable":true,"href":"https:\/\/teachchildrenmeditation.com\/es\/wp-json\/wp\/v2\/comments?post=727"}],"version-history":[{"count":86,"href":"https:\/\/teachchildrenmeditation.com\/es\/wp-json\/wp\/v2\/pages\/727\/revisions"}],"predecessor-version":[{"id":20285,"href":"https:\/\/teachchildrenmeditation.com\/es\/wp-json\/wp\/v2\/pages\/727\/revisions\/20285"}],"wp:featuredmedia":[{"embeddable":true,"href":"https:\/\/teachchildrenmeditation.com\/es\/wp-json\/wp\/v2\/media\/14015"}],"wp:attachment":[{"href":"https:\/\/teachchildrenmeditation.com\/es\/wp-json\/wp\/v2\/media?parent=727"}],"curies":[{"name":"wp","href":"https:\/\/api.w.org\/{rel}","templated":true}]}}