{"id":4843,"date":"2018-05-08T19:03:32","date_gmt":"2018-05-08T19:03:32","guid":{"rendered":"https:\/\/www.bcgwebdesign.co.uk\/tcm\/?page_id=4843"},"modified":"2025-05-20T16:56:47","modified_gmt":"2025-05-20T16:56:47","slug":"connected-kids-ltd-cookie-policy","status":"publish","type":"page","link":"https:\/\/teachchildrenmeditation.com\/es\/meditation-for-kids-about-connected-kids-teaching-program\/connected-kids-ltd-cookie-policy\/","title":{"rendered":"Pol\u00edtica de cookies de Connected Kids Ltd"},"content":{"rendered":"<p><strong>POL\u00cdTICA DE COOKIES<\/strong><\/p>\n<p><strong><u>\u00bfQu\u00e9 es una galleta?<\/u><\/strong><\/p>\n<ul>\n<li>Una &quot;cookie&quot; es una pieza de informaci\u00f3n que se almacena en el disco duro de su computadora y que registra c\u00f3mo se desplaza por un sitio web para que, cuando vuelva a visitar ese sitio web, pueda presentar opciones personalizadas basadas en la informaci\u00f3n almacenada sobre su \u00faltimo visitar. Las cookies tambi\u00e9n se pueden utilizar para analizar el tr\u00e1fico y con fines publicitarios y de marketing.<\/li>\n<\/ul>\n<p>&nbsp;<\/p>\n<ul>\n<li>Casi todos los sitios web utilizan cookies y no da\u00f1an su sistema.<\/li>\n<\/ul>\n<p>Si desea verificar o cambiar los tipos de cookies que acepta, esto generalmente se puede modificar dentro de la configuraci\u00f3n de su navegador. Puede bloquear las cookies en cualquier momento activando la configuraci\u00f3n en su navegador que le permite rechazar la configuraci\u00f3n de todas o algunas cookies. Sin embargo, si utiliza la configuraci\u00f3n de su navegador para bloquear todas las cookies (incluidas las cookies esenciales), es posible que no pueda acceder a todo o parte de nuestro sitio.<\/p>\n<p><strong><u>C\u00f3mo usamos las cookies?<\/u><\/strong><\/p>\n<ul>\n<li>Usamos cookies para rastrear su uso de nuestro sitio web. Esto nos permite comprender c\u00f3mo usa el sitio y rastrear cualquier patr\u00f3n con respecto a c\u00f3mo est\u00e1 usando nuestro sitio web. Esto nos ayuda a desarrollar y mejorar nuestro sitio web, as\u00ed como productos y \/ o servicios en respuesta a lo que pueda necesitar o desear.<\/li>\n<\/ul>\n<p>&nbsp;<\/p>\n<ul>\n<li>Las cookies son:<\/li>\n<\/ul>\n<p>- Cookies de sesi\u00f3n: solo se almacenan en su computadora durante su sesi\u00f3n web y se eliminan autom\u00e1ticamente cuando cierra su navegador; generalmente almacenan una identificaci\u00f3n de sesi\u00f3n an\u00f3nima que le permite navegar por un sitio web sin tener que iniciar sesi\u00f3n en cada p\u00e1gina, pero no lo hacen recopilar cualquier dato personal de su computadora; o<\/p>\n<p>- Cookies persistentes: una cookie persistente se almacena como un archivo en su computadora y permanece all\u00ed cuando cierra su navegador web. El sitio web que la cre\u00f3 puede leer la cookie cuando vuelva a visitar ese sitio web. Usamos cookies persistentes para Google Analytics.<\/p>\n<p>&nbsp;<\/p>\n<ul>\n<li>Las cookies tambi\u00e9n se pueden clasificar de la siguiente manera:<\/li>\n<\/ul>\n<p>&nbsp;<\/p>\n<p>- Cookies estrictamente necesarias: estas cookies son esenciales para permitirle utilizar el sitio web de manera eficaz, como cuando compra un producto y \/ o servicio, y por lo tanto no se pueden desactivar. Sin estas cookies, no se pueden proporcionar los servicios disponibles para usted en nuestro sitio web. Estas cookies no recopilan informaci\u00f3n sobre usted que pueda utilizarse con fines de marketing o para recordar d\u00f3nde ha estado en Internet.<\/p>\n<p>- Cookies de rendimiento: estas cookies nos permiten controlar y mejorar el rendimiento de nuestro sitio web. Por ejemplo, nos permiten contar las visitas, identificar las fuentes de tr\u00e1fico y ver qu\u00e9 partes del sitio son m\u00e1s populares.<\/p>\n<p>- Cookies de funcionalidad: estas cookies permiten que nuestro sitio web recuerde las elecciones que realice y proporcione funciones mejoradas. Por ejemplo, es posible que podamos brindarle noticias o actualizaciones relevantes para los servicios que utiliza. Tambi\u00e9n se pueden utilizar para proporcionar servicios que haya solicitado, como ver un video o comentar en un blog. La informaci\u00f3n que recopilan estas cookies suele ser an\u00f3nima.<\/p>\n<p>&nbsp;<\/p>","protected":false},"excerpt":{"rendered":"<p>Uso de cookies \u2013 Pol\u00edtica de Ni\u00f1os Conectados<\/p>","protected":false},"author":13,"featured_media":9267,"parent":727,"menu_order":0,"comment_status":"closed","ping_status":"closed","template":"","meta":{"_acf_changed":false,"footnotes":""},"class_list":["post-4843","page","type-page","status-publish","has-post-thumbnail","hentry","entry"],"acf":[],"yoast_head":"<!-- This site is optimized with the Yoast SEO plugin v27.4 - https:\/\/yoast.com\/product\/yoast-seo-wordpress\/ -->\n<title>Connected Kids Ltd Cookie Policy - Teaching Children Meditation<\/title>\n<meta name=\"robots\" content=\"index, follow, max-snippet:-1, max-image-preview:large, max-video-preview:-1\" \/>\n<link rel=\"canonical\" href=\"https:\/\/teachchildrenmeditation.com\/es\/meditation-for-kids-about-connected-kids-teaching-program\/connected-kids-ltd-cookie-policy\/\" \/>\n<meta property=\"og:locale\" content=\"es_ES\" \/>\n<meta property=\"og:type\" content=\"article\" \/>\n<meta property=\"og:title\" content=\"Connected Kids Ltd Cookie Policy - Teaching Children Meditation\" \/>\n<meta property=\"og:description\" content=\"Using cookies - Connected Kids policy\" \/>\n<meta property=\"og:url\" content=\"https:\/\/teachchildrenmeditation.com\/es\/meditation-for-kids-about-connected-kids-teaching-program\/connected-kids-ltd-cookie-policy\/\" \/>\n<meta property=\"og:site_name\" content=\"Teaching Children Meditation\" \/>\n<meta property=\"article:publisher\" content=\"https:\/\/www.facebook.com\/connectedkids\" \/>\n<meta property=\"article:modified_time\" content=\"2025-05-20T16:56:47+00:00\" \/>\n<meta property=\"og:image\" content=\"https:\/\/teachchildrenmeditation.com\/files\/2021\/04\/cody-chan-mY7Xrmcb2SM-unsplash-1-scaled.jpg\" \/>\n\t<meta property=\"og:image:width\" content=\"1707\" \/>\n\t<meta property=\"og:image:height\" content=\"2560\" \/>\n\t<meta property=\"og:image:type\" content=\"image\/jpeg\" \/>\n<meta name=\"twitter:card\" content=\"summary_large_image\" \/>\n<meta name=\"twitter:label1\" content=\"Tiempo de lectura\" \/>\n\t<meta name=\"twitter:data1\" content=\"3 minutos\" \/>\n<script type=\"application\/ld+json\" class=\"yoast-schema-graph\">{\"@context\":\"https:\\\/\\\/schema.org\",\"@graph\":[{\"@type\":\"WebPage\",\"@id\":\"https:\\\/\\\/teachchildrenmeditation.com\\\/meditation-for-kids-about-connected-kids-teaching-program\\\/connected-kids-ltd-cookie-policy\\\/\",\"url\":\"https:\\\/\\\/teachchildrenmeditation.com\\\/meditation-for-kids-about-connected-kids-teaching-program\\\/connected-kids-ltd-cookie-policy\\\/\",\"name\":\"Connected Kids Ltd Cookie Policy - Teaching Children Meditation\",\"isPartOf\":{\"@id\":\"https:\\\/\\\/teachchildrenmeditation.com\\\/#website\"},\"primaryImageOfPage\":{\"@id\":\"https:\\\/\\\/teachchildrenmeditation.com\\\/meditation-for-kids-about-connected-kids-teaching-program\\\/connected-kids-ltd-cookie-policy\\\/#primaryimage\"},\"image\":{\"@id\":\"https:\\\/\\\/teachchildrenmeditation.com\\\/meditation-for-kids-about-connected-kids-teaching-program\\\/connected-kids-ltd-cookie-policy\\\/#primaryimage\"},\"thumbnailUrl\":\"https:\\\/\\\/teachchildrenmeditation.com\\\/files\\\/2021\\\/04\\\/cody-chan-mY7Xrmcb2SM-unsplash-1-scaled.jpg\",\"datePublished\":\"2018-05-08T19:03:32+00:00\",\"dateModified\":\"2025-05-20T16:56:47+00:00\",\"breadcrumb\":{\"@id\":\"https:\\\/\\\/teachchildrenmeditation.com\\\/meditation-for-kids-about-connected-kids-teaching-program\\\/connected-kids-ltd-cookie-policy\\\/#breadcrumb\"},\"inLanguage\":\"es\",\"potentialAction\":[{\"@type\":\"ReadAction\",\"target\":[\"https:\\\/\\\/teachchildrenmeditation.com\\\/meditation-for-kids-about-connected-kids-teaching-program\\\/connected-kids-ltd-cookie-policy\\\/\"]}]},{\"@type\":\"ImageObject\",\"inLanguage\":\"es\",\"@id\":\"https:\\\/\\\/teachchildrenmeditation.com\\\/meditation-for-kids-about-connected-kids-teaching-program\\\/connected-kids-ltd-cookie-policy\\\/#primaryimage\",\"url\":\"https:\\\/\\\/teachchildrenmeditation.com\\\/files\\\/2021\\\/04\\\/cody-chan-mY7Xrmcb2SM-unsplash-1-scaled.jpg\",\"contentUrl\":\"https:\\\/\\\/teachchildrenmeditation.com\\\/files\\\/2021\\\/04\\\/cody-chan-mY7Xrmcb2SM-unsplash-1-scaled.jpg\",\"width\":1707,\"height\":2560},{\"@type\":\"BreadcrumbList\",\"@id\":\"https:\\\/\\\/teachchildrenmeditation.com\\\/meditation-for-kids-about-connected-kids-teaching-program\\\/connected-kids-ltd-cookie-policy\\\/#breadcrumb\",\"itemListElement\":[{\"@type\":\"ListItem\",\"position\":1,\"name\":\"Home\",\"item\":\"https:\\\/\\\/teachchildrenmeditation.com\\\/\"},{\"@type\":\"ListItem\",\"position\":2,\"name\":\"The Connected Kids Story\",\"item\":\"https:\\\/\\\/teachchildrenmeditation.com\\\/meditation-for-kids-about-connected-kids-teaching-program\\\/\"},{\"@type\":\"ListItem\",\"position\":3,\"name\":\"Connected Kids Ltd Cookie Policy\"}]},{\"@type\":\"WebSite\",\"@id\":\"https:\\\/\\\/teachchildrenmeditation.com\\\/#website\",\"url\":\"https:\\\/\\\/teachchildrenmeditation.com\\\/\",\"name\":\"Teaching Children Meditation\",\"description\":\"accredited and award-winning\",\"publisher\":{\"@id\":\"https:\\\/\\\/teachchildrenmeditation.com\\\/#organization\"},\"potentialAction\":[{\"@type\":\"SearchAction\",\"target\":{\"@type\":\"EntryPoint\",\"urlTemplate\":\"https:\\\/\\\/teachchildrenmeditation.com\\\/?s={search_term_string}\"},\"query-input\":{\"@type\":\"PropertyValueSpecification\",\"valueRequired\":true,\"valueName\":\"search_term_string\"}}],\"inLanguage\":\"es\"},{\"@type\":\"Organization\",\"@id\":\"https:\\\/\\\/teachchildrenmeditation.com\\\/#organization\",\"name\":\"Connected Kids Ltd\",\"url\":\"https:\\\/\\\/teachchildrenmeditation.com\\\/\",\"logo\":{\"@type\":\"ImageObject\",\"inLanguage\":\"es\",\"@id\":\"https:\\\/\\\/teachchildrenmeditation.com\\\/#\\\/schema\\\/logo\\\/image\\\/\",\"url\":\"https:\\\/\\\/teachchildrenmeditation.com\\\/files\\\/2021\\\/04\\\/logo2CK-3.png\",\"contentUrl\":\"https:\\\/\\\/teachchildrenmeditation.com\\\/files\\\/2021\\\/04\\\/logo2CK-3.png\",\"width\":472,\"height\":470,\"caption\":\"Connected Kids Ltd\"},\"image\":{\"@id\":\"https:\\\/\\\/teachchildrenmeditation.com\\\/#\\\/schema\\\/logo\\\/image\\\/\"},\"sameAs\":[\"https:\\\/\\\/www.facebook.com\\\/connectedkids\",\"https:\\\/\\\/www.instagram.com\\\/connectedkids\\\/\"]}]}<\/script>\n<!-- \/ Yoast SEO plugin. -->","yoast_head_json":{"title":"Connected Kids Ltd Cookie Policy - Teaching Children Meditation","robots":{"index":"index","follow":"follow","max-snippet":"max-snippet:-1","max-image-preview":"max-image-preview:large","max-video-preview":"max-video-preview:-1"},"canonical":"https:\/\/teachchildrenmeditation.com\/es\/meditation-for-kids-about-connected-kids-teaching-program\/connected-kids-ltd-cookie-policy\/","og_locale":"es_ES","og_type":"article","og_title":"Connected Kids Ltd Cookie Policy - Teaching Children Meditation","og_description":"Using cookies - Connected Kids policy","og_url":"https:\/\/teachchildrenmeditation.com\/es\/meditation-for-kids-about-connected-kids-teaching-program\/connected-kids-ltd-cookie-policy\/","og_site_name":"Teaching Children Meditation","article_publisher":"https:\/\/www.facebook.com\/connectedkids","article_modified_time":"2025-05-20T16:56:47+00:00","og_image":[{"width":1707,"height":2560,"url":"https:\/\/teachchildrenmeditation.com\/files\/2021\/04\/cody-chan-mY7Xrmcb2SM-unsplash-1-scaled.jpg","type":"image\/jpeg"}],"twitter_card":"summary_large_image","twitter_misc":{"Tiempo de lectura":"3 minutos"},"schema":{"@context":"https:\/\/schema.org","@graph":[{"@type":"WebPage","@id":"https:\/\/teachchildrenmeditation.com\/meditation-for-kids-about-connected-kids-teaching-program\/connected-kids-ltd-cookie-policy\/","url":"https:\/\/teachchildrenmeditation.com\/meditation-for-kids-about-connected-kids-teaching-program\/connected-kids-ltd-cookie-policy\/","name":"Connected Kids Ltd Cookie Policy - Teaching Children Meditation","isPartOf":{"@id":"https:\/\/teachchildrenmeditation.com\/#website"},"primaryImageOfPage":{"@id":"https:\/\/teachchildrenmeditation.com\/meditation-for-kids-about-connected-kids-teaching-program\/connected-kids-ltd-cookie-policy\/#primaryimage"},"image":{"@id":"https:\/\/teachchildrenmeditation.com\/meditation-for-kids-about-connected-kids-teaching-program\/connected-kids-ltd-cookie-policy\/#primaryimage"},"thumbnailUrl":"https:\/\/teachchildrenmeditation.com\/files\/2021\/04\/cody-chan-mY7Xrmcb2SM-unsplash-1-scaled.jpg","datePublished":"2018-05-08T19:03:32+00:00","dateModified":"2025-05-20T16:56:47+00:00","breadcrumb":{"@id":"https:\/\/teachchildrenmeditation.com\/meditation-for-kids-about-connected-kids-teaching-program\/connected-kids-ltd-cookie-policy\/#breadcrumb"},"inLanguage":"es","potentialAction":[{"@type":"ReadAction","target":["https:\/\/teachchildrenmeditation.com\/meditation-for-kids-about-connected-kids-teaching-program\/connected-kids-ltd-cookie-policy\/"]}]},{"@type":"ImageObject","inLanguage":"es","@id":"https:\/\/teachchildrenmeditation.com\/meditation-for-kids-about-connected-kids-teaching-program\/connected-kids-ltd-cookie-policy\/#primaryimage","url":"https:\/\/teachchildrenmeditation.com\/files\/2021\/04\/cody-chan-mY7Xrmcb2SM-unsplash-1-scaled.jpg","contentUrl":"https:\/\/teachchildrenmeditation.com\/files\/2021\/04\/cody-chan-mY7Xrmcb2SM-unsplash-1-scaled.jpg","width":1707,"height":2560},{"@type":"BreadcrumbList","@id":"https:\/\/teachchildrenmeditation.com\/meditation-for-kids-about-connected-kids-teaching-program\/connected-kids-ltd-cookie-policy\/#breadcrumb","itemListElement":[{"@type":"ListItem","position":1,"name":"Home","item":"https:\/\/teachchildrenmeditation.com\/"},{"@type":"ListItem","position":2,"name":"The Connected Kids Story","item":"https:\/\/teachchildrenmeditation.com\/meditation-for-kids-about-connected-kids-teaching-program\/"},{"@type":"ListItem","position":3,"name":"Connected Kids Ltd Cookie Policy"}]},{"@type":"WebSite","@id":"https:\/\/teachchildrenmeditation.com\/#website","url":"https:\/\/teachchildrenmeditation.com\/","name":"Ense\u00f1ar a los ni\u00f1os a meditar","description":"acreditado y premiado","publisher":{"@id":"https:\/\/teachchildrenmeditation.com\/#organization"},"potentialAction":[{"@type":"SearchAction","target":{"@type":"EntryPoint","urlTemplate":"https:\/\/teachchildrenmeditation.com\/?s={search_term_string}"},"query-input":{"@type":"PropertyValueSpecification","valueRequired":true,"valueName":"search_term_string"}}],"inLanguage":"es"},{"@type":"Organization","@id":"https:\/\/teachchildrenmeditation.com\/#organization","name":"Connected Kids Ltd","url":"https:\/\/teachchildrenmeditation.com\/","logo":{"@type":"ImageObject","inLanguage":"es","@id":"https:\/\/teachchildrenmeditation.com\/#\/schema\/logo\/image\/","url":"https:\/\/teachchildrenmeditation.com\/files\/2021\/04\/logo2CK-3.png","contentUrl":"https:\/\/teachchildrenmeditation.com\/files\/2021\/04\/logo2CK-3.png","width":472,"height":470,"caption":"Connected Kids Ltd"},"image":{"@id":"https:\/\/teachchildrenmeditation.com\/#\/schema\/logo\/image\/"},"sameAs":["https:\/\/www.facebook.com\/connectedkids","https:\/\/www.instagram.com\/connectedkids\/"]}]}},"_links":{"self":[{"href":"https:\/\/teachchildrenmeditation.com\/es\/wp-json\/wp\/v2\/pages\/4843","targetHints":{"allow":["GET"]}}],"collection":[{"href":"https:\/\/teachchildrenmeditation.com\/es\/wp-json\/wp\/v2\/pages"}],"about":[{"href":"https:\/\/teachchildrenmeditation.com\/es\/wp-json\/wp\/v2\/types\/page"}],"author":[{"embeddable":true,"href":"https:\/\/teachchildrenmeditation.com\/es\/wp-json\/wp\/v2\/users\/13"}],"replies":[{"embeddable":true,"href":"https:\/\/teachchildrenmeditation.com\/es\/wp-json\/wp\/v2\/comments?post=4843"}],"version-history":[{"count":2,"href":"https:\/\/teachchildrenmeditation.com\/es\/wp-json\/wp\/v2\/pages\/4843\/revisions"}],"predecessor-version":[{"id":17824,"href":"https:\/\/teachchildrenmeditation.com\/es\/wp-json\/wp\/v2\/pages\/4843\/revisions\/17824"}],"up":[{"embeddable":true,"href":"https:\/\/teachchildrenmeditation.com\/es\/wp-json\/wp\/v2\/pages\/727"}],"wp:featuredmedia":[{"embeddable":true,"href":"https:\/\/teachchildrenmeditation.com\/es\/wp-json\/wp\/v2\/media\/9267"}],"wp:attachment":[{"href":"https:\/\/teachchildrenmeditation.com\/es\/wp-json\/wp\/v2\/media?parent=4843"}],"curies":[{"name":"wp","href":"https:\/\/api.w.org\/{rel}","templated":true}]}}