{"id":17277,"date":"2025-02-06T14:52:04","date_gmt":"2025-02-06T14:52:04","guid":{"rendered":"https:\/\/teachchildrenmeditation.com\/?page_id=17277"},"modified":"2026-02-17T17:32:45","modified_gmt":"2026-02-17T17:32:45","slug":"intuitive-healing-energy-sessions","status":"publish","type":"page","link":"https:\/\/teachchildrenmeditation.com\/es\/intuitive-healing-energy-sessions\/","title":{"rendered":"Healing sessions"},"content":{"rendered":"<h2>Balancing your energy &#8211; physically, mentally, emotionally<\/h2>\n<p><img loading=\"lazy\" decoding=\"async\" class=\"alignright wp-image-18777\" src=\"https:\/\/teachchildrenmeditation.com\/files\/2025\/11\/Lorraine-9.jpg\" alt=\"Lorraine Murray healer\" width=\"165\" height=\"248\" \/>If you are struggling and looking for some support and assistance, I can offer you healing sessions that can guide you back into balance.<\/p>\n<p>As a qualified healer, EFT (emotional freedom technique) practitioner and Meditation Teacher with over 25 years experience, I offer you the choice of an online 121 with me on the new moon cycle or distance healing at the time of the full moon.<\/p>\n<h3>The Importance of Moon Cycles<\/h3>\n<figure id=\"attachment_18999\" aria-describedby=\"caption-attachment-18999\" style=\"width: 254px\" class=\"wp-caption alignright\"><img loading=\"lazy\" decoding=\"async\" class=\"wp-image-18999\" src=\"https:\/\/teachchildrenmeditation.com\/files\/2025\/12\/sanni-sahil-cSm2a_-25YU-unsplash.jpg\" alt=\"moon cycles - healing\" width=\"254\" height=\"169\" \/><figcaption id=\"caption-attachment-18999\" class=\"wp-caption-text\">Photo by Sanni Sahil on Unsplash<\/figcaption><\/figure>\n<p>The moon cycles affect the tides of the sea on earth, and since ancient times we have seen the affect on humans.\u00a0 The <a href=\"https:\/\/health.clevelandclinic.org\/moon-effects-on-humans\" target=\"_blank\" rel=\"noopener\">human body is 60 to 70% water,<\/a> so it makes sense that the moon cycle can affect the flow of energy in the human body.<\/p>\n<p><strong>The New Moon<\/strong> &#8211; is time for starting new projects, transitioning into the new and healing to embrace this energetic step.<\/p>\n<p><strong>The Full Moon<\/strong> &#8211; is a time of completion, endings and letting go of what no longer serves your greatest good.<\/p>\n<p>&nbsp;<\/p>\n<h3>How Your Healing Affects Children<\/h3>\n<p>If you are out of balance, your energy affects the children around you.\u00a0 We now know that adults help children co-regulate until their body and nervous system matures &#8211; until then it is difficulty for children to self regulate.\u00a0 This confirms how important it is to be resilient and strong for your children &#8211; especially if they struggle mentally and emotionally.<\/p>\n<h3><img loading=\"lazy\" decoding=\"async\" class=\"alignright size-medium wp-image-19977\" src=\"https:\/\/teachchildrenmeditation.com\/files\/2026\/02\/ulleo-moon-1843943_640-300x200.jpg\" alt=\"full moon healing\" width=\"300\" height=\"200\" srcset=\"https:\/\/teachchildrenmeditation.com\/files\/2026\/02\/ulleo-moon-1843943_640-300x200.jpg 300w, https:\/\/teachchildrenmeditation.com\/files\/2026\/02\/ulleo-moon-1843943_640-18x12.jpg 18w, https:\/\/teachchildrenmeditation.com\/files\/2026\/02\/ulleo-moon-1843943_640-600x400.jpg 600w, https:\/\/teachchildrenmeditation.com\/files\/2026\/02\/ulleo-moon-1843943_640.jpg 640w\" sizes=\"auto, (max-width: 300px) 100vw, 300px\" \/>Distance Healing &#8211; Full Moon<\/h3>\n<p>These sessions involve healing energy which is sent to you to help you bring your body, heart and mind back into balance, using Karuna and Usui Reiki, healing energy.\u00a0 If this seems a little difficult to understand, please watch my video below so you can understand how it works.<\/p>\n<p>Included in the booking will be an audio recording from the session.\u00a0 This will detail any observations I have about the healing session that are helpful to guide you into your next, balancing steps.\u00a0 These are sent by email (or Whatsapp if you provide your contact details).<\/p>\n<p>The special rate of a session is currently \u00a325 and you can book on the link below.\u00a0 \u00a0There are monthly options to accomodate different timezones which are deliberately planned for the timing of the full moon (a potent time of release and healing).<\/p>\n<p>&nbsp;<\/p>\n<p><em><strong><div class='testimonial' style='border-top-color:#D3DCE8; background-color:#D3DCE8;'><\/strong><\/em>&#8220;<em>I had never experienced Reiki before and didn\u2019t know how it worked or what to expect, but I was blown away by the four remote healings I had with Lorraine. The intuitive \u2018downloads\u2019 she shared with me were so transformative and meaningful, and there were a couple of times I could actually feel a shift happen. Really amazing work from an amazing and intuitive master. I will definitely have more sessions with her in the future!\u201d<strong><\/div><\/strong><\/em><\/p>\n<p style=\"text-align: center;\"><strong><a target='_blank' class='outward_link deeppink' href='https:\/\/tidycal.com\/3qd92v1\/distance-healing'>Reservar ahora<\/a><\/strong><\/p>\n<p><iframe loading=\"lazy\" title=\"reproductor de v\u00eddeos de youtube\" src=\"https:\/\/www.youtube.com\/embed\/ImYxcRJy7jU?si=Jo7p3EZuQgZjCWhz\" width=\"560\" height=\"315\" frameborder=\"0\" allowfullscreen=\"allowfullscreen\"><\/iframe><\/p>\n<div class='widescreen divider plain'><\/div>\n<div class='widescreen plain'><div class='flex-grid-thirds'><div class='col padding50 textcenter'><div class='img-center checkmark'><\/div>intuitive guidance<\/div><div class='col padding50 textcenter'><div class='img-center checkmark'><\/div>curaci\u00f3n<\/div><div class='col padding50 textcenter'><div class='img-center checkmark'><\/div>balancing energy<\/div><\/div><\/div>\n<h3><img loading=\"lazy\" decoding=\"async\" class=\"alignright size-medium wp-image-19963\" src=\"https:\/\/teachchildrenmeditation.com\/files\/2026\/02\/amelsegre-spiritual-7211807_640-300x300.png\" alt=\"121 online healing with Lorraine Murray\" width=\"300\" height=\"300\" srcset=\"https:\/\/teachchildrenmeditation.com\/files\/2026\/02\/amelsegre-spiritual-7211807_640-300x300.png 300w, https:\/\/teachchildrenmeditation.com\/files\/2026\/02\/amelsegre-spiritual-7211807_640-150x150.png 150w, https:\/\/teachchildrenmeditation.com\/files\/2026\/02\/amelsegre-spiritual-7211807_640-12x12.png 12w, https:\/\/teachchildrenmeditation.com\/files\/2026\/02\/amelsegre-spiritual-7211807_640-600x600.png 600w, https:\/\/teachchildrenmeditation.com\/files\/2026\/02\/amelsegre-spiritual-7211807_640-100x100.png 100w, https:\/\/teachchildrenmeditation.com\/files\/2026\/02\/amelsegre-spiritual-7211807_640.png 640w\" sizes=\"auto, (max-width: 300px) 100vw, 300px\" \/>121 online healing session &#8211; New Moon<\/h3>\n<p>In this session, healing takes place but in more connected and aware way.\u00a0 We will connect online using Zoom and during this time I&#8217;ll intuitively draw from my healing toolkit to support you.\u00a0 The sessions are created around your needs and we will intuitively bring in any of the following:<\/p>\n<ul>\n<li>a uniquely created meditation to match your needs<\/li>\n<li>EFT (Emotional Freedom Technique)<\/li>\n<li>MBIR (Mindfulness Based Inner Re-patterning)<\/li>\n<li>5 Awakenings &#8211; visualisation<\/li>\n<li>Choosing a guidance card to support the session<\/li>\n<li>Advice for using crystals, or other holistic health suggestions for continued balance<\/li>\n<\/ul>\n<p>The current special rate for these sessions is \u00a375 &#8211; you can book on the link below.\u00a0 \u00a0There are monthly options to accomodate different timezones and they are planned for the timing of the new moon (a potent time for healing and stepping forward into new experiences).<\/p>\n<p style=\"text-align: center;\"><strong><a target='_blank' class='outward_link deeppink' href='https:\/\/tidycal.com\/3qd92v1\/121healing'>Reservar ahora<\/a><\/strong><\/p>\n<p>&nbsp;<\/p>\n<div class='widescreen divider plain'><\/div>\n<p><em><div class='testimonial' style='border-top-color:#D3DCE8; background-color:#D3DCE8;'>&#8220;Working through deep blocks and limiting beliefs that I have with communication and putting myself out there; releasing layers and layers of stubborn fears&#8230; so powerful! Plus, I have lifetime access to the bespoke meditation that Lorraine guided for me during our hour together. I highly recommend these 1-2-1 sessions\u2014Lorraine holds space in a way that encourages you to trust fully in the process and promotes deep, deep healing&#8221;<strong><\/div><\/strong><\/em><\/p>\n<p>&nbsp;<\/p>\n<div class='widescreen divider plain'><\/div>\n<h3 style=\"text-align: center;\">Still deciding?<\/h3>\n<p><em><div class='widescreen plain'><div class='flex-grid-thirds'><div class='col padding50 textcenter'><div class='img-center checkmark'><\/div>\u201cLorraine fue incre\u00edble en la forma en que dirigi\u00f3 la sesi\u00f3n, siempre muy gentil y usando algunas meditaciones y tambi\u00e9n la t\u00e9cnica EFT que realmente funcion\u00f3 de maravilla y toc\u00f3 profundamente mis verdaderas razones para sentir tanto miedo\u2026. Fue muy liberador e importante para poder aceptar y trabajar con mis miedos y ansiedad y poder aceptarlos y liberarlos\u201d.<\/div><div class='col padding50 textcenter'><div class='img-center checkmark'><\/div>\u201c\u00a1Despu\u00e9s de la sesi\u00f3n, el di\u00e1logo negativo en mi cabeza ahora es desafiado por una voz positiva y tranquilizadora que ha despertado! Ahora, si surge un pensamiento negativo, escucho: &quot;pero ser\u00e1s genial, puedes marcar la diferencia, solo mantenlo simple y al menos dale una oportunidad&quot;. Todav\u00eda me sorprende cada vez que sucede\u201d.<\/div><div class='col padding50 textcenter'><div class='img-center checkmark'><\/div>\u201cEstoy muy agradecida por el tiempo que pasamos ayer. La meditaci\u00f3n fue hermosa, muy necesaria y, literalmente, todav\u00eda siento las activaciones e integraciones. Puedo decir honestamente que esa fue la primera vez que experiment\u00e9 una conexi\u00f3n centrada en el coraz\u00f3n con otro practicante. Estoy segura de que sabes que uno no puede fingir su intenci\u00f3n energ\u00e9ticamente. La pureza y la humildad del alma se sienten cuando est\u00e1 presente\u201d.<\/div><\/div><\/div><\/em><\/p>\n<p style=\"text-align: center;\"><strong><a target='_blank' class='outward_link deeppink' href='https:\/\/tidycal.com\/3qd92v1\/distance-healing'>Book distance healing<\/a><\/strong><\/p>\n<p style=\"text-align: center;\"><strong><a target='_blank' class='outward_link deeppink' href='https:\/\/tidycal.com\/3qd92v1\/121healing'>Libro 121<\/a><\/strong><\/p>\n<p>&nbsp;<\/p>\n<p align=\"left\"><div class='widescreen divider greenone'><\/div>\n<p align=\"left\">Main image by Okan Caliskan, amelsegre-545286\/ and Leopictures from Pixabay<\/p>","protected":false},"excerpt":{"rendered":"<p>Distance healing (full moon)<br \/>\n or online 121s (new moon)<\/p>","protected":false},"author":13,"featured_media":19963,"parent":0,"menu_order":0,"comment_status":"closed","ping_status":"closed","template":"","meta":{"_acf_changed":false,"footnotes":""},"class_list":["post-17277","page","type-page","status-publish","has-post-thumbnail","hentry","entry"],"acf":[],"yoast_head":"<!-- This site is optimized with the Yoast SEO plugin v27.4 - https:\/\/yoast.com\/product\/yoast-seo-wordpress\/ -->\n<title>Healing sessions - Teaching Children Meditation<\/title>\n<meta name=\"description\" content=\"Intuitive Healing Energy Sessions with Lorraine E Murray to bring balance, clarity and empowerment - for adults\" \/>\n<meta name=\"robots\" content=\"index, follow, max-snippet:-1, max-image-preview:large, max-video-preview:-1\" \/>\n<link rel=\"canonical\" href=\"https:\/\/teachchildrenmeditation.com\/es\/intuitive-healing-energy-sessions\/\" \/>\n<meta property=\"og:locale\" content=\"es_ES\" \/>\n<meta property=\"og:type\" content=\"article\" \/>\n<meta property=\"og:title\" content=\"Healing sessions - Teaching Children Meditation\" \/>\n<meta property=\"og:description\" content=\"Intuitive Healing Energy Sessions with Lorraine E Murray to bring balance, clarity and empowerment - for adults\" \/>\n<meta property=\"og:url\" content=\"https:\/\/teachchildrenmeditation.com\/es\/intuitive-healing-energy-sessions\/\" \/>\n<meta property=\"og:site_name\" content=\"Teaching Children Meditation\" \/>\n<meta property=\"article:publisher\" content=\"https:\/\/www.facebook.com\/connectedkids\" \/>\n<meta property=\"article:modified_time\" content=\"2026-02-17T17:32:45+00:00\" \/>\n<meta property=\"og:image\" content=\"https:\/\/teachchildrenmeditation.com\/files\/2026\/02\/amelsegre-spiritual-7211807_640.png\" \/>\n\t<meta property=\"og:image:width\" content=\"640\" \/>\n\t<meta property=\"og:image:height\" content=\"640\" \/>\n\t<meta property=\"og:image:type\" content=\"image\/png\" \/>\n<meta name=\"twitter:card\" content=\"summary_large_image\" \/>\n<meta name=\"twitter:label1\" content=\"Tiempo de lectura\" \/>\n\t<meta name=\"twitter:data1\" content=\"6 minutos\" \/>\n<script type=\"application\/ld+json\" class=\"yoast-schema-graph\">{\"@context\":\"https:\\\/\\\/schema.org\",\"@graph\":[{\"@type\":\"WebPage\",\"@id\":\"https:\\\/\\\/teachchildrenmeditation.com\\\/intuitive-healing-energy-sessions\\\/\",\"url\":\"https:\\\/\\\/teachchildrenmeditation.com\\\/intuitive-healing-energy-sessions\\\/\",\"name\":\"Healing sessions - Teaching Children Meditation\",\"isPartOf\":{\"@id\":\"https:\\\/\\\/teachchildrenmeditation.com\\\/#website\"},\"primaryImageOfPage\":{\"@id\":\"https:\\\/\\\/teachchildrenmeditation.com\\\/intuitive-healing-energy-sessions\\\/#primaryimage\"},\"image\":{\"@id\":\"https:\\\/\\\/teachchildrenmeditation.com\\\/intuitive-healing-energy-sessions\\\/#primaryimage\"},\"thumbnailUrl\":\"https:\\\/\\\/teachchildrenmeditation.com\\\/files\\\/2026\\\/02\\\/amelsegre-spiritual-7211807_640.png\",\"datePublished\":\"2025-02-06T14:52:04+00:00\",\"dateModified\":\"2026-02-17T17:32:45+00:00\",\"description\":\"Intuitive Healing Energy Sessions with Lorraine E Murray to bring balance, clarity and empowerment - for adults\",\"breadcrumb\":{\"@id\":\"https:\\\/\\\/teachchildrenmeditation.com\\\/intuitive-healing-energy-sessions\\\/#breadcrumb\"},\"inLanguage\":\"es\",\"potentialAction\":[{\"@type\":\"ReadAction\",\"target\":[\"https:\\\/\\\/teachchildrenmeditation.com\\\/intuitive-healing-energy-sessions\\\/\"]}]},{\"@type\":\"ImageObject\",\"inLanguage\":\"es\",\"@id\":\"https:\\\/\\\/teachchildrenmeditation.com\\\/intuitive-healing-energy-sessions\\\/#primaryimage\",\"url\":\"https:\\\/\\\/teachchildrenmeditation.com\\\/files\\\/2026\\\/02\\\/amelsegre-spiritual-7211807_640.png\",\"contentUrl\":\"https:\\\/\\\/teachchildrenmeditation.com\\\/files\\\/2026\\\/02\\\/amelsegre-spiritual-7211807_640.png\",\"width\":640,\"height\":640,\"caption\":\"Intuitive Healing Session\"},{\"@type\":\"BreadcrumbList\",\"@id\":\"https:\\\/\\\/teachchildrenmeditation.com\\\/intuitive-healing-energy-sessions\\\/#breadcrumb\",\"itemListElement\":[{\"@type\":\"ListItem\",\"position\":1,\"name\":\"Home\",\"item\":\"https:\\\/\\\/teachchildrenmeditation.com\\\/\"},{\"@type\":\"ListItem\",\"position\":2,\"name\":\"Healing sessions\"}]},{\"@type\":\"WebSite\",\"@id\":\"https:\\\/\\\/teachchildrenmeditation.com\\\/#website\",\"url\":\"https:\\\/\\\/teachchildrenmeditation.com\\\/\",\"name\":\"Teaching Children Meditation\",\"description\":\"accredited and award-winning\",\"publisher\":{\"@id\":\"https:\\\/\\\/teachchildrenmeditation.com\\\/#organization\"},\"potentialAction\":[{\"@type\":\"SearchAction\",\"target\":{\"@type\":\"EntryPoint\",\"urlTemplate\":\"https:\\\/\\\/teachchildrenmeditation.com\\\/?s={search_term_string}\"},\"query-input\":{\"@type\":\"PropertyValueSpecification\",\"valueRequired\":true,\"valueName\":\"search_term_string\"}}],\"inLanguage\":\"es\"},{\"@type\":\"Organization\",\"@id\":\"https:\\\/\\\/teachchildrenmeditation.com\\\/#organization\",\"name\":\"Connected Kids Ltd\",\"url\":\"https:\\\/\\\/teachchildrenmeditation.com\\\/\",\"logo\":{\"@type\":\"ImageObject\",\"inLanguage\":\"es\",\"@id\":\"https:\\\/\\\/teachchildrenmeditation.com\\\/#\\\/schema\\\/logo\\\/image\\\/\",\"url\":\"https:\\\/\\\/teachchildrenmeditation.com\\\/files\\\/2021\\\/04\\\/logo2CK-3.png\",\"contentUrl\":\"https:\\\/\\\/teachchildrenmeditation.com\\\/files\\\/2021\\\/04\\\/logo2CK-3.png\",\"width\":472,\"height\":470,\"caption\":\"Connected Kids Ltd\"},\"image\":{\"@id\":\"https:\\\/\\\/teachchildrenmeditation.com\\\/#\\\/schema\\\/logo\\\/image\\\/\"},\"sameAs\":[\"https:\\\/\\\/www.facebook.com\\\/connectedkids\",\"https:\\\/\\\/www.instagram.com\\\/connectedkids\\\/\"]}]}<\/script>\n<!-- \/ Yoast SEO plugin. -->","yoast_head_json":{"title":"Healing sessions - Teaching Children Meditation","description":"Intuitive Healing Energy Sessions with Lorraine E Murray to bring balance, clarity and empowerment - for adults","robots":{"index":"index","follow":"follow","max-snippet":"max-snippet:-1","max-image-preview":"max-image-preview:large","max-video-preview":"max-video-preview:-1"},"canonical":"https:\/\/teachchildrenmeditation.com\/es\/intuitive-healing-energy-sessions\/","og_locale":"es_ES","og_type":"article","og_title":"Healing sessions - Teaching Children Meditation","og_description":"Intuitive Healing Energy Sessions with Lorraine E Murray to bring balance, clarity and empowerment - for adults","og_url":"https:\/\/teachchildrenmeditation.com\/es\/intuitive-healing-energy-sessions\/","og_site_name":"Teaching Children Meditation","article_publisher":"https:\/\/www.facebook.com\/connectedkids","article_modified_time":"2026-02-17T17:32:45+00:00","og_image":[{"width":640,"height":640,"url":"https:\/\/teachchildrenmeditation.com\/files\/2026\/02\/amelsegre-spiritual-7211807_640.png","type":"image\/png"}],"twitter_card":"summary_large_image","twitter_misc":{"Tiempo de lectura":"6 minutos"},"schema":{"@context":"https:\/\/schema.org","@graph":[{"@type":"WebPage","@id":"https:\/\/teachchildrenmeditation.com\/intuitive-healing-energy-sessions\/","url":"https:\/\/teachchildrenmeditation.com\/intuitive-healing-energy-sessions\/","name":"Healing sessions - Teaching Children Meditation","isPartOf":{"@id":"https:\/\/teachchildrenmeditation.com\/#website"},"primaryImageOfPage":{"@id":"https:\/\/teachchildrenmeditation.com\/intuitive-healing-energy-sessions\/#primaryimage"},"image":{"@id":"https:\/\/teachchildrenmeditation.com\/intuitive-healing-energy-sessions\/#primaryimage"},"thumbnailUrl":"https:\/\/teachchildrenmeditation.com\/files\/2026\/02\/amelsegre-spiritual-7211807_640.png","datePublished":"2025-02-06T14:52:04+00:00","dateModified":"2026-02-17T17:32:45+00:00","description":"Intuitive Healing Energy Sessions with Lorraine E Murray to bring balance, clarity and empowerment - for adults","breadcrumb":{"@id":"https:\/\/teachchildrenmeditation.com\/intuitive-healing-energy-sessions\/#breadcrumb"},"inLanguage":"es","potentialAction":[{"@type":"ReadAction","target":["https:\/\/teachchildrenmeditation.com\/intuitive-healing-energy-sessions\/"]}]},{"@type":"ImageObject","inLanguage":"es","@id":"https:\/\/teachchildrenmeditation.com\/intuitive-healing-energy-sessions\/#primaryimage","url":"https:\/\/teachchildrenmeditation.com\/files\/2026\/02\/amelsegre-spiritual-7211807_640.png","contentUrl":"https:\/\/teachchildrenmeditation.com\/files\/2026\/02\/amelsegre-spiritual-7211807_640.png","width":640,"height":640,"caption":"Intuitive Healing Session"},{"@type":"BreadcrumbList","@id":"https:\/\/teachchildrenmeditation.com\/intuitive-healing-energy-sessions\/#breadcrumb","itemListElement":[{"@type":"ListItem","position":1,"name":"Home","item":"https:\/\/teachchildrenmeditation.com\/"},{"@type":"ListItem","position":2,"name":"Healing sessions"}]},{"@type":"WebSite","@id":"https:\/\/teachchildrenmeditation.com\/#website","url":"https:\/\/teachchildrenmeditation.com\/","name":"Ense\u00f1ar a los ni\u00f1os a meditar","description":"acreditado y premiado","publisher":{"@id":"https:\/\/teachchildrenmeditation.com\/#organization"},"potentialAction":[{"@type":"SearchAction","target":{"@type":"EntryPoint","urlTemplate":"https:\/\/teachchildrenmeditation.com\/?s={search_term_string}"},"query-input":{"@type":"PropertyValueSpecification","valueRequired":true,"valueName":"search_term_string"}}],"inLanguage":"es"},{"@type":"Organization","@id":"https:\/\/teachchildrenmeditation.com\/#organization","name":"Connected Kids Ltd","url":"https:\/\/teachchildrenmeditation.com\/","logo":{"@type":"ImageObject","inLanguage":"es","@id":"https:\/\/teachchildrenmeditation.com\/#\/schema\/logo\/image\/","url":"https:\/\/teachchildrenmeditation.com\/files\/2021\/04\/logo2CK-3.png","contentUrl":"https:\/\/teachchildrenmeditation.com\/files\/2021\/04\/logo2CK-3.png","width":472,"height":470,"caption":"Connected Kids Ltd"},"image":{"@id":"https:\/\/teachchildrenmeditation.com\/#\/schema\/logo\/image\/"},"sameAs":["https:\/\/www.facebook.com\/connectedkids","https:\/\/www.instagram.com\/connectedkids\/"]}]}},"_links":{"self":[{"href":"https:\/\/teachchildrenmeditation.com\/es\/wp-json\/wp\/v2\/pages\/17277","targetHints":{"allow":["GET"]}}],"collection":[{"href":"https:\/\/teachchildrenmeditation.com\/es\/wp-json\/wp\/v2\/pages"}],"about":[{"href":"https:\/\/teachchildrenmeditation.com\/es\/wp-json\/wp\/v2\/types\/page"}],"author":[{"embeddable":true,"href":"https:\/\/teachchildrenmeditation.com\/es\/wp-json\/wp\/v2\/users\/13"}],"replies":[{"embeddable":true,"href":"https:\/\/teachchildrenmeditation.com\/es\/wp-json\/wp\/v2\/comments?post=17277"}],"version-history":[{"count":33,"href":"https:\/\/teachchildrenmeditation.com\/es\/wp-json\/wp\/v2\/pages\/17277\/revisions"}],"predecessor-version":[{"id":19982,"href":"https:\/\/teachchildrenmeditation.com\/es\/wp-json\/wp\/v2\/pages\/17277\/revisions\/19982"}],"wp:featuredmedia":[{"embeddable":true,"href":"https:\/\/teachchildrenmeditation.com\/es\/wp-json\/wp\/v2\/media\/19963"}],"wp:attachment":[{"href":"https:\/\/teachchildrenmeditation.com\/es\/wp-json\/wp\/v2\/media?parent=17277"}],"curies":[{"name":"wp","href":"https:\/\/api.w.org\/{rel}","templated":true}]}}