{"id":14773,"date":"2024-01-20T12:20:53","date_gmt":"2024-01-20T12:20:53","guid":{"rendered":"https:\/\/teachchildrenmeditation.com\/?page_id=14773"},"modified":"2025-09-24T20:11:34","modified_gmt":"2025-09-24T20:11:34","slug":"embrace-meditation-2024-challenge","status":"publish","type":"page","link":"https:\/\/teachchildrenmeditation.com\/es\/embrace-meditation-2024-challenge\/","title":{"rendered":"Embrace Meditation Challenge"},"content":{"rendered":"<h2>Embrace Meditation Challenge<\/h2>\n<p><strong>This challenge has finished!<\/strong><\/p>\n<p><strong>If we repeat it, and you want to take part, please follow us on<a href=\"https:\/\/www.facebook.com\/connectedkids\" target=\"_blank\" rel=\"noopener\"> social media.<\/a><\/strong><\/p>\n<h3>Lo que la gente dijo sobre nuestro evento de desaf\u00edo gratuito anterior...<\/h3>\n<div class='testimonial' style='border-top-color:#D3DCE8; background-color:#D3DCE8;'>&#8220;<strong><em>Para m\u00ed, reafirm\u00f3 la importancia de ofrecer herramientas de meditaci\u00f3n a los ni\u00f1os para que tengan la oportunidad de aprender a tener calma y presencia\u201d.<\/em><\/strong>\u00a0<\/div>\n<p><span class=\"OYPEnA text-decoration-none text-strikethrough-none\"><div class='testimonial' style='border-top-color:#D3DCE8; background-color:#D3DCE8;'>&#8220;<strong><em>Poder adaptar y cambiar mis ideas sobre la atenci\u00f3n plena y reflexionar profundamente sobre las necesidades de mi hija ha hecho que la planificaci\u00f3n e implementaci\u00f3n de la sesi\u00f3n sea una experiencia m\u00e1s gratificante para ambos.<\/em><\/strong>&#8220;<\/div><\/span><\/p>\n<div class='testimonial' style='border-top-color:#D3DCE8; background-color:#D3DCE8;'>&#8220;<strong><em>Me abri\u00f3 un mundo desconocido donde aprend\u00ed a abordar la meditaci\u00f3n con una gran dosis de coraz\u00f3n.\u201c<\/em><\/strong>\u00a0<\/div>\n<p>Lorraine E Murray y el equipo Embrace Challenge. X<br \/>\n<div class='widescreen divider plain'><\/div>\n<h3>\u00bfNo puedes esperar por el desaf\u00edo?<\/h3>\n<p>The Embrace Challenge is a taster of our award-winning, *beginners <a href=\"https:\/\/teachchildrenmeditation.com\/es\/meditation-benefits-connected-kids-training\/mindful-meditation-for-kids-and-teens\/\">curso por Internet<\/a>.<\/p>\n<p>&nbsp;<\/p>\n<p>*Mom&#039;s Choice, Premio Nacional de Guarder\u00eda, Premio Nacional (Oro) a la Crianza<\/p>\n<p><b>\u00a0<\/b><\/p>\n<div class='widescreen divider greenone'><\/div>\n<p>&nbsp;<\/p>","protected":false},"excerpt":{"rendered":"<p>A free, teaching meditation event<\/p>","protected":false},"author":13,"featured_media":14866,"parent":0,"menu_order":0,"comment_status":"closed","ping_status":"closed","template":"","meta":{"_acf_changed":false,"footnotes":""},"class_list":["post-14773","page","type-page","status-publish","has-post-thumbnail","hentry","entry"],"acf":[],"yoast_head":"<!-- This site is optimized with the Yoast SEO plugin v27.5 - https:\/\/yoast.com\/product\/yoast-seo-wordpress\/ -->\n<title>Embrace Meditation Challenge - Teaching Children Meditation<\/title>\n<meta name=\"description\" content=\"Free Embrace meditation challenge helping adults and children learn mindful skills to teach and practice meditation - connected kids\" \/>\n<meta name=\"robots\" content=\"index, follow, max-snippet:-1, max-image-preview:large, max-video-preview:-1\" \/>\n<link rel=\"canonical\" href=\"https:\/\/teachchildrenmeditation.com\/es\/embrace-meditation-2024-challenge\/\" \/>\n<meta property=\"og:locale\" content=\"es_ES\" \/>\n<meta property=\"og:type\" content=\"article\" \/>\n<meta property=\"og:title\" content=\"Embrace Meditation Challenge - Teaching Children Meditation\" \/>\n<meta property=\"og:description\" content=\"Free Embrace meditation challenge helping adults and children learn mindful skills to teach and practice meditation - connected kids\" \/>\n<meta property=\"og:url\" content=\"https:\/\/teachchildrenmeditation.com\/es\/embrace-meditation-2024-challenge\/\" \/>\n<meta property=\"og:site_name\" content=\"Teaching Children Meditation\" \/>\n<meta property=\"article:publisher\" content=\"https:\/\/www.facebook.com\/connectedkids\" \/>\n<meta property=\"article:modified_time\" content=\"2025-09-24T20:11:34+00:00\" \/>\n<meta property=\"og:image\" content=\"https:\/\/teachchildrenmeditation.com\/files\/2024\/01\/embrace-2024-header.jpg\" \/>\n\t<meta property=\"og:image:width\" content=\"1200\" \/>\n\t<meta property=\"og:image:height\" content=\"630\" \/>\n\t<meta property=\"og:image:type\" content=\"image\/jpeg\" \/>\n<meta name=\"twitter:card\" content=\"summary_large_image\" \/>\n<meta name=\"twitter:label1\" content=\"Tiempo de lectura\" \/>\n\t<meta name=\"twitter:data1\" content=\"1 minuto\" \/>\n<script type=\"application\/ld+json\" class=\"yoast-schema-graph\">{\"@context\":\"https:\\\/\\\/schema.org\",\"@graph\":[{\"@type\":\"WebPage\",\"@id\":\"https:\\\/\\\/teachchildrenmeditation.com\\\/embrace-meditation-2024-challenge\\\/\",\"url\":\"https:\\\/\\\/teachchildrenmeditation.com\\\/embrace-meditation-2024-challenge\\\/\",\"name\":\"Embrace Meditation Challenge - Teaching Children Meditation\",\"isPartOf\":{\"@id\":\"https:\\\/\\\/teachchildrenmeditation.com\\\/#website\"},\"primaryImageOfPage\":{\"@id\":\"https:\\\/\\\/teachchildrenmeditation.com\\\/embrace-meditation-2024-challenge\\\/#primaryimage\"},\"image\":{\"@id\":\"https:\\\/\\\/teachchildrenmeditation.com\\\/embrace-meditation-2024-challenge\\\/#primaryimage\"},\"thumbnailUrl\":\"https:\\\/\\\/teachchildrenmeditation.com\\\/files\\\/2024\\\/01\\\/embrace-2024-header.jpg\",\"datePublished\":\"2024-01-20T12:20:53+00:00\",\"dateModified\":\"2025-09-24T20:11:34+00:00\",\"description\":\"Free Embrace meditation challenge helping adults and children learn mindful skills to teach and practice meditation - connected kids\",\"breadcrumb\":{\"@id\":\"https:\\\/\\\/teachchildrenmeditation.com\\\/embrace-meditation-2024-challenge\\\/#breadcrumb\"},\"inLanguage\":\"es\",\"potentialAction\":[{\"@type\":\"ReadAction\",\"target\":[\"https:\\\/\\\/teachchildrenmeditation.com\\\/embrace-meditation-2024-challenge\\\/\"]}]},{\"@type\":\"ImageObject\",\"inLanguage\":\"es\",\"@id\":\"https:\\\/\\\/teachchildrenmeditation.com\\\/embrace-meditation-2024-challenge\\\/#primaryimage\",\"url\":\"https:\\\/\\\/teachchildrenmeditation.com\\\/files\\\/2024\\\/01\\\/embrace-2024-header.jpg\",\"contentUrl\":\"https:\\\/\\\/teachchildrenmeditation.com\\\/files\\\/2024\\\/01\\\/embrace-2024-header.jpg\",\"width\":1200,\"height\":630,\"caption\":\"embrace meditation challenge 2024 now closed waiting list for next one\"},{\"@type\":\"BreadcrumbList\",\"@id\":\"https:\\\/\\\/teachchildrenmeditation.com\\\/embrace-meditation-2024-challenge\\\/#breadcrumb\",\"itemListElement\":[{\"@type\":\"ListItem\",\"position\":1,\"name\":\"Home\",\"item\":\"https:\\\/\\\/teachchildrenmeditation.com\\\/\"},{\"@type\":\"ListItem\",\"position\":2,\"name\":\"Embrace Meditation Challenge\"}]},{\"@type\":\"WebSite\",\"@id\":\"https:\\\/\\\/teachchildrenmeditation.com\\\/#website\",\"url\":\"https:\\\/\\\/teachchildrenmeditation.com\\\/\",\"name\":\"Teaching Children Meditation\",\"description\":\"accredited and award-winning\",\"publisher\":{\"@id\":\"https:\\\/\\\/teachchildrenmeditation.com\\\/#organization\"},\"potentialAction\":[{\"@type\":\"SearchAction\",\"target\":{\"@type\":\"EntryPoint\",\"urlTemplate\":\"https:\\\/\\\/teachchildrenmeditation.com\\\/?s={search_term_string}\"},\"query-input\":{\"@type\":\"PropertyValueSpecification\",\"valueRequired\":true,\"valueName\":\"search_term_string\"}}],\"inLanguage\":\"es\"},{\"@type\":\"Organization\",\"@id\":\"https:\\\/\\\/teachchildrenmeditation.com\\\/#organization\",\"name\":\"Connected Kids Ltd\",\"url\":\"https:\\\/\\\/teachchildrenmeditation.com\\\/\",\"logo\":{\"@type\":\"ImageObject\",\"inLanguage\":\"es\",\"@id\":\"https:\\\/\\\/teachchildrenmeditation.com\\\/#\\\/schema\\\/logo\\\/image\\\/\",\"url\":\"https:\\\/\\\/teachchildrenmeditation.com\\\/files\\\/2021\\\/04\\\/logo2CK-3.png\",\"contentUrl\":\"https:\\\/\\\/teachchildrenmeditation.com\\\/files\\\/2021\\\/04\\\/logo2CK-3.png\",\"width\":472,\"height\":470,\"caption\":\"Connected Kids Ltd\"},\"image\":{\"@id\":\"https:\\\/\\\/teachchildrenmeditation.com\\\/#\\\/schema\\\/logo\\\/image\\\/\"},\"sameAs\":[\"https:\\\/\\\/www.facebook.com\\\/connectedkids\",\"https:\\\/\\\/www.instagram.com\\\/connectedkids\\\/\"]}]}<\/script>\n<!-- \/ Yoast SEO plugin. -->","yoast_head_json":{"title":"Embrace Meditation Challenge - Teaching Children Meditation","description":"Free Embrace meditation challenge helping adults and children learn mindful skills to teach and practice meditation - connected kids","robots":{"index":"index","follow":"follow","max-snippet":"max-snippet:-1","max-image-preview":"max-image-preview:large","max-video-preview":"max-video-preview:-1"},"canonical":"https:\/\/teachchildrenmeditation.com\/es\/embrace-meditation-2024-challenge\/","og_locale":"es_ES","og_type":"article","og_title":"Embrace Meditation Challenge - Teaching Children Meditation","og_description":"Free Embrace meditation challenge helping adults and children learn mindful skills to teach and practice meditation - connected kids","og_url":"https:\/\/teachchildrenmeditation.com\/es\/embrace-meditation-2024-challenge\/","og_site_name":"Teaching Children Meditation","article_publisher":"https:\/\/www.facebook.com\/connectedkids","article_modified_time":"2025-09-24T20:11:34+00:00","og_image":[{"width":1200,"height":630,"url":"https:\/\/teachchildrenmeditation.com\/files\/2024\/01\/embrace-2024-header.jpg","type":"image\/jpeg"}],"twitter_card":"summary_large_image","twitter_misc":{"Tiempo de lectura":"1 minuto"},"schema":{"@context":"https:\/\/schema.org","@graph":[{"@type":"WebPage","@id":"https:\/\/teachchildrenmeditation.com\/embrace-meditation-2024-challenge\/","url":"https:\/\/teachchildrenmeditation.com\/embrace-meditation-2024-challenge\/","name":"Embrace Meditation Challenge - Teaching Children Meditation","isPartOf":{"@id":"https:\/\/teachchildrenmeditation.com\/#website"},"primaryImageOfPage":{"@id":"https:\/\/teachchildrenmeditation.com\/embrace-meditation-2024-challenge\/#primaryimage"},"image":{"@id":"https:\/\/teachchildrenmeditation.com\/embrace-meditation-2024-challenge\/#primaryimage"},"thumbnailUrl":"https:\/\/teachchildrenmeditation.com\/files\/2024\/01\/embrace-2024-header.jpg","datePublished":"2024-01-20T12:20:53+00:00","dateModified":"2025-09-24T20:11:34+00:00","description":"Free Embrace meditation challenge helping adults and children learn mindful skills to teach and practice meditation - connected kids","breadcrumb":{"@id":"https:\/\/teachchildrenmeditation.com\/embrace-meditation-2024-challenge\/#breadcrumb"},"inLanguage":"es","potentialAction":[{"@type":"ReadAction","target":["https:\/\/teachchildrenmeditation.com\/embrace-meditation-2024-challenge\/"]}]},{"@type":"ImageObject","inLanguage":"es","@id":"https:\/\/teachchildrenmeditation.com\/embrace-meditation-2024-challenge\/#primaryimage","url":"https:\/\/teachchildrenmeditation.com\/files\/2024\/01\/embrace-2024-header.jpg","contentUrl":"https:\/\/teachchildrenmeditation.com\/files\/2024\/01\/embrace-2024-header.jpg","width":1200,"height":630,"caption":"embrace meditation challenge 2024 now closed waiting list for next one"},{"@type":"BreadcrumbList","@id":"https:\/\/teachchildrenmeditation.com\/embrace-meditation-2024-challenge\/#breadcrumb","itemListElement":[{"@type":"ListItem","position":1,"name":"Home","item":"https:\/\/teachchildrenmeditation.com\/"},{"@type":"ListItem","position":2,"name":"Embrace Meditation Challenge"}]},{"@type":"WebSite","@id":"https:\/\/teachchildrenmeditation.com\/#website","url":"https:\/\/teachchildrenmeditation.com\/","name":"Ense\u00f1ar a los ni\u00f1os a meditar","description":"acreditado y premiado","publisher":{"@id":"https:\/\/teachchildrenmeditation.com\/#organization"},"potentialAction":[{"@type":"SearchAction","target":{"@type":"EntryPoint","urlTemplate":"https:\/\/teachchildrenmeditation.com\/?s={search_term_string}"},"query-input":{"@type":"PropertyValueSpecification","valueRequired":true,"valueName":"search_term_string"}}],"inLanguage":"es"},{"@type":"Organization","@id":"https:\/\/teachchildrenmeditation.com\/#organization","name":"Connected Kids Ltd","url":"https:\/\/teachchildrenmeditation.com\/","logo":{"@type":"ImageObject","inLanguage":"es","@id":"https:\/\/teachchildrenmeditation.com\/#\/schema\/logo\/image\/","url":"https:\/\/teachchildrenmeditation.com\/files\/2021\/04\/logo2CK-3.png","contentUrl":"https:\/\/teachchildrenmeditation.com\/files\/2021\/04\/logo2CK-3.png","width":472,"height":470,"caption":"Connected Kids Ltd"},"image":{"@id":"https:\/\/teachchildrenmeditation.com\/#\/schema\/logo\/image\/"},"sameAs":["https:\/\/www.facebook.com\/connectedkids","https:\/\/www.instagram.com\/connectedkids\/"]}]}},"_links":{"self":[{"href":"https:\/\/teachchildrenmeditation.com\/es\/wp-json\/wp\/v2\/pages\/14773","targetHints":{"allow":["GET"]}}],"collection":[{"href":"https:\/\/teachchildrenmeditation.com\/es\/wp-json\/wp\/v2\/pages"}],"about":[{"href":"https:\/\/teachchildrenmeditation.com\/es\/wp-json\/wp\/v2\/types\/page"}],"author":[{"embeddable":true,"href":"https:\/\/teachchildrenmeditation.com\/es\/wp-json\/wp\/v2\/users\/13"}],"replies":[{"embeddable":true,"href":"https:\/\/teachchildrenmeditation.com\/es\/wp-json\/wp\/v2\/comments?post=14773"}],"version-history":[{"count":23,"href":"https:\/\/teachchildrenmeditation.com\/es\/wp-json\/wp\/v2\/pages\/14773\/revisions"}],"predecessor-version":[{"id":18558,"href":"https:\/\/teachchildrenmeditation.com\/es\/wp-json\/wp\/v2\/pages\/14773\/revisions\/18558"}],"wp:featuredmedia":[{"embeddable":true,"href":"https:\/\/teachchildrenmeditation.com\/es\/wp-json\/wp\/v2\/media\/14866"}],"wp:attachment":[{"href":"https:\/\/teachchildrenmeditation.com\/es\/wp-json\/wp\/v2\/media?parent=14773"}],"curies":[{"name":"wp","href":"https:\/\/api.w.org\/{rel}","templated":true}]}}