{"id":13420,"date":"2023-04-27T13:19:33","date_gmt":"2023-04-27T13:19:33","guid":{"rendered":"https:\/\/teachchildrenmeditation.com\/?page_id=13420"},"modified":"2026-03-09T11:23:12","modified_gmt":"2026-03-09T11:23:12","slug":"trauma-sensitive-meditation-training","status":"publish","type":"page","link":"https:\/\/teachchildrenmeditation.com\/es\/meditation-benefits-connected-kids-training\/trauma-sensitive-meditation-training\/","title":{"rendered":"Trabajar con trauma"},"content":{"rendered":"<h2>Mindful Trauma-sensitive Energy Awareness training<\/h2>\n<p>Trauma-sensitive meditation training: working with children who are trauma-experienced requires a special set of skills.<\/p>\n<p>The Mindful Trauma-sensitive Energy Awareness training <strong>guides professionals to bring <\/strong>this into their professional work with young people &#8211; blending trauma methodologies with Eastern energy and meditation practices.<\/p>\n<p><strong>As a professional, <\/strong>the training can advance your work with young people:<\/p>\n<ul>\n<li><span data-contrast=\"auto\">help them access and use practical mindful self-regulation skills<\/span><\/li>\n<li><span data-contrast=\"auto\">guide them to trust their insights and develop self-compassion<\/span><\/li>\n<li>gently and intuitively help them process the energy of grief<\/li>\n<li><span data-contrast=\"auto\">help them to connect and mindfully use their personal strengths and inner resources<\/span><\/li>\n<li><span data-contrast=\"auto\">guide them to develop skills for self-support and healthy choices.<\/span><\/li>\n<\/ul>\n<p>In the Mindful Trauma-sensitive Energy Awareness (MTEA) training, we offer participants CE\/CPD points depending on whether you require certification or module-only access.<\/p>\n<div class='widescreen divider plain'><\/div>\n<p>This course brings trauma-sensitive mindfulness and intuitive energy skills into your restorative professional practices through self-study modules with email support throughout.\u00a0 You have the option for further support through optional online group sessions\/ACES healing workshop &#8211; helping you<span class=\"S1PPyQ\"> teach skills to children and teens.<\/span><\/p>\n<p><em><div class='testimonial' style='border-top-color:#b3cccb; background-color:#b3cccb;'>\u201cMe ha resultado de gran ayuda y me ha ayudado de muchas maneras, no solo a m\u00ed, sino tambi\u00e9n a todos los ni\u00f1os con los que trabajo\u201d.<\/em><\/p>\n<p style=\"text-align: right;\"><em><strong>Alison Palmer \u2013 <\/strong><\/em><em><strong>Terapeuta de apego infantil y psicolog\u00eda infantil<\/strong>\u00a0<\/div><\/em><\/p>\n<p>&nbsp;<\/p>\n<div>\n<p style=\"text-align: right;\"><b><a target='_blank' class='outward_link deeppink' href='https:\/\/teachchildrenmeditation.com\/es\/categoria-producto\/connected-kids-shop\/trauma-informed-mindfulness\/'>Compra aqu\u00ed<\/a><\/b><\/p>\n<\/div>\n<p>&nbsp;<\/p>\n<h2><strong>Who created this?<\/strong><\/h2>\n<h2><strong><img loading=\"lazy\" decoding=\"async\" class=\"alignright size-medium wp-image-19695\" src=\"https:\/\/teachchildrenmeditation.com\/files\/2026\/01\/mindfulness-for-trauma-webinar-1-300x169.jpg\" alt=\"\" width=\"300\" height=\"169\" srcset=\"https:\/\/teachchildrenmeditation.com\/files\/2026\/01\/mindfulness-for-trauma-webinar-1-300x169.jpg 300w, https:\/\/teachchildrenmeditation.com\/files\/2026\/01\/mindfulness-for-trauma-webinar-1-1024x576.jpg 1024w, https:\/\/teachchildrenmeditation.com\/files\/2026\/01\/mindfulness-for-trauma-webinar-1-768x432.jpg 768w, https:\/\/teachchildrenmeditation.com\/files\/2026\/01\/mindfulness-for-trauma-webinar-1-1536x864.jpg 1536w, https:\/\/teachchildrenmeditation.com\/files\/2026\/01\/mindfulness-for-trauma-webinar-1-18x10.jpg 18w, https:\/\/teachchildrenmeditation.com\/files\/2026\/01\/mindfulness-for-trauma-webinar-1-600x338.jpg 600w, https:\/\/teachchildrenmeditation.com\/files\/2026\/01\/mindfulness-for-trauma-webinar-1.jpg 1920w\" sizes=\"auto, (max-width: 300px) 100vw, 300px\" \/><\/strong><\/h2>\n<p>Lorraine E Murray is an author, founder of the Connected Kids Method and energy and meditation expert who spent 10 years supporting trauma-experienced children from age 3 to 17.\u00a0 This course offers unique insights based on her 30+ years of working with meditation and energy awareness.<\/p>\n<p>&nbsp;<\/p>\n<h2><strong>MTEA syllabus<\/strong><\/h2>\n<div>\n<p><strong>Course outline:<\/strong><\/p>\n<ul>\n<li>Exploring Trauma \u2013 east meets west<\/li>\n<li>Discovering ACES and energy trauma<\/li>\n<li>Expressing Trauma \u2013 behaviours and energy<\/li>\n<li>Trauma-sensitive meditation teaching<\/li>\n<li>Trauma awareness for safeguarding and compliance issues<\/li>\n<li>Meditation practices with trauma awareness<\/li>\n<li>Creating a trauma-sensitive mindful energy practice<\/li>\n<li>Mindfulness and energy tools to empower<\/li>\n<li>Teacher self-care and compassion<\/li>\n<li>Integrating your mindful energy awareness<\/li>\n<li>Trauma-sensitive reflection<\/li>\n<\/ul>\n<\/div>\n<p style=\"text-align: center;\"><b><a target='_blank' class='outward_link deeppink' href='https:\/\/teachchildrenmeditation.com\/es\/files\/2024\/03\/Mindfulness-and-energy-awareness-Masterclass-teaching-children-with-trauma-syllabus-1.pdf\/'>View full syllabus<\/a><\/b><\/p>\n<p><em><div class='testimonial' style='border-top-color:#b3cccb; background-color:#b3cccb;'>&#8220;I loved the training. The mind-body connection was very apparent. As someone whose work has been centered around trauma for the last 3 years, I thought I knew a lot, but I have so many takeaways from this course. I would recommend this to others who are looking for person-centered and trauma-sensitive training that will support their work with children and young people. &#8220;<\/em><\/p>\n<p style=\"text-align: right;\"><em><strong>km- <\/strong><\/em><em><strong>Especialista infantil<\/strong>\u00a0<\/div><\/em><\/p>\n<div>\n<p class=\"cvGsUA direction-ltr align-start para-style-body\"><div class='widescreen divider plain'><\/div>\n<div>\n<h3>MTEA Add-ons<\/h3>\n<p>In addition to the training and self-study modules, you will have the option to access further support through :<\/p>\n<\/div>\n<div>\n<ul>\n<li class=\"cvGsUA direction-ltr align-start para-style-body\"><span class=\"OYPEnA text-decoration-none text-strikethrough-none\">2-hour online mindful and creative energy workshop<\/span> to reduce the trauma effects of bullying and effect of ACES<\/li>\n<li class=\"cvGsUA direction-ltr align-start para-style-body\"><span class=\"OYPEnA text-decoration-none text-strikethrough-none\">online group support sessions <\/span><span class=\"OYPEnA text-decoration-none text-strikethrough-none\">\u2013<\/span> <span class=\"OYPEnA text-decoration-none text-strikethrough-none\">(sesiones no grabadas de 45 minutos) con el fundador del programa\u00a0<\/span><\/li>\n<\/ul>\n<p><em><div class='testimonial' style='border-top-color:#b3cccb; background-color:#b3cccb;'>&#8220;<span class=\"OYPEnA text-decoration-none text-strikethrough-none\">Este es definitivamente un curso de curaci\u00f3n y crecimiento, adem\u00e1s de brindar conciencia consciente sobre el trauma.<\/span>&#8220;<\/em><\/p>\n<\/div>\n<p style=\"text-align: right;\"><em><b>Participante de MTEA<\/b> <\/div><\/em><\/p>\n<p style=\"text-align: left;\"><b><a target='_blank' class='outward_link deeppink' href='https:\/\/teachchildrenmeditation.com\/es\/categoria-producto\/connected-kids-shop\/trauma-informed-mindfulness\/'>Compra aqu\u00ed<\/a><\/b><\/p>\n<div class='widescreen divider plain'><\/div>\n<div>\n<h3>Certification process<\/h3>\n<p>If you are looking to receive the full MTEA certification, on completion of the course, you will provide evidence that you are:<\/p>\n<ul>\n<li>a professional working with trauma-experienced children or teens<\/li>\n<li>or a yoga teacher\/meditation teacher working with young people<\/li>\n<li>Completion requires that you submit a short 1000-word essay based on the final module.<\/li>\n<\/ul>\n<p>*We will require online sight of your professional\/teaching qualification and evidence of a valid police check\/DBS. Please <a href=\"https:\/\/teachchildrenmeditation.com\/es\/contact-us\/\" target=\"_blank\" rel=\"noopener\">correo electr\u00f3nico<\/a> us directly with any questions.<\/p>\n<p style=\"text-align: center;\"><b><a target='_blank' class='outward_link deeppink' href='https:\/\/teachchildrenmeditation.com\/es\/categoria-producto\/connected-kids-shop\/trauma-informed-mindfulness\/'>Compra aqu\u00ed<\/a><\/b><\/p>\n<\/div>\n<\/div>\n<div><\/div>\n<div>Please <a href=\"https:\/\/teachchildrenmeditation.com\/es\/contact-us\/\" target=\"_blank\" rel=\"noopener\">reach out to us<\/a> if you have a question or aren&#8217;t sure which step is right for you.\u00a0 Or you can book a free 15-minute <a href=\"https:\/\/tidycal.com\/3qd92v1\/connect-call-lm20230914142247-1gjrg8j-3ogq8ko-1y0dope\" target=\"_blank\" rel=\"noopener\">discovery call<\/a>.<\/div>\n<div class='widescreen divider greenone'><\/div>\n<p>&nbsp;<\/p>","protected":false},"excerpt":{"rendered":"<p>Trauma-sensitive Awareness<\/p>","protected":false},"author":13,"featured_media":16846,"parent":58,"menu_order":0,"comment_status":"closed","ping_status":"closed","template":"","meta":{"_acf_changed":false,"footnotes":""},"class_list":["post-13420","page","type-page","status-publish","has-post-thumbnail","hentry","entry"],"acf":[],"yoast_head":"<!-- This site is optimized with the Yoast SEO plugin v27.3 - https:\/\/yoast.com\/product\/yoast-seo-wordpress\/ -->\n<title>Working with trauma - Teaching Children Meditation<\/title>\n<meta name=\"description\" content=\"Trauma-sensitive meditation training for professionals and yoga or meditation teachers working to support young people children and teens\" \/>\n<meta name=\"robots\" content=\"index, follow, max-snippet:-1, max-image-preview:large, max-video-preview:-1\" \/>\n<link rel=\"canonical\" href=\"https:\/\/teachchildrenmeditation.com\/es\/meditation-benefits-connected-kids-training\/trauma-sensitive-meditation-training\/\" \/>\n<meta property=\"og:locale\" content=\"es_ES\" \/>\n<meta property=\"og:type\" content=\"article\" \/>\n<meta property=\"og:title\" content=\"Working with trauma - Teaching Children Meditation\" \/>\n<meta property=\"og:description\" content=\"Trauma-sensitive meditation training for professionals and yoga or meditation teachers working to support young people children and teens\" \/>\n<meta property=\"og:url\" content=\"https:\/\/teachchildrenmeditation.com\/es\/meditation-benefits-connected-kids-training\/trauma-sensitive-meditation-training\/\" \/>\n<meta property=\"og:site_name\" content=\"Teaching Children Meditation\" \/>\n<meta property=\"article:publisher\" content=\"https:\/\/www.facebook.com\/connectedkids\" \/>\n<meta property=\"article:modified_time\" content=\"2026-03-09T11:23:12+00:00\" \/>\n<meta property=\"og:image\" content=\"https:\/\/teachchildrenmeditation.com\/files\/2024\/11\/shutterstock_318912011.jpg\" \/>\n\t<meta property=\"og:image:width\" content=\"500\" \/>\n\t<meta property=\"og:image:height\" content=\"334\" \/>\n\t<meta property=\"og:image:type\" content=\"image\/jpeg\" \/>\n<meta name=\"twitter:card\" content=\"summary_large_image\" \/>\n<meta name=\"twitter:label1\" content=\"Tiempo de lectura\" \/>\n\t<meta name=\"twitter:data1\" content=\"3 minutos\" \/>\n<script type=\"application\/ld+json\" class=\"yoast-schema-graph\">{\"@context\":\"https:\\\/\\\/schema.org\",\"@graph\":[{\"@type\":\"WebPage\",\"@id\":\"https:\\\/\\\/teachchildrenmeditation.com\\\/meditation-benefits-connected-kids-training\\\/trauma-sensitive-meditation-training\\\/\",\"url\":\"https:\\\/\\\/teachchildrenmeditation.com\\\/meditation-benefits-connected-kids-training\\\/trauma-sensitive-meditation-training\\\/\",\"name\":\"Working with trauma - Teaching Children Meditation\",\"isPartOf\":{\"@id\":\"https:\\\/\\\/teachchildrenmeditation.com\\\/#website\"},\"primaryImageOfPage\":{\"@id\":\"https:\\\/\\\/teachchildrenmeditation.com\\\/meditation-benefits-connected-kids-training\\\/trauma-sensitive-meditation-training\\\/#primaryimage\"},\"image\":{\"@id\":\"https:\\\/\\\/teachchildrenmeditation.com\\\/meditation-benefits-connected-kids-training\\\/trauma-sensitive-meditation-training\\\/#primaryimage\"},\"thumbnailUrl\":\"https:\\\/\\\/teachchildrenmeditation.com\\\/files\\\/2024\\\/11\\\/shutterstock_318912011.jpg\",\"datePublished\":\"2023-04-27T13:19:33+00:00\",\"dateModified\":\"2026-03-09T11:23:12+00:00\",\"description\":\"Trauma-sensitive meditation training for professionals and yoga or meditation teachers working to support young people children and teens\",\"breadcrumb\":{\"@id\":\"https:\\\/\\\/teachchildrenmeditation.com\\\/meditation-benefits-connected-kids-training\\\/trauma-sensitive-meditation-training\\\/#breadcrumb\"},\"inLanguage\":\"es\",\"potentialAction\":[{\"@type\":\"ReadAction\",\"target\":[\"https:\\\/\\\/teachchildrenmeditation.com\\\/meditation-benefits-connected-kids-training\\\/trauma-sensitive-meditation-training\\\/\"]}]},{\"@type\":\"ImageObject\",\"inLanguage\":\"es\",\"@id\":\"https:\\\/\\\/teachchildrenmeditation.com\\\/meditation-benefits-connected-kids-training\\\/trauma-sensitive-meditation-training\\\/#primaryimage\",\"url\":\"https:\\\/\\\/teachchildrenmeditation.com\\\/files\\\/2024\\\/11\\\/shutterstock_318912011.jpg\",\"contentUrl\":\"https:\\\/\\\/teachchildrenmeditation.com\\\/files\\\/2024\\\/11\\\/shutterstock_318912011.jpg\",\"width\":500,\"height\":334,\"caption\":\"Meditation for Trauma\"},{\"@type\":\"BreadcrumbList\",\"@id\":\"https:\\\/\\\/teachchildrenmeditation.com\\\/meditation-benefits-connected-kids-training\\\/trauma-sensitive-meditation-training\\\/#breadcrumb\",\"itemListElement\":[{\"@type\":\"ListItem\",\"position\":1,\"name\":\"Home\",\"item\":\"https:\\\/\\\/teachchildrenmeditation.com\\\/\"},{\"@type\":\"ListItem\",\"position\":2,\"name\":\"Teach Meditation to Kids and Teens\",\"item\":\"https:\\\/\\\/teachchildrenmeditation.com\\\/meditation-benefits-connected-kids-training\\\/\"},{\"@type\":\"ListItem\",\"position\":3,\"name\":\"Working with trauma\"}]},{\"@type\":\"WebSite\",\"@id\":\"https:\\\/\\\/teachchildrenmeditation.com\\\/#website\",\"url\":\"https:\\\/\\\/teachchildrenmeditation.com\\\/\",\"name\":\"Teaching Children Meditation\",\"description\":\"accredited and award-winning\",\"publisher\":{\"@id\":\"https:\\\/\\\/teachchildrenmeditation.com\\\/#organization\"},\"potentialAction\":[{\"@type\":\"SearchAction\",\"target\":{\"@type\":\"EntryPoint\",\"urlTemplate\":\"https:\\\/\\\/teachchildrenmeditation.com\\\/?s={search_term_string}\"},\"query-input\":{\"@type\":\"PropertyValueSpecification\",\"valueRequired\":true,\"valueName\":\"search_term_string\"}}],\"inLanguage\":\"es\"},{\"@type\":\"Organization\",\"@id\":\"https:\\\/\\\/teachchildrenmeditation.com\\\/#organization\",\"name\":\"Connected Kids Ltd\",\"url\":\"https:\\\/\\\/teachchildrenmeditation.com\\\/\",\"logo\":{\"@type\":\"ImageObject\",\"inLanguage\":\"es\",\"@id\":\"https:\\\/\\\/teachchildrenmeditation.com\\\/#\\\/schema\\\/logo\\\/image\\\/\",\"url\":\"https:\\\/\\\/teachchildrenmeditation.com\\\/files\\\/2021\\\/04\\\/logo2CK-3.png\",\"contentUrl\":\"https:\\\/\\\/teachchildrenmeditation.com\\\/files\\\/2021\\\/04\\\/logo2CK-3.png\",\"width\":472,\"height\":470,\"caption\":\"Connected Kids Ltd\"},\"image\":{\"@id\":\"https:\\\/\\\/teachchildrenmeditation.com\\\/#\\\/schema\\\/logo\\\/image\\\/\"},\"sameAs\":[\"https:\\\/\\\/www.facebook.com\\\/connectedkids\",\"https:\\\/\\\/www.instagram.com\\\/connectedkids\\\/\"]}]}<\/script>\n<!-- \/ Yoast SEO plugin. -->","yoast_head_json":{"title":"Working with trauma - Teaching Children Meditation","description":"Trauma-sensitive meditation training for professionals and yoga or meditation teachers working to support young people children and teens","robots":{"index":"index","follow":"follow","max-snippet":"max-snippet:-1","max-image-preview":"max-image-preview:large","max-video-preview":"max-video-preview:-1"},"canonical":"https:\/\/teachchildrenmeditation.com\/es\/meditation-benefits-connected-kids-training\/trauma-sensitive-meditation-training\/","og_locale":"es_ES","og_type":"article","og_title":"Working with trauma - Teaching Children Meditation","og_description":"Trauma-sensitive meditation training for professionals and yoga or meditation teachers working to support young people children and teens","og_url":"https:\/\/teachchildrenmeditation.com\/es\/meditation-benefits-connected-kids-training\/trauma-sensitive-meditation-training\/","og_site_name":"Teaching Children Meditation","article_publisher":"https:\/\/www.facebook.com\/connectedkids","article_modified_time":"2026-03-09T11:23:12+00:00","og_image":[{"width":500,"height":334,"url":"https:\/\/teachchildrenmeditation.com\/files\/2024\/11\/shutterstock_318912011.jpg","type":"image\/jpeg"}],"twitter_card":"summary_large_image","twitter_misc":{"Tiempo de lectura":"3 minutos"},"schema":{"@context":"https:\/\/schema.org","@graph":[{"@type":"WebPage","@id":"https:\/\/teachchildrenmeditation.com\/meditation-benefits-connected-kids-training\/trauma-sensitive-meditation-training\/","url":"https:\/\/teachchildrenmeditation.com\/meditation-benefits-connected-kids-training\/trauma-sensitive-meditation-training\/","name":"Working with trauma - Teaching Children Meditation","isPartOf":{"@id":"https:\/\/teachchildrenmeditation.com\/#website"},"primaryImageOfPage":{"@id":"https:\/\/teachchildrenmeditation.com\/meditation-benefits-connected-kids-training\/trauma-sensitive-meditation-training\/#primaryimage"},"image":{"@id":"https:\/\/teachchildrenmeditation.com\/meditation-benefits-connected-kids-training\/trauma-sensitive-meditation-training\/#primaryimage"},"thumbnailUrl":"https:\/\/teachchildrenmeditation.com\/files\/2024\/11\/shutterstock_318912011.jpg","datePublished":"2023-04-27T13:19:33+00:00","dateModified":"2026-03-09T11:23:12+00:00","description":"Trauma-sensitive meditation training for professionals and yoga or meditation teachers working to support young people children and teens","breadcrumb":{"@id":"https:\/\/teachchildrenmeditation.com\/meditation-benefits-connected-kids-training\/trauma-sensitive-meditation-training\/#breadcrumb"},"inLanguage":"es","potentialAction":[{"@type":"ReadAction","target":["https:\/\/teachchildrenmeditation.com\/meditation-benefits-connected-kids-training\/trauma-sensitive-meditation-training\/"]}]},{"@type":"ImageObject","inLanguage":"es","@id":"https:\/\/teachchildrenmeditation.com\/meditation-benefits-connected-kids-training\/trauma-sensitive-meditation-training\/#primaryimage","url":"https:\/\/teachchildrenmeditation.com\/files\/2024\/11\/shutterstock_318912011.jpg","contentUrl":"https:\/\/teachchildrenmeditation.com\/files\/2024\/11\/shutterstock_318912011.jpg","width":500,"height":334,"caption":"Meditation for Trauma"},{"@type":"BreadcrumbList","@id":"https:\/\/teachchildrenmeditation.com\/meditation-benefits-connected-kids-training\/trauma-sensitive-meditation-training\/#breadcrumb","itemListElement":[{"@type":"ListItem","position":1,"name":"Home","item":"https:\/\/teachchildrenmeditation.com\/"},{"@type":"ListItem","position":2,"name":"Teach Meditation to Kids and Teens","item":"https:\/\/teachchildrenmeditation.com\/meditation-benefits-connected-kids-training\/"},{"@type":"ListItem","position":3,"name":"Working with trauma"}]},{"@type":"WebSite","@id":"https:\/\/teachchildrenmeditation.com\/#website","url":"https:\/\/teachchildrenmeditation.com\/","name":"Ense\u00f1ar a los ni\u00f1os a meditar","description":"acreditado y premiado","publisher":{"@id":"https:\/\/teachchildrenmeditation.com\/#organization"},"potentialAction":[{"@type":"SearchAction","target":{"@type":"EntryPoint","urlTemplate":"https:\/\/teachchildrenmeditation.com\/?s={search_term_string}"},"query-input":{"@type":"PropertyValueSpecification","valueRequired":true,"valueName":"search_term_string"}}],"inLanguage":"es"},{"@type":"Organization","@id":"https:\/\/teachchildrenmeditation.com\/#organization","name":"Connected Kids Ltd","url":"https:\/\/teachchildrenmeditation.com\/","logo":{"@type":"ImageObject","inLanguage":"es","@id":"https:\/\/teachchildrenmeditation.com\/#\/schema\/logo\/image\/","url":"https:\/\/teachchildrenmeditation.com\/files\/2021\/04\/logo2CK-3.png","contentUrl":"https:\/\/teachchildrenmeditation.com\/files\/2021\/04\/logo2CK-3.png","width":472,"height":470,"caption":"Connected Kids Ltd"},"image":{"@id":"https:\/\/teachchildrenmeditation.com\/#\/schema\/logo\/image\/"},"sameAs":["https:\/\/www.facebook.com\/connectedkids","https:\/\/www.instagram.com\/connectedkids\/"]}]}},"_links":{"self":[{"href":"https:\/\/teachchildrenmeditation.com\/es\/wp-json\/wp\/v2\/pages\/13420","targetHints":{"allow":["GET"]}}],"collection":[{"href":"https:\/\/teachchildrenmeditation.com\/es\/wp-json\/wp\/v2\/pages"}],"about":[{"href":"https:\/\/teachchildrenmeditation.com\/es\/wp-json\/wp\/v2\/types\/page"}],"author":[{"embeddable":true,"href":"https:\/\/teachchildrenmeditation.com\/es\/wp-json\/wp\/v2\/users\/13"}],"replies":[{"embeddable":true,"href":"https:\/\/teachchildrenmeditation.com\/es\/wp-json\/wp\/v2\/comments?post=13420"}],"version-history":[{"count":161,"href":"https:\/\/teachchildrenmeditation.com\/es\/wp-json\/wp\/v2\/pages\/13420\/revisions"}],"predecessor-version":[{"id":20136,"href":"https:\/\/teachchildrenmeditation.com\/es\/wp-json\/wp\/v2\/pages\/13420\/revisions\/20136"}],"up":[{"embeddable":true,"href":"https:\/\/teachchildrenmeditation.com\/es\/wp-json\/wp\/v2\/pages\/58"}],"wp:featuredmedia":[{"embeddable":true,"href":"https:\/\/teachchildrenmeditation.com\/es\/wp-json\/wp\/v2\/media\/16846"}],"wp:attachment":[{"href":"https:\/\/teachchildrenmeditation.com\/es\/wp-json\/wp\/v2\/media?parent=13420"}],"curies":[{"name":"wp","href":"https:\/\/api.w.org\/{rel}","templated":true}]}}