{"id":12528,"date":"2022-11-23T12:34:12","date_gmt":"2022-11-23T12:34:12","guid":{"rendered":"https:\/\/teachchildrenmeditation.com\/?page_id=12528"},"modified":"2026-02-12T14:39:34","modified_gmt":"2026-02-12T14:39:34","slug":"childrens-fiction-meditation-for-kids","status":"publish","type":"page","link":"https:\/\/teachchildrenmeditation.com\/es\/home-resources\/childrens-fiction-meditation-for-kids\/","title":{"rendered":"\u00bfSu hijo se siente ansioso?"},"content":{"rendered":"<h2>Children&#8217;s fiction &#8211; Meditation for kids<\/h2>\n<p>Children&#8217;s fiction &#8211; Meditation for kids; this book is\u00a0about an anxious 10-year-old boy, Robbie, who doesn&#8217;t trust anyone.<\/p>\n<p><img loading=\"lazy\" decoding=\"async\" class=\"alignright size-medium wp-image-19901\" src=\"https:\/\/teachchildrenmeditation.com\/files\/2026\/02\/robbie-and-jess-188x300.jpg\" alt=\"robbie and jess - meditation book for kids\" width=\"188\" height=\"300\" srcset=\"https:\/\/teachchildrenmeditation.com\/files\/2026\/02\/robbie-and-jess-188x300.jpg 188w, https:\/\/teachchildrenmeditation.com\/files\/2026\/02\/robbie-and-jess-642x1024.jpg 642w, https:\/\/teachchildrenmeditation.com\/files\/2026\/02\/robbie-and-jess-768x1226.jpg 768w, https:\/\/teachchildrenmeditation.com\/files\/2026\/02\/robbie-and-jess-963x1536.jpg 963w, https:\/\/teachchildrenmeditation.com\/files\/2026\/02\/robbie-and-jess-1283x2048.jpg 1283w, https:\/\/teachchildrenmeditation.com\/files\/2026\/02\/robbie-and-jess-8x12.jpg 8w, https:\/\/teachchildrenmeditation.com\/files\/2026\/02\/robbie-and-jess-300x479.jpg 300w, https:\/\/teachchildrenmeditation.com\/files\/2026\/02\/robbie-and-jess-600x957.jpg 600w, https:\/\/teachchildrenmeditation.com\/files\/2026\/02\/robbie-and-jess.jpg 1410w\" sizes=\"auto, (max-width: 188px) 100vw, 188px\" \/><\/p>\n<p><span class=\"a-text-bold\">Robbie, de 10 a\u00f1os, se siente ansioso TODO el tiempo.<\/span><\/p>\n<p>No tiene hogar, ni amigos, ni esperanza.<\/p>\n<p>Living his lonely life, he suddenly meets a strange dog called *Jess.<\/p>\n<p>Jess is no ordinary dog. She has magical skills that could help him discover his inner superpowers.<\/p>\n<p>Can he trust Jess and will she help him discover <span class=\"a-text-bold\">a new life?<\/span><\/p>\n<h3><div class='widescreen divider plain'><\/div><\/h3>\n<p><em><div class='testimonial' style='border-top-color:#D3DCE8; background-color:#D3DCE8;'>\u00a0<\/em><i>&quot;Oh Dios m\u00edo. Este es el mejor libro que he le\u00eddo en mucho tiempo. <\/i><i>De hecho, llor\u00e9 al final por lo que Jess hab\u00eda hecho por Robbie. \u00bfC\u00f3mo puede un libro ser tan bueno?\u00a0\u00a0<\/i><i> <\/i><\/p>\n<p style=\"text-align: right;\"><em>Ava (11 a\u00f1os) <\/div><\/em><\/p>\n<p>&nbsp;<\/p>\n<h3><div class='widescreen divider plain'><\/div><\/h3>\n<h3>Helping anxious children feel better<\/h3>\n<p><b>This children&#8217;s fiction was written for children who struggle<\/b><strong>.\u00a0<\/strong> La historia los llevar\u00e1 a un viaje en el que Jess, el perro consciente, los ayudar\u00e1 a aprender nuevas habilidades que los ayudar\u00e1n a sentirse m\u00e1s felices, m\u00e1s confiados y seguros.<\/p>\n<p>The book was written by Lorraine Murray, <a href=\"https:\/\/teachchildrenmeditation.com\/es\/about-us\/\" target=\"_blank\" rel=\"noopener\">fundador de Ni\u00f1os Conectados<\/a> <img loading=\"lazy\" decoding=\"async\" class=\"alignright wp-image-17066\" src=\"https:\/\/teachchildrenmeditation.com\/files\/2025\/01\/Lorraine-and-jess-small-300x200.jpg\" alt=\"lorraine and jess - authors of the book for anxious kids\" width=\"179\" height=\"119\" srcset=\"https:\/\/teachchildrenmeditation.com\/files\/2025\/01\/Lorraine-and-jess-small-300x200.jpg 300w, https:\/\/teachchildrenmeditation.com\/files\/2025\/01\/Lorraine-and-jess-small-768x512.jpg 768w, https:\/\/teachchildrenmeditation.com\/files\/2025\/01\/Lorraine-and-jess-small-18x12.jpg 18w, https:\/\/teachchildrenmeditation.com\/files\/2025\/01\/Lorraine-and-jess-small-600x400.jpg 600w, https:\/\/teachchildrenmeditation.com\/files\/2025\/01\/Lorraine-and-jess-small.jpg 787w\" sizes=\"auto, (max-width: 179px) 100vw, 179px\" \/>(who has taught thousands of children meditation &#8211; worldwide), has two further <a href=\"https:\/\/teachchildrenmeditation.com\/es\/home-resources\/autism-kids-meditation\/\" target=\"_blank\" rel=\"noopener\">Gu\u00edas sobre la ense\u00f1anza de la meditaci\u00f3n<\/a> and has fostered 17 children.\u00a0 Her dog, Jess, inspired her to write this book.<\/p>\n<a target='_blank ' class='outward_link deeppink' href='https:\/\/www.amazon.co.uk\/Curious-Adventures-Robbie-Jess-superpowers-ebook\/dp\/B0FL4KNLJC\/ref=sr_1_2?crid=1C46R3R3X73L2&amp;dib=eyJ2IjoiMSJ9.vu45sHjdTw1tgP-7N0TgrpB9j5pcG5hrQW9DY3lXfK5afSFCxype10DSza_DjkQAYoCAFarvEQ5vWRGAvy3n8VUJuBb6hBSnUNj5jFAyI3c.dGWSeowX-Hs5HjnoIIs3MsaOz3dN9mh1NBIo7Dofusg&amp;dib_tag=se&amp;keywords=robbie+and+jess&amp;qid=1754394562&amp;sprefix=robbie+and+jess%2Caps%2C111&amp;sr=8-2'>Purchase from Amazon<\/a>\n<p>&nbsp;<\/p>\n<p>&nbsp;<\/p>\n<div class='widescreen divider plain'><\/div>\n<h4>The legacy of Jess<\/h4>\n<p>Sadly our beautiful Jess passed away peacefully on 30th November 2024.\u00a0 <img loading=\"lazy\" decoding=\"async\" class=\"alignright wp-image-17065\" src=\"https:\/\/teachchildrenmeditation.com\/files\/2025\/01\/IMG_20230217_074305645_HDR-240x300.jpg\" alt=\"Jess the black labrador\" width=\"171\" height=\"214\" srcset=\"https:\/\/teachchildrenmeditation.com\/files\/2025\/01\/IMG_20230217_074305645_HDR-240x300.jpg 240w, https:\/\/teachchildrenmeditation.com\/files\/2025\/01\/IMG_20230217_074305645_HDR-818x1024.jpg 818w, https:\/\/teachchildrenmeditation.com\/files\/2025\/01\/IMG_20230217_074305645_HDR-768x962.jpg 768w, https:\/\/teachchildrenmeditation.com\/files\/2025\/01\/IMG_20230217_074305645_HDR-1227x1536.jpg 1227w, https:\/\/teachchildrenmeditation.com\/files\/2025\/01\/IMG_20230217_074305645_HDR-1636x2048.jpg 1636w, https:\/\/teachchildrenmeditation.com\/files\/2025\/01\/IMG_20230217_074305645_HDR-10x12.jpg 10w, https:\/\/teachchildrenmeditation.com\/files\/2025\/01\/IMG_20230217_074305645_HDR-300x376.jpg 300w, https:\/\/teachchildrenmeditation.com\/files\/2025\/01\/IMG_20230217_074305645_HDR-600x751.jpg 600w, https:\/\/teachchildrenmeditation.com\/files\/2025\/01\/IMG_20230217_074305645_HDR-scaled.jpg 2045w\" sizes=\"auto, (max-width: 171px) 100vw, 171px\" \/><\/p>\n<p>She was 13 years old in dog years&#8230; (74 in human years).<\/p>\n<p>To remember her and the wonderful dog she was, Lorraine has created a free meditation.<\/p>\n<p>It will help all ages connect to Jess&#8217;s energy and can help with healing and balance when experiencing grief.<\/p>\n<p><img loading=\"lazy\" decoding=\"async\" class=\"alignright wp-image-17067\" src=\"https:\/\/teachchildrenmeditation.com\/files\/2025\/01\/bemorejess-300x252.jpg\" alt=\"be more jess\" width=\"169\" height=\"142\" srcset=\"https:\/\/teachchildrenmeditation.com\/files\/2025\/01\/bemorejess-300x252.jpg 300w, https:\/\/teachchildrenmeditation.com\/files\/2025\/01\/bemorejess-1024x861.jpg 1024w, https:\/\/teachchildrenmeditation.com\/files\/2025\/01\/bemorejess-768x645.jpg 768w, https:\/\/teachchildrenmeditation.com\/files\/2025\/01\/bemorejess-14x12.jpg 14w, https:\/\/teachchildrenmeditation.com\/files\/2025\/01\/bemorejess-600x504.jpg 600w, https:\/\/teachchildrenmeditation.com\/files\/2025\/01\/bemorejess.jpg 1304w\" sizes=\"auto, (max-width: 169px) 100vw, 169px\" \/>Please listen here and if you share, we would be grateful if you could add the #bemorejess.<\/p>\n<p>Thank you x<\/p>\n<p><iframe loading=\"lazy\" src=\"https:\/\/w.soundcloud.com\/player\/?url=https%3A\/\/api.soundcloud.com\/tracks\/2003481527&amp;color=%23ff5500&amp;auto_play=false&amp;hide_related=false&amp;show_comments=true&amp;show_user=true&amp;show_reposts=false&amp;show_teaser=true&amp;visual=true\" width=\"100%\" height=\"300\" frameborder=\"no\" scrolling=\"no\"><\/iframe><\/p>\n<div style=\"font-size: 10px; color: #cccccc; line-break: anywhere; word-break: normal; overflow: hidden; white-space: nowrap; text-overflow: ellipsis; font-family: Interstate,Lucida Grande,Lucida Sans Unicode,Lucida Sans,Garuda,Verdana,Tahoma,sans-serif; font-weight: 100;\"><a style=\"color: #cccccc; text-decoration: none;\" title=\"Ni\u00f1os conectados\" href=\"https:\/\/soundcloud.com\/user-754731081\" target=\"_blank\" rel=\"noopener\">Ni\u00f1os conectados<\/a> \u00b7 <a style=\"color: #cccccc; text-decoration: none;\" title=\"Jess the dog meditation for healing grief - #bemoreJess\" href=\"https:\/\/soundcloud.com\/user-754731081\/jess-the-dog-meditation-for-healing-grief-bemorejess\" target=\"_blank\" rel=\"noopener\">Jess the dog meditation for healing grief &#8211; #bemoreJess<\/a><\/div>\n<p>&nbsp;<\/p>\n<p>Please follow us on social media to stay informed of new tools and teaching resources so you can share meditation with children and teens.<\/p>\n<p style=\"text-align: center;\"><div class='widescreen divider greenone'><\/div>\n<h3><\/h3>\n<p>&nbsp;<\/p>\n<h4><\/h4>\n<h3><\/h3>\n<p>&nbsp;<\/p>","protected":false},"excerpt":{"rendered":"<p>Children&#8217;s fiction &#8211; mindfulness for kids<\/p>","protected":false},"author":13,"featured_media":19901,"parent":7707,"menu_order":0,"comment_status":"closed","ping_status":"closed","template":"","meta":{"_acf_changed":false,"footnotes":""},"class_list":["post-12528","page","type-page","status-publish","has-post-thumbnail","hentry","entry"],"acf":[],"yoast_head":"<!-- This site is optimized with the Yoast SEO plugin v27.3 - https:\/\/yoast.com\/product\/yoast-seo-wordpress\/ -->\n<title>Does your child feel anxious? - Teaching Children Meditation<\/title>\n<meta name=\"description\" content=\"Children&#039;s fiction - Meditation for kids to help anxious children a 10-year-old boy, who feels alone ntil he meets Jess the mysterious dog.\" \/>\n<meta name=\"robots\" content=\"index, follow, max-snippet:-1, max-image-preview:large, max-video-preview:-1\" \/>\n<link rel=\"canonical\" href=\"https:\/\/teachchildrenmeditation.com\/es\/home-resources\/childrens-fiction-meditation-for-kids\/\" \/>\n<meta property=\"og:locale\" content=\"es_ES\" \/>\n<meta property=\"og:type\" content=\"article\" \/>\n<meta property=\"og:title\" content=\"Does your child feel anxious? - Teaching Children Meditation\" \/>\n<meta property=\"og:description\" content=\"Children&#039;s fiction - Meditation for kids to help anxious children a 10-year-old boy, who feels alone ntil he meets Jess the mysterious dog.\" \/>\n<meta property=\"og:url\" content=\"https:\/\/teachchildrenmeditation.com\/es\/home-resources\/childrens-fiction-meditation-for-kids\/\" \/>\n<meta property=\"og:site_name\" content=\"Teaching Children Meditation\" \/>\n<meta property=\"article:publisher\" content=\"https:\/\/www.facebook.com\/connectedkids\" \/>\n<meta property=\"article:modified_time\" content=\"2026-02-12T14:39:34+00:00\" \/>\n<meta property=\"og:image\" content=\"https:\/\/teachchildrenmeditation.com\/files\/2026\/02\/robbie-and-jess.jpg\" \/>\n\t<meta property=\"og:image:width\" content=\"1410\" \/>\n\t<meta property=\"og:image:height\" content=\"2250\" \/>\n\t<meta property=\"og:image:type\" content=\"image\/jpeg\" \/>\n<meta name=\"twitter:card\" content=\"summary_large_image\" \/>\n<meta name=\"twitter:label1\" content=\"Tiempo de lectura\" \/>\n\t<meta name=\"twitter:data1\" content=\"3 minutos\" \/>\n<script type=\"application\/ld+json\" class=\"yoast-schema-graph\">{\"@context\":\"https:\\\/\\\/schema.org\",\"@graph\":[{\"@type\":\"WebPage\",\"@id\":\"https:\\\/\\\/teachchildrenmeditation.com\\\/home-resources\\\/childrens-fiction-meditation-for-kids\\\/\",\"url\":\"https:\\\/\\\/teachchildrenmeditation.com\\\/home-resources\\\/childrens-fiction-meditation-for-kids\\\/\",\"name\":\"Does your child feel anxious? - Teaching Children Meditation\",\"isPartOf\":{\"@id\":\"https:\\\/\\\/teachchildrenmeditation.com\\\/#website\"},\"primaryImageOfPage\":{\"@id\":\"https:\\\/\\\/teachchildrenmeditation.com\\\/home-resources\\\/childrens-fiction-meditation-for-kids\\\/#primaryimage\"},\"image\":{\"@id\":\"https:\\\/\\\/teachchildrenmeditation.com\\\/home-resources\\\/childrens-fiction-meditation-for-kids\\\/#primaryimage\"},\"thumbnailUrl\":\"https:\\\/\\\/teachchildrenmeditation.com\\\/files\\\/2026\\\/02\\\/robbie-and-jess.jpg\",\"datePublished\":\"2022-11-23T12:34:12+00:00\",\"dateModified\":\"2026-02-12T14:39:34+00:00\",\"description\":\"Children's fiction - Meditation for kids to help anxious children a 10-year-old boy, who feels alone ntil he meets Jess the mysterious dog.\",\"breadcrumb\":{\"@id\":\"https:\\\/\\\/teachchildrenmeditation.com\\\/home-resources\\\/childrens-fiction-meditation-for-kids\\\/#breadcrumb\"},\"inLanguage\":\"es\",\"potentialAction\":[{\"@type\":\"ReadAction\",\"target\":[\"https:\\\/\\\/teachchildrenmeditation.com\\\/home-resources\\\/childrens-fiction-meditation-for-kids\\\/\"]}]},{\"@type\":\"ImageObject\",\"inLanguage\":\"es\",\"@id\":\"https:\\\/\\\/teachchildrenmeditation.com\\\/home-resources\\\/childrens-fiction-meditation-for-kids\\\/#primaryimage\",\"url\":\"https:\\\/\\\/teachchildrenmeditation.com\\\/files\\\/2026\\\/02\\\/robbie-and-jess.jpg\",\"contentUrl\":\"https:\\\/\\\/teachchildrenmeditation.com\\\/files\\\/2026\\\/02\\\/robbie-and-jess.jpg\",\"width\":1410,\"height\":2250,\"caption\":\"robbie and jess - meditation book for kids\"},{\"@type\":\"BreadcrumbList\",\"@id\":\"https:\\\/\\\/teachchildrenmeditation.com\\\/home-resources\\\/childrens-fiction-meditation-for-kids\\\/#breadcrumb\",\"itemListElement\":[{\"@type\":\"ListItem\",\"position\":1,\"name\":\"Home\",\"item\":\"https:\\\/\\\/teachchildrenmeditation.com\\\/\"},{\"@type\":\"ListItem\",\"position\":2,\"name\":\"Mindful Resources\",\"item\":\"https:\\\/\\\/teachchildrenmeditation.com\\\/home-resources\\\/\"},{\"@type\":\"ListItem\",\"position\":3,\"name\":\"Does your child feel anxious?\"}]},{\"@type\":\"WebSite\",\"@id\":\"https:\\\/\\\/teachchildrenmeditation.com\\\/#website\",\"url\":\"https:\\\/\\\/teachchildrenmeditation.com\\\/\",\"name\":\"Teaching Children Meditation\",\"description\":\"accredited and award-winning\",\"publisher\":{\"@id\":\"https:\\\/\\\/teachchildrenmeditation.com\\\/#organization\"},\"potentialAction\":[{\"@type\":\"SearchAction\",\"target\":{\"@type\":\"EntryPoint\",\"urlTemplate\":\"https:\\\/\\\/teachchildrenmeditation.com\\\/?s={search_term_string}\"},\"query-input\":{\"@type\":\"PropertyValueSpecification\",\"valueRequired\":true,\"valueName\":\"search_term_string\"}}],\"inLanguage\":\"es\"},{\"@type\":\"Organization\",\"@id\":\"https:\\\/\\\/teachchildrenmeditation.com\\\/#organization\",\"name\":\"Connected Kids Ltd\",\"url\":\"https:\\\/\\\/teachchildrenmeditation.com\\\/\",\"logo\":{\"@type\":\"ImageObject\",\"inLanguage\":\"es\",\"@id\":\"https:\\\/\\\/teachchildrenmeditation.com\\\/#\\\/schema\\\/logo\\\/image\\\/\",\"url\":\"https:\\\/\\\/teachchildrenmeditation.com\\\/files\\\/2021\\\/04\\\/logo2CK-3.png\",\"contentUrl\":\"https:\\\/\\\/teachchildrenmeditation.com\\\/files\\\/2021\\\/04\\\/logo2CK-3.png\",\"width\":472,\"height\":470,\"caption\":\"Connected Kids Ltd\"},\"image\":{\"@id\":\"https:\\\/\\\/teachchildrenmeditation.com\\\/#\\\/schema\\\/logo\\\/image\\\/\"},\"sameAs\":[\"https:\\\/\\\/www.facebook.com\\\/connectedkids\",\"https:\\\/\\\/www.instagram.com\\\/connectedkids\\\/\"]}]}<\/script>\n<!-- \/ Yoast SEO plugin. -->","yoast_head_json":{"title":"Does your child feel anxious? - Teaching Children Meditation","description":"Children's fiction - Meditation for kids to help anxious children a 10-year-old boy, who feels alone ntil he meets Jess the mysterious dog.","robots":{"index":"index","follow":"follow","max-snippet":"max-snippet:-1","max-image-preview":"max-image-preview:large","max-video-preview":"max-video-preview:-1"},"canonical":"https:\/\/teachchildrenmeditation.com\/es\/home-resources\/childrens-fiction-meditation-for-kids\/","og_locale":"es_ES","og_type":"article","og_title":"Does your child feel anxious? - Teaching Children Meditation","og_description":"Children's fiction - Meditation for kids to help anxious children a 10-year-old boy, who feels alone ntil he meets Jess the mysterious dog.","og_url":"https:\/\/teachchildrenmeditation.com\/es\/home-resources\/childrens-fiction-meditation-for-kids\/","og_site_name":"Teaching Children Meditation","article_publisher":"https:\/\/www.facebook.com\/connectedkids","article_modified_time":"2026-02-12T14:39:34+00:00","og_image":[{"width":1410,"height":2250,"url":"https:\/\/teachchildrenmeditation.com\/files\/2026\/02\/robbie-and-jess.jpg","type":"image\/jpeg"}],"twitter_card":"summary_large_image","twitter_misc":{"Tiempo de lectura":"3 minutos"},"schema":{"@context":"https:\/\/schema.org","@graph":[{"@type":"WebPage","@id":"https:\/\/teachchildrenmeditation.com\/home-resources\/childrens-fiction-meditation-for-kids\/","url":"https:\/\/teachchildrenmeditation.com\/home-resources\/childrens-fiction-meditation-for-kids\/","name":"Does your child feel anxious? - Teaching Children Meditation","isPartOf":{"@id":"https:\/\/teachchildrenmeditation.com\/#website"},"primaryImageOfPage":{"@id":"https:\/\/teachchildrenmeditation.com\/home-resources\/childrens-fiction-meditation-for-kids\/#primaryimage"},"image":{"@id":"https:\/\/teachchildrenmeditation.com\/home-resources\/childrens-fiction-meditation-for-kids\/#primaryimage"},"thumbnailUrl":"https:\/\/teachchildrenmeditation.com\/files\/2026\/02\/robbie-and-jess.jpg","datePublished":"2022-11-23T12:34:12+00:00","dateModified":"2026-02-12T14:39:34+00:00","description":"Children's fiction - Meditation for kids to help anxious children a 10-year-old boy, who feels alone ntil he meets Jess the mysterious dog.","breadcrumb":{"@id":"https:\/\/teachchildrenmeditation.com\/home-resources\/childrens-fiction-meditation-for-kids\/#breadcrumb"},"inLanguage":"es","potentialAction":[{"@type":"ReadAction","target":["https:\/\/teachchildrenmeditation.com\/home-resources\/childrens-fiction-meditation-for-kids\/"]}]},{"@type":"ImageObject","inLanguage":"es","@id":"https:\/\/teachchildrenmeditation.com\/home-resources\/childrens-fiction-meditation-for-kids\/#primaryimage","url":"https:\/\/teachchildrenmeditation.com\/files\/2026\/02\/robbie-and-jess.jpg","contentUrl":"https:\/\/teachchildrenmeditation.com\/files\/2026\/02\/robbie-and-jess.jpg","width":1410,"height":2250,"caption":"robbie and jess - meditation book for kids"},{"@type":"BreadcrumbList","@id":"https:\/\/teachchildrenmeditation.com\/home-resources\/childrens-fiction-meditation-for-kids\/#breadcrumb","itemListElement":[{"@type":"ListItem","position":1,"name":"Home","item":"https:\/\/teachchildrenmeditation.com\/"},{"@type":"ListItem","position":2,"name":"Mindful Resources","item":"https:\/\/teachchildrenmeditation.com\/home-resources\/"},{"@type":"ListItem","position":3,"name":"Does your child feel anxious?"}]},{"@type":"WebSite","@id":"https:\/\/teachchildrenmeditation.com\/#website","url":"https:\/\/teachchildrenmeditation.com\/","name":"Ense\u00f1ar a los ni\u00f1os a meditar","description":"acreditado y premiado","publisher":{"@id":"https:\/\/teachchildrenmeditation.com\/#organization"},"potentialAction":[{"@type":"SearchAction","target":{"@type":"EntryPoint","urlTemplate":"https:\/\/teachchildrenmeditation.com\/?s={search_term_string}"},"query-input":{"@type":"PropertyValueSpecification","valueRequired":true,"valueName":"search_term_string"}}],"inLanguage":"es"},{"@type":"Organization","@id":"https:\/\/teachchildrenmeditation.com\/#organization","name":"Connected Kids Ltd","url":"https:\/\/teachchildrenmeditation.com\/","logo":{"@type":"ImageObject","inLanguage":"es","@id":"https:\/\/teachchildrenmeditation.com\/#\/schema\/logo\/image\/","url":"https:\/\/teachchildrenmeditation.com\/files\/2021\/04\/logo2CK-3.png","contentUrl":"https:\/\/teachchildrenmeditation.com\/files\/2021\/04\/logo2CK-3.png","width":472,"height":470,"caption":"Connected Kids Ltd"},"image":{"@id":"https:\/\/teachchildrenmeditation.com\/#\/schema\/logo\/image\/"},"sameAs":["https:\/\/www.facebook.com\/connectedkids","https:\/\/www.instagram.com\/connectedkids\/"]}]}},"_links":{"self":[{"href":"https:\/\/teachchildrenmeditation.com\/es\/wp-json\/wp\/v2\/pages\/12528","targetHints":{"allow":["GET"]}}],"collection":[{"href":"https:\/\/teachchildrenmeditation.com\/es\/wp-json\/wp\/v2\/pages"}],"about":[{"href":"https:\/\/teachchildrenmeditation.com\/es\/wp-json\/wp\/v2\/types\/page"}],"author":[{"embeddable":true,"href":"https:\/\/teachchildrenmeditation.com\/es\/wp-json\/wp\/v2\/users\/13"}],"replies":[{"embeddable":true,"href":"https:\/\/teachchildrenmeditation.com\/es\/wp-json\/wp\/v2\/comments?post=12528"}],"version-history":[{"count":63,"href":"https:\/\/teachchildrenmeditation.com\/es\/wp-json\/wp\/v2\/pages\/12528\/revisions"}],"predecessor-version":[{"id":19913,"href":"https:\/\/teachchildrenmeditation.com\/es\/wp-json\/wp\/v2\/pages\/12528\/revisions\/19913"}],"up":[{"embeddable":true,"href":"https:\/\/teachchildrenmeditation.com\/es\/wp-json\/wp\/v2\/pages\/7707"}],"wp:featuredmedia":[{"embeddable":true,"href":"https:\/\/teachchildrenmeditation.com\/es\/wp-json\/wp\/v2\/media\/19901"}],"wp:attachment":[{"href":"https:\/\/teachchildrenmeditation.com\/es\/wp-json\/wp\/v2\/media?parent=12528"}],"curies":[{"name":"wp","href":"https:\/\/api.w.org\/{rel}","templated":true}]}}