{"id":11469,"date":"2022-04-20T07:03:48","date_gmt":"2022-04-20T07:03:48","guid":{"rendered":"https:\/\/teachchildrenmeditation.com\/?page_id=11469"},"modified":"2023-06-28T18:06:18","modified_gmt":"2023-06-28T18:06:18","slug":"course-log-in","status":"publish","type":"page","link":"https:\/\/teachchildrenmeditation.com\/es\/course-log-in\/","title":{"rendered":"Inicio de sesi\u00f3n exclusivo para miembros de CK"},"content":{"rendered":"<p><strong>Hola<\/strong>!<\/p>\n<p>Este es el enlace a nuestros cursos en l\u00ednea y recursos continuos para estudiantes y tutores profesionales de Connected Kids Foundation. Le sugerimos marcar esta p\u00e1gina como favorita.<\/p>\n<a target='_blank' class='outward_link deeppink' href='https:\/\/www.teachchildrenmeditation.com\/training\/home.php'>Ingreso de usuarios<\/a>\n<p>Utilice este enlace para iniciar sesi\u00f3n y utilice su nombre de usuario (su correo electr\u00f3nico) y su contrase\u00f1a (la que utiliz\u00f3 para registrar el curso o la que configuramos si hicimos esto por usted, \u00a1generalmente la palabra &#039;paz&#039;!)<\/p>\n<p><strong>Soluci\u00f3n de problemas<\/strong><\/p>\n<p>Si olvid\u00f3 su contrase\u00f1a, puede cambiarla y enviarse un recordatorio utilizando nuestro sistema.<\/p>\n<p>Si eso no funciona, generalmente es porque hay un error ortogr\u00e1fico en el correo electr\u00f3nico (o est\u00e1s usando una direcci\u00f3n de correo electr\u00f3nico diferente). Int\u00e9ntalo varias veces y, si te quedas atascado, env\u00edanos un mensaje. <a href=\"https:\/\/teachchildrenmeditation.com\/es\/contact-us\/\">correo electr\u00f3nico<\/a>.<\/p>\n<p>Realmente esperamos que disfrutes el curso; recuerda explorar todos los m\u00f3dulos (tienes acceso de por vida) y, si eres un estudiante profesional, puedes reservar el curso. <a href=\"https:\/\/teachchildrenmeditation.com\/es\/members\/professional-online-resources\/online-professional-classes\/\">clases profesionales en l\u00ednea para la certificaci\u00f3n<\/a> (debe hacer esto 12 meses despu\u00e9s de registrar su contrase\u00f1a para iniciar los m\u00f3dulos).<\/p>\n<p>\u00a1Disfrutar!<\/p>\n<p><a href=\"https:\/\/teachchildrenmeditation.com\/es\/files\/2020\/03\/sig_LM.jpg\/\"><img loading=\"lazy\" decoding=\"async\" class=\"size-medium wp-image-7208 alignleft\" src=\"https:\/\/teachchildrenmeditation.com\/files\/2020\/03\/sig_LM-300x173.jpg\" alt=\"\" width=\"300\" height=\"173\" srcset=\"https:\/\/teachchildrenmeditation.com\/files\/2020\/03\/sig_LM-300x173.jpg 300w, https:\/\/teachchildrenmeditation.com\/files\/2020\/03\/sig_LM-1024x589.jpg 1024w, https:\/\/teachchildrenmeditation.com\/files\/2020\/03\/sig_LM-768x442.jpg 768w, https:\/\/teachchildrenmeditation.com\/files\/2020\/03\/sig_LM-600x345.jpg 600w, https:\/\/teachchildrenmeditation.com\/files\/2020\/03\/sig_LM.jpg 1524w\" sizes=\"auto, (max-width: 300px) 100vw, 300px\" \/><\/a><\/p>\n<p>&nbsp;<\/p>\n<p>&nbsp;<\/p>\n<p>&nbsp;<\/p>\n<p>&nbsp;<\/p>\n<p>&nbsp;<\/p>","protected":false},"excerpt":{"rendered":"<p>Inicio de sesi\u00f3n exclusivo para miembros<\/p>","protected":false},"author":13,"featured_media":11473,"parent":0,"menu_order":0,"comment_status":"closed","ping_status":"closed","template":"","meta":{"_acf_changed":false,"footnotes":""},"class_list":["post-11469","page","type-page","status-publish","has-post-thumbnail","hentry","entry"],"acf":[],"yoast_head":"<!-- This site is optimized with the Yoast SEO plugin v27.4 - https:\/\/yoast.com\/product\/yoast-seo-wordpress\/ -->\n<title>Exclusive login for CK members - Teaching Children Meditation<\/title>\n<meta name=\"robots\" content=\"index, follow, max-snippet:-1, max-image-preview:large, max-video-preview:-1\" \/>\n<link rel=\"canonical\" href=\"https:\/\/teachchildrenmeditation.com\/es\/course-log-in\/\" \/>\n<meta property=\"og:locale\" content=\"es_ES\" \/>\n<meta property=\"og:type\" content=\"article\" \/>\n<meta property=\"og:title\" content=\"Exclusive login for CK members - Teaching Children Meditation\" \/>\n<meta property=\"og:description\" content=\"Exclusive Members Login\" \/>\n<meta property=\"og:url\" content=\"https:\/\/teachchildrenmeditation.com\/es\/course-log-in\/\" \/>\n<meta property=\"og:site_name\" content=\"Teaching Children Meditation\" \/>\n<meta property=\"article:publisher\" content=\"https:\/\/www.facebook.com\/connectedkids\" \/>\n<meta property=\"article:modified_time\" content=\"2023-06-28T18:06:18+00:00\" \/>\n<meta property=\"og:image\" content=\"https:\/\/teachchildrenmeditation.com\/files\/2022\/04\/drew-beamer-3SIXZisims4-unsplash-scaled.jpg\" \/>\n\t<meta property=\"og:image:width\" content=\"2560\" \/>\n\t<meta property=\"og:image:height\" content=\"1707\" \/>\n\t<meta property=\"og:image:type\" content=\"image\/jpeg\" \/>\n<meta name=\"twitter:card\" content=\"summary_large_image\" \/>\n<meta name=\"twitter:label1\" content=\"Tiempo de lectura\" \/>\n\t<meta name=\"twitter:data1\" content=\"1 minuto\" \/>\n<script type=\"application\/ld+json\" class=\"yoast-schema-graph\">{\"@context\":\"https:\\\/\\\/schema.org\",\"@graph\":[{\"@type\":\"WebPage\",\"@id\":\"https:\\\/\\\/teachchildrenmeditation.com\\\/course-log-in\\\/\",\"url\":\"https:\\\/\\\/teachchildrenmeditation.com\\\/course-log-in\\\/\",\"name\":\"Exclusive login for CK members - Teaching Children Meditation\",\"isPartOf\":{\"@id\":\"https:\\\/\\\/teachchildrenmeditation.com\\\/#website\"},\"primaryImageOfPage\":{\"@id\":\"https:\\\/\\\/teachchildrenmeditation.com\\\/course-log-in\\\/#primaryimage\"},\"image\":{\"@id\":\"https:\\\/\\\/teachchildrenmeditation.com\\\/course-log-in\\\/#primaryimage\"},\"thumbnailUrl\":\"https:\\\/\\\/teachchildrenmeditation.com\\\/files\\\/2022\\\/04\\\/drew-beamer-3SIXZisims4-unsplash-scaled.jpg\",\"datePublished\":\"2022-04-20T07:03:48+00:00\",\"dateModified\":\"2023-06-28T18:06:18+00:00\",\"breadcrumb\":{\"@id\":\"https:\\\/\\\/teachchildrenmeditation.com\\\/course-log-in\\\/#breadcrumb\"},\"inLanguage\":\"es\",\"potentialAction\":[{\"@type\":\"ReadAction\",\"target\":[\"https:\\\/\\\/teachchildrenmeditation.com\\\/course-log-in\\\/\"]}]},{\"@type\":\"ImageObject\",\"inLanguage\":\"es\",\"@id\":\"https:\\\/\\\/teachchildrenmeditation.com\\\/course-log-in\\\/#primaryimage\",\"url\":\"https:\\\/\\\/teachchildrenmeditation.com\\\/files\\\/2022\\\/04\\\/drew-beamer-3SIXZisims4-unsplash-scaled.jpg\",\"contentUrl\":\"https:\\\/\\\/teachchildrenmeditation.com\\\/files\\\/2022\\\/04\\\/drew-beamer-3SIXZisims4-unsplash-scaled.jpg\",\"width\":2560,\"height\":1707,\"caption\":\"hello sign teach kids mindfulness log in log in for training course\"},{\"@type\":\"BreadcrumbList\",\"@id\":\"https:\\\/\\\/teachchildrenmeditation.com\\\/course-log-in\\\/#breadcrumb\",\"itemListElement\":[{\"@type\":\"ListItem\",\"position\":1,\"name\":\"Home\",\"item\":\"https:\\\/\\\/teachchildrenmeditation.com\\\/\"},{\"@type\":\"ListItem\",\"position\":2,\"name\":\"Exclusive login for CK members\"}]},{\"@type\":\"WebSite\",\"@id\":\"https:\\\/\\\/teachchildrenmeditation.com\\\/#website\",\"url\":\"https:\\\/\\\/teachchildrenmeditation.com\\\/\",\"name\":\"Teaching Children Meditation\",\"description\":\"accredited and award-winning\",\"publisher\":{\"@id\":\"https:\\\/\\\/teachchildrenmeditation.com\\\/#organization\"},\"potentialAction\":[{\"@type\":\"SearchAction\",\"target\":{\"@type\":\"EntryPoint\",\"urlTemplate\":\"https:\\\/\\\/teachchildrenmeditation.com\\\/?s={search_term_string}\"},\"query-input\":{\"@type\":\"PropertyValueSpecification\",\"valueRequired\":true,\"valueName\":\"search_term_string\"}}],\"inLanguage\":\"es\"},{\"@type\":\"Organization\",\"@id\":\"https:\\\/\\\/teachchildrenmeditation.com\\\/#organization\",\"name\":\"Connected Kids Ltd\",\"url\":\"https:\\\/\\\/teachchildrenmeditation.com\\\/\",\"logo\":{\"@type\":\"ImageObject\",\"inLanguage\":\"es\",\"@id\":\"https:\\\/\\\/teachchildrenmeditation.com\\\/#\\\/schema\\\/logo\\\/image\\\/\",\"url\":\"https:\\\/\\\/teachchildrenmeditation.com\\\/files\\\/2021\\\/04\\\/logo2CK-3.png\",\"contentUrl\":\"https:\\\/\\\/teachchildrenmeditation.com\\\/files\\\/2021\\\/04\\\/logo2CK-3.png\",\"width\":472,\"height\":470,\"caption\":\"Connected Kids Ltd\"},\"image\":{\"@id\":\"https:\\\/\\\/teachchildrenmeditation.com\\\/#\\\/schema\\\/logo\\\/image\\\/\"},\"sameAs\":[\"https:\\\/\\\/www.facebook.com\\\/connectedkids\",\"https:\\\/\\\/www.instagram.com\\\/connectedkids\\\/\"]}]}<\/script>\n<!-- \/ Yoast SEO plugin. -->","yoast_head_json":{"title":"Exclusive login for CK members - Teaching Children Meditation","robots":{"index":"index","follow":"follow","max-snippet":"max-snippet:-1","max-image-preview":"max-image-preview:large","max-video-preview":"max-video-preview:-1"},"canonical":"https:\/\/teachchildrenmeditation.com\/es\/course-log-in\/","og_locale":"es_ES","og_type":"article","og_title":"Exclusive login for CK members - Teaching Children Meditation","og_description":"Exclusive Members Login","og_url":"https:\/\/teachchildrenmeditation.com\/es\/course-log-in\/","og_site_name":"Teaching Children Meditation","article_publisher":"https:\/\/www.facebook.com\/connectedkids","article_modified_time":"2023-06-28T18:06:18+00:00","og_image":[{"width":2560,"height":1707,"url":"https:\/\/teachchildrenmeditation.com\/files\/2022\/04\/drew-beamer-3SIXZisims4-unsplash-scaled.jpg","type":"image\/jpeg"}],"twitter_card":"summary_large_image","twitter_misc":{"Tiempo de lectura":"1 minuto"},"schema":{"@context":"https:\/\/schema.org","@graph":[{"@type":"WebPage","@id":"https:\/\/teachchildrenmeditation.com\/course-log-in\/","url":"https:\/\/teachchildrenmeditation.com\/course-log-in\/","name":"Exclusive login for CK members - Teaching Children Meditation","isPartOf":{"@id":"https:\/\/teachchildrenmeditation.com\/#website"},"primaryImageOfPage":{"@id":"https:\/\/teachchildrenmeditation.com\/course-log-in\/#primaryimage"},"image":{"@id":"https:\/\/teachchildrenmeditation.com\/course-log-in\/#primaryimage"},"thumbnailUrl":"https:\/\/teachchildrenmeditation.com\/files\/2022\/04\/drew-beamer-3SIXZisims4-unsplash-scaled.jpg","datePublished":"2022-04-20T07:03:48+00:00","dateModified":"2023-06-28T18:06:18+00:00","breadcrumb":{"@id":"https:\/\/teachchildrenmeditation.com\/course-log-in\/#breadcrumb"},"inLanguage":"es","potentialAction":[{"@type":"ReadAction","target":["https:\/\/teachchildrenmeditation.com\/course-log-in\/"]}]},{"@type":"ImageObject","inLanguage":"es","@id":"https:\/\/teachchildrenmeditation.com\/course-log-in\/#primaryimage","url":"https:\/\/teachchildrenmeditation.com\/files\/2022\/04\/drew-beamer-3SIXZisims4-unsplash-scaled.jpg","contentUrl":"https:\/\/teachchildrenmeditation.com\/files\/2022\/04\/drew-beamer-3SIXZisims4-unsplash-scaled.jpg","width":2560,"height":1707,"caption":"hello sign teach kids mindfulness log in log in for training course"},{"@type":"BreadcrumbList","@id":"https:\/\/teachchildrenmeditation.com\/course-log-in\/#breadcrumb","itemListElement":[{"@type":"ListItem","position":1,"name":"Home","item":"https:\/\/teachchildrenmeditation.com\/"},{"@type":"ListItem","position":2,"name":"Exclusive login for CK members"}]},{"@type":"WebSite","@id":"https:\/\/teachchildrenmeditation.com\/#website","url":"https:\/\/teachchildrenmeditation.com\/","name":"Ense\u00f1ar a los ni\u00f1os a meditar","description":"acreditado y premiado","publisher":{"@id":"https:\/\/teachchildrenmeditation.com\/#organization"},"potentialAction":[{"@type":"SearchAction","target":{"@type":"EntryPoint","urlTemplate":"https:\/\/teachchildrenmeditation.com\/?s={search_term_string}"},"query-input":{"@type":"PropertyValueSpecification","valueRequired":true,"valueName":"search_term_string"}}],"inLanguage":"es"},{"@type":"Organization","@id":"https:\/\/teachchildrenmeditation.com\/#organization","name":"Connected Kids Ltd","url":"https:\/\/teachchildrenmeditation.com\/","logo":{"@type":"ImageObject","inLanguage":"es","@id":"https:\/\/teachchildrenmeditation.com\/#\/schema\/logo\/image\/","url":"https:\/\/teachchildrenmeditation.com\/files\/2021\/04\/logo2CK-3.png","contentUrl":"https:\/\/teachchildrenmeditation.com\/files\/2021\/04\/logo2CK-3.png","width":472,"height":470,"caption":"Connected Kids Ltd"},"image":{"@id":"https:\/\/teachchildrenmeditation.com\/#\/schema\/logo\/image\/"},"sameAs":["https:\/\/www.facebook.com\/connectedkids","https:\/\/www.instagram.com\/connectedkids\/"]}]}},"_links":{"self":[{"href":"https:\/\/teachchildrenmeditation.com\/es\/wp-json\/wp\/v2\/pages\/11469","targetHints":{"allow":["GET"]}}],"collection":[{"href":"https:\/\/teachchildrenmeditation.com\/es\/wp-json\/wp\/v2\/pages"}],"about":[{"href":"https:\/\/teachchildrenmeditation.com\/es\/wp-json\/wp\/v2\/types\/page"}],"author":[{"embeddable":true,"href":"https:\/\/teachchildrenmeditation.com\/es\/wp-json\/wp\/v2\/users\/13"}],"replies":[{"embeddable":true,"href":"https:\/\/teachchildrenmeditation.com\/es\/wp-json\/wp\/v2\/comments?post=11469"}],"version-history":[{"count":6,"href":"https:\/\/teachchildrenmeditation.com\/es\/wp-json\/wp\/v2\/pages\/11469\/revisions"}],"predecessor-version":[{"id":13104,"href":"https:\/\/teachchildrenmeditation.com\/es\/wp-json\/wp\/v2\/pages\/11469\/revisions\/13104"}],"wp:featuredmedia":[{"embeddable":true,"href":"https:\/\/teachchildrenmeditation.com\/es\/wp-json\/wp\/v2\/media\/11473"}],"wp:attachment":[{"href":"https:\/\/teachchildrenmeditation.com\/es\/wp-json\/wp\/v2\/media?parent=11469"}],"curies":[{"name":"wp","href":"https:\/\/api.w.org\/{rel}","templated":true}]}}